{"id":5499,"date":"2025-06-19T16:54:05","date_gmt":"2025-06-19T16:54:05","guid":{"rendered":"https:\/\/aumarche.biz\/bf\/index.php\/produit\/rallonce-socket-2500w\/"},"modified":"2025-06-19T16:54:06","modified_gmt":"2025-06-19T16:54:06","slug":"rallonce-socket-2500w","status":"publish","type":"product","link":"https:\/\/aumarche.biz\/bf\/index.php\/produit\/rallonce-socket-2500w\/","title":{"rendered":"RALLONCE SOCKET 2500W"},"content":{"rendered":"<ul>\n<li>5 prises de courant et 6 ports USB pour une meilleure performance<\/li>\n<li>Aide simultan\u00e9ment \u00e0 prot\u00e9ger plusieurs appareils \u00e9lectroniques tout en acceptant de grands adaptateurs.<\/li>\n<li>Prot\u00e9gez jusqu\u2019\u00e0 11 appareils contre les pointes, les fluctuations et les interf\u00e9rences \u00e9lectromagn\u00e9tiques.<\/li>\n<li>Cordon d\u2019alimentation robuste de 200 cm, aide \u00e0 assurer un flux d\u2019alimentation optimal vers les appareils connect\u00e9s.<\/li>\n<\/ul>\n","protected":false},"excerpt":{"rendered":"<ul>\n<li>5 prises de courant et 6 ports USB pour une meilleure performance<\/li>\n<li>Aide simultan\u00e9ment \u00e0 prot\u00e9ger plusieurs appareils \u00e9lectroniques tout en acceptant de grands adaptateurs.<\/li>\n<li>Prot\u00e9gez jusqu\u2019\u00e0 11 appareils contre les pointes, les fluctuations et les interf\u00e9rences \u00e9lectromagn\u00e9tiques.<\/li>\n<li>Cordon d\u2019alimentation robuste de 200 cm, aide \u00e0 assurer un flux d\u2019alimentation optimal vers les appareils connect\u00e9s.<\/li>\n<\/ul>\n","protected":false},"featured_media":5497,"template":"","meta":[],"product_cat":[264],"product_tag":[],"class_list":{"0":"post-5499","1":"product","2":"type-product","3":"status-publish","4":"has-post-thumbnail","6":"product_brand-autres-marques","7":"product_cat-high-tech","9":"first","10":"instock","11":"sale","12":"taxable","13":"shipping-taxable","14":"purchasable","15":"product-type-simple","16":"col-xs-6 col-sm-4","17":"col-md-3 col-lg-3","18":"un-4-cols"},"yoast_head":"<!-- This site is optimized with the Yoast SEO plugin v26.9 - https:\/\/yoast.com\/product\/yoast-seo-wordpress\/ -->\n<title>RALLONCE SOCKET 2500W - AU MARCHE BURKINA<\/title>\n<meta name=\"robots\" content=\"noindex, follow, max-snippet:-1, max-image-preview:large, max-video-preview:-1\" \/>\n<meta property=\"og:locale\" content=\"fr_FR\" \/>\n<meta property=\"og:type\" content=\"article\" \/>\n<meta property=\"og:title\" content=\"RALLONCE SOCKET 2500W - AU MARCHE BURKINA\" \/>\n<meta property=\"og:description\" content=\"5 prises de courant et 6 ports USB pour une meilleure performanceAide simultan\u00e9ment \u00e0 prot\u00e9ger plusieurs appareils \u00e9lectroniques tout en acceptant de grands adaptateurs.Prot\u00e9gez jusqu\u2019\u00e0 11 appareils contre les pointes, les fluctuations et les interf\u00e9rences \u00e9lectromagn\u00e9tiques.Cordon d\u2019alimentation robuste de 200 cm, aide \u00e0 assurer un flux d\u2019alimentation optimal vers les appareils connect\u00e9s.\" \/>\n<meta property=\"og:url\" content=\"https:\/\/aumarche.biz\/bf\/index.php\/produit\/rallonce-socket-2500w\/\" \/>\n<meta property=\"og:site_name\" content=\"AU MARCHE BURKINA\" \/>\n<meta property=\"article:publisher\" content=\"https:\/\/www.facebook.com\/aumarchebf\" \/>\n<meta property=\"article:modified_time\" content=\"2025-06-19T16:54:06+00:00\" \/>\n<meta property=\"og:image\" content=\"https:\/\/aumarche.biz\/bf\/wp-content\/uploads\/2025\/06\/download_5_6c6ac98d-b038-4ac0-b3cf-7563a17795d1.webp\" \/>\n\t<meta property=\"og:image:width\" content=\"1080\" \/>\n\t<meta property=\"og:image:height\" content=\"1080\" \/>\n\t<meta property=\"og:image:type\" content=\"image\/webp\" \/>\n<meta name=\"twitter:card\" content=\"summary_large_image\" \/>\n<script type=\"application\/ld+json\" class=\"yoast-schema-graph\">{\"@context\":\"https:\/\/schema.org\",\"@graph\":[{\"@type\":\"WebPage\",\"@id\":\"https:\/\/aumarche.biz\/bf\/index.php\/produit\/rallonce-socket-2500w\/\",\"url\":\"https:\/\/aumarche.biz\/bf\/index.php\/produit\/rallonce-socket-2500w\/\",\"name\":\"RALLONCE SOCKET 2500W - AU MARCHE BURKINA\",\"isPartOf\":{\"@id\":\"https:\/\/aumarche.biz\/bf\/#website\"},\"primaryImageOfPage\":{\"@id\":\"https:\/\/aumarche.biz\/bf\/index.php\/produit\/rallonce-socket-2500w\/#primaryimage\"},\"image\":{\"@id\":\"https:\/\/aumarche.biz\/bf\/index.php\/produit\/rallonce-socket-2500w\/#primaryimage\"},\"thumbnailUrl\":\"https:\/\/aumarche.biz\/bf\/wp-content\/uploads\/2025\/06\/download_5_6c6ac98d-b038-4ac0-b3cf-7563a17795d1.webp\",\"datePublished\":\"2025-06-19T16:54:05+00:00\",\"dateModified\":\"2025-06-19T16:54:06+00:00\",\"breadcrumb\":{\"@id\":\"https:\/\/aumarche.biz\/bf\/index.php\/produit\/rallonce-socket-2500w\/#breadcrumb\"},\"inLanguage\":\"fr-FR\",\"potentialAction\":[{\"@type\":\"ReadAction\",\"target\":[\"https:\/\/aumarche.biz\/bf\/index.php\/produit\/rallonce-socket-2500w\/\"]}]},{\"@type\":\"ImageObject\",\"inLanguage\":\"fr-FR\",\"@id\":\"https:\/\/aumarche.biz\/bf\/index.php\/produit\/rallonce-socket-2500w\/#primaryimage\",\"url\":\"https:\/\/aumarche.biz\/bf\/wp-content\/uploads\/2025\/06\/download_5_6c6ac98d-b038-4ac0-b3cf-7563a17795d1.webp\",\"contentUrl\":\"https:\/\/aumarche.biz\/bf\/wp-content\/uploads\/2025\/06\/download_5_6c6ac98d-b038-4ac0-b3cf-7563a17795d1.webp\",\"width\":1080,\"height\":1080},{\"@type\":\"BreadcrumbList\",\"@id\":\"https:\/\/aumarche.biz\/bf\/index.php\/produit\/rallonce-socket-2500w\/#breadcrumb\",\"itemListElement\":[{\"@type\":\"ListItem\",\"position\":1,\"name\":\"Accueil\",\"item\":\"https:\/\/aumarche.biz\/bf\/\"},{\"@type\":\"ListItem\",\"position\":2,\"name\":\"Boutique\",\"item\":\"https:\/\/aumarche.biz\/bf\/index.php\/boutique\/\"},{\"@type\":\"ListItem\",\"position\":3,\"name\":\"RALLONCE SOCKET 2500W\"}]},{\"@type\":\"WebSite\",\"@id\":\"https:\/\/aumarche.biz\/bf\/#website\",\"url\":\"https:\/\/aumarche.biz\/bf\/\",\"name\":\"aumarche.biz\",\"description\":\"Vendre et acheter autrement\",\"publisher\":{\"@id\":\"https:\/\/aumarche.biz\/bf\/#organization\"},\"potentialAction\":[{\"@type\":\"SearchAction\",\"target\":{\"@type\":\"EntryPoint\",\"urlTemplate\":\"https:\/\/aumarche.biz\/bf\/?s={search_term_string}\"},\"query-input\":{\"@type\":\"PropertyValueSpecification\",\"valueRequired\":true,\"valueName\":\"search_term_string\"}}],\"inLanguage\":\"fr-FR\"},{\"@type\":\"Organization\",\"@id\":\"https:\/\/aumarche.biz\/bf\/#organization\",\"name\":\"aumarche.biz\",\"url\":\"https:\/\/aumarche.biz\/bf\/\",\"logo\":{\"@type\":\"ImageObject\",\"inLanguage\":\"fr-FR\",\"@id\":\"https:\/\/aumarche.biz\/bf\/#\/schema\/logo\/image\/\",\"url\":\"https:\/\/aumarche.biz\/bf\/wp-content\/uploads\/2023\/09\/favicone.png\",\"contentUrl\":\"https:\/\/aumarche.biz\/bf\/wp-content\/uploads\/2023\/09\/favicone.png\",\"width\":64,\"height\":64,\"caption\":\"aumarche.biz\"},\"image\":{\"@id\":\"https:\/\/aumarche.biz\/bf\/#\/schema\/logo\/image\/\"},\"sameAs\":[\"https:\/\/www.facebook.com\/aumarchebf\"]}]}<\/script>\n<!-- \/ Yoast SEO plugin. -->","yoast_head_json":{"title":"RALLONCE SOCKET 2500W - AU MARCHE BURKINA","robots":{"index":"noindex","follow":"follow","max-snippet":"max-snippet:-1","max-image-preview":"max-image-preview:large","max-video-preview":"max-video-preview:-1"},"og_locale":"fr_FR","og_type":"article","og_title":"RALLONCE SOCKET 2500W - AU MARCHE BURKINA","og_description":"5 prises de courant et 6 ports USB pour une meilleure performanceAide simultan\u00e9ment \u00e0 prot\u00e9ger plusieurs appareils \u00e9lectroniques tout en acceptant de grands adaptateurs.Prot\u00e9gez jusqu\u2019\u00e0 11 appareils contre les pointes, les fluctuations et les interf\u00e9rences \u00e9lectromagn\u00e9tiques.Cordon d\u2019alimentation robuste de 200 cm, aide \u00e0 assurer un flux d\u2019alimentation optimal vers les appareils connect\u00e9s.","og_url":"https:\/\/aumarche.biz\/bf\/index.php\/produit\/rallonce-socket-2500w\/","og_site_name":"AU MARCHE BURKINA","article_publisher":"https:\/\/www.facebook.com\/aumarchebf","article_modified_time":"2025-06-19T16:54:06+00:00","og_image":[{"width":1080,"height":1080,"url":"https:\/\/aumarche.biz\/bf\/wp-content\/uploads\/2025\/06\/download_5_6c6ac98d-b038-4ac0-b3cf-7563a17795d1.webp","type":"image\/webp"}],"twitter_card":"summary_large_image","schema":{"@context":"https:\/\/schema.org","@graph":[{"@type":"WebPage","@id":"https:\/\/aumarche.biz\/bf\/index.php\/produit\/rallonce-socket-2500w\/","url":"https:\/\/aumarche.biz\/bf\/index.php\/produit\/rallonce-socket-2500w\/","name":"RALLONCE SOCKET 2500W - AU MARCHE BURKINA","isPartOf":{"@id":"https:\/\/aumarche.biz\/bf\/#website"},"primaryImageOfPage":{"@id":"https:\/\/aumarche.biz\/bf\/index.php\/produit\/rallonce-socket-2500w\/#primaryimage"},"image":{"@id":"https:\/\/aumarche.biz\/bf\/index.php\/produit\/rallonce-socket-2500w\/#primaryimage"},"thumbnailUrl":"https:\/\/aumarche.biz\/bf\/wp-content\/uploads\/2025\/06\/download_5_6c6ac98d-b038-4ac0-b3cf-7563a17795d1.webp","datePublished":"2025-06-19T16:54:05+00:00","dateModified":"2025-06-19T16:54:06+00:00","breadcrumb":{"@id":"https:\/\/aumarche.biz\/bf\/index.php\/produit\/rallonce-socket-2500w\/#breadcrumb"},"inLanguage":"fr-FR","potentialAction":[{"@type":"ReadAction","target":["https:\/\/aumarche.biz\/bf\/index.php\/produit\/rallonce-socket-2500w\/"]}]},{"@type":"ImageObject","inLanguage":"fr-FR","@id":"https:\/\/aumarche.biz\/bf\/index.php\/produit\/rallonce-socket-2500w\/#primaryimage","url":"https:\/\/aumarche.biz\/bf\/wp-content\/uploads\/2025\/06\/download_5_6c6ac98d-b038-4ac0-b3cf-7563a17795d1.webp","contentUrl":"https:\/\/aumarche.biz\/bf\/wp-content\/uploads\/2025\/06\/download_5_6c6ac98d-b038-4ac0-b3cf-7563a17795d1.webp","width":1080,"height":1080},{"@type":"BreadcrumbList","@id":"https:\/\/aumarche.biz\/bf\/index.php\/produit\/rallonce-socket-2500w\/#breadcrumb","itemListElement":[{"@type":"ListItem","position":1,"name":"Accueil","item":"https:\/\/aumarche.biz\/bf\/"},{"@type":"ListItem","position":2,"name":"Boutique","item":"https:\/\/aumarche.biz\/bf\/index.php\/boutique\/"},{"@type":"ListItem","position":3,"name":"RALLONCE SOCKET 2500W"}]},{"@type":"WebSite","@id":"https:\/\/aumarche.biz\/bf\/#website","url":"https:\/\/aumarche.biz\/bf\/","name":"aumarche.biz","description":"Vendre et acheter autrement","publisher":{"@id":"https:\/\/aumarche.biz\/bf\/#organization"},"potentialAction":[{"@type":"SearchAction","target":{"@type":"EntryPoint","urlTemplate":"https:\/\/aumarche.biz\/bf\/?s={search_term_string}"},"query-input":{"@type":"PropertyValueSpecification","valueRequired":true,"valueName":"search_term_string"}}],"inLanguage":"fr-FR"},{"@type":"Organization","@id":"https:\/\/aumarche.biz\/bf\/#organization","name":"aumarche.biz","url":"https:\/\/aumarche.biz\/bf\/","logo":{"@type":"ImageObject","inLanguage":"fr-FR","@id":"https:\/\/aumarche.biz\/bf\/#\/schema\/logo\/image\/","url":"https:\/\/aumarche.biz\/bf\/wp-content\/uploads\/2023\/09\/favicone.png","contentUrl":"https:\/\/aumarche.biz\/bf\/wp-content\/uploads\/2023\/09\/favicone.png","width":64,"height":64,"caption":"aumarche.biz"},"image":{"@id":"https:\/\/aumarche.biz\/bf\/#\/schema\/logo\/image\/"},"sameAs":["https:\/\/www.facebook.com\/aumarchebf"]}]}},"_links":{"self":[{"href":"https:\/\/aumarche.biz\/bf\/index.php\/wp-json\/wp\/v2\/product\/5499","targetHints":{"allow":["GET"]}}],"collection":[{"href":"https:\/\/aumarche.biz\/bf\/index.php\/wp-json\/wp\/v2\/product"}],"about":[{"href":"https:\/\/aumarche.biz\/bf\/index.php\/wp-json\/wp\/v2\/types\/product"}],"wp:featuredmedia":[{"embeddable":true,"href":"https:\/\/aumarche.biz\/bf\/index.php\/wp-json\/wp\/v2\/media\/5497"}],"wp:attachment":[{"href":"https:\/\/aumarche.biz\/bf\/index.php\/wp-json\/wp\/v2\/media?parent=5499"}],"wp:term":[{"taxonomy":"product_cat","embeddable":true,"href":"https:\/\/aumarche.biz\/bf\/index.php\/wp-json\/wp\/v2\/product_cat?post=5499"},{"taxonomy":"product_tag","embeddable":true,"href":"https:\/\/aumarche.biz\/bf\/index.php\/wp-json\/wp\/v2\/product_tag?post=5499"}],"curies":[{"name":"wp","href":"https:\/\/api.w.org\/{rel}","templated":true}]}}