{"id":5502,"date":"2025-09-18T11:24:40","date_gmt":"2025-09-18T11:24:40","guid":{"rendered":"https:\/\/aumarche.biz\/bf\/index.php\/produit\/samsung-galaxy-a35-8gb-128gb\/"},"modified":"2025-09-18T11:24:40","modified_gmt":"2025-09-18T11:24:40","slug":"samsung-galaxy-a35-8gb-128gb","status":"publish","type":"product","link":"https:\/\/aumarche.biz\/bf\/index.php\/produit\/samsung-galaxy-a35-8gb-128gb\/","title":{"rendered":"SAMSUNG GALAXY A35 8GB 128GB"},"content":{"rendered":"<p><span>Le Samsung Galaxy A35 est un smartphone milieu de gamme, \u00e9quip\u00e9 d&rsquo;un \u00e9cran Super AMOLED 120 Hz de 6,6 pouces, anim\u00e9 par 6 Go de RAM et 128 Go de stockage, extensible jusqu&rsquo;\u00e0 1 To via microSD. Il poss\u00e8de trois capteurs photos au dos : un grand-angle de 50 m\u00e9gapixels (avec stabilisation optique), un ultra grand-angle de 8 m\u00e9gapixels et un objectif macro de 5 m\u00e9gapixels. Sa batterie de 5000 mAh est compatible charge rapide (25 W) : la marque se targue d&rsquo;une autonomie allant jusqu&rsquo;\u00e0 2 jours. Enfin, il est certifi\u00e9 IP67.<\/span><\/p>\n","protected":false},"excerpt":{"rendered":"<p><span>Le Samsung Galaxy A35 est un smartphone milieu de gamme, \u00e9quip\u00e9 d&rsquo;un \u00e9cran Super AMOLED 120 Hz de 6,6 pouces, anim\u00e9 par 6 Go de RAM et 128 Go de stockage, extensible jusqu&rsquo;\u00e0 1 To via microSD. Il poss\u00e8de trois capteurs photos au dos : un grand-angle de 50 m\u00e9gapixels (avec stabilisation optique), un ultra grand-angle de 8 m\u00e9gapixels et un objectif macro de 5 m\u00e9gapixels. Sa batterie de 5000 mAh est compatible charge rapide (25 W) : la marque se targue d&rsquo;une autonomie allant jusqu&rsquo;\u00e0 2 jours. Enfin, il est certifi\u00e9 IP67.<\/span><\/p>\n","protected":false},"featured_media":5500,"template":"","meta":[],"product_cat":[264],"product_tag":[],"class_list":{"0":"post-5502","1":"product","2":"type-product","3":"status-publish","4":"has-post-thumbnail","6":"product_brand-galaxy","7":"product_brand-samsung","8":"product_cat-high-tech","10":"first","11":"instock","12":"sale","13":"virtual","14":"taxable","15":"purchasable","16":"product-type-simple","17":"col-xs-6 col-sm-4","18":"col-md-3 col-lg-3","19":"un-4-cols"},"yoast_head":"<!-- This site is optimized with the Yoast SEO plugin v26.9 - https:\/\/yoast.com\/product\/yoast-seo-wordpress\/ -->\n<title>SAMSUNG GALAXY A35 8GB 128GB - AU MARCHE BURKINA<\/title>\n<meta name=\"robots\" content=\"noindex, follow, max-snippet:-1, max-image-preview:large, max-video-preview:-1\" \/>\n<meta property=\"og:locale\" content=\"fr_FR\" \/>\n<meta property=\"og:type\" content=\"article\" \/>\n<meta property=\"og:title\" content=\"SAMSUNG GALAXY A35 8GB 128GB - AU MARCHE BURKINA\" \/>\n<meta property=\"og:description\" content=\"Le Samsung Galaxy A35 est un smartphone milieu de gamme, \u00e9quip\u00e9 d&#039;un \u00e9cran Super AMOLED 120 Hz de 6,6 pouces, anim\u00e9 par 6 Go de RAM et 128 Go de stockage, extensible jusqu&#039;\u00e0 1 To via microSD. Il poss\u00e8de trois capteurs photos au dos : un grand-angle de 50 m\u00e9gapixels (avec stabilisation optique), un ultra grand-angle de 8 m\u00e9gapixels et un objectif macro de 5 m\u00e9gapixels. Sa batterie de 5000 mAh est compatible charge rapide (25 W) : la marque se targue d&#039;une autonomie allant jusqu&#039;\u00e0 2 jours. Enfin, il est certifi\u00e9 IP67.\" \/>\n<meta property=\"og:url\" content=\"https:\/\/aumarche.biz\/bf\/index.php\/produit\/samsung-galaxy-a35-8gb-128gb\/\" \/>\n<meta property=\"og:site_name\" content=\"AU MARCHE BURKINA\" \/>\n<meta property=\"article:publisher\" content=\"https:\/\/www.facebook.com\/aumarchebf\" \/>\n<meta property=\"og:image\" content=\"https:\/\/aumarche.biz\/bf\/wp-content\/uploads\/2025\/09\/71MBDTglV4L.jpg\" \/>\n\t<meta property=\"og:image:width\" content=\"2560\" \/>\n\t<meta property=\"og:image:height\" content=\"2560\" \/>\n\t<meta property=\"og:image:type\" content=\"image\/jpeg\" \/>\n<meta name=\"twitter:card\" content=\"summary_large_image\" \/>\n<script type=\"application\/ld+json\" class=\"yoast-schema-graph\">{\"@context\":\"https:\/\/schema.org\",\"@graph\":[{\"@type\":\"WebPage\",\"@id\":\"https:\/\/aumarche.biz\/bf\/index.php\/produit\/samsung-galaxy-a35-8gb-128gb\/\",\"url\":\"https:\/\/aumarche.biz\/bf\/index.php\/produit\/samsung-galaxy-a35-8gb-128gb\/\",\"name\":\"SAMSUNG GALAXY A35 8GB 128GB - AU MARCHE BURKINA\",\"isPartOf\":{\"@id\":\"https:\/\/aumarche.biz\/bf\/#website\"},\"primaryImageOfPage\":{\"@id\":\"https:\/\/aumarche.biz\/bf\/index.php\/produit\/samsung-galaxy-a35-8gb-128gb\/#primaryimage\"},\"image\":{\"@id\":\"https:\/\/aumarche.biz\/bf\/index.php\/produit\/samsung-galaxy-a35-8gb-128gb\/#primaryimage\"},\"thumbnailUrl\":\"https:\/\/aumarche.biz\/bf\/wp-content\/uploads\/2025\/09\/71MBDTglV4L.jpg\",\"datePublished\":\"2025-09-18T11:24:40+00:00\",\"breadcrumb\":{\"@id\":\"https:\/\/aumarche.biz\/bf\/index.php\/produit\/samsung-galaxy-a35-8gb-128gb\/#breadcrumb\"},\"inLanguage\":\"fr-FR\",\"potentialAction\":[{\"@type\":\"ReadAction\",\"target\":[\"https:\/\/aumarche.biz\/bf\/index.php\/produit\/samsung-galaxy-a35-8gb-128gb\/\"]}]},{\"@type\":\"ImageObject\",\"inLanguage\":\"fr-FR\",\"@id\":\"https:\/\/aumarche.biz\/bf\/index.php\/produit\/samsung-galaxy-a35-8gb-128gb\/#primaryimage\",\"url\":\"https:\/\/aumarche.biz\/bf\/wp-content\/uploads\/2025\/09\/71MBDTglV4L.jpg\",\"contentUrl\":\"https:\/\/aumarche.biz\/bf\/wp-content\/uploads\/2025\/09\/71MBDTglV4L.jpg\",\"width\":2560,\"height\":2560},{\"@type\":\"BreadcrumbList\",\"@id\":\"https:\/\/aumarche.biz\/bf\/index.php\/produit\/samsung-galaxy-a35-8gb-128gb\/#breadcrumb\",\"itemListElement\":[{\"@type\":\"ListItem\",\"position\":1,\"name\":\"Accueil\",\"item\":\"https:\/\/aumarche.biz\/bf\/\"},{\"@type\":\"ListItem\",\"position\":2,\"name\":\"Boutique\",\"item\":\"https:\/\/aumarche.biz\/bf\/index.php\/boutique\/\"},{\"@type\":\"ListItem\",\"position\":3,\"name\":\"SAMSUNG GALAXY A35 8GB 128GB\"}]},{\"@type\":\"WebSite\",\"@id\":\"https:\/\/aumarche.biz\/bf\/#website\",\"url\":\"https:\/\/aumarche.biz\/bf\/\",\"name\":\"aumarche.biz\",\"description\":\"Vendre et acheter autrement\",\"publisher\":{\"@id\":\"https:\/\/aumarche.biz\/bf\/#organization\"},\"potentialAction\":[{\"@type\":\"SearchAction\",\"target\":{\"@type\":\"EntryPoint\",\"urlTemplate\":\"https:\/\/aumarche.biz\/bf\/?s={search_term_string}\"},\"query-input\":{\"@type\":\"PropertyValueSpecification\",\"valueRequired\":true,\"valueName\":\"search_term_string\"}}],\"inLanguage\":\"fr-FR\"},{\"@type\":\"Organization\",\"@id\":\"https:\/\/aumarche.biz\/bf\/#organization\",\"name\":\"aumarche.biz\",\"url\":\"https:\/\/aumarche.biz\/bf\/\",\"logo\":{\"@type\":\"ImageObject\",\"inLanguage\":\"fr-FR\",\"@id\":\"https:\/\/aumarche.biz\/bf\/#\/schema\/logo\/image\/\",\"url\":\"https:\/\/aumarche.biz\/bf\/wp-content\/uploads\/2023\/09\/favicone.png\",\"contentUrl\":\"https:\/\/aumarche.biz\/bf\/wp-content\/uploads\/2023\/09\/favicone.png\",\"width\":64,\"height\":64,\"caption\":\"aumarche.biz\"},\"image\":{\"@id\":\"https:\/\/aumarche.biz\/bf\/#\/schema\/logo\/image\/\"},\"sameAs\":[\"https:\/\/www.facebook.com\/aumarchebf\"]}]}<\/script>\n<!-- \/ Yoast SEO plugin. -->","yoast_head_json":{"title":"SAMSUNG GALAXY A35 8GB 128GB - AU MARCHE BURKINA","robots":{"index":"noindex","follow":"follow","max-snippet":"max-snippet:-1","max-image-preview":"max-image-preview:large","max-video-preview":"max-video-preview:-1"},"og_locale":"fr_FR","og_type":"article","og_title":"SAMSUNG GALAXY A35 8GB 128GB - AU MARCHE BURKINA","og_description":"Le Samsung Galaxy A35 est un smartphone milieu de gamme, \u00e9quip\u00e9 d'un \u00e9cran Super AMOLED 120 Hz de 6,6 pouces, anim\u00e9 par 6 Go de RAM et 128 Go de stockage, extensible jusqu'\u00e0 1 To via microSD. Il poss\u00e8de trois capteurs photos au dos : un grand-angle de 50 m\u00e9gapixels (avec stabilisation optique), un ultra grand-angle de 8 m\u00e9gapixels et un objectif macro de 5 m\u00e9gapixels. Sa batterie de 5000 mAh est compatible charge rapide (25 W) : la marque se targue d'une autonomie allant jusqu'\u00e0 2 jours. Enfin, il est certifi\u00e9 IP67.","og_url":"https:\/\/aumarche.biz\/bf\/index.php\/produit\/samsung-galaxy-a35-8gb-128gb\/","og_site_name":"AU MARCHE BURKINA","article_publisher":"https:\/\/www.facebook.com\/aumarchebf","og_image":[{"width":2560,"height":2560,"url":"https:\/\/aumarche.biz\/bf\/wp-content\/uploads\/2025\/09\/71MBDTglV4L.jpg","type":"image\/jpeg"}],"twitter_card":"summary_large_image","schema":{"@context":"https:\/\/schema.org","@graph":[{"@type":"WebPage","@id":"https:\/\/aumarche.biz\/bf\/index.php\/produit\/samsung-galaxy-a35-8gb-128gb\/","url":"https:\/\/aumarche.biz\/bf\/index.php\/produit\/samsung-galaxy-a35-8gb-128gb\/","name":"SAMSUNG GALAXY A35 8GB 128GB - AU MARCHE BURKINA","isPartOf":{"@id":"https:\/\/aumarche.biz\/bf\/#website"},"primaryImageOfPage":{"@id":"https:\/\/aumarche.biz\/bf\/index.php\/produit\/samsung-galaxy-a35-8gb-128gb\/#primaryimage"},"image":{"@id":"https:\/\/aumarche.biz\/bf\/index.php\/produit\/samsung-galaxy-a35-8gb-128gb\/#primaryimage"},"thumbnailUrl":"https:\/\/aumarche.biz\/bf\/wp-content\/uploads\/2025\/09\/71MBDTglV4L.jpg","datePublished":"2025-09-18T11:24:40+00:00","breadcrumb":{"@id":"https:\/\/aumarche.biz\/bf\/index.php\/produit\/samsung-galaxy-a35-8gb-128gb\/#breadcrumb"},"inLanguage":"fr-FR","potentialAction":[{"@type":"ReadAction","target":["https:\/\/aumarche.biz\/bf\/index.php\/produit\/samsung-galaxy-a35-8gb-128gb\/"]}]},{"@type":"ImageObject","inLanguage":"fr-FR","@id":"https:\/\/aumarche.biz\/bf\/index.php\/produit\/samsung-galaxy-a35-8gb-128gb\/#primaryimage","url":"https:\/\/aumarche.biz\/bf\/wp-content\/uploads\/2025\/09\/71MBDTglV4L.jpg","contentUrl":"https:\/\/aumarche.biz\/bf\/wp-content\/uploads\/2025\/09\/71MBDTglV4L.jpg","width":2560,"height":2560},{"@type":"BreadcrumbList","@id":"https:\/\/aumarche.biz\/bf\/index.php\/produit\/samsung-galaxy-a35-8gb-128gb\/#breadcrumb","itemListElement":[{"@type":"ListItem","position":1,"name":"Accueil","item":"https:\/\/aumarche.biz\/bf\/"},{"@type":"ListItem","position":2,"name":"Boutique","item":"https:\/\/aumarche.biz\/bf\/index.php\/boutique\/"},{"@type":"ListItem","position":3,"name":"SAMSUNG GALAXY A35 8GB 128GB"}]},{"@type":"WebSite","@id":"https:\/\/aumarche.biz\/bf\/#website","url":"https:\/\/aumarche.biz\/bf\/","name":"aumarche.biz","description":"Vendre et acheter autrement","publisher":{"@id":"https:\/\/aumarche.biz\/bf\/#organization"},"potentialAction":[{"@type":"SearchAction","target":{"@type":"EntryPoint","urlTemplate":"https:\/\/aumarche.biz\/bf\/?s={search_term_string}"},"query-input":{"@type":"PropertyValueSpecification","valueRequired":true,"valueName":"search_term_string"}}],"inLanguage":"fr-FR"},{"@type":"Organization","@id":"https:\/\/aumarche.biz\/bf\/#organization","name":"aumarche.biz","url":"https:\/\/aumarche.biz\/bf\/","logo":{"@type":"ImageObject","inLanguage":"fr-FR","@id":"https:\/\/aumarche.biz\/bf\/#\/schema\/logo\/image\/","url":"https:\/\/aumarche.biz\/bf\/wp-content\/uploads\/2023\/09\/favicone.png","contentUrl":"https:\/\/aumarche.biz\/bf\/wp-content\/uploads\/2023\/09\/favicone.png","width":64,"height":64,"caption":"aumarche.biz"},"image":{"@id":"https:\/\/aumarche.biz\/bf\/#\/schema\/logo\/image\/"},"sameAs":["https:\/\/www.facebook.com\/aumarchebf"]}]}},"_links":{"self":[{"href":"https:\/\/aumarche.biz\/bf\/index.php\/wp-json\/wp\/v2\/product\/5502","targetHints":{"allow":["GET"]}}],"collection":[{"href":"https:\/\/aumarche.biz\/bf\/index.php\/wp-json\/wp\/v2\/product"}],"about":[{"href":"https:\/\/aumarche.biz\/bf\/index.php\/wp-json\/wp\/v2\/types\/product"}],"wp:featuredmedia":[{"embeddable":true,"href":"https:\/\/aumarche.biz\/bf\/index.php\/wp-json\/wp\/v2\/media\/5500"}],"wp:attachment":[{"href":"https:\/\/aumarche.biz\/bf\/index.php\/wp-json\/wp\/v2\/media?parent=5502"}],"wp:term":[{"taxonomy":"product_cat","embeddable":true,"href":"https:\/\/aumarche.biz\/bf\/index.php\/wp-json\/wp\/v2\/product_cat?post=5502"},{"taxonomy":"product_tag","embeddable":true,"href":"https:\/\/aumarche.biz\/bf\/index.php\/wp-json\/wp\/v2\/product_tag?post=5502"}],"curies":[{"name":"wp","href":"https:\/\/api.w.org\/{rel}","templated":true}]}}