{"id":5509,"date":"2025-09-18T12:24:19","date_gmt":"2025-09-18T12:24:19","guid":{"rendered":"https:\/\/aumarche.biz\/bf\/index.php\/produit\/samsung-50-uhd-4k-smart-tv\/"},"modified":"2025-09-18T12:24:20","modified_gmt":"2025-09-18T12:24:20","slug":"samsung-50-uhd-4k-smart-tv","status":"publish","type":"product","link":"https:\/\/aumarche.biz\/bf\/index.php\/produit\/samsung-50-uhd-4k-smart-tv\/","title":{"rendered":"SAMSUNG 50\u201d UHD 4K SMART TV"},"content":{"rendered":"<p><span style=\"font-family: Roboto, Arial, Helvetica, Tahoma, sans-serif;font-size: 13px\">AMSUNG50NU7025<\/span><br style=\"font-family: Roboto, Arial, Helvetica, Tahoma, sans-serif;font-size: 13px;line-height: inherit !important\"><span style=\"font-family: Roboto, Arial, Helvetica, Tahoma, sans-serif;font-size: 13px\">TV UHD 50\u00a0\u00bb, Smart TV, 1300 PQIPlus de d\u00e9tails, plus de couleurs en 4K UHDL&rsquo;excellence de l&rsquo;ultra haute d\u00e9finition 4KProfitez d&rsquo;une image 4 fois plus d\u00e9taill\u00e9e et pr\u00e9cise qu&rsquo;en full HD.Avec la technologie HDR, ne manquez plus aucun d\u00e9tail dans les sc\u00e8nes lumineuses ou dans les sc\u00e8nes les plus sombres.L&rsquo;UHD Dimming optimise les contrastes avec un niveau de pr\u00e9cision in\u00e9gal\u00e9.Vivez une exp\u00e9rience autant spectaculaire qu&rsquo;immersive. Un design enti\u00e8rement repens\u00e9Qu&rsquo;il soit allum\u00e9 ou \u00e9teint,<\/span><\/p>\n","protected":false},"excerpt":{"rendered":"<p><span style=\"font-family: Roboto, Arial, Helvetica, Tahoma, sans-serif;font-size: 13px\">AMSUNG50NU7025<\/span><br style=\"font-family: Roboto, Arial, Helvetica, Tahoma, sans-serif;font-size: 13px;line-height: inherit !important\"><span style=\"font-family: Roboto, Arial, Helvetica, Tahoma, sans-serif;font-size: 13px\">TV UHD 50\u00a0\u00bb, Smart TV, 1300 PQIPlus de d\u00e9tails, plus de couleurs en 4K UHDL&rsquo;excellence de l&rsquo;ultra haute d\u00e9finition 4KProfitez d&rsquo;une image 4 fois plus d\u00e9taill\u00e9e et pr\u00e9cise qu&rsquo;en full HD.Avec la technologie HDR, ne manquez plus aucun d\u00e9tail dans les sc\u00e8nes lumineuses ou dans les sc\u00e8nes les plus sombres.L&rsquo;UHD Dimming optimise les contrastes avec un niveau de pr\u00e9cision in\u00e9gal\u00e9.Vivez une exp\u00e9rience autant spectaculaire qu&rsquo;immersive. Un design enti\u00e8rement repens\u00e9Qu&rsquo;il soit allum\u00e9 ou \u00e9teint,<\/span><\/p>\n","protected":false},"featured_media":5508,"template":"","meta":[],"product_cat":[264],"product_tag":[],"class_list":{"0":"post-5509","1":"product","2":"type-product","3":"status-publish","4":"has-post-thumbnail","6":"product_brand-samsung","7":"product_cat-high-tech","9":"first","10":"instock","11":"sale","12":"taxable","13":"shipping-taxable","14":"purchasable","15":"product-type-simple","16":"col-xs-6 col-sm-4","17":"col-md-3 col-lg-3","18":"un-4-cols"},"yoast_head":"<!-- This site is optimized with the Yoast SEO plugin v26.9 - https:\/\/yoast.com\/product\/yoast-seo-wordpress\/ -->\n<title>SAMSUNG 50\u201d UHD 4K SMART TV - AU MARCHE BURKINA<\/title>\n<meta name=\"robots\" content=\"noindex, follow, max-snippet:-1, max-image-preview:large, max-video-preview:-1\" \/>\n<meta property=\"og:locale\" content=\"fr_FR\" \/>\n<meta property=\"og:type\" content=\"article\" \/>\n<meta property=\"og:title\" content=\"SAMSUNG 50\u201d UHD 4K SMART TV - AU MARCHE BURKINA\" \/>\n<meta property=\"og:description\" content=\"AMSUNG50NU7025TV UHD 50&#039;&#039;, Smart TV, 1300 PQIPlus de d\u00e9tails, plus de couleurs en 4K UHDL&#039;excellence de l&#039;ultra haute d\u00e9finition 4KProfitez d&#039;une image 4 fois plus d\u00e9taill\u00e9e et pr\u00e9cise qu&#039;en full HD.Avec la technologie HDR, ne manquez plus aucun d\u00e9tail dans les sc\u00e8nes lumineuses ou dans les sc\u00e8nes les plus sombres.L&#039;UHD Dimming optimise les contrastes avec un niveau de pr\u00e9cision in\u00e9gal\u00e9.Vivez une exp\u00e9rience autant spectaculaire qu&#039;immersive. Un design enti\u00e8rement repens\u00e9Qu&#039;il soit allum\u00e9 ou \u00e9teint,\" \/>\n<meta property=\"og:url\" content=\"https:\/\/aumarche.biz\/bf\/index.php\/produit\/samsung-50-uhd-4k-smart-tv\/\" \/>\n<meta property=\"og:site_name\" content=\"AU MARCHE BURKINA\" \/>\n<meta property=\"article:publisher\" content=\"https:\/\/www.facebook.com\/aumarchebf\" \/>\n<meta property=\"article:modified_time\" content=\"2025-09-18T12:24:20+00:00\" \/>\n<meta property=\"og:image\" content=\"https:\/\/aumarche.biz\/bf\/wp-content\/uploads\/2025\/09\/36cfc56f-d151-4a6a-a7ec-ba428df7109a_4.776c6a41b1d4ea3cd435531f4d006301-2-scaled.webp\" \/>\n\t<meta property=\"og:image:width\" content=\"2560\" \/>\n\t<meta property=\"og:image:height\" content=\"2560\" \/>\n\t<meta property=\"og:image:type\" content=\"image\/webp\" \/>\n<meta name=\"twitter:card\" content=\"summary_large_image\" \/>\n<script type=\"application\/ld+json\" class=\"yoast-schema-graph\">{\"@context\":\"https:\/\/schema.org\",\"@graph\":[{\"@type\":\"WebPage\",\"@id\":\"https:\/\/aumarche.biz\/bf\/index.php\/produit\/samsung-50-uhd-4k-smart-tv\/\",\"url\":\"https:\/\/aumarche.biz\/bf\/index.php\/produit\/samsung-50-uhd-4k-smart-tv\/\",\"name\":\"SAMSUNG 50\u201d UHD 4K SMART TV - AU MARCHE BURKINA\",\"isPartOf\":{\"@id\":\"https:\/\/aumarche.biz\/bf\/#website\"},\"primaryImageOfPage\":{\"@id\":\"https:\/\/aumarche.biz\/bf\/index.php\/produit\/samsung-50-uhd-4k-smart-tv\/#primaryimage\"},\"image\":{\"@id\":\"https:\/\/aumarche.biz\/bf\/index.php\/produit\/samsung-50-uhd-4k-smart-tv\/#primaryimage\"},\"thumbnailUrl\":\"https:\/\/aumarche.biz\/bf\/wp-content\/uploads\/2025\/09\/36cfc56f-d151-4a6a-a7ec-ba428df7109a_4.776c6a41b1d4ea3cd435531f4d006301-2-scaled.webp\",\"datePublished\":\"2025-09-18T12:24:19+00:00\",\"dateModified\":\"2025-09-18T12:24:20+00:00\",\"breadcrumb\":{\"@id\":\"https:\/\/aumarche.biz\/bf\/index.php\/produit\/samsung-50-uhd-4k-smart-tv\/#breadcrumb\"},\"inLanguage\":\"fr-FR\",\"potentialAction\":[{\"@type\":\"ReadAction\",\"target\":[\"https:\/\/aumarche.biz\/bf\/index.php\/produit\/samsung-50-uhd-4k-smart-tv\/\"]}]},{\"@type\":\"ImageObject\",\"inLanguage\":\"fr-FR\",\"@id\":\"https:\/\/aumarche.biz\/bf\/index.php\/produit\/samsung-50-uhd-4k-smart-tv\/#primaryimage\",\"url\":\"https:\/\/aumarche.biz\/bf\/wp-content\/uploads\/2025\/09\/36cfc56f-d151-4a6a-a7ec-ba428df7109a_4.776c6a41b1d4ea3cd435531f4d006301-2-scaled.webp\",\"contentUrl\":\"https:\/\/aumarche.biz\/bf\/wp-content\/uploads\/2025\/09\/36cfc56f-d151-4a6a-a7ec-ba428df7109a_4.776c6a41b1d4ea3cd435531f4d006301-2-scaled.webp\",\"width\":2560,\"height\":2560},{\"@type\":\"BreadcrumbList\",\"@id\":\"https:\/\/aumarche.biz\/bf\/index.php\/produit\/samsung-50-uhd-4k-smart-tv\/#breadcrumb\",\"itemListElement\":[{\"@type\":\"ListItem\",\"position\":1,\"name\":\"Accueil\",\"item\":\"https:\/\/aumarche.biz\/bf\/\"},{\"@type\":\"ListItem\",\"position\":2,\"name\":\"Boutique\",\"item\":\"https:\/\/aumarche.biz\/bf\/index.php\/boutique\/\"},{\"@type\":\"ListItem\",\"position\":3,\"name\":\"SAMSUNG 50\u201d UHD 4K SMART TV\"}]},{\"@type\":\"WebSite\",\"@id\":\"https:\/\/aumarche.biz\/bf\/#website\",\"url\":\"https:\/\/aumarche.biz\/bf\/\",\"name\":\"aumarche.biz\",\"description\":\"Vendre et acheter autrement\",\"publisher\":{\"@id\":\"https:\/\/aumarche.biz\/bf\/#organization\"},\"potentialAction\":[{\"@type\":\"SearchAction\",\"target\":{\"@type\":\"EntryPoint\",\"urlTemplate\":\"https:\/\/aumarche.biz\/bf\/?s={search_term_string}\"},\"query-input\":{\"@type\":\"PropertyValueSpecification\",\"valueRequired\":true,\"valueName\":\"search_term_string\"}}],\"inLanguage\":\"fr-FR\"},{\"@type\":\"Organization\",\"@id\":\"https:\/\/aumarche.biz\/bf\/#organization\",\"name\":\"aumarche.biz\",\"url\":\"https:\/\/aumarche.biz\/bf\/\",\"logo\":{\"@type\":\"ImageObject\",\"inLanguage\":\"fr-FR\",\"@id\":\"https:\/\/aumarche.biz\/bf\/#\/schema\/logo\/image\/\",\"url\":\"https:\/\/aumarche.biz\/bf\/wp-content\/uploads\/2023\/09\/favicone.png\",\"contentUrl\":\"https:\/\/aumarche.biz\/bf\/wp-content\/uploads\/2023\/09\/favicone.png\",\"width\":64,\"height\":64,\"caption\":\"aumarche.biz\"},\"image\":{\"@id\":\"https:\/\/aumarche.biz\/bf\/#\/schema\/logo\/image\/\"},\"sameAs\":[\"https:\/\/www.facebook.com\/aumarchebf\"]}]}<\/script>\n<!-- \/ Yoast SEO plugin. -->","yoast_head_json":{"title":"SAMSUNG 50\u201d UHD 4K SMART TV - AU MARCHE BURKINA","robots":{"index":"noindex","follow":"follow","max-snippet":"max-snippet:-1","max-image-preview":"max-image-preview:large","max-video-preview":"max-video-preview:-1"},"og_locale":"fr_FR","og_type":"article","og_title":"SAMSUNG 50\u201d UHD 4K SMART TV - AU MARCHE BURKINA","og_description":"AMSUNG50NU7025TV UHD 50'', Smart TV, 1300 PQIPlus de d\u00e9tails, plus de couleurs en 4K UHDL'excellence de l'ultra haute d\u00e9finition 4KProfitez d'une image 4 fois plus d\u00e9taill\u00e9e et pr\u00e9cise qu'en full HD.Avec la technologie HDR, ne manquez plus aucun d\u00e9tail dans les sc\u00e8nes lumineuses ou dans les sc\u00e8nes les plus sombres.L'UHD Dimming optimise les contrastes avec un niveau de pr\u00e9cision in\u00e9gal\u00e9.Vivez une exp\u00e9rience autant spectaculaire qu'immersive. Un design enti\u00e8rement repens\u00e9Qu'il soit allum\u00e9 ou \u00e9teint,","og_url":"https:\/\/aumarche.biz\/bf\/index.php\/produit\/samsung-50-uhd-4k-smart-tv\/","og_site_name":"AU MARCHE BURKINA","article_publisher":"https:\/\/www.facebook.com\/aumarchebf","article_modified_time":"2025-09-18T12:24:20+00:00","og_image":[{"width":2560,"height":2560,"url":"https:\/\/aumarche.biz\/bf\/wp-content\/uploads\/2025\/09\/36cfc56f-d151-4a6a-a7ec-ba428df7109a_4.776c6a41b1d4ea3cd435531f4d006301-2-scaled.webp","type":"image\/webp"}],"twitter_card":"summary_large_image","schema":{"@context":"https:\/\/schema.org","@graph":[{"@type":"WebPage","@id":"https:\/\/aumarche.biz\/bf\/index.php\/produit\/samsung-50-uhd-4k-smart-tv\/","url":"https:\/\/aumarche.biz\/bf\/index.php\/produit\/samsung-50-uhd-4k-smart-tv\/","name":"SAMSUNG 50\u201d UHD 4K SMART TV - AU MARCHE BURKINA","isPartOf":{"@id":"https:\/\/aumarche.biz\/bf\/#website"},"primaryImageOfPage":{"@id":"https:\/\/aumarche.biz\/bf\/index.php\/produit\/samsung-50-uhd-4k-smart-tv\/#primaryimage"},"image":{"@id":"https:\/\/aumarche.biz\/bf\/index.php\/produit\/samsung-50-uhd-4k-smart-tv\/#primaryimage"},"thumbnailUrl":"https:\/\/aumarche.biz\/bf\/wp-content\/uploads\/2025\/09\/36cfc56f-d151-4a6a-a7ec-ba428df7109a_4.776c6a41b1d4ea3cd435531f4d006301-2-scaled.webp","datePublished":"2025-09-18T12:24:19+00:00","dateModified":"2025-09-18T12:24:20+00:00","breadcrumb":{"@id":"https:\/\/aumarche.biz\/bf\/index.php\/produit\/samsung-50-uhd-4k-smart-tv\/#breadcrumb"},"inLanguage":"fr-FR","potentialAction":[{"@type":"ReadAction","target":["https:\/\/aumarche.biz\/bf\/index.php\/produit\/samsung-50-uhd-4k-smart-tv\/"]}]},{"@type":"ImageObject","inLanguage":"fr-FR","@id":"https:\/\/aumarche.biz\/bf\/index.php\/produit\/samsung-50-uhd-4k-smart-tv\/#primaryimage","url":"https:\/\/aumarche.biz\/bf\/wp-content\/uploads\/2025\/09\/36cfc56f-d151-4a6a-a7ec-ba428df7109a_4.776c6a41b1d4ea3cd435531f4d006301-2-scaled.webp","contentUrl":"https:\/\/aumarche.biz\/bf\/wp-content\/uploads\/2025\/09\/36cfc56f-d151-4a6a-a7ec-ba428df7109a_4.776c6a41b1d4ea3cd435531f4d006301-2-scaled.webp","width":2560,"height":2560},{"@type":"BreadcrumbList","@id":"https:\/\/aumarche.biz\/bf\/index.php\/produit\/samsung-50-uhd-4k-smart-tv\/#breadcrumb","itemListElement":[{"@type":"ListItem","position":1,"name":"Accueil","item":"https:\/\/aumarche.biz\/bf\/"},{"@type":"ListItem","position":2,"name":"Boutique","item":"https:\/\/aumarche.biz\/bf\/index.php\/boutique\/"},{"@type":"ListItem","position":3,"name":"SAMSUNG 50\u201d UHD 4K SMART TV"}]},{"@type":"WebSite","@id":"https:\/\/aumarche.biz\/bf\/#website","url":"https:\/\/aumarche.biz\/bf\/","name":"aumarche.biz","description":"Vendre et acheter autrement","publisher":{"@id":"https:\/\/aumarche.biz\/bf\/#organization"},"potentialAction":[{"@type":"SearchAction","target":{"@type":"EntryPoint","urlTemplate":"https:\/\/aumarche.biz\/bf\/?s={search_term_string}"},"query-input":{"@type":"PropertyValueSpecification","valueRequired":true,"valueName":"search_term_string"}}],"inLanguage":"fr-FR"},{"@type":"Organization","@id":"https:\/\/aumarche.biz\/bf\/#organization","name":"aumarche.biz","url":"https:\/\/aumarche.biz\/bf\/","logo":{"@type":"ImageObject","inLanguage":"fr-FR","@id":"https:\/\/aumarche.biz\/bf\/#\/schema\/logo\/image\/","url":"https:\/\/aumarche.biz\/bf\/wp-content\/uploads\/2023\/09\/favicone.png","contentUrl":"https:\/\/aumarche.biz\/bf\/wp-content\/uploads\/2023\/09\/favicone.png","width":64,"height":64,"caption":"aumarche.biz"},"image":{"@id":"https:\/\/aumarche.biz\/bf\/#\/schema\/logo\/image\/"},"sameAs":["https:\/\/www.facebook.com\/aumarchebf"]}]}},"_links":{"self":[{"href":"https:\/\/aumarche.biz\/bf\/index.php\/wp-json\/wp\/v2\/product\/5509","targetHints":{"allow":["GET"]}}],"collection":[{"href":"https:\/\/aumarche.biz\/bf\/index.php\/wp-json\/wp\/v2\/product"}],"about":[{"href":"https:\/\/aumarche.biz\/bf\/index.php\/wp-json\/wp\/v2\/types\/product"}],"wp:featuredmedia":[{"embeddable":true,"href":"https:\/\/aumarche.biz\/bf\/index.php\/wp-json\/wp\/v2\/media\/5508"}],"wp:attachment":[{"href":"https:\/\/aumarche.biz\/bf\/index.php\/wp-json\/wp\/v2\/media?parent=5509"}],"wp:term":[{"taxonomy":"product_cat","embeddable":true,"href":"https:\/\/aumarche.biz\/bf\/index.php\/wp-json\/wp\/v2\/product_cat?post=5509"},{"taxonomy":"product_tag","embeddable":true,"href":"https:\/\/aumarche.biz\/bf\/index.php\/wp-json\/wp\/v2\/product_tag?post=5509"}],"curies":[{"name":"wp","href":"https:\/\/api.w.org\/{rel}","templated":true}]}}