{"id":5511,"date":"2025-09-18T13:47:32","date_gmt":"2025-09-18T13:47:32","guid":{"rendered":"https:\/\/aumarche.biz\/bf\/index.php\/produit\/hp-laserjet-pro-4003dn-printer-40ppm-black-and-white-print-only-with-ethernet\/"},"modified":"2025-09-18T13:47:32","modified_gmt":"2025-09-18T13:47:32","slug":"hp-laserjet-pro-4003dn-printer-40ppm-black-and-white-print-only-with-ethernet","status":"publish","type":"product","link":"https:\/\/aumarche.biz\/bf\/index.php\/produit\/hp-laserjet-pro-4003dn-printer-40ppm-black-and-white-print-only-with-ethernet\/","title":{"rendered":"HP LASERJET PRO 4003DN PRINTER &#8211; 40PPM BLACK AND WHITE (PRINT ONLY WITH ETHERNET)"},"content":{"rendered":"<p><span style=\"font-family: Roboto, sans-serif;font-size: 18px\">L&rsquo;imprimante HP LaserJet Pro 4003DN est une imprimante laser monochrome con\u00e7ue pour les petites et moyennes entreprises. Elle offre une vitesse d&rsquo;impression de 40 pages par minute (PPM), une impression recto verso automatique et une capacit\u00e9 standard de 350 feuilles. L&rsquo;imprimante dispose d&rsquo;une connectivit\u00e9 Ethernet pour une int\u00e9gration facile au r\u00e9seau et est \u00e9quip\u00e9e de mesures de s\u00e9curit\u00e9 robustes pour assurer la compatibilit\u00e9 avec les cartouches HP authentiques.<\/span><\/p>\n","protected":false},"excerpt":{"rendered":"<p><span style=\"font-family: Roboto, sans-serif;font-size: 18px\">L&rsquo;imprimante HP LaserJet Pro 4003DN est une imprimante laser monochrome con\u00e7ue pour les petites et moyennes entreprises. Elle offre une vitesse d&rsquo;impression de 40 pages par minute (PPM), une impression recto verso automatique et une capacit\u00e9 standard de 350 feuilles. L&rsquo;imprimante dispose d&rsquo;une connectivit\u00e9 Ethernet pour une int\u00e9gration facile au r\u00e9seau et est \u00e9quip\u00e9e de mesures de s\u00e9curit\u00e9 robustes pour assurer la compatibilit\u00e9 avec les cartouches HP authentiques.<\/span><\/p>\n","protected":false},"featured_media":5510,"template":"","meta":[],"product_cat":[264],"product_tag":[],"class_list":{"0":"post-5511","1":"product","2":"type-product","3":"status-publish","4":"has-post-thumbnail","6":"product_brand-hp","7":"product_cat-high-tech","9":"first","10":"instock","11":"sale","12":"taxable","13":"shipping-taxable","14":"purchasable","15":"product-type-simple","16":"col-xs-6 col-sm-4","17":"col-md-3 col-lg-3","18":"un-4-cols"},"yoast_head":"<!-- This site is optimized with the Yoast SEO plugin v26.9 - https:\/\/yoast.com\/product\/yoast-seo-wordpress\/ -->\n<title>HP LASERJET PRO 4003DN PRINTER - 40PPM BLACK AND WHITE (PRINT ONLY WITH ETHERNET) - AU MARCHE BURKINA<\/title>\n<meta name=\"robots\" content=\"noindex, follow, max-snippet:-1, max-image-preview:large, max-video-preview:-1\" \/>\n<meta property=\"og:locale\" content=\"fr_FR\" \/>\n<meta property=\"og:type\" content=\"article\" \/>\n<meta property=\"og:title\" content=\"HP LASERJET PRO 4003DN PRINTER - 40PPM BLACK AND WHITE (PRINT ONLY WITH ETHERNET) - AU MARCHE BURKINA\" \/>\n<meta property=\"og:description\" content=\"L&#039;imprimante HP LaserJet Pro 4003DN est une imprimante laser monochrome con\u00e7ue pour les petites et moyennes entreprises. Elle offre une vitesse d&#039;impression de 40 pages par minute (PPM), une impression recto verso automatique et une capacit\u00e9 standard de 350 feuilles. L&#039;imprimante dispose d&#039;une connectivit\u00e9 Ethernet pour une int\u00e9gration facile au r\u00e9seau et est \u00e9quip\u00e9e de mesures de s\u00e9curit\u00e9 robustes pour assurer la compatibilit\u00e9 avec les cartouches HP authentiques.\" \/>\n<meta property=\"og:url\" content=\"https:\/\/aumarche.biz\/bf\/index.php\/produit\/hp-laserjet-pro-4003dn-printer-40ppm-black-and-white-print-only-with-ethernet\/\" \/>\n<meta property=\"og:site_name\" content=\"AU MARCHE BURKINA\" \/>\n<meta property=\"article:publisher\" content=\"https:\/\/www.facebook.com\/aumarchebf\" \/>\n<meta property=\"og:image\" content=\"https:\/\/aumarche.biz\/bf\/wp-content\/uploads\/2025\/09\/OIP-1.webp\" \/>\n\t<meta property=\"og:image:width\" content=\"474\" \/>\n\t<meta property=\"og:image:height\" content=\"248\" \/>\n\t<meta property=\"og:image:type\" content=\"image\/webp\" \/>\n<meta name=\"twitter:card\" content=\"summary_large_image\" \/>\n<script type=\"application\/ld+json\" class=\"yoast-schema-graph\">{\"@context\":\"https:\/\/schema.org\",\"@graph\":[{\"@type\":\"WebPage\",\"@id\":\"https:\/\/aumarche.biz\/bf\/index.php\/produit\/hp-laserjet-pro-4003dn-printer-40ppm-black-and-white-print-only-with-ethernet\/\",\"url\":\"https:\/\/aumarche.biz\/bf\/index.php\/produit\/hp-laserjet-pro-4003dn-printer-40ppm-black-and-white-print-only-with-ethernet\/\",\"name\":\"HP LASERJET PRO 4003DN PRINTER - 40PPM BLACK AND WHITE (PRINT ONLY WITH ETHERNET) - AU MARCHE BURKINA\",\"isPartOf\":{\"@id\":\"https:\/\/aumarche.biz\/bf\/#website\"},\"primaryImageOfPage\":{\"@id\":\"https:\/\/aumarche.biz\/bf\/index.php\/produit\/hp-laserjet-pro-4003dn-printer-40ppm-black-and-white-print-only-with-ethernet\/#primaryimage\"},\"image\":{\"@id\":\"https:\/\/aumarche.biz\/bf\/index.php\/produit\/hp-laserjet-pro-4003dn-printer-40ppm-black-and-white-print-only-with-ethernet\/#primaryimage\"},\"thumbnailUrl\":\"https:\/\/aumarche.biz\/bf\/wp-content\/uploads\/2025\/09\/OIP-1.webp\",\"datePublished\":\"2025-09-18T13:47:32+00:00\",\"breadcrumb\":{\"@id\":\"https:\/\/aumarche.biz\/bf\/index.php\/produit\/hp-laserjet-pro-4003dn-printer-40ppm-black-and-white-print-only-with-ethernet\/#breadcrumb\"},\"inLanguage\":\"fr-FR\",\"potentialAction\":[{\"@type\":\"ReadAction\",\"target\":[\"https:\/\/aumarche.biz\/bf\/index.php\/produit\/hp-laserjet-pro-4003dn-printer-40ppm-black-and-white-print-only-with-ethernet\/\"]}]},{\"@type\":\"ImageObject\",\"inLanguage\":\"fr-FR\",\"@id\":\"https:\/\/aumarche.biz\/bf\/index.php\/produit\/hp-laserjet-pro-4003dn-printer-40ppm-black-and-white-print-only-with-ethernet\/#primaryimage\",\"url\":\"https:\/\/aumarche.biz\/bf\/wp-content\/uploads\/2025\/09\/OIP-1.webp\",\"contentUrl\":\"https:\/\/aumarche.biz\/bf\/wp-content\/uploads\/2025\/09\/OIP-1.webp\",\"width\":474,\"height\":248},{\"@type\":\"BreadcrumbList\",\"@id\":\"https:\/\/aumarche.biz\/bf\/index.php\/produit\/hp-laserjet-pro-4003dn-printer-40ppm-black-and-white-print-only-with-ethernet\/#breadcrumb\",\"itemListElement\":[{\"@type\":\"ListItem\",\"position\":1,\"name\":\"Accueil\",\"item\":\"https:\/\/aumarche.biz\/bf\/\"},{\"@type\":\"ListItem\",\"position\":2,\"name\":\"Boutique\",\"item\":\"https:\/\/aumarche.biz\/bf\/index.php\/boutique\/\"},{\"@type\":\"ListItem\",\"position\":3,\"name\":\"HP LASERJET PRO 4003DN PRINTER &#8211; 40PPM BLACK AND WHITE (PRINT ONLY WITH ETHERNET)\"}]},{\"@type\":\"WebSite\",\"@id\":\"https:\/\/aumarche.biz\/bf\/#website\",\"url\":\"https:\/\/aumarche.biz\/bf\/\",\"name\":\"aumarche.biz\",\"description\":\"Vendre et acheter autrement\",\"publisher\":{\"@id\":\"https:\/\/aumarche.biz\/bf\/#organization\"},\"potentialAction\":[{\"@type\":\"SearchAction\",\"target\":{\"@type\":\"EntryPoint\",\"urlTemplate\":\"https:\/\/aumarche.biz\/bf\/?s={search_term_string}\"},\"query-input\":{\"@type\":\"PropertyValueSpecification\",\"valueRequired\":true,\"valueName\":\"search_term_string\"}}],\"inLanguage\":\"fr-FR\"},{\"@type\":\"Organization\",\"@id\":\"https:\/\/aumarche.biz\/bf\/#organization\",\"name\":\"aumarche.biz\",\"url\":\"https:\/\/aumarche.biz\/bf\/\",\"logo\":{\"@type\":\"ImageObject\",\"inLanguage\":\"fr-FR\",\"@id\":\"https:\/\/aumarche.biz\/bf\/#\/schema\/logo\/image\/\",\"url\":\"https:\/\/aumarche.biz\/bf\/wp-content\/uploads\/2023\/09\/favicone.png\",\"contentUrl\":\"https:\/\/aumarche.biz\/bf\/wp-content\/uploads\/2023\/09\/favicone.png\",\"width\":64,\"height\":64,\"caption\":\"aumarche.biz\"},\"image\":{\"@id\":\"https:\/\/aumarche.biz\/bf\/#\/schema\/logo\/image\/\"},\"sameAs\":[\"https:\/\/www.facebook.com\/aumarchebf\"]}]}<\/script>\n<!-- \/ Yoast SEO plugin. -->","yoast_head_json":{"title":"HP LASERJET PRO 4003DN PRINTER - 40PPM BLACK AND WHITE (PRINT ONLY WITH ETHERNET) - AU MARCHE BURKINA","robots":{"index":"noindex","follow":"follow","max-snippet":"max-snippet:-1","max-image-preview":"max-image-preview:large","max-video-preview":"max-video-preview:-1"},"og_locale":"fr_FR","og_type":"article","og_title":"HP LASERJET PRO 4003DN PRINTER - 40PPM BLACK AND WHITE (PRINT ONLY WITH ETHERNET) - AU MARCHE BURKINA","og_description":"L'imprimante HP LaserJet Pro 4003DN est une imprimante laser monochrome con\u00e7ue pour les petites et moyennes entreprises. Elle offre une vitesse d'impression de 40 pages par minute (PPM), une impression recto verso automatique et une capacit\u00e9 standard de 350 feuilles. L'imprimante dispose d'une connectivit\u00e9 Ethernet pour une int\u00e9gration facile au r\u00e9seau et est \u00e9quip\u00e9e de mesures de s\u00e9curit\u00e9 robustes pour assurer la compatibilit\u00e9 avec les cartouches HP authentiques.","og_url":"https:\/\/aumarche.biz\/bf\/index.php\/produit\/hp-laserjet-pro-4003dn-printer-40ppm-black-and-white-print-only-with-ethernet\/","og_site_name":"AU MARCHE BURKINA","article_publisher":"https:\/\/www.facebook.com\/aumarchebf","og_image":[{"width":474,"height":248,"url":"https:\/\/aumarche.biz\/bf\/wp-content\/uploads\/2025\/09\/OIP-1.webp","type":"image\/webp"}],"twitter_card":"summary_large_image","schema":{"@context":"https:\/\/schema.org","@graph":[{"@type":"WebPage","@id":"https:\/\/aumarche.biz\/bf\/index.php\/produit\/hp-laserjet-pro-4003dn-printer-40ppm-black-and-white-print-only-with-ethernet\/","url":"https:\/\/aumarche.biz\/bf\/index.php\/produit\/hp-laserjet-pro-4003dn-printer-40ppm-black-and-white-print-only-with-ethernet\/","name":"HP LASERJET PRO 4003DN PRINTER - 40PPM BLACK AND WHITE (PRINT ONLY WITH ETHERNET) - AU MARCHE BURKINA","isPartOf":{"@id":"https:\/\/aumarche.biz\/bf\/#website"},"primaryImageOfPage":{"@id":"https:\/\/aumarche.biz\/bf\/index.php\/produit\/hp-laserjet-pro-4003dn-printer-40ppm-black-and-white-print-only-with-ethernet\/#primaryimage"},"image":{"@id":"https:\/\/aumarche.biz\/bf\/index.php\/produit\/hp-laserjet-pro-4003dn-printer-40ppm-black-and-white-print-only-with-ethernet\/#primaryimage"},"thumbnailUrl":"https:\/\/aumarche.biz\/bf\/wp-content\/uploads\/2025\/09\/OIP-1.webp","datePublished":"2025-09-18T13:47:32+00:00","breadcrumb":{"@id":"https:\/\/aumarche.biz\/bf\/index.php\/produit\/hp-laserjet-pro-4003dn-printer-40ppm-black-and-white-print-only-with-ethernet\/#breadcrumb"},"inLanguage":"fr-FR","potentialAction":[{"@type":"ReadAction","target":["https:\/\/aumarche.biz\/bf\/index.php\/produit\/hp-laserjet-pro-4003dn-printer-40ppm-black-and-white-print-only-with-ethernet\/"]}]},{"@type":"ImageObject","inLanguage":"fr-FR","@id":"https:\/\/aumarche.biz\/bf\/index.php\/produit\/hp-laserjet-pro-4003dn-printer-40ppm-black-and-white-print-only-with-ethernet\/#primaryimage","url":"https:\/\/aumarche.biz\/bf\/wp-content\/uploads\/2025\/09\/OIP-1.webp","contentUrl":"https:\/\/aumarche.biz\/bf\/wp-content\/uploads\/2025\/09\/OIP-1.webp","width":474,"height":248},{"@type":"BreadcrumbList","@id":"https:\/\/aumarche.biz\/bf\/index.php\/produit\/hp-laserjet-pro-4003dn-printer-40ppm-black-and-white-print-only-with-ethernet\/#breadcrumb","itemListElement":[{"@type":"ListItem","position":1,"name":"Accueil","item":"https:\/\/aumarche.biz\/bf\/"},{"@type":"ListItem","position":2,"name":"Boutique","item":"https:\/\/aumarche.biz\/bf\/index.php\/boutique\/"},{"@type":"ListItem","position":3,"name":"HP LASERJET PRO 4003DN PRINTER &#8211; 40PPM BLACK AND WHITE (PRINT ONLY WITH ETHERNET)"}]},{"@type":"WebSite","@id":"https:\/\/aumarche.biz\/bf\/#website","url":"https:\/\/aumarche.biz\/bf\/","name":"aumarche.biz","description":"Vendre et acheter autrement","publisher":{"@id":"https:\/\/aumarche.biz\/bf\/#organization"},"potentialAction":[{"@type":"SearchAction","target":{"@type":"EntryPoint","urlTemplate":"https:\/\/aumarche.biz\/bf\/?s={search_term_string}"},"query-input":{"@type":"PropertyValueSpecification","valueRequired":true,"valueName":"search_term_string"}}],"inLanguage":"fr-FR"},{"@type":"Organization","@id":"https:\/\/aumarche.biz\/bf\/#organization","name":"aumarche.biz","url":"https:\/\/aumarche.biz\/bf\/","logo":{"@type":"ImageObject","inLanguage":"fr-FR","@id":"https:\/\/aumarche.biz\/bf\/#\/schema\/logo\/image\/","url":"https:\/\/aumarche.biz\/bf\/wp-content\/uploads\/2023\/09\/favicone.png","contentUrl":"https:\/\/aumarche.biz\/bf\/wp-content\/uploads\/2023\/09\/favicone.png","width":64,"height":64,"caption":"aumarche.biz"},"image":{"@id":"https:\/\/aumarche.biz\/bf\/#\/schema\/logo\/image\/"},"sameAs":["https:\/\/www.facebook.com\/aumarchebf"]}]}},"_links":{"self":[{"href":"https:\/\/aumarche.biz\/bf\/index.php\/wp-json\/wp\/v2\/product\/5511","targetHints":{"allow":["GET"]}}],"collection":[{"href":"https:\/\/aumarche.biz\/bf\/index.php\/wp-json\/wp\/v2\/product"}],"about":[{"href":"https:\/\/aumarche.biz\/bf\/index.php\/wp-json\/wp\/v2\/types\/product"}],"wp:featuredmedia":[{"embeddable":true,"href":"https:\/\/aumarche.biz\/bf\/index.php\/wp-json\/wp\/v2\/media\/5510"}],"wp:attachment":[{"href":"https:\/\/aumarche.biz\/bf\/index.php\/wp-json\/wp\/v2\/media?parent=5511"}],"wp:term":[{"taxonomy":"product_cat","embeddable":true,"href":"https:\/\/aumarche.biz\/bf\/index.php\/wp-json\/wp\/v2\/product_cat?post=5511"},{"taxonomy":"product_tag","embeddable":true,"href":"https:\/\/aumarche.biz\/bf\/index.php\/wp-json\/wp\/v2\/product_tag?post=5511"}],"curies":[{"name":"wp","href":"https:\/\/api.w.org\/{rel}","templated":true}]}}