{"id":5513,"date":"2025-09-18T14:02:59","date_gmt":"2025-09-18T14:02:59","guid":{"rendered":"https:\/\/aumarche.biz\/bf\/index.php\/produit\/copieur-canon-imagerunner-c3326i-multifuntional-color-copier-26ppm-printscancopyoptional-fax\/"},"modified":"2025-09-18T14:03:00","modified_gmt":"2025-09-18T14:03:00","slug":"copieur-canon-imagerunner-c3326i-multifuntional-color-copier-26ppm-printscancopyoptional-fax","status":"publish","type":"product","link":"https:\/\/aumarche.biz\/bf\/index.php\/produit\/copieur-canon-imagerunner-c3326i-multifuntional-color-copier-26ppm-printscancopyoptional-fax\/","title":{"rendered":"Copieur CANON imageRUNNER C3326i MULTIFUNTIONAL COLOR COPIER-26PPM (PRINT,SCAN,COPY,OPTIONAL FAX)"},"content":{"rendered":"<ul style=\"margin-top: 12px;font-family: Gotham-Light;font-size: 13px\">\n<li style=\"font-size: 1.3rem;line-height: 2rem;margin: 0px;padding: 0px\">L&rsquo;\u00e9cran tactile 7 pouces\/17,8 cm simple d&rsquo;utilisation offre<br \/>une excellente visibilit\u00e9 et une grande facilit\u00e9 d&rsquo;utilisation<br \/>pour une manipulation intuitive<\/li>\n<li style=\"font-size: 1.3rem;line-height: 2rem;margin: 0px;padding: 0px\">Optimisez les flux de travail d&rsquo;impression, de copie, de scan<br \/>et d&rsquo;envoi de documents \u00e0 l&rsquo;aide d&rsquo;une seule touche<\/li>\n<li style=\"font-size: 1.3rem;line-height: 2rem;margin: 0px;padding: 0px\">Combinez plusieurs param\u00e8tres en un seul bouton pour un<br \/>traitement ultra-rapide des documents<\/li>\n<li style=\"font-size: 1.3rem;line-height: 2rem;margin: 0px;padding: 0px\">R\u00e9p\u00e9tez les pr\u00e9c\u00e9dents travaux d&rsquo;une simple pression sur<br \/>un bouton gr\u00e2ce \u00e0 l&rsquo;historique des param\u00e8tres de la<br \/>chronologie<\/li>\n<\/ul>\n","protected":false},"excerpt":{"rendered":"<ul style=\"margin-top: 12px;font-family: Gotham-Light;font-size: 13px\">\n<li style=\"font-size: 1.3rem;line-height: 2rem;margin: 0px;padding: 0px\">L&rsquo;\u00e9cran tactile 7 pouces\/17,8 cm simple d&rsquo;utilisation offre<br \/>une excellente visibilit\u00e9 et une grande facilit\u00e9 d&rsquo;utilisation<br \/>pour une manipulation intuitive<\/li>\n<li style=\"font-size: 1.3rem;line-height: 2rem;margin: 0px;padding: 0px\">Optimisez les flux de travail d&rsquo;impression, de copie, de scan<br \/>et d&rsquo;envoi de documents \u00e0 l&rsquo;aide d&rsquo;une seule touche<\/li>\n<li style=\"font-size: 1.3rem;line-height: 2rem;margin: 0px;padding: 0px\">Combinez plusieurs param\u00e8tres en un seul bouton pour un<br \/>traitement ultra-rapide des documents<\/li>\n<li style=\"font-size: 1.3rem;line-height: 2rem;margin: 0px;padding: 0px\">R\u00e9p\u00e9tez les pr\u00e9c\u00e9dents travaux d&rsquo;une simple pression sur<br \/>un bouton gr\u00e2ce \u00e0 l&rsquo;historique des param\u00e8tres de la<br \/>chronologie<\/li>\n<\/ul>\n","protected":false},"featured_media":5512,"template":"","meta":[],"product_cat":[264],"product_tag":[],"class_list":{"0":"post-5513","1":"product","2":"type-product","3":"status-publish","4":"has-post-thumbnail","6":"product_brand-hp","7":"product_cat-high-tech","9":"first","10":"instock","11":"sale","12":"taxable","13":"shipping-taxable","14":"purchasable","15":"product-type-simple","16":"col-xs-6 col-sm-4","17":"col-md-3 col-lg-3","18":"un-4-cols"},"yoast_head":"<!-- This site is optimized with the Yoast SEO plugin v26.9 - https:\/\/yoast.com\/product\/yoast-seo-wordpress\/ -->\n<title>Copieur CANON imageRUNNER C3326i MULTIFUNTIONAL COLOR COPIER-26PPM (PRINT,SCAN,COPY,OPTIONAL FAX) - AU MARCHE BURKINA<\/title>\n<meta name=\"robots\" content=\"noindex, follow, max-snippet:-1, max-image-preview:large, max-video-preview:-1\" \/>\n<meta property=\"og:locale\" content=\"fr_FR\" \/>\n<meta property=\"og:type\" content=\"article\" \/>\n<meta property=\"og:title\" content=\"Copieur CANON imageRUNNER C3326i MULTIFUNTIONAL COLOR COPIER-26PPM (PRINT,SCAN,COPY,OPTIONAL FAX) - AU MARCHE BURKINA\" \/>\n<meta property=\"og:description\" content=\"L&#039;\u00e9cran tactile 7 pouces\/17,8 cm simple d&#039;utilisation offreune excellente visibilit\u00e9 et une grande facilit\u00e9 d&#039;utilisationpour une manipulation intuitiveOptimisez les flux de travail d&#039;impression, de copie, de scanet d&#039;envoi de documents \u00e0 l&#039;aide d&#039;une seule toucheCombinez plusieurs param\u00e8tres en un seul bouton pour untraitement ultra-rapide des documentsR\u00e9p\u00e9tez les pr\u00e9c\u00e9dents travaux d&#039;une simple pression surun bouton gr\u00e2ce \u00e0 l&#039;historique des param\u00e8tres de lachronologie\" \/>\n<meta property=\"og:url\" content=\"https:\/\/aumarche.biz\/bf\/index.php\/produit\/copieur-canon-imagerunner-c3326i-multifuntional-color-copier-26ppm-printscancopyoptional-fax\/\" \/>\n<meta property=\"og:site_name\" content=\"AU MARCHE BURKINA\" \/>\n<meta property=\"article:publisher\" content=\"https:\/\/www.facebook.com\/aumarchebf\" \/>\n<meta property=\"article:modified_time\" content=\"2025-09-18T14:03:00+00:00\" \/>\n<meta property=\"og:image\" content=\"https:\/\/aumarche.biz\/bf\/wp-content\/uploads\/2025\/09\/photocopieuse-canon-color-imagerunner-c3326i.jpg\" \/>\n\t<meta property=\"og:image:width\" content=\"800\" \/>\n\t<meta property=\"og:image:height\" content=\"800\" \/>\n\t<meta property=\"og:image:type\" content=\"image\/jpeg\" \/>\n<meta name=\"twitter:card\" content=\"summary_large_image\" \/>\n<script type=\"application\/ld+json\" class=\"yoast-schema-graph\">{\"@context\":\"https:\/\/schema.org\",\"@graph\":[{\"@type\":\"WebPage\",\"@id\":\"https:\/\/aumarche.biz\/bf\/index.php\/produit\/copieur-canon-imagerunner-c3326i-multifuntional-color-copier-26ppm-printscancopyoptional-fax\/\",\"url\":\"https:\/\/aumarche.biz\/bf\/index.php\/produit\/copieur-canon-imagerunner-c3326i-multifuntional-color-copier-26ppm-printscancopyoptional-fax\/\",\"name\":\"Copieur CANON imageRUNNER C3326i MULTIFUNTIONAL COLOR COPIER-26PPM (PRINT,SCAN,COPY,OPTIONAL FAX) - AU MARCHE BURKINA\",\"isPartOf\":{\"@id\":\"https:\/\/aumarche.biz\/bf\/#website\"},\"primaryImageOfPage\":{\"@id\":\"https:\/\/aumarche.biz\/bf\/index.php\/produit\/copieur-canon-imagerunner-c3326i-multifuntional-color-copier-26ppm-printscancopyoptional-fax\/#primaryimage\"},\"image\":{\"@id\":\"https:\/\/aumarche.biz\/bf\/index.php\/produit\/copieur-canon-imagerunner-c3326i-multifuntional-color-copier-26ppm-printscancopyoptional-fax\/#primaryimage\"},\"thumbnailUrl\":\"https:\/\/aumarche.biz\/bf\/wp-content\/uploads\/2025\/09\/photocopieuse-canon-color-imagerunner-c3326i.jpg\",\"datePublished\":\"2025-09-18T14:02:59+00:00\",\"dateModified\":\"2025-09-18T14:03:00+00:00\",\"breadcrumb\":{\"@id\":\"https:\/\/aumarche.biz\/bf\/index.php\/produit\/copieur-canon-imagerunner-c3326i-multifuntional-color-copier-26ppm-printscancopyoptional-fax\/#breadcrumb\"},\"inLanguage\":\"fr-FR\",\"potentialAction\":[{\"@type\":\"ReadAction\",\"target\":[\"https:\/\/aumarche.biz\/bf\/index.php\/produit\/copieur-canon-imagerunner-c3326i-multifuntional-color-copier-26ppm-printscancopyoptional-fax\/\"]}]},{\"@type\":\"ImageObject\",\"inLanguage\":\"fr-FR\",\"@id\":\"https:\/\/aumarche.biz\/bf\/index.php\/produit\/copieur-canon-imagerunner-c3326i-multifuntional-color-copier-26ppm-printscancopyoptional-fax\/#primaryimage\",\"url\":\"https:\/\/aumarche.biz\/bf\/wp-content\/uploads\/2025\/09\/photocopieuse-canon-color-imagerunner-c3326i.jpg\",\"contentUrl\":\"https:\/\/aumarche.biz\/bf\/wp-content\/uploads\/2025\/09\/photocopieuse-canon-color-imagerunner-c3326i.jpg\",\"width\":800,\"height\":800},{\"@type\":\"BreadcrumbList\",\"@id\":\"https:\/\/aumarche.biz\/bf\/index.php\/produit\/copieur-canon-imagerunner-c3326i-multifuntional-color-copier-26ppm-printscancopyoptional-fax\/#breadcrumb\",\"itemListElement\":[{\"@type\":\"ListItem\",\"position\":1,\"name\":\"Accueil\",\"item\":\"https:\/\/aumarche.biz\/bf\/\"},{\"@type\":\"ListItem\",\"position\":2,\"name\":\"Boutique\",\"item\":\"https:\/\/aumarche.biz\/bf\/index.php\/boutique\/\"},{\"@type\":\"ListItem\",\"position\":3,\"name\":\"Copieur CANON imageRUNNER C3326i MULTIFUNTIONAL COLOR COPIER-26PPM (PRINT,SCAN,COPY,OPTIONAL FAX)\"}]},{\"@type\":\"WebSite\",\"@id\":\"https:\/\/aumarche.biz\/bf\/#website\",\"url\":\"https:\/\/aumarche.biz\/bf\/\",\"name\":\"aumarche.biz\",\"description\":\"Vendre et acheter autrement\",\"publisher\":{\"@id\":\"https:\/\/aumarche.biz\/bf\/#organization\"},\"potentialAction\":[{\"@type\":\"SearchAction\",\"target\":{\"@type\":\"EntryPoint\",\"urlTemplate\":\"https:\/\/aumarche.biz\/bf\/?s={search_term_string}\"},\"query-input\":{\"@type\":\"PropertyValueSpecification\",\"valueRequired\":true,\"valueName\":\"search_term_string\"}}],\"inLanguage\":\"fr-FR\"},{\"@type\":\"Organization\",\"@id\":\"https:\/\/aumarche.biz\/bf\/#organization\",\"name\":\"aumarche.biz\",\"url\":\"https:\/\/aumarche.biz\/bf\/\",\"logo\":{\"@type\":\"ImageObject\",\"inLanguage\":\"fr-FR\",\"@id\":\"https:\/\/aumarche.biz\/bf\/#\/schema\/logo\/image\/\",\"url\":\"https:\/\/aumarche.biz\/bf\/wp-content\/uploads\/2023\/09\/favicone.png\",\"contentUrl\":\"https:\/\/aumarche.biz\/bf\/wp-content\/uploads\/2023\/09\/favicone.png\",\"width\":64,\"height\":64,\"caption\":\"aumarche.biz\"},\"image\":{\"@id\":\"https:\/\/aumarche.biz\/bf\/#\/schema\/logo\/image\/\"},\"sameAs\":[\"https:\/\/www.facebook.com\/aumarchebf\"]}]}<\/script>\n<!-- \/ Yoast SEO plugin. -->","yoast_head_json":{"title":"Copieur CANON imageRUNNER C3326i MULTIFUNTIONAL COLOR COPIER-26PPM (PRINT,SCAN,COPY,OPTIONAL FAX) - AU MARCHE BURKINA","robots":{"index":"noindex","follow":"follow","max-snippet":"max-snippet:-1","max-image-preview":"max-image-preview:large","max-video-preview":"max-video-preview:-1"},"og_locale":"fr_FR","og_type":"article","og_title":"Copieur CANON imageRUNNER C3326i MULTIFUNTIONAL COLOR COPIER-26PPM (PRINT,SCAN,COPY,OPTIONAL FAX) - AU MARCHE BURKINA","og_description":"L'\u00e9cran tactile 7 pouces\/17,8 cm simple d'utilisation offreune excellente visibilit\u00e9 et une grande facilit\u00e9 d'utilisationpour une manipulation intuitiveOptimisez les flux de travail d'impression, de copie, de scanet d'envoi de documents \u00e0 l'aide d'une seule toucheCombinez plusieurs param\u00e8tres en un seul bouton pour untraitement ultra-rapide des documentsR\u00e9p\u00e9tez les pr\u00e9c\u00e9dents travaux d'une simple pression surun bouton gr\u00e2ce \u00e0 l'historique des param\u00e8tres de lachronologie","og_url":"https:\/\/aumarche.biz\/bf\/index.php\/produit\/copieur-canon-imagerunner-c3326i-multifuntional-color-copier-26ppm-printscancopyoptional-fax\/","og_site_name":"AU MARCHE BURKINA","article_publisher":"https:\/\/www.facebook.com\/aumarchebf","article_modified_time":"2025-09-18T14:03:00+00:00","og_image":[{"width":800,"height":800,"url":"https:\/\/aumarche.biz\/bf\/wp-content\/uploads\/2025\/09\/photocopieuse-canon-color-imagerunner-c3326i.jpg","type":"image\/jpeg"}],"twitter_card":"summary_large_image","schema":{"@context":"https:\/\/schema.org","@graph":[{"@type":"WebPage","@id":"https:\/\/aumarche.biz\/bf\/index.php\/produit\/copieur-canon-imagerunner-c3326i-multifuntional-color-copier-26ppm-printscancopyoptional-fax\/","url":"https:\/\/aumarche.biz\/bf\/index.php\/produit\/copieur-canon-imagerunner-c3326i-multifuntional-color-copier-26ppm-printscancopyoptional-fax\/","name":"Copieur CANON imageRUNNER C3326i MULTIFUNTIONAL COLOR COPIER-26PPM (PRINT,SCAN,COPY,OPTIONAL FAX) - AU MARCHE BURKINA","isPartOf":{"@id":"https:\/\/aumarche.biz\/bf\/#website"},"primaryImageOfPage":{"@id":"https:\/\/aumarche.biz\/bf\/index.php\/produit\/copieur-canon-imagerunner-c3326i-multifuntional-color-copier-26ppm-printscancopyoptional-fax\/#primaryimage"},"image":{"@id":"https:\/\/aumarche.biz\/bf\/index.php\/produit\/copieur-canon-imagerunner-c3326i-multifuntional-color-copier-26ppm-printscancopyoptional-fax\/#primaryimage"},"thumbnailUrl":"https:\/\/aumarche.biz\/bf\/wp-content\/uploads\/2025\/09\/photocopieuse-canon-color-imagerunner-c3326i.jpg","datePublished":"2025-09-18T14:02:59+00:00","dateModified":"2025-09-18T14:03:00+00:00","breadcrumb":{"@id":"https:\/\/aumarche.biz\/bf\/index.php\/produit\/copieur-canon-imagerunner-c3326i-multifuntional-color-copier-26ppm-printscancopyoptional-fax\/#breadcrumb"},"inLanguage":"fr-FR","potentialAction":[{"@type":"ReadAction","target":["https:\/\/aumarche.biz\/bf\/index.php\/produit\/copieur-canon-imagerunner-c3326i-multifuntional-color-copier-26ppm-printscancopyoptional-fax\/"]}]},{"@type":"ImageObject","inLanguage":"fr-FR","@id":"https:\/\/aumarche.biz\/bf\/index.php\/produit\/copieur-canon-imagerunner-c3326i-multifuntional-color-copier-26ppm-printscancopyoptional-fax\/#primaryimage","url":"https:\/\/aumarche.biz\/bf\/wp-content\/uploads\/2025\/09\/photocopieuse-canon-color-imagerunner-c3326i.jpg","contentUrl":"https:\/\/aumarche.biz\/bf\/wp-content\/uploads\/2025\/09\/photocopieuse-canon-color-imagerunner-c3326i.jpg","width":800,"height":800},{"@type":"BreadcrumbList","@id":"https:\/\/aumarche.biz\/bf\/index.php\/produit\/copieur-canon-imagerunner-c3326i-multifuntional-color-copier-26ppm-printscancopyoptional-fax\/#breadcrumb","itemListElement":[{"@type":"ListItem","position":1,"name":"Accueil","item":"https:\/\/aumarche.biz\/bf\/"},{"@type":"ListItem","position":2,"name":"Boutique","item":"https:\/\/aumarche.biz\/bf\/index.php\/boutique\/"},{"@type":"ListItem","position":3,"name":"Copieur CANON imageRUNNER C3326i MULTIFUNTIONAL COLOR COPIER-26PPM (PRINT,SCAN,COPY,OPTIONAL FAX)"}]},{"@type":"WebSite","@id":"https:\/\/aumarche.biz\/bf\/#website","url":"https:\/\/aumarche.biz\/bf\/","name":"aumarche.biz","description":"Vendre et acheter autrement","publisher":{"@id":"https:\/\/aumarche.biz\/bf\/#organization"},"potentialAction":[{"@type":"SearchAction","target":{"@type":"EntryPoint","urlTemplate":"https:\/\/aumarche.biz\/bf\/?s={search_term_string}"},"query-input":{"@type":"PropertyValueSpecification","valueRequired":true,"valueName":"search_term_string"}}],"inLanguage":"fr-FR"},{"@type":"Organization","@id":"https:\/\/aumarche.biz\/bf\/#organization","name":"aumarche.biz","url":"https:\/\/aumarche.biz\/bf\/","logo":{"@type":"ImageObject","inLanguage":"fr-FR","@id":"https:\/\/aumarche.biz\/bf\/#\/schema\/logo\/image\/","url":"https:\/\/aumarche.biz\/bf\/wp-content\/uploads\/2023\/09\/favicone.png","contentUrl":"https:\/\/aumarche.biz\/bf\/wp-content\/uploads\/2023\/09\/favicone.png","width":64,"height":64,"caption":"aumarche.biz"},"image":{"@id":"https:\/\/aumarche.biz\/bf\/#\/schema\/logo\/image\/"},"sameAs":["https:\/\/www.facebook.com\/aumarchebf"]}]}},"_links":{"self":[{"href":"https:\/\/aumarche.biz\/bf\/index.php\/wp-json\/wp\/v2\/product\/5513","targetHints":{"allow":["GET"]}}],"collection":[{"href":"https:\/\/aumarche.biz\/bf\/index.php\/wp-json\/wp\/v2\/product"}],"about":[{"href":"https:\/\/aumarche.biz\/bf\/index.php\/wp-json\/wp\/v2\/types\/product"}],"wp:featuredmedia":[{"embeddable":true,"href":"https:\/\/aumarche.biz\/bf\/index.php\/wp-json\/wp\/v2\/media\/5512"}],"wp:attachment":[{"href":"https:\/\/aumarche.biz\/bf\/index.php\/wp-json\/wp\/v2\/media?parent=5513"}],"wp:term":[{"taxonomy":"product_cat","embeddable":true,"href":"https:\/\/aumarche.biz\/bf\/index.php\/wp-json\/wp\/v2\/product_cat?post=5513"},{"taxonomy":"product_tag","embeddable":true,"href":"https:\/\/aumarche.biz\/bf\/index.php\/wp-json\/wp\/v2\/product_tag?post=5513"}],"curies":[{"name":"wp","href":"https:\/\/api.w.org\/{rel}","templated":true}]}}