{"id":5518,"date":"2025-09-18T14:33:28","date_gmt":"2025-09-18T14:33:28","guid":{"rendered":"https:\/\/aumarche.biz\/bf\/index.php\/produit\/telephone-ip-fanvil-x303p-ip-phone-hd-voip-phone-featuring-cost-effective-color-screen\/"},"modified":"2025-09-18T14:33:29","modified_gmt":"2025-09-18T14:33:29","slug":"telephone-ip-fanvil-x303p-ip-phone-hd-voip-phone-featuring-cost-effective-color-screen","status":"publish","type":"product","link":"https:\/\/aumarche.biz\/bf\/index.php\/produit\/telephone-ip-fanvil-x303p-ip-phone-hd-voip-phone-featuring-cost-effective-color-screen\/","title":{"rendered":"Telephone IP FANVIL X303P IP PHONE HD VOIP PHONE FEATURING COST EFFECTIVE COLOR SCREEN"},"content":{"rendered":"<p style=\"margin-top: 0px;margin-bottom: 1rem;font-family: Rubik, sans-serif;font-size: 13px\">Le\u00a0Fanvil X303\/X303P est le t\u00e9l\u00e9phone SIP \u00e0 \u00e9cran couleur \u00e9conomique avec des performances \u00e9lev\u00e9es sp\u00e9cialement pour les entreprises. Il dispose d&rsquo;un \u00e9cran couleur de 2,4 pouces 320 x 240 pixels, prenant en charge 4 lignes SIP et une conf\u00e9rence locale \u00e0 6 pour offrir une exp\u00e9rience conviviale. X303\/X303P dispose de fonctions riches telles que l&rsquo;audio HD, deux ports r\u00e9seau 10\/100 Mbps et PoE int\u00e9gr\u00e9 (uniquement X303P), offrant une exp\u00e9rience de communication professionnelle efficace et de haute qualit\u00e9 pour les entreprises.<\/p>\n<p style=\"margin-top: 0px;margin-bottom: 1rem;font-family: Rubik, sans-serif;font-size: 13px\">&#8211; \u00c9cran couleur 2,4 pouces 320\u00a0x 240 pixels<br \/>&#8211; Prise en charge du codec audio G.722 et Opus, audio HD sur haut-parleur et combin\u00e9<br \/>&#8211; Prise en charge de la conf\u00e9rence locale \u00e0 6<br \/>&#8211; Prise en charge du casque sans fil EHS<br \/>&#8211; Deux ports r\u00e9seau 10\/100 Mbps, PoE int\u00e9gr\u00e9 (uniquement X303P)<br \/>&#8211; Deux m\u00e9thodes d&rsquo;installation du support de bureau et du montage mural (optionnel)<\/p>\n","protected":false},"excerpt":{"rendered":"<p style=\"margin-top: 0px;margin-bottom: 1rem;font-family: Rubik, sans-serif;font-size: 13px\">Le\u00a0Fanvil X303\/X303P est le t\u00e9l\u00e9phone SIP \u00e0 \u00e9cran couleur \u00e9conomique avec des performances \u00e9lev\u00e9es sp\u00e9cialement pour les entreprises. Il dispose d&rsquo;un \u00e9cran couleur de 2,4 pouces 320 x 240 pixels, prenant en charge 4 lignes SIP et une conf\u00e9rence locale \u00e0 6 pour offrir une exp\u00e9rience conviviale. X303\/X303P dispose de fonctions riches telles que l&rsquo;audio HD, deux ports r\u00e9seau 10\/100 Mbps et PoE int\u00e9gr\u00e9 (uniquement X303P), offrant une exp\u00e9rience de communication professionnelle efficace et de haute qualit\u00e9 pour les entreprises.<\/p>\n<p style=\"margin-top: 0px;margin-bottom: 1rem;font-family: Rubik, sans-serif;font-size: 13px\">&#8211; \u00c9cran couleur 2,4 pouces 320\u00a0x 240 pixels<br \/>&#8211; Prise en charge du codec audio G.722 et Opus, audio HD sur haut-parleur et combin\u00e9<br \/>&#8211; Prise en charge de la conf\u00e9rence locale \u00e0 6<br \/>&#8211; Prise en charge du casque sans fil EHS<br \/>&#8211; Deux ports r\u00e9seau 10\/100 Mbps, PoE int\u00e9gr\u00e9 (uniquement X303P)<br \/>&#8211; Deux m\u00e9thodes d&rsquo;installation du support de bureau et du montage mural (optionnel)<\/p>\n","protected":false},"featured_media":5517,"template":"","meta":[],"product_cat":[264],"product_tag":[],"class_list":{"0":"post-5518","1":"product","2":"type-product","3":"status-publish","4":"has-post-thumbnail","6":"product_cat-high-tech","8":"first","9":"instock","10":"sale","11":"taxable","12":"shipping-taxable","13":"purchasable","14":"product-type-simple","15":"col-xs-6 col-sm-4","16":"col-md-3 col-lg-3","17":"un-4-cols"},"yoast_head":"<!-- This site is optimized with the Yoast SEO plugin v26.9 - https:\/\/yoast.com\/product\/yoast-seo-wordpress\/ -->\n<title>Telephone IP FANVIL X303P IP PHONE HD VOIP PHONE FEATURING COST EFFECTIVE COLOR SCREEN - AU MARCHE BURKINA<\/title>\n<meta name=\"robots\" content=\"noindex, follow, max-snippet:-1, max-image-preview:large, max-video-preview:-1\" \/>\n<meta property=\"og:locale\" content=\"fr_FR\" \/>\n<meta property=\"og:type\" content=\"article\" \/>\n<meta property=\"og:title\" content=\"Telephone IP FANVIL X303P IP PHONE HD VOIP PHONE FEATURING COST EFFECTIVE COLOR SCREEN - AU MARCHE BURKINA\" \/>\n<meta property=\"og:description\" content=\"Le\u00a0Fanvil X303\/X303P est le t\u00e9l\u00e9phone SIP \u00e0 \u00e9cran couleur \u00e9conomique avec des performances \u00e9lev\u00e9es sp\u00e9cialement pour les entreprises. Il dispose d&#039;un \u00e9cran couleur de 2,4 pouces 320 x 240 pixels, prenant en charge 4 lignes SIP et une conf\u00e9rence locale \u00e0 6 pour offrir une exp\u00e9rience conviviale. X303\/X303P dispose de fonctions riches telles que l&#039;audio HD, deux ports r\u00e9seau 10\/100 Mbps et PoE int\u00e9gr\u00e9 (uniquement X303P), offrant une exp\u00e9rience de communication professionnelle efficace et de haute qualit\u00e9 pour les entreprises.- \u00c9cran couleur 2,4 pouces 320\u00a0x 240 pixels- Prise en charge du codec audio G.722 et Opus, audio HD sur haut-parleur et combin\u00e9- Prise en charge de la conf\u00e9rence locale \u00e0 6- Prise en charge du casque sans fil EHS- Deux ports r\u00e9seau 10\/100 Mbps, PoE int\u00e9gr\u00e9 (uniquement X303P)- Deux m\u00e9thodes d&#039;installation du support de bureau et du montage mural (optionnel)\" \/>\n<meta property=\"og:url\" content=\"https:\/\/aumarche.biz\/bf\/index.php\/produit\/telephone-ip-fanvil-x303p-ip-phone-hd-voip-phone-featuring-cost-effective-color-screen\/\" \/>\n<meta property=\"og:site_name\" content=\"AU MARCHE BURKINA\" \/>\n<meta property=\"article:publisher\" content=\"https:\/\/www.facebook.com\/aumarchebf\" \/>\n<meta property=\"article:modified_time\" content=\"2025-09-18T14:33:29+00:00\" \/>\n<meta property=\"og:image\" content=\"https:\/\/aumarche.biz\/bf\/wp-content\/uploads\/2025\/09\/OIP-2.webp\" \/>\n\t<meta property=\"og:image:width\" content=\"474\" \/>\n\t<meta property=\"og:image:height\" content=\"474\" \/>\n\t<meta property=\"og:image:type\" content=\"image\/webp\" \/>\n<meta name=\"twitter:card\" content=\"summary_large_image\" \/>\n<meta name=\"twitter:label1\" content=\"Dur\u00e9e de lecture estim\u00e9e\" \/>\n\t<meta name=\"twitter:data1\" content=\"1 minute\" \/>\n<script type=\"application\/ld+json\" class=\"yoast-schema-graph\">{\"@context\":\"https:\/\/schema.org\",\"@graph\":[{\"@type\":\"WebPage\",\"@id\":\"https:\/\/aumarche.biz\/bf\/index.php\/produit\/telephone-ip-fanvil-x303p-ip-phone-hd-voip-phone-featuring-cost-effective-color-screen\/\",\"url\":\"https:\/\/aumarche.biz\/bf\/index.php\/produit\/telephone-ip-fanvil-x303p-ip-phone-hd-voip-phone-featuring-cost-effective-color-screen\/\",\"name\":\"Telephone IP FANVIL X303P IP PHONE HD VOIP PHONE FEATURING COST EFFECTIVE COLOR SCREEN - AU MARCHE BURKINA\",\"isPartOf\":{\"@id\":\"https:\/\/aumarche.biz\/bf\/#website\"},\"primaryImageOfPage\":{\"@id\":\"https:\/\/aumarche.biz\/bf\/index.php\/produit\/telephone-ip-fanvil-x303p-ip-phone-hd-voip-phone-featuring-cost-effective-color-screen\/#primaryimage\"},\"image\":{\"@id\":\"https:\/\/aumarche.biz\/bf\/index.php\/produit\/telephone-ip-fanvil-x303p-ip-phone-hd-voip-phone-featuring-cost-effective-color-screen\/#primaryimage\"},\"thumbnailUrl\":\"https:\/\/aumarche.biz\/bf\/wp-content\/uploads\/2025\/09\/OIP-2.webp\",\"datePublished\":\"2025-09-18T14:33:28+00:00\",\"dateModified\":\"2025-09-18T14:33:29+00:00\",\"breadcrumb\":{\"@id\":\"https:\/\/aumarche.biz\/bf\/index.php\/produit\/telephone-ip-fanvil-x303p-ip-phone-hd-voip-phone-featuring-cost-effective-color-screen\/#breadcrumb\"},\"inLanguage\":\"fr-FR\",\"potentialAction\":[{\"@type\":\"ReadAction\",\"target\":[\"https:\/\/aumarche.biz\/bf\/index.php\/produit\/telephone-ip-fanvil-x303p-ip-phone-hd-voip-phone-featuring-cost-effective-color-screen\/\"]}]},{\"@type\":\"ImageObject\",\"inLanguage\":\"fr-FR\",\"@id\":\"https:\/\/aumarche.biz\/bf\/index.php\/produit\/telephone-ip-fanvil-x303p-ip-phone-hd-voip-phone-featuring-cost-effective-color-screen\/#primaryimage\",\"url\":\"https:\/\/aumarche.biz\/bf\/wp-content\/uploads\/2025\/09\/OIP-2.webp\",\"contentUrl\":\"https:\/\/aumarche.biz\/bf\/wp-content\/uploads\/2025\/09\/OIP-2.webp\",\"width\":474,\"height\":474},{\"@type\":\"BreadcrumbList\",\"@id\":\"https:\/\/aumarche.biz\/bf\/index.php\/produit\/telephone-ip-fanvil-x303p-ip-phone-hd-voip-phone-featuring-cost-effective-color-screen\/#breadcrumb\",\"itemListElement\":[{\"@type\":\"ListItem\",\"position\":1,\"name\":\"Accueil\",\"item\":\"https:\/\/aumarche.biz\/bf\/\"},{\"@type\":\"ListItem\",\"position\":2,\"name\":\"Boutique\",\"item\":\"https:\/\/aumarche.biz\/bf\/index.php\/boutique\/\"},{\"@type\":\"ListItem\",\"position\":3,\"name\":\"Telephone IP FANVIL X303P IP PHONE HD VOIP PHONE FEATURING COST EFFECTIVE COLOR SCREEN\"}]},{\"@type\":\"WebSite\",\"@id\":\"https:\/\/aumarche.biz\/bf\/#website\",\"url\":\"https:\/\/aumarche.biz\/bf\/\",\"name\":\"aumarche.biz\",\"description\":\"Vendre et acheter autrement\",\"publisher\":{\"@id\":\"https:\/\/aumarche.biz\/bf\/#organization\"},\"potentialAction\":[{\"@type\":\"SearchAction\",\"target\":{\"@type\":\"EntryPoint\",\"urlTemplate\":\"https:\/\/aumarche.biz\/bf\/?s={search_term_string}\"},\"query-input\":{\"@type\":\"PropertyValueSpecification\",\"valueRequired\":true,\"valueName\":\"search_term_string\"}}],\"inLanguage\":\"fr-FR\"},{\"@type\":\"Organization\",\"@id\":\"https:\/\/aumarche.biz\/bf\/#organization\",\"name\":\"aumarche.biz\",\"url\":\"https:\/\/aumarche.biz\/bf\/\",\"logo\":{\"@type\":\"ImageObject\",\"inLanguage\":\"fr-FR\",\"@id\":\"https:\/\/aumarche.biz\/bf\/#\/schema\/logo\/image\/\",\"url\":\"https:\/\/aumarche.biz\/bf\/wp-content\/uploads\/2023\/09\/favicone.png\",\"contentUrl\":\"https:\/\/aumarche.biz\/bf\/wp-content\/uploads\/2023\/09\/favicone.png\",\"width\":64,\"height\":64,\"caption\":\"aumarche.biz\"},\"image\":{\"@id\":\"https:\/\/aumarche.biz\/bf\/#\/schema\/logo\/image\/\"},\"sameAs\":[\"https:\/\/www.facebook.com\/aumarchebf\"]}]}<\/script>\n<!-- \/ Yoast SEO plugin. -->","yoast_head_json":{"title":"Telephone IP FANVIL X303P IP PHONE HD VOIP PHONE FEATURING COST EFFECTIVE COLOR SCREEN - AU MARCHE BURKINA","robots":{"index":"noindex","follow":"follow","max-snippet":"max-snippet:-1","max-image-preview":"max-image-preview:large","max-video-preview":"max-video-preview:-1"},"og_locale":"fr_FR","og_type":"article","og_title":"Telephone IP FANVIL X303P IP PHONE HD VOIP PHONE FEATURING COST EFFECTIVE COLOR SCREEN - AU MARCHE BURKINA","og_description":"Le\u00a0Fanvil X303\/X303P est le t\u00e9l\u00e9phone SIP \u00e0 \u00e9cran couleur \u00e9conomique avec des performances \u00e9lev\u00e9es sp\u00e9cialement pour les entreprises. Il dispose d'un \u00e9cran couleur de 2,4 pouces 320 x 240 pixels, prenant en charge 4 lignes SIP et une conf\u00e9rence locale \u00e0 6 pour offrir une exp\u00e9rience conviviale. X303\/X303P dispose de fonctions riches telles que l'audio HD, deux ports r\u00e9seau 10\/100 Mbps et PoE int\u00e9gr\u00e9 (uniquement X303P), offrant une exp\u00e9rience de communication professionnelle efficace et de haute qualit\u00e9 pour les entreprises.- \u00c9cran couleur 2,4 pouces 320\u00a0x 240 pixels- Prise en charge du codec audio G.722 et Opus, audio HD sur haut-parleur et combin\u00e9- Prise en charge de la conf\u00e9rence locale \u00e0 6- Prise en charge du casque sans fil EHS- Deux ports r\u00e9seau 10\/100 Mbps, PoE int\u00e9gr\u00e9 (uniquement X303P)- Deux m\u00e9thodes d'installation du support de bureau et du montage mural (optionnel)","og_url":"https:\/\/aumarche.biz\/bf\/index.php\/produit\/telephone-ip-fanvil-x303p-ip-phone-hd-voip-phone-featuring-cost-effective-color-screen\/","og_site_name":"AU MARCHE BURKINA","article_publisher":"https:\/\/www.facebook.com\/aumarchebf","article_modified_time":"2025-09-18T14:33:29+00:00","og_image":[{"width":474,"height":474,"url":"https:\/\/aumarche.biz\/bf\/wp-content\/uploads\/2025\/09\/OIP-2.webp","type":"image\/webp"}],"twitter_card":"summary_large_image","twitter_misc":{"Dur\u00e9e de lecture estim\u00e9e":"1 minute"},"schema":{"@context":"https:\/\/schema.org","@graph":[{"@type":"WebPage","@id":"https:\/\/aumarche.biz\/bf\/index.php\/produit\/telephone-ip-fanvil-x303p-ip-phone-hd-voip-phone-featuring-cost-effective-color-screen\/","url":"https:\/\/aumarche.biz\/bf\/index.php\/produit\/telephone-ip-fanvil-x303p-ip-phone-hd-voip-phone-featuring-cost-effective-color-screen\/","name":"Telephone IP FANVIL X303P IP PHONE HD VOIP PHONE FEATURING COST EFFECTIVE COLOR SCREEN - AU MARCHE BURKINA","isPartOf":{"@id":"https:\/\/aumarche.biz\/bf\/#website"},"primaryImageOfPage":{"@id":"https:\/\/aumarche.biz\/bf\/index.php\/produit\/telephone-ip-fanvil-x303p-ip-phone-hd-voip-phone-featuring-cost-effective-color-screen\/#primaryimage"},"image":{"@id":"https:\/\/aumarche.biz\/bf\/index.php\/produit\/telephone-ip-fanvil-x303p-ip-phone-hd-voip-phone-featuring-cost-effective-color-screen\/#primaryimage"},"thumbnailUrl":"https:\/\/aumarche.biz\/bf\/wp-content\/uploads\/2025\/09\/OIP-2.webp","datePublished":"2025-09-18T14:33:28+00:00","dateModified":"2025-09-18T14:33:29+00:00","breadcrumb":{"@id":"https:\/\/aumarche.biz\/bf\/index.php\/produit\/telephone-ip-fanvil-x303p-ip-phone-hd-voip-phone-featuring-cost-effective-color-screen\/#breadcrumb"},"inLanguage":"fr-FR","potentialAction":[{"@type":"ReadAction","target":["https:\/\/aumarche.biz\/bf\/index.php\/produit\/telephone-ip-fanvil-x303p-ip-phone-hd-voip-phone-featuring-cost-effective-color-screen\/"]}]},{"@type":"ImageObject","inLanguage":"fr-FR","@id":"https:\/\/aumarche.biz\/bf\/index.php\/produit\/telephone-ip-fanvil-x303p-ip-phone-hd-voip-phone-featuring-cost-effective-color-screen\/#primaryimage","url":"https:\/\/aumarche.biz\/bf\/wp-content\/uploads\/2025\/09\/OIP-2.webp","contentUrl":"https:\/\/aumarche.biz\/bf\/wp-content\/uploads\/2025\/09\/OIP-2.webp","width":474,"height":474},{"@type":"BreadcrumbList","@id":"https:\/\/aumarche.biz\/bf\/index.php\/produit\/telephone-ip-fanvil-x303p-ip-phone-hd-voip-phone-featuring-cost-effective-color-screen\/#breadcrumb","itemListElement":[{"@type":"ListItem","position":1,"name":"Accueil","item":"https:\/\/aumarche.biz\/bf\/"},{"@type":"ListItem","position":2,"name":"Boutique","item":"https:\/\/aumarche.biz\/bf\/index.php\/boutique\/"},{"@type":"ListItem","position":3,"name":"Telephone IP FANVIL X303P IP PHONE HD VOIP PHONE FEATURING COST EFFECTIVE COLOR SCREEN"}]},{"@type":"WebSite","@id":"https:\/\/aumarche.biz\/bf\/#website","url":"https:\/\/aumarche.biz\/bf\/","name":"aumarche.biz","description":"Vendre et acheter autrement","publisher":{"@id":"https:\/\/aumarche.biz\/bf\/#organization"},"potentialAction":[{"@type":"SearchAction","target":{"@type":"EntryPoint","urlTemplate":"https:\/\/aumarche.biz\/bf\/?s={search_term_string}"},"query-input":{"@type":"PropertyValueSpecification","valueRequired":true,"valueName":"search_term_string"}}],"inLanguage":"fr-FR"},{"@type":"Organization","@id":"https:\/\/aumarche.biz\/bf\/#organization","name":"aumarche.biz","url":"https:\/\/aumarche.biz\/bf\/","logo":{"@type":"ImageObject","inLanguage":"fr-FR","@id":"https:\/\/aumarche.biz\/bf\/#\/schema\/logo\/image\/","url":"https:\/\/aumarche.biz\/bf\/wp-content\/uploads\/2023\/09\/favicone.png","contentUrl":"https:\/\/aumarche.biz\/bf\/wp-content\/uploads\/2023\/09\/favicone.png","width":64,"height":64,"caption":"aumarche.biz"},"image":{"@id":"https:\/\/aumarche.biz\/bf\/#\/schema\/logo\/image\/"},"sameAs":["https:\/\/www.facebook.com\/aumarchebf"]}]}},"_links":{"self":[{"href":"https:\/\/aumarche.biz\/bf\/index.php\/wp-json\/wp\/v2\/product\/5518","targetHints":{"allow":["GET"]}}],"collection":[{"href":"https:\/\/aumarche.biz\/bf\/index.php\/wp-json\/wp\/v2\/product"}],"about":[{"href":"https:\/\/aumarche.biz\/bf\/index.php\/wp-json\/wp\/v2\/types\/product"}],"wp:featuredmedia":[{"embeddable":true,"href":"https:\/\/aumarche.biz\/bf\/index.php\/wp-json\/wp\/v2\/media\/5517"}],"wp:attachment":[{"href":"https:\/\/aumarche.biz\/bf\/index.php\/wp-json\/wp\/v2\/media?parent=5518"}],"wp:term":[{"taxonomy":"product_cat","embeddable":true,"href":"https:\/\/aumarche.biz\/bf\/index.php\/wp-json\/wp\/v2\/product_cat?post=5518"},{"taxonomy":"product_tag","embeddable":true,"href":"https:\/\/aumarche.biz\/bf\/index.php\/wp-json\/wp\/v2\/product_tag?post=5518"}],"curies":[{"name":"wp","href":"https:\/\/api.w.org\/{rel}","templated":true}]}}