{"id":5520,"date":"2025-09-19T09:06:31","date_gmt":"2025-09-19T09:06:31","guid":{"rendered":"https:\/\/aumarche.biz\/bf\/index.php\/produit\/ecran-incurve-samsung-essential-s3-ls32d392gamxue-32-full-hd-1920x1080-monitor-anti-glare-hdmi-vga-tilt-adjustable\/"},"modified":"2025-09-19T09:06:31","modified_gmt":"2025-09-19T09:06:31","slug":"ecran-incurve-samsung-essential-s3-ls32d392gamxue-32-full-hd-1920x1080-monitor-anti-glare-hdmi-vga-tilt-adjustable","status":"publish","type":"product","link":"https:\/\/aumarche.biz\/bf\/index.php\/produit\/ecran-incurve-samsung-essential-s3-ls32d392gamxue-32-full-hd-1920x1080-monitor-anti-glare-hdmi-vga-tilt-adjustable\/","title":{"rendered":"ECRAN INCURV\u00c9 SAMSUNG ESSENTIAL S3 LS32D392GAMXUE 32&Prime; FULL HD (1920X1080) MONITOR, ANTI-GLARE, HDMI, VGA, TILT ADJUSTABLE"},"content":{"rendered":"<p style=\"margin-top: 0rem;margin-bottom: 1rem;font-family: Manrope, Helvetica, Arial, sans-serif\">L&rsquo;\u00e9cran incurv\u00e9 1500R du Samsung Essential Monitor S3 offre une exp\u00e9rience visuelle renforc\u00e9e en enveloppant votre champ de vision, cr\u00e9ant une perspective plus large. Cela favorise l&rsquo;immersion totale dans les t\u00e2ches, qu&rsquo;il s&rsquo;agisse de projets cr\u00e9atifs complexes ou de sessions de jeu intensives, en r\u00e9duisant les distractions p\u00e9riph\u00e9riques.<\/p>\n<h3 style=\"line-height: 1.25;font-size: 1.8rem;margin-top: 2rem;margin-bottom: 1rem;font-family: Manrope, Helvetica, Arial, sans-serif\">R\u00e9activit\u00e9 optimale<\/h3>\n<p style=\"margin-top: 0rem;margin-bottom: 1rem;font-family: Manrope, Helvetica, Arial, sans-serif\">Avec un taux de rafra\u00eechissement de 100 Hz, ce moniteur assure la fluidit\u00e9 de l&rsquo;affichage, minimisant le d\u00e9calage et les flous de mouvement. La r\u00e9activit\u00e9 est cruciale pour les environnements professionnels o\u00f9 chaque d\u00e9tail compte, garantissant que vous ne manquiez aucune information essentielle lors de la visualisation de vid\u00e9os ou de l&rsquo;interaction avec des logiciels graphiques.<\/p>\n","protected":false},"excerpt":{"rendered":"<p style=\"margin-top: 0rem;margin-bottom: 1rem;font-family: Manrope, Helvetica, Arial, sans-serif\">L&rsquo;\u00e9cran incurv\u00e9 1500R du Samsung Essential Monitor S3 offre une exp\u00e9rience visuelle renforc\u00e9e en enveloppant votre champ de vision, cr\u00e9ant une perspective plus large. Cela favorise l&rsquo;immersion totale dans les t\u00e2ches, qu&rsquo;il s&rsquo;agisse de projets cr\u00e9atifs complexes ou de sessions de jeu intensives, en r\u00e9duisant les distractions p\u00e9riph\u00e9riques.<\/p>\n<h3 style=\"line-height: 1.25;font-size: 1.8rem;margin-top: 2rem;margin-bottom: 1rem;font-family: Manrope, Helvetica, Arial, sans-serif\">R\u00e9activit\u00e9 optimale<\/h3>\n<p style=\"margin-top: 0rem;margin-bottom: 1rem;font-family: Manrope, Helvetica, Arial, sans-serif\">Avec un taux de rafra\u00eechissement de 100 Hz, ce moniteur assure la fluidit\u00e9 de l&rsquo;affichage, minimisant le d\u00e9calage et les flous de mouvement. La r\u00e9activit\u00e9 est cruciale pour les environnements professionnels o\u00f9 chaque d\u00e9tail compte, garantissant que vous ne manquiez aucune information essentielle lors de la visualisation de vid\u00e9os ou de l&rsquo;interaction avec des logiciels graphiques.<\/p>\n","protected":false},"featured_media":5519,"template":"","meta":[],"product_cat":[264],"product_tag":[],"class_list":{"0":"post-5520","1":"product","2":"type-product","3":"status-publish","4":"has-post-thumbnail","6":"product_brand-samsung","7":"product_cat-high-tech","9":"first","10":"instock","11":"sale","12":"taxable","13":"shipping-taxable","14":"purchasable","15":"product-type-simple","16":"col-xs-6 col-sm-4","17":"col-md-3 col-lg-3","18":"un-4-cols"},"yoast_head":"<!-- This site is optimized with the Yoast SEO plugin v26.9 - https:\/\/yoast.com\/product\/yoast-seo-wordpress\/ -->\n<title>ECRAN INCURV\u00c9 SAMSUNG ESSENTIAL S3 LS32D392GAMXUE 32&quot; FULL HD (1920X1080) MONITOR, ANTI-GLARE, HDMI, VGA, TILT ADJUSTABLE - AU MARCHE BURKINA<\/title>\n<meta name=\"robots\" content=\"noindex, follow, max-snippet:-1, max-image-preview:large, max-video-preview:-1\" \/>\n<meta property=\"og:locale\" content=\"fr_FR\" \/>\n<meta property=\"og:type\" content=\"article\" \/>\n<meta property=\"og:title\" content=\"ECRAN INCURV\u00c9 SAMSUNG ESSENTIAL S3 LS32D392GAMXUE 32&quot; FULL HD (1920X1080) MONITOR, ANTI-GLARE, HDMI, VGA, TILT ADJUSTABLE - AU MARCHE BURKINA\" \/>\n<meta property=\"og:description\" content=\"L&#039;\u00e9cran incurv\u00e9 1500R du Samsung Essential Monitor S3 offre une exp\u00e9rience visuelle renforc\u00e9e en enveloppant votre champ de vision, cr\u00e9ant une perspective plus large. Cela favorise l&#039;immersion totale dans les t\u00e2ches, qu&#039;il s&#039;agisse de projets cr\u00e9atifs complexes ou de sessions de jeu intensives, en r\u00e9duisant les distractions p\u00e9riph\u00e9riques.R\u00e9activit\u00e9 optimaleAvec un taux de rafra\u00eechissement de 100 Hz, ce moniteur assure la fluidit\u00e9 de l&#039;affichage, minimisant le d\u00e9calage et les flous de mouvement. La r\u00e9activit\u00e9 est cruciale pour les environnements professionnels o\u00f9 chaque d\u00e9tail compte, garantissant que vous ne manquiez aucune information essentielle lors de la visualisation de vid\u00e9os ou de l&#039;interaction avec des logiciels graphiques.\" \/>\n<meta property=\"og:url\" content=\"https:\/\/aumarche.biz\/bf\/index.php\/produit\/ecran-incurve-samsung-essential-s3-ls32d392gamxue-32-full-hd-1920x1080-monitor-anti-glare-hdmi-vga-tilt-adjustable\/\" \/>\n<meta property=\"og:site_name\" content=\"AU MARCHE BURKINA\" \/>\n<meta property=\"article:publisher\" content=\"https:\/\/www.facebook.com\/aumarchebf\" \/>\n<meta property=\"og:image\" content=\"https:\/\/aumarche.biz\/bf\/wp-content\/uploads\/2025\/09\/OIP-4.webp\" \/>\n\t<meta property=\"og:image:width\" content=\"474\" \/>\n\t<meta property=\"og:image:height\" content=\"378\" \/>\n\t<meta property=\"og:image:type\" content=\"image\/webp\" \/>\n<meta name=\"twitter:card\" content=\"summary_large_image\" \/>\n<meta name=\"twitter:label1\" content=\"Dur\u00e9e de lecture estim\u00e9e\" \/>\n\t<meta name=\"twitter:data1\" content=\"1 minute\" \/>\n<script type=\"application\/ld+json\" class=\"yoast-schema-graph\">{\"@context\":\"https:\/\/schema.org\",\"@graph\":[{\"@type\":\"WebPage\",\"@id\":\"https:\/\/aumarche.biz\/bf\/index.php\/produit\/ecran-incurve-samsung-essential-s3-ls32d392gamxue-32-full-hd-1920x1080-monitor-anti-glare-hdmi-vga-tilt-adjustable\/\",\"url\":\"https:\/\/aumarche.biz\/bf\/index.php\/produit\/ecran-incurve-samsung-essential-s3-ls32d392gamxue-32-full-hd-1920x1080-monitor-anti-glare-hdmi-vga-tilt-adjustable\/\",\"name\":\"ECRAN INCURV\u00c9 SAMSUNG ESSENTIAL S3 LS32D392GAMXUE 32\\\" FULL HD (1920X1080) MONITOR, ANTI-GLARE, HDMI, VGA, TILT ADJUSTABLE - AU MARCHE BURKINA\",\"isPartOf\":{\"@id\":\"https:\/\/aumarche.biz\/bf\/#website\"},\"primaryImageOfPage\":{\"@id\":\"https:\/\/aumarche.biz\/bf\/index.php\/produit\/ecran-incurve-samsung-essential-s3-ls32d392gamxue-32-full-hd-1920x1080-monitor-anti-glare-hdmi-vga-tilt-adjustable\/#primaryimage\"},\"image\":{\"@id\":\"https:\/\/aumarche.biz\/bf\/index.php\/produit\/ecran-incurve-samsung-essential-s3-ls32d392gamxue-32-full-hd-1920x1080-monitor-anti-glare-hdmi-vga-tilt-adjustable\/#primaryimage\"},\"thumbnailUrl\":\"https:\/\/aumarche.biz\/bf\/wp-content\/uploads\/2025\/09\/OIP-4.webp\",\"datePublished\":\"2025-09-19T09:06:31+00:00\",\"breadcrumb\":{\"@id\":\"https:\/\/aumarche.biz\/bf\/index.php\/produit\/ecran-incurve-samsung-essential-s3-ls32d392gamxue-32-full-hd-1920x1080-monitor-anti-glare-hdmi-vga-tilt-adjustable\/#breadcrumb\"},\"inLanguage\":\"fr-FR\",\"potentialAction\":[{\"@type\":\"ReadAction\",\"target\":[\"https:\/\/aumarche.biz\/bf\/index.php\/produit\/ecran-incurve-samsung-essential-s3-ls32d392gamxue-32-full-hd-1920x1080-monitor-anti-glare-hdmi-vga-tilt-adjustable\/\"]}]},{\"@type\":\"ImageObject\",\"inLanguage\":\"fr-FR\",\"@id\":\"https:\/\/aumarche.biz\/bf\/index.php\/produit\/ecran-incurve-samsung-essential-s3-ls32d392gamxue-32-full-hd-1920x1080-monitor-anti-glare-hdmi-vga-tilt-adjustable\/#primaryimage\",\"url\":\"https:\/\/aumarche.biz\/bf\/wp-content\/uploads\/2025\/09\/OIP-4.webp\",\"contentUrl\":\"https:\/\/aumarche.biz\/bf\/wp-content\/uploads\/2025\/09\/OIP-4.webp\",\"width\":474,\"height\":378},{\"@type\":\"BreadcrumbList\",\"@id\":\"https:\/\/aumarche.biz\/bf\/index.php\/produit\/ecran-incurve-samsung-essential-s3-ls32d392gamxue-32-full-hd-1920x1080-monitor-anti-glare-hdmi-vga-tilt-adjustable\/#breadcrumb\",\"itemListElement\":[{\"@type\":\"ListItem\",\"position\":1,\"name\":\"Accueil\",\"item\":\"https:\/\/aumarche.biz\/bf\/\"},{\"@type\":\"ListItem\",\"position\":2,\"name\":\"Boutique\",\"item\":\"https:\/\/aumarche.biz\/bf\/index.php\/boutique\/\"},{\"@type\":\"ListItem\",\"position\":3,\"name\":\"ECRAN INCURV\u00c9 SAMSUNG ESSENTIAL S3 LS32D392GAMXUE 32&Prime; FULL HD (1920X1080) MONITOR, ANTI-GLARE, HDMI, VGA, TILT ADJUSTABLE\"}]},{\"@type\":\"WebSite\",\"@id\":\"https:\/\/aumarche.biz\/bf\/#website\",\"url\":\"https:\/\/aumarche.biz\/bf\/\",\"name\":\"aumarche.biz\",\"description\":\"Vendre et acheter autrement\",\"publisher\":{\"@id\":\"https:\/\/aumarche.biz\/bf\/#organization\"},\"potentialAction\":[{\"@type\":\"SearchAction\",\"target\":{\"@type\":\"EntryPoint\",\"urlTemplate\":\"https:\/\/aumarche.biz\/bf\/?s={search_term_string}\"},\"query-input\":{\"@type\":\"PropertyValueSpecification\",\"valueRequired\":true,\"valueName\":\"search_term_string\"}}],\"inLanguage\":\"fr-FR\"},{\"@type\":\"Organization\",\"@id\":\"https:\/\/aumarche.biz\/bf\/#organization\",\"name\":\"aumarche.biz\",\"url\":\"https:\/\/aumarche.biz\/bf\/\",\"logo\":{\"@type\":\"ImageObject\",\"inLanguage\":\"fr-FR\",\"@id\":\"https:\/\/aumarche.biz\/bf\/#\/schema\/logo\/image\/\",\"url\":\"https:\/\/aumarche.biz\/bf\/wp-content\/uploads\/2023\/09\/favicone.png\",\"contentUrl\":\"https:\/\/aumarche.biz\/bf\/wp-content\/uploads\/2023\/09\/favicone.png\",\"width\":64,\"height\":64,\"caption\":\"aumarche.biz\"},\"image\":{\"@id\":\"https:\/\/aumarche.biz\/bf\/#\/schema\/logo\/image\/\"},\"sameAs\":[\"https:\/\/www.facebook.com\/aumarchebf\"]}]}<\/script>\n<!-- \/ Yoast SEO plugin. -->","yoast_head_json":{"title":"ECRAN INCURV\u00c9 SAMSUNG ESSENTIAL S3 LS32D392GAMXUE 32\" FULL HD (1920X1080) MONITOR, ANTI-GLARE, HDMI, VGA, TILT ADJUSTABLE - AU MARCHE BURKINA","robots":{"index":"noindex","follow":"follow","max-snippet":"max-snippet:-1","max-image-preview":"max-image-preview:large","max-video-preview":"max-video-preview:-1"},"og_locale":"fr_FR","og_type":"article","og_title":"ECRAN INCURV\u00c9 SAMSUNG ESSENTIAL S3 LS32D392GAMXUE 32\" FULL HD (1920X1080) MONITOR, ANTI-GLARE, HDMI, VGA, TILT ADJUSTABLE - AU MARCHE BURKINA","og_description":"L'\u00e9cran incurv\u00e9 1500R du Samsung Essential Monitor S3 offre une exp\u00e9rience visuelle renforc\u00e9e en enveloppant votre champ de vision, cr\u00e9ant une perspective plus large. Cela favorise l'immersion totale dans les t\u00e2ches, qu'il s'agisse de projets cr\u00e9atifs complexes ou de sessions de jeu intensives, en r\u00e9duisant les distractions p\u00e9riph\u00e9riques.R\u00e9activit\u00e9 optimaleAvec un taux de rafra\u00eechissement de 100 Hz, ce moniteur assure la fluidit\u00e9 de l'affichage, minimisant le d\u00e9calage et les flous de mouvement. La r\u00e9activit\u00e9 est cruciale pour les environnements professionnels o\u00f9 chaque d\u00e9tail compte, garantissant que vous ne manquiez aucune information essentielle lors de la visualisation de vid\u00e9os ou de l'interaction avec des logiciels graphiques.","og_url":"https:\/\/aumarche.biz\/bf\/index.php\/produit\/ecran-incurve-samsung-essential-s3-ls32d392gamxue-32-full-hd-1920x1080-monitor-anti-glare-hdmi-vga-tilt-adjustable\/","og_site_name":"AU MARCHE BURKINA","article_publisher":"https:\/\/www.facebook.com\/aumarchebf","og_image":[{"width":474,"height":378,"url":"https:\/\/aumarche.biz\/bf\/wp-content\/uploads\/2025\/09\/OIP-4.webp","type":"image\/webp"}],"twitter_card":"summary_large_image","twitter_misc":{"Dur\u00e9e de lecture estim\u00e9e":"1 minute"},"schema":{"@context":"https:\/\/schema.org","@graph":[{"@type":"WebPage","@id":"https:\/\/aumarche.biz\/bf\/index.php\/produit\/ecran-incurve-samsung-essential-s3-ls32d392gamxue-32-full-hd-1920x1080-monitor-anti-glare-hdmi-vga-tilt-adjustable\/","url":"https:\/\/aumarche.biz\/bf\/index.php\/produit\/ecran-incurve-samsung-essential-s3-ls32d392gamxue-32-full-hd-1920x1080-monitor-anti-glare-hdmi-vga-tilt-adjustable\/","name":"ECRAN INCURV\u00c9 SAMSUNG ESSENTIAL S3 LS32D392GAMXUE 32\" FULL HD (1920X1080) MONITOR, ANTI-GLARE, HDMI, VGA, TILT ADJUSTABLE - AU MARCHE BURKINA","isPartOf":{"@id":"https:\/\/aumarche.biz\/bf\/#website"},"primaryImageOfPage":{"@id":"https:\/\/aumarche.biz\/bf\/index.php\/produit\/ecran-incurve-samsung-essential-s3-ls32d392gamxue-32-full-hd-1920x1080-monitor-anti-glare-hdmi-vga-tilt-adjustable\/#primaryimage"},"image":{"@id":"https:\/\/aumarche.biz\/bf\/index.php\/produit\/ecran-incurve-samsung-essential-s3-ls32d392gamxue-32-full-hd-1920x1080-monitor-anti-glare-hdmi-vga-tilt-adjustable\/#primaryimage"},"thumbnailUrl":"https:\/\/aumarche.biz\/bf\/wp-content\/uploads\/2025\/09\/OIP-4.webp","datePublished":"2025-09-19T09:06:31+00:00","breadcrumb":{"@id":"https:\/\/aumarche.biz\/bf\/index.php\/produit\/ecran-incurve-samsung-essential-s3-ls32d392gamxue-32-full-hd-1920x1080-monitor-anti-glare-hdmi-vga-tilt-adjustable\/#breadcrumb"},"inLanguage":"fr-FR","potentialAction":[{"@type":"ReadAction","target":["https:\/\/aumarche.biz\/bf\/index.php\/produit\/ecran-incurve-samsung-essential-s3-ls32d392gamxue-32-full-hd-1920x1080-monitor-anti-glare-hdmi-vga-tilt-adjustable\/"]}]},{"@type":"ImageObject","inLanguage":"fr-FR","@id":"https:\/\/aumarche.biz\/bf\/index.php\/produit\/ecran-incurve-samsung-essential-s3-ls32d392gamxue-32-full-hd-1920x1080-monitor-anti-glare-hdmi-vga-tilt-adjustable\/#primaryimage","url":"https:\/\/aumarche.biz\/bf\/wp-content\/uploads\/2025\/09\/OIP-4.webp","contentUrl":"https:\/\/aumarche.biz\/bf\/wp-content\/uploads\/2025\/09\/OIP-4.webp","width":474,"height":378},{"@type":"BreadcrumbList","@id":"https:\/\/aumarche.biz\/bf\/index.php\/produit\/ecran-incurve-samsung-essential-s3-ls32d392gamxue-32-full-hd-1920x1080-monitor-anti-glare-hdmi-vga-tilt-adjustable\/#breadcrumb","itemListElement":[{"@type":"ListItem","position":1,"name":"Accueil","item":"https:\/\/aumarche.biz\/bf\/"},{"@type":"ListItem","position":2,"name":"Boutique","item":"https:\/\/aumarche.biz\/bf\/index.php\/boutique\/"},{"@type":"ListItem","position":3,"name":"ECRAN INCURV\u00c9 SAMSUNG ESSENTIAL S3 LS32D392GAMXUE 32&Prime; FULL HD (1920X1080) MONITOR, ANTI-GLARE, HDMI, VGA, TILT ADJUSTABLE"}]},{"@type":"WebSite","@id":"https:\/\/aumarche.biz\/bf\/#website","url":"https:\/\/aumarche.biz\/bf\/","name":"aumarche.biz","description":"Vendre et acheter autrement","publisher":{"@id":"https:\/\/aumarche.biz\/bf\/#organization"},"potentialAction":[{"@type":"SearchAction","target":{"@type":"EntryPoint","urlTemplate":"https:\/\/aumarche.biz\/bf\/?s={search_term_string}"},"query-input":{"@type":"PropertyValueSpecification","valueRequired":true,"valueName":"search_term_string"}}],"inLanguage":"fr-FR"},{"@type":"Organization","@id":"https:\/\/aumarche.biz\/bf\/#organization","name":"aumarche.biz","url":"https:\/\/aumarche.biz\/bf\/","logo":{"@type":"ImageObject","inLanguage":"fr-FR","@id":"https:\/\/aumarche.biz\/bf\/#\/schema\/logo\/image\/","url":"https:\/\/aumarche.biz\/bf\/wp-content\/uploads\/2023\/09\/favicone.png","contentUrl":"https:\/\/aumarche.biz\/bf\/wp-content\/uploads\/2023\/09\/favicone.png","width":64,"height":64,"caption":"aumarche.biz"},"image":{"@id":"https:\/\/aumarche.biz\/bf\/#\/schema\/logo\/image\/"},"sameAs":["https:\/\/www.facebook.com\/aumarchebf"]}]}},"_links":{"self":[{"href":"https:\/\/aumarche.biz\/bf\/index.php\/wp-json\/wp\/v2\/product\/5520","targetHints":{"allow":["GET"]}}],"collection":[{"href":"https:\/\/aumarche.biz\/bf\/index.php\/wp-json\/wp\/v2\/product"}],"about":[{"href":"https:\/\/aumarche.biz\/bf\/index.php\/wp-json\/wp\/v2\/types\/product"}],"wp:featuredmedia":[{"embeddable":true,"href":"https:\/\/aumarche.biz\/bf\/index.php\/wp-json\/wp\/v2\/media\/5519"}],"wp:attachment":[{"href":"https:\/\/aumarche.biz\/bf\/index.php\/wp-json\/wp\/v2\/media?parent=5520"}],"wp:term":[{"taxonomy":"product_cat","embeddable":true,"href":"https:\/\/aumarche.biz\/bf\/index.php\/wp-json\/wp\/v2\/product_cat?post=5520"},{"taxonomy":"product_tag","embeddable":true,"href":"https:\/\/aumarche.biz\/bf\/index.php\/wp-json\/wp\/v2\/product_tag?post=5520"}],"curies":[{"name":"wp","href":"https:\/\/api.w.org\/{rel}","templated":true}]}}