{"id":5525,"date":"2025-09-19T09:33:21","date_gmt":"2025-09-19T09:33:21","guid":{"rendered":"https:\/\/aumarche.biz\/bf\/index.php\/produit\/hp-532sf-monitor-32-fhd-ips-monitor\/"},"modified":"2025-09-19T09:33:21","modified_gmt":"2025-09-19T09:33:21","slug":"hp-532sf-monitor-32-fhd-ips-monitor","status":"publish","type":"product","link":"https:\/\/aumarche.biz\/bf\/index.php\/produit\/hp-532sf-monitor-32-fhd-ips-monitor\/","title":{"rendered":"HP 532SF MONITOR, 32&Prime; FHD IPS MONITOR"},"content":{"rendered":"<p><span style=\"font-family: Roboto, sans-serif;font-size: 20px\">Ce moniteur FHD affiche la clart\u00e9 dont vous avez besoin pour rester concentr\u00e9 sur la t\u00e2che \u00e0 accomplir. [I] Productivit\u00e9 maximale et confort gr\u00e2ce au support inclinable et r\u00e9glable. Avec une luminosit\u00e9 de 300 nits et une r\u00e9solution FHD de\u00a0<\/span><span style=\"font-weight: 700;font-family: Roboto, sans-serif;font-size: 20px\">1920 x 1080<\/span><span style=\"font-family: Roboto, sans-serif;font-size: 20px\">, vous b\u00e9n\u00e9ficiez d&rsquo;images nettes et claires.<\/span><\/p>\n","protected":false},"excerpt":{"rendered":"<p><span style=\"font-family: Roboto, sans-serif;font-size: 20px\">Ce moniteur FHD affiche la clart\u00e9 dont vous avez besoin pour rester concentr\u00e9 sur la t\u00e2che \u00e0 accomplir. [I] Productivit\u00e9 maximale et confort gr\u00e2ce au support inclinable et r\u00e9glable. Avec une luminosit\u00e9 de 300 nits et une r\u00e9solution FHD de\u00a0<\/span><span style=\"font-weight: 700;font-family: Roboto, sans-serif;font-size: 20px\">1920 x 1080<\/span><span style=\"font-family: Roboto, sans-serif;font-size: 20px\">, vous b\u00e9n\u00e9ficiez d&rsquo;images nettes et claires.<\/span><\/p>\n","protected":false},"featured_media":5524,"template":"","meta":[],"product_cat":[264],"product_tag":[],"class_list":{"0":"post-5525","1":"product","2":"type-product","3":"status-publish","4":"has-post-thumbnail","6":"product_brand-hp","7":"product_cat-high-tech","9":"first","10":"instock","11":"sale","12":"taxable","13":"shipping-taxable","14":"purchasable","15":"product-type-simple","16":"col-xs-6 col-sm-4","17":"col-md-3 col-lg-3","18":"un-4-cols"},"yoast_head":"<!-- This site is optimized with the Yoast SEO plugin v26.9 - https:\/\/yoast.com\/product\/yoast-seo-wordpress\/ -->\n<title>HP 532SF MONITOR, 32&quot; FHD IPS MONITOR - AU MARCHE BURKINA<\/title>\n<meta name=\"robots\" content=\"noindex, follow, max-snippet:-1, max-image-preview:large, max-video-preview:-1\" \/>\n<meta property=\"og:locale\" content=\"fr_FR\" \/>\n<meta property=\"og:type\" content=\"article\" \/>\n<meta property=\"og:title\" content=\"HP 532SF MONITOR, 32&quot; FHD IPS MONITOR - AU MARCHE BURKINA\" \/>\n<meta property=\"og:description\" content=\"Ce moniteur FHD affiche la clart\u00e9 dont vous avez besoin pour rester concentr\u00e9 sur la t\u00e2che \u00e0 accomplir. [I] Productivit\u00e9 maximale et confort gr\u00e2ce au support inclinable et r\u00e9glable. Avec une luminosit\u00e9 de 300 nits et une r\u00e9solution FHD de\u00a01920 x 1080, vous b\u00e9n\u00e9ficiez d&#039;images nettes et claires.\" \/>\n<meta property=\"og:url\" content=\"https:\/\/aumarche.biz\/bf\/index.php\/produit\/hp-532sf-monitor-32-fhd-ips-monitor\/\" \/>\n<meta property=\"og:site_name\" content=\"AU MARCHE BURKINA\" \/>\n<meta property=\"article:publisher\" content=\"https:\/\/www.facebook.com\/aumarchebf\" \/>\n<meta property=\"og:image\" content=\"https:\/\/aumarche.biz\/bf\/wp-content\/uploads\/2025\/09\/d35c3b97daaf1aef0d18713a017425ba-hi.jpg\" \/>\n\t<meta property=\"og:image:width\" content=\"1600\" \/>\n\t<meta property=\"og:image:height\" content=\"1147\" \/>\n\t<meta property=\"og:image:type\" content=\"image\/jpeg\" \/>\n<meta name=\"twitter:card\" content=\"summary_large_image\" \/>\n<script type=\"application\/ld+json\" class=\"yoast-schema-graph\">{\"@context\":\"https:\/\/schema.org\",\"@graph\":[{\"@type\":\"WebPage\",\"@id\":\"https:\/\/aumarche.biz\/bf\/index.php\/produit\/hp-532sf-monitor-32-fhd-ips-monitor\/\",\"url\":\"https:\/\/aumarche.biz\/bf\/index.php\/produit\/hp-532sf-monitor-32-fhd-ips-monitor\/\",\"name\":\"HP 532SF MONITOR, 32\\\" FHD IPS MONITOR - AU MARCHE BURKINA\",\"isPartOf\":{\"@id\":\"https:\/\/aumarche.biz\/bf\/#website\"},\"primaryImageOfPage\":{\"@id\":\"https:\/\/aumarche.biz\/bf\/index.php\/produit\/hp-532sf-monitor-32-fhd-ips-monitor\/#primaryimage\"},\"image\":{\"@id\":\"https:\/\/aumarche.biz\/bf\/index.php\/produit\/hp-532sf-monitor-32-fhd-ips-monitor\/#primaryimage\"},\"thumbnailUrl\":\"https:\/\/aumarche.biz\/bf\/wp-content\/uploads\/2025\/09\/d35c3b97daaf1aef0d18713a017425ba-hi.jpg\",\"datePublished\":\"2025-09-19T09:33:21+00:00\",\"breadcrumb\":{\"@id\":\"https:\/\/aumarche.biz\/bf\/index.php\/produit\/hp-532sf-monitor-32-fhd-ips-monitor\/#breadcrumb\"},\"inLanguage\":\"fr-FR\",\"potentialAction\":[{\"@type\":\"ReadAction\",\"target\":[\"https:\/\/aumarche.biz\/bf\/index.php\/produit\/hp-532sf-monitor-32-fhd-ips-monitor\/\"]}]},{\"@type\":\"ImageObject\",\"inLanguage\":\"fr-FR\",\"@id\":\"https:\/\/aumarche.biz\/bf\/index.php\/produit\/hp-532sf-monitor-32-fhd-ips-monitor\/#primaryimage\",\"url\":\"https:\/\/aumarche.biz\/bf\/wp-content\/uploads\/2025\/09\/d35c3b97daaf1aef0d18713a017425ba-hi.jpg\",\"contentUrl\":\"https:\/\/aumarche.biz\/bf\/wp-content\/uploads\/2025\/09\/d35c3b97daaf1aef0d18713a017425ba-hi.jpg\",\"width\":1600,\"height\":1147},{\"@type\":\"BreadcrumbList\",\"@id\":\"https:\/\/aumarche.biz\/bf\/index.php\/produit\/hp-532sf-monitor-32-fhd-ips-monitor\/#breadcrumb\",\"itemListElement\":[{\"@type\":\"ListItem\",\"position\":1,\"name\":\"Accueil\",\"item\":\"https:\/\/aumarche.biz\/bf\/\"},{\"@type\":\"ListItem\",\"position\":2,\"name\":\"Boutique\",\"item\":\"https:\/\/aumarche.biz\/bf\/index.php\/boutique\/\"},{\"@type\":\"ListItem\",\"position\":3,\"name\":\"HP 532SF MONITOR, 32&Prime; FHD IPS MONITOR\"}]},{\"@type\":\"WebSite\",\"@id\":\"https:\/\/aumarche.biz\/bf\/#website\",\"url\":\"https:\/\/aumarche.biz\/bf\/\",\"name\":\"aumarche.biz\",\"description\":\"Vendre et acheter autrement\",\"publisher\":{\"@id\":\"https:\/\/aumarche.biz\/bf\/#organization\"},\"potentialAction\":[{\"@type\":\"SearchAction\",\"target\":{\"@type\":\"EntryPoint\",\"urlTemplate\":\"https:\/\/aumarche.biz\/bf\/?s={search_term_string}\"},\"query-input\":{\"@type\":\"PropertyValueSpecification\",\"valueRequired\":true,\"valueName\":\"search_term_string\"}}],\"inLanguage\":\"fr-FR\"},{\"@type\":\"Organization\",\"@id\":\"https:\/\/aumarche.biz\/bf\/#organization\",\"name\":\"aumarche.biz\",\"url\":\"https:\/\/aumarche.biz\/bf\/\",\"logo\":{\"@type\":\"ImageObject\",\"inLanguage\":\"fr-FR\",\"@id\":\"https:\/\/aumarche.biz\/bf\/#\/schema\/logo\/image\/\",\"url\":\"https:\/\/aumarche.biz\/bf\/wp-content\/uploads\/2023\/09\/favicone.png\",\"contentUrl\":\"https:\/\/aumarche.biz\/bf\/wp-content\/uploads\/2023\/09\/favicone.png\",\"width\":64,\"height\":64,\"caption\":\"aumarche.biz\"},\"image\":{\"@id\":\"https:\/\/aumarche.biz\/bf\/#\/schema\/logo\/image\/\"},\"sameAs\":[\"https:\/\/www.facebook.com\/aumarchebf\"]}]}<\/script>\n<!-- \/ Yoast SEO plugin. -->","yoast_head_json":{"title":"HP 532SF MONITOR, 32\" FHD IPS MONITOR - AU MARCHE BURKINA","robots":{"index":"noindex","follow":"follow","max-snippet":"max-snippet:-1","max-image-preview":"max-image-preview:large","max-video-preview":"max-video-preview:-1"},"og_locale":"fr_FR","og_type":"article","og_title":"HP 532SF MONITOR, 32\" FHD IPS MONITOR - AU MARCHE BURKINA","og_description":"Ce moniteur FHD affiche la clart\u00e9 dont vous avez besoin pour rester concentr\u00e9 sur la t\u00e2che \u00e0 accomplir. [I] Productivit\u00e9 maximale et confort gr\u00e2ce au support inclinable et r\u00e9glable. Avec une luminosit\u00e9 de 300 nits et une r\u00e9solution FHD de\u00a01920 x 1080, vous b\u00e9n\u00e9ficiez d'images nettes et claires.","og_url":"https:\/\/aumarche.biz\/bf\/index.php\/produit\/hp-532sf-monitor-32-fhd-ips-monitor\/","og_site_name":"AU MARCHE BURKINA","article_publisher":"https:\/\/www.facebook.com\/aumarchebf","og_image":[{"width":1600,"height":1147,"url":"https:\/\/aumarche.biz\/bf\/wp-content\/uploads\/2025\/09\/d35c3b97daaf1aef0d18713a017425ba-hi.jpg","type":"image\/jpeg"}],"twitter_card":"summary_large_image","schema":{"@context":"https:\/\/schema.org","@graph":[{"@type":"WebPage","@id":"https:\/\/aumarche.biz\/bf\/index.php\/produit\/hp-532sf-monitor-32-fhd-ips-monitor\/","url":"https:\/\/aumarche.biz\/bf\/index.php\/produit\/hp-532sf-monitor-32-fhd-ips-monitor\/","name":"HP 532SF MONITOR, 32\" FHD IPS MONITOR - AU MARCHE BURKINA","isPartOf":{"@id":"https:\/\/aumarche.biz\/bf\/#website"},"primaryImageOfPage":{"@id":"https:\/\/aumarche.biz\/bf\/index.php\/produit\/hp-532sf-monitor-32-fhd-ips-monitor\/#primaryimage"},"image":{"@id":"https:\/\/aumarche.biz\/bf\/index.php\/produit\/hp-532sf-monitor-32-fhd-ips-monitor\/#primaryimage"},"thumbnailUrl":"https:\/\/aumarche.biz\/bf\/wp-content\/uploads\/2025\/09\/d35c3b97daaf1aef0d18713a017425ba-hi.jpg","datePublished":"2025-09-19T09:33:21+00:00","breadcrumb":{"@id":"https:\/\/aumarche.biz\/bf\/index.php\/produit\/hp-532sf-monitor-32-fhd-ips-monitor\/#breadcrumb"},"inLanguage":"fr-FR","potentialAction":[{"@type":"ReadAction","target":["https:\/\/aumarche.biz\/bf\/index.php\/produit\/hp-532sf-monitor-32-fhd-ips-monitor\/"]}]},{"@type":"ImageObject","inLanguage":"fr-FR","@id":"https:\/\/aumarche.biz\/bf\/index.php\/produit\/hp-532sf-monitor-32-fhd-ips-monitor\/#primaryimage","url":"https:\/\/aumarche.biz\/bf\/wp-content\/uploads\/2025\/09\/d35c3b97daaf1aef0d18713a017425ba-hi.jpg","contentUrl":"https:\/\/aumarche.biz\/bf\/wp-content\/uploads\/2025\/09\/d35c3b97daaf1aef0d18713a017425ba-hi.jpg","width":1600,"height":1147},{"@type":"BreadcrumbList","@id":"https:\/\/aumarche.biz\/bf\/index.php\/produit\/hp-532sf-monitor-32-fhd-ips-monitor\/#breadcrumb","itemListElement":[{"@type":"ListItem","position":1,"name":"Accueil","item":"https:\/\/aumarche.biz\/bf\/"},{"@type":"ListItem","position":2,"name":"Boutique","item":"https:\/\/aumarche.biz\/bf\/index.php\/boutique\/"},{"@type":"ListItem","position":3,"name":"HP 532SF MONITOR, 32&Prime; FHD IPS MONITOR"}]},{"@type":"WebSite","@id":"https:\/\/aumarche.biz\/bf\/#website","url":"https:\/\/aumarche.biz\/bf\/","name":"aumarche.biz","description":"Vendre et acheter autrement","publisher":{"@id":"https:\/\/aumarche.biz\/bf\/#organization"},"potentialAction":[{"@type":"SearchAction","target":{"@type":"EntryPoint","urlTemplate":"https:\/\/aumarche.biz\/bf\/?s={search_term_string}"},"query-input":{"@type":"PropertyValueSpecification","valueRequired":true,"valueName":"search_term_string"}}],"inLanguage":"fr-FR"},{"@type":"Organization","@id":"https:\/\/aumarche.biz\/bf\/#organization","name":"aumarche.biz","url":"https:\/\/aumarche.biz\/bf\/","logo":{"@type":"ImageObject","inLanguage":"fr-FR","@id":"https:\/\/aumarche.biz\/bf\/#\/schema\/logo\/image\/","url":"https:\/\/aumarche.biz\/bf\/wp-content\/uploads\/2023\/09\/favicone.png","contentUrl":"https:\/\/aumarche.biz\/bf\/wp-content\/uploads\/2023\/09\/favicone.png","width":64,"height":64,"caption":"aumarche.biz"},"image":{"@id":"https:\/\/aumarche.biz\/bf\/#\/schema\/logo\/image\/"},"sameAs":["https:\/\/www.facebook.com\/aumarchebf"]}]}},"_links":{"self":[{"href":"https:\/\/aumarche.biz\/bf\/index.php\/wp-json\/wp\/v2\/product\/5525","targetHints":{"allow":["GET"]}}],"collection":[{"href":"https:\/\/aumarche.biz\/bf\/index.php\/wp-json\/wp\/v2\/product"}],"about":[{"href":"https:\/\/aumarche.biz\/bf\/index.php\/wp-json\/wp\/v2\/types\/product"}],"wp:featuredmedia":[{"embeddable":true,"href":"https:\/\/aumarche.biz\/bf\/index.php\/wp-json\/wp\/v2\/media\/5524"}],"wp:attachment":[{"href":"https:\/\/aumarche.biz\/bf\/index.php\/wp-json\/wp\/v2\/media?parent=5525"}],"wp:term":[{"taxonomy":"product_cat","embeddable":true,"href":"https:\/\/aumarche.biz\/bf\/index.php\/wp-json\/wp\/v2\/product_cat?post=5525"},{"taxonomy":"product_tag","embeddable":true,"href":"https:\/\/aumarche.biz\/bf\/index.php\/wp-json\/wp\/v2\/product_tag?post=5525"}],"curies":[{"name":"wp","href":"https:\/\/api.w.org\/{rel}","templated":true}]}}