{"id":5529,"date":"2025-09-19T10:11:39","date_gmt":"2025-09-19T10:11:39","guid":{"rendered":"https:\/\/aumarche.biz\/bf\/index.php\/produit\/telephone-ip-grandstream-gxp2135\/"},"modified":"2025-09-19T10:11:39","modified_gmt":"2025-09-19T10:11:39","slug":"telephone-ip-grandstream-gxp2135","status":"publish","type":"product","link":"https:\/\/aumarche.biz\/bf\/index.php\/produit\/telephone-ip-grandstream-gxp2135\/","title":{"rendered":"TELEPHONE IP GRANDSTREAM GXP2135"},"content":{"rendered":"<p><span style=\"font-family: Roboto, sans-serif;font-size: 18px\">\u00c9quip\u00e9 de 8 lignes et de 4 comptes SIP, d&rsquo;un \u00e9cran LCD couleur de 2,8 pouces et de 32 touches de num\u00e9rotation rapide\/BLF num\u00e9riques, le GXP2135 permet une utilisation rapide et puissante. Comme tous les t\u00e9l\u00e9phones IP Grandstream, le GXP2135 dispose d&rsquo;une technologie de cryptage de s\u00e9curit\u00e9 \u00e0 la pointe de la technologie (SRTP et TLS).<\/span><\/p>\n","protected":false},"excerpt":{"rendered":"<p><span style=\"font-family: Roboto, sans-serif;font-size: 18px\">\u00c9quip\u00e9 de 8 lignes et de 4 comptes SIP, d&rsquo;un \u00e9cran LCD couleur de 2,8 pouces et de 32 touches de num\u00e9rotation rapide\/BLF num\u00e9riques, le GXP2135 permet une utilisation rapide et puissante. Comme tous les t\u00e9l\u00e9phones IP Grandstream, le GXP2135 dispose d&rsquo;une technologie de cryptage de s\u00e9curit\u00e9 \u00e0 la pointe de la technologie (SRTP et TLS).<\/span><\/p>\n","protected":false},"featured_media":5528,"template":"","meta":[],"product_cat":[264],"product_tag":[],"class_list":{"0":"post-5529","1":"product","2":"type-product","3":"status-publish","4":"has-post-thumbnail","6":"product_brand-autres-marques","7":"product_cat-high-tech","9":"first","10":"instock","11":"sale","12":"taxable","13":"shipping-taxable","14":"purchasable","15":"product-type-simple","16":"col-xs-6 col-sm-4","17":"col-md-3 col-lg-3","18":"un-4-cols"},"yoast_head":"<!-- This site is optimized with the Yoast SEO plugin v26.9 - https:\/\/yoast.com\/product\/yoast-seo-wordpress\/ -->\n<title>TELEPHONE IP GRANDSTREAM GXP2135 - AU MARCHE BURKINA<\/title>\n<meta name=\"robots\" content=\"noindex, follow, max-snippet:-1, max-image-preview:large, max-video-preview:-1\" \/>\n<meta property=\"og:locale\" content=\"fr_FR\" \/>\n<meta property=\"og:type\" content=\"article\" \/>\n<meta property=\"og:title\" content=\"TELEPHONE IP GRANDSTREAM GXP2135 - AU MARCHE BURKINA\" \/>\n<meta property=\"og:description\" content=\"\u00c9quip\u00e9 de 8 lignes et de 4 comptes SIP, d&#039;un \u00e9cran LCD couleur de 2,8 pouces et de 32 touches de num\u00e9rotation rapide\/BLF num\u00e9riques, le GXP2135 permet une utilisation rapide et puissante. Comme tous les t\u00e9l\u00e9phones IP Grandstream, le GXP2135 dispose d&#039;une technologie de cryptage de s\u00e9curit\u00e9 \u00e0 la pointe de la technologie (SRTP et TLS).\" \/>\n<meta property=\"og:url\" content=\"https:\/\/aumarche.biz\/bf\/index.php\/produit\/telephone-ip-grandstream-gxp2135\/\" \/>\n<meta property=\"og:site_name\" content=\"AU MARCHE BURKINA\" \/>\n<meta property=\"article:publisher\" content=\"https:\/\/www.facebook.com\/aumarchebf\" \/>\n<meta property=\"og:image\" content=\"https:\/\/aumarche.biz\/bf\/wp-content\/uploads\/2025\/09\/gxp2135_front_web.webp\" \/>\n\t<meta property=\"og:image:width\" content=\"1000\" \/>\n\t<meta property=\"og:image:height\" content=\"1000\" \/>\n\t<meta property=\"og:image:type\" content=\"image\/webp\" \/>\n<meta name=\"twitter:card\" content=\"summary_large_image\" \/>\n<script type=\"application\/ld+json\" class=\"yoast-schema-graph\">{\"@context\":\"https:\/\/schema.org\",\"@graph\":[{\"@type\":\"WebPage\",\"@id\":\"https:\/\/aumarche.biz\/bf\/index.php\/produit\/telephone-ip-grandstream-gxp2135\/\",\"url\":\"https:\/\/aumarche.biz\/bf\/index.php\/produit\/telephone-ip-grandstream-gxp2135\/\",\"name\":\"TELEPHONE IP GRANDSTREAM GXP2135 - AU MARCHE BURKINA\",\"isPartOf\":{\"@id\":\"https:\/\/aumarche.biz\/bf\/#website\"},\"primaryImageOfPage\":{\"@id\":\"https:\/\/aumarche.biz\/bf\/index.php\/produit\/telephone-ip-grandstream-gxp2135\/#primaryimage\"},\"image\":{\"@id\":\"https:\/\/aumarche.biz\/bf\/index.php\/produit\/telephone-ip-grandstream-gxp2135\/#primaryimage\"},\"thumbnailUrl\":\"https:\/\/aumarche.biz\/bf\/wp-content\/uploads\/2025\/09\/gxp2135_front_web.webp\",\"datePublished\":\"2025-09-19T10:11:39+00:00\",\"breadcrumb\":{\"@id\":\"https:\/\/aumarche.biz\/bf\/index.php\/produit\/telephone-ip-grandstream-gxp2135\/#breadcrumb\"},\"inLanguage\":\"fr-FR\",\"potentialAction\":[{\"@type\":\"ReadAction\",\"target\":[\"https:\/\/aumarche.biz\/bf\/index.php\/produit\/telephone-ip-grandstream-gxp2135\/\"]}]},{\"@type\":\"ImageObject\",\"inLanguage\":\"fr-FR\",\"@id\":\"https:\/\/aumarche.biz\/bf\/index.php\/produit\/telephone-ip-grandstream-gxp2135\/#primaryimage\",\"url\":\"https:\/\/aumarche.biz\/bf\/wp-content\/uploads\/2025\/09\/gxp2135_front_web.webp\",\"contentUrl\":\"https:\/\/aumarche.biz\/bf\/wp-content\/uploads\/2025\/09\/gxp2135_front_web.webp\",\"width\":1000,\"height\":1000},{\"@type\":\"BreadcrumbList\",\"@id\":\"https:\/\/aumarche.biz\/bf\/index.php\/produit\/telephone-ip-grandstream-gxp2135\/#breadcrumb\",\"itemListElement\":[{\"@type\":\"ListItem\",\"position\":1,\"name\":\"Accueil\",\"item\":\"https:\/\/aumarche.biz\/bf\/\"},{\"@type\":\"ListItem\",\"position\":2,\"name\":\"Boutique\",\"item\":\"https:\/\/aumarche.biz\/bf\/index.php\/boutique\/\"},{\"@type\":\"ListItem\",\"position\":3,\"name\":\"TELEPHONE IP GRANDSTREAM GXP2135\"}]},{\"@type\":\"WebSite\",\"@id\":\"https:\/\/aumarche.biz\/bf\/#website\",\"url\":\"https:\/\/aumarche.biz\/bf\/\",\"name\":\"aumarche.biz\",\"description\":\"Vendre et acheter autrement\",\"publisher\":{\"@id\":\"https:\/\/aumarche.biz\/bf\/#organization\"},\"potentialAction\":[{\"@type\":\"SearchAction\",\"target\":{\"@type\":\"EntryPoint\",\"urlTemplate\":\"https:\/\/aumarche.biz\/bf\/?s={search_term_string}\"},\"query-input\":{\"@type\":\"PropertyValueSpecification\",\"valueRequired\":true,\"valueName\":\"search_term_string\"}}],\"inLanguage\":\"fr-FR\"},{\"@type\":\"Organization\",\"@id\":\"https:\/\/aumarche.biz\/bf\/#organization\",\"name\":\"aumarche.biz\",\"url\":\"https:\/\/aumarche.biz\/bf\/\",\"logo\":{\"@type\":\"ImageObject\",\"inLanguage\":\"fr-FR\",\"@id\":\"https:\/\/aumarche.biz\/bf\/#\/schema\/logo\/image\/\",\"url\":\"https:\/\/aumarche.biz\/bf\/wp-content\/uploads\/2023\/09\/favicone.png\",\"contentUrl\":\"https:\/\/aumarche.biz\/bf\/wp-content\/uploads\/2023\/09\/favicone.png\",\"width\":64,\"height\":64,\"caption\":\"aumarche.biz\"},\"image\":{\"@id\":\"https:\/\/aumarche.biz\/bf\/#\/schema\/logo\/image\/\"},\"sameAs\":[\"https:\/\/www.facebook.com\/aumarchebf\"]}]}<\/script>\n<!-- \/ Yoast SEO plugin. -->","yoast_head_json":{"title":"TELEPHONE IP GRANDSTREAM GXP2135 - AU MARCHE BURKINA","robots":{"index":"noindex","follow":"follow","max-snippet":"max-snippet:-1","max-image-preview":"max-image-preview:large","max-video-preview":"max-video-preview:-1"},"og_locale":"fr_FR","og_type":"article","og_title":"TELEPHONE IP GRANDSTREAM GXP2135 - AU MARCHE BURKINA","og_description":"\u00c9quip\u00e9 de 8 lignes et de 4 comptes SIP, d'un \u00e9cran LCD couleur de 2,8 pouces et de 32 touches de num\u00e9rotation rapide\/BLF num\u00e9riques, le GXP2135 permet une utilisation rapide et puissante. Comme tous les t\u00e9l\u00e9phones IP Grandstream, le GXP2135 dispose d'une technologie de cryptage de s\u00e9curit\u00e9 \u00e0 la pointe de la technologie (SRTP et TLS).","og_url":"https:\/\/aumarche.biz\/bf\/index.php\/produit\/telephone-ip-grandstream-gxp2135\/","og_site_name":"AU MARCHE BURKINA","article_publisher":"https:\/\/www.facebook.com\/aumarchebf","og_image":[{"width":1000,"height":1000,"url":"https:\/\/aumarche.biz\/bf\/wp-content\/uploads\/2025\/09\/gxp2135_front_web.webp","type":"image\/webp"}],"twitter_card":"summary_large_image","schema":{"@context":"https:\/\/schema.org","@graph":[{"@type":"WebPage","@id":"https:\/\/aumarche.biz\/bf\/index.php\/produit\/telephone-ip-grandstream-gxp2135\/","url":"https:\/\/aumarche.biz\/bf\/index.php\/produit\/telephone-ip-grandstream-gxp2135\/","name":"TELEPHONE IP GRANDSTREAM GXP2135 - AU MARCHE BURKINA","isPartOf":{"@id":"https:\/\/aumarche.biz\/bf\/#website"},"primaryImageOfPage":{"@id":"https:\/\/aumarche.biz\/bf\/index.php\/produit\/telephone-ip-grandstream-gxp2135\/#primaryimage"},"image":{"@id":"https:\/\/aumarche.biz\/bf\/index.php\/produit\/telephone-ip-grandstream-gxp2135\/#primaryimage"},"thumbnailUrl":"https:\/\/aumarche.biz\/bf\/wp-content\/uploads\/2025\/09\/gxp2135_front_web.webp","datePublished":"2025-09-19T10:11:39+00:00","breadcrumb":{"@id":"https:\/\/aumarche.biz\/bf\/index.php\/produit\/telephone-ip-grandstream-gxp2135\/#breadcrumb"},"inLanguage":"fr-FR","potentialAction":[{"@type":"ReadAction","target":["https:\/\/aumarche.biz\/bf\/index.php\/produit\/telephone-ip-grandstream-gxp2135\/"]}]},{"@type":"ImageObject","inLanguage":"fr-FR","@id":"https:\/\/aumarche.biz\/bf\/index.php\/produit\/telephone-ip-grandstream-gxp2135\/#primaryimage","url":"https:\/\/aumarche.biz\/bf\/wp-content\/uploads\/2025\/09\/gxp2135_front_web.webp","contentUrl":"https:\/\/aumarche.biz\/bf\/wp-content\/uploads\/2025\/09\/gxp2135_front_web.webp","width":1000,"height":1000},{"@type":"BreadcrumbList","@id":"https:\/\/aumarche.biz\/bf\/index.php\/produit\/telephone-ip-grandstream-gxp2135\/#breadcrumb","itemListElement":[{"@type":"ListItem","position":1,"name":"Accueil","item":"https:\/\/aumarche.biz\/bf\/"},{"@type":"ListItem","position":2,"name":"Boutique","item":"https:\/\/aumarche.biz\/bf\/index.php\/boutique\/"},{"@type":"ListItem","position":3,"name":"TELEPHONE IP GRANDSTREAM GXP2135"}]},{"@type":"WebSite","@id":"https:\/\/aumarche.biz\/bf\/#website","url":"https:\/\/aumarche.biz\/bf\/","name":"aumarche.biz","description":"Vendre et acheter autrement","publisher":{"@id":"https:\/\/aumarche.biz\/bf\/#organization"},"potentialAction":[{"@type":"SearchAction","target":{"@type":"EntryPoint","urlTemplate":"https:\/\/aumarche.biz\/bf\/?s={search_term_string}"},"query-input":{"@type":"PropertyValueSpecification","valueRequired":true,"valueName":"search_term_string"}}],"inLanguage":"fr-FR"},{"@type":"Organization","@id":"https:\/\/aumarche.biz\/bf\/#organization","name":"aumarche.biz","url":"https:\/\/aumarche.biz\/bf\/","logo":{"@type":"ImageObject","inLanguage":"fr-FR","@id":"https:\/\/aumarche.biz\/bf\/#\/schema\/logo\/image\/","url":"https:\/\/aumarche.biz\/bf\/wp-content\/uploads\/2023\/09\/favicone.png","contentUrl":"https:\/\/aumarche.biz\/bf\/wp-content\/uploads\/2023\/09\/favicone.png","width":64,"height":64,"caption":"aumarche.biz"},"image":{"@id":"https:\/\/aumarche.biz\/bf\/#\/schema\/logo\/image\/"},"sameAs":["https:\/\/www.facebook.com\/aumarchebf"]}]}},"_links":{"self":[{"href":"https:\/\/aumarche.biz\/bf\/index.php\/wp-json\/wp\/v2\/product\/5529","targetHints":{"allow":["GET"]}}],"collection":[{"href":"https:\/\/aumarche.biz\/bf\/index.php\/wp-json\/wp\/v2\/product"}],"about":[{"href":"https:\/\/aumarche.biz\/bf\/index.php\/wp-json\/wp\/v2\/types\/product"}],"wp:featuredmedia":[{"embeddable":true,"href":"https:\/\/aumarche.biz\/bf\/index.php\/wp-json\/wp\/v2\/media\/5528"}],"wp:attachment":[{"href":"https:\/\/aumarche.biz\/bf\/index.php\/wp-json\/wp\/v2\/media?parent=5529"}],"wp:term":[{"taxonomy":"product_cat","embeddable":true,"href":"https:\/\/aumarche.biz\/bf\/index.php\/wp-json\/wp\/v2\/product_cat?post=5529"},{"taxonomy":"product_tag","embeddable":true,"href":"https:\/\/aumarche.biz\/bf\/index.php\/wp-json\/wp\/v2\/product_tag?post=5529"}],"curies":[{"name":"wp","href":"https:\/\/api.w.org\/{rel}","templated":true}]}}