{"id":5533,"date":"2025-09-19T10:20:34","date_gmt":"2025-09-19T10:20:34","guid":{"rendered":"https:\/\/aumarche.biz\/bf\/index.php\/produit\/phone-ip-grandstream-gxp2170\/"},"modified":"2025-09-19T10:20:34","modified_gmt":"2025-09-19T10:20:34","slug":"phone-ip-grandstream-gxp2170","status":"publish","type":"product","link":"https:\/\/aumarche.biz\/bf\/index.php\/produit\/phone-ip-grandstream-gxp2170\/","title":{"rendered":"PHONE IP GRANDSTREAM GXP2170"},"content":{"rendered":"<p><span style=\"font-family: Roboto, sans-serif;font-size: 18px\">Le t\u00e9l\u00e9phone IP Grandstream GXP2170 est un t\u00e9l\u00e9phone de qualit\u00e9 professionnelle haut de gamme con\u00e7u pour les utilisateurs qui g\u00e8rent un volume d&rsquo;appels \u00e9lev\u00e9. Les caract\u00e9ristiques cl\u00e9s incluent : 12 touches de ligne et prise en charge de 6 comptes SIP pour une gestion efficace des appels. Un \u00e9cran couleur de 4,3 pouces pour une navigation et une visibilit\u00e9 faciles. Qualit\u00e9 audio HD et fonctionnalit\u00e9s t\u00e9l\u00e9phoniques avanc\u00e9es, le rendant adapt\u00e9 aux environnements professionnels. Prise en charge de 48 touches BLF\/num\u00e9rotation rapide num\u00e9riques \u00e0 l&rsquo;\u00e9cran et compatibilit\u00e9 avec le module d&rsquo;extension GXP2200EXT de Grandstream. Con\u00e7u pour une large interop\u00e9rabilit\u00e9 avec la plupart des appareils et plateformes SIP tiers. Pour des sp\u00e9cifications plus d\u00e9taill\u00e9es, vous pouvez vous r\u00e9f\u00e9rer au site officiel.<\/span><\/p>\n","protected":false},"excerpt":{"rendered":"<p><span style=\"font-family: Roboto, sans-serif;font-size: 18px\">Le t\u00e9l\u00e9phone IP Grandstream GXP2170 est un t\u00e9l\u00e9phone de qualit\u00e9 professionnelle haut de gamme con\u00e7u pour les utilisateurs qui g\u00e8rent un volume d&rsquo;appels \u00e9lev\u00e9. Les caract\u00e9ristiques cl\u00e9s incluent : 12 touches de ligne et prise en charge de 6 comptes SIP pour une gestion efficace des appels. Un \u00e9cran couleur de 4,3 pouces pour une navigation et une visibilit\u00e9 faciles. Qualit\u00e9 audio HD et fonctionnalit\u00e9s t\u00e9l\u00e9phoniques avanc\u00e9es, le rendant adapt\u00e9 aux environnements professionnels. Prise en charge de 48 touches BLF\/num\u00e9rotation rapide num\u00e9riques \u00e0 l&rsquo;\u00e9cran et compatibilit\u00e9 avec le module d&rsquo;extension GXP2200EXT de Grandstream. Con\u00e7u pour une large interop\u00e9rabilit\u00e9 avec la plupart des appareils et plateformes SIP tiers. Pour des sp\u00e9cifications plus d\u00e9taill\u00e9es, vous pouvez vous r\u00e9f\u00e9rer au site officiel.<\/span><\/p>\n","protected":false},"featured_media":5532,"template":"","meta":[],"product_cat":[264],"product_tag":[],"class_list":{"0":"post-5533","1":"product","2":"type-product","3":"status-publish","4":"has-post-thumbnail","6":"product_cat-high-tech","8":"first","9":"instock","10":"sale","11":"taxable","12":"shipping-taxable","13":"purchasable","14":"product-type-simple","15":"col-xs-6 col-sm-4","16":"col-md-3 col-lg-3","17":"un-4-cols"},"yoast_head":"<!-- This site is optimized with the Yoast SEO plugin v26.9 - https:\/\/yoast.com\/product\/yoast-seo-wordpress\/ -->\n<title>PHONE IP GRANDSTREAM GXP2170 - AU MARCHE BURKINA<\/title>\n<meta name=\"robots\" content=\"noindex, follow, max-snippet:-1, max-image-preview:large, max-video-preview:-1\" \/>\n<meta property=\"og:locale\" content=\"fr_FR\" \/>\n<meta property=\"og:type\" content=\"article\" \/>\n<meta property=\"og:title\" content=\"PHONE IP GRANDSTREAM GXP2170 - AU MARCHE BURKINA\" \/>\n<meta property=\"og:description\" content=\"Le t\u00e9l\u00e9phone IP Grandstream GXP2170 est un t\u00e9l\u00e9phone de qualit\u00e9 professionnelle haut de gamme con\u00e7u pour les utilisateurs qui g\u00e8rent un volume d&#039;appels \u00e9lev\u00e9. Les caract\u00e9ristiques cl\u00e9s incluent : 12 touches de ligne et prise en charge de 6 comptes SIP pour une gestion efficace des appels. Un \u00e9cran couleur de 4,3 pouces pour une navigation et une visibilit\u00e9 faciles. Qualit\u00e9 audio HD et fonctionnalit\u00e9s t\u00e9l\u00e9phoniques avanc\u00e9es, le rendant adapt\u00e9 aux environnements professionnels. Prise en charge de 48 touches BLF\/num\u00e9rotation rapide num\u00e9riques \u00e0 l&#039;\u00e9cran et compatibilit\u00e9 avec le module d&#039;extension GXP2200EXT de Grandstream. Con\u00e7u pour une large interop\u00e9rabilit\u00e9 avec la plupart des appareils et plateformes SIP tiers. Pour des sp\u00e9cifications plus d\u00e9taill\u00e9es, vous pouvez vous r\u00e9f\u00e9rer au site officiel.\" \/>\n<meta property=\"og:url\" content=\"https:\/\/aumarche.biz\/bf\/index.php\/produit\/phone-ip-grandstream-gxp2170\/\" \/>\n<meta property=\"og:site_name\" content=\"AU MARCHE BURKINA\" \/>\n<meta property=\"article:publisher\" content=\"https:\/\/www.facebook.com\/aumarchebf\" \/>\n<meta property=\"og:image\" content=\"https:\/\/aumarche.biz\/bf\/wp-content\/uploads\/2025\/09\/R.jpg\" \/>\n\t<meta property=\"og:image:width\" content=\"1100\" \/>\n\t<meta property=\"og:image:height\" content=\"994\" \/>\n\t<meta property=\"og:image:type\" content=\"image\/jpeg\" \/>\n<meta name=\"twitter:card\" content=\"summary_large_image\" \/>\n<meta name=\"twitter:label1\" content=\"Dur\u00e9e de lecture estim\u00e9e\" \/>\n\t<meta name=\"twitter:data1\" content=\"1 minute\" \/>\n<script type=\"application\/ld+json\" class=\"yoast-schema-graph\">{\"@context\":\"https:\/\/schema.org\",\"@graph\":[{\"@type\":\"WebPage\",\"@id\":\"https:\/\/aumarche.biz\/bf\/index.php\/produit\/phone-ip-grandstream-gxp2170\/\",\"url\":\"https:\/\/aumarche.biz\/bf\/index.php\/produit\/phone-ip-grandstream-gxp2170\/\",\"name\":\"PHONE IP GRANDSTREAM GXP2170 - AU MARCHE BURKINA\",\"isPartOf\":{\"@id\":\"https:\/\/aumarche.biz\/bf\/#website\"},\"primaryImageOfPage\":{\"@id\":\"https:\/\/aumarche.biz\/bf\/index.php\/produit\/phone-ip-grandstream-gxp2170\/#primaryimage\"},\"image\":{\"@id\":\"https:\/\/aumarche.biz\/bf\/index.php\/produit\/phone-ip-grandstream-gxp2170\/#primaryimage\"},\"thumbnailUrl\":\"https:\/\/aumarche.biz\/bf\/wp-content\/uploads\/2025\/09\/R.jpg\",\"datePublished\":\"2025-09-19T10:20:34+00:00\",\"breadcrumb\":{\"@id\":\"https:\/\/aumarche.biz\/bf\/index.php\/produit\/phone-ip-grandstream-gxp2170\/#breadcrumb\"},\"inLanguage\":\"fr-FR\",\"potentialAction\":[{\"@type\":\"ReadAction\",\"target\":[\"https:\/\/aumarche.biz\/bf\/index.php\/produit\/phone-ip-grandstream-gxp2170\/\"]}]},{\"@type\":\"ImageObject\",\"inLanguage\":\"fr-FR\",\"@id\":\"https:\/\/aumarche.biz\/bf\/index.php\/produit\/phone-ip-grandstream-gxp2170\/#primaryimage\",\"url\":\"https:\/\/aumarche.biz\/bf\/wp-content\/uploads\/2025\/09\/R.jpg\",\"contentUrl\":\"https:\/\/aumarche.biz\/bf\/wp-content\/uploads\/2025\/09\/R.jpg\",\"width\":1100,\"height\":994},{\"@type\":\"BreadcrumbList\",\"@id\":\"https:\/\/aumarche.biz\/bf\/index.php\/produit\/phone-ip-grandstream-gxp2170\/#breadcrumb\",\"itemListElement\":[{\"@type\":\"ListItem\",\"position\":1,\"name\":\"Accueil\",\"item\":\"https:\/\/aumarche.biz\/bf\/\"},{\"@type\":\"ListItem\",\"position\":2,\"name\":\"Boutique\",\"item\":\"https:\/\/aumarche.biz\/bf\/index.php\/boutique\/\"},{\"@type\":\"ListItem\",\"position\":3,\"name\":\"PHONE IP GRANDSTREAM GXP2170\"}]},{\"@type\":\"WebSite\",\"@id\":\"https:\/\/aumarche.biz\/bf\/#website\",\"url\":\"https:\/\/aumarche.biz\/bf\/\",\"name\":\"aumarche.biz\",\"description\":\"Vendre et acheter autrement\",\"publisher\":{\"@id\":\"https:\/\/aumarche.biz\/bf\/#organization\"},\"potentialAction\":[{\"@type\":\"SearchAction\",\"target\":{\"@type\":\"EntryPoint\",\"urlTemplate\":\"https:\/\/aumarche.biz\/bf\/?s={search_term_string}\"},\"query-input\":{\"@type\":\"PropertyValueSpecification\",\"valueRequired\":true,\"valueName\":\"search_term_string\"}}],\"inLanguage\":\"fr-FR\"},{\"@type\":\"Organization\",\"@id\":\"https:\/\/aumarche.biz\/bf\/#organization\",\"name\":\"aumarche.biz\",\"url\":\"https:\/\/aumarche.biz\/bf\/\",\"logo\":{\"@type\":\"ImageObject\",\"inLanguage\":\"fr-FR\",\"@id\":\"https:\/\/aumarche.biz\/bf\/#\/schema\/logo\/image\/\",\"url\":\"https:\/\/aumarche.biz\/bf\/wp-content\/uploads\/2023\/09\/favicone.png\",\"contentUrl\":\"https:\/\/aumarche.biz\/bf\/wp-content\/uploads\/2023\/09\/favicone.png\",\"width\":64,\"height\":64,\"caption\":\"aumarche.biz\"},\"image\":{\"@id\":\"https:\/\/aumarche.biz\/bf\/#\/schema\/logo\/image\/\"},\"sameAs\":[\"https:\/\/www.facebook.com\/aumarchebf\"]}]}<\/script>\n<!-- \/ Yoast SEO plugin. -->","yoast_head_json":{"title":"PHONE IP GRANDSTREAM GXP2170 - AU MARCHE BURKINA","robots":{"index":"noindex","follow":"follow","max-snippet":"max-snippet:-1","max-image-preview":"max-image-preview:large","max-video-preview":"max-video-preview:-1"},"og_locale":"fr_FR","og_type":"article","og_title":"PHONE IP GRANDSTREAM GXP2170 - AU MARCHE BURKINA","og_description":"Le t\u00e9l\u00e9phone IP Grandstream GXP2170 est un t\u00e9l\u00e9phone de qualit\u00e9 professionnelle haut de gamme con\u00e7u pour les utilisateurs qui g\u00e8rent un volume d'appels \u00e9lev\u00e9. Les caract\u00e9ristiques cl\u00e9s incluent : 12 touches de ligne et prise en charge de 6 comptes SIP pour une gestion efficace des appels. Un \u00e9cran couleur de 4,3 pouces pour une navigation et une visibilit\u00e9 faciles. Qualit\u00e9 audio HD et fonctionnalit\u00e9s t\u00e9l\u00e9phoniques avanc\u00e9es, le rendant adapt\u00e9 aux environnements professionnels. Prise en charge de 48 touches BLF\/num\u00e9rotation rapide num\u00e9riques \u00e0 l'\u00e9cran et compatibilit\u00e9 avec le module d'extension GXP2200EXT de Grandstream. Con\u00e7u pour une large interop\u00e9rabilit\u00e9 avec la plupart des appareils et plateformes SIP tiers. Pour des sp\u00e9cifications plus d\u00e9taill\u00e9es, vous pouvez vous r\u00e9f\u00e9rer au site officiel.","og_url":"https:\/\/aumarche.biz\/bf\/index.php\/produit\/phone-ip-grandstream-gxp2170\/","og_site_name":"AU MARCHE BURKINA","article_publisher":"https:\/\/www.facebook.com\/aumarchebf","og_image":[{"width":1100,"height":994,"url":"https:\/\/aumarche.biz\/bf\/wp-content\/uploads\/2025\/09\/R.jpg","type":"image\/jpeg"}],"twitter_card":"summary_large_image","twitter_misc":{"Dur\u00e9e de lecture estim\u00e9e":"1 minute"},"schema":{"@context":"https:\/\/schema.org","@graph":[{"@type":"WebPage","@id":"https:\/\/aumarche.biz\/bf\/index.php\/produit\/phone-ip-grandstream-gxp2170\/","url":"https:\/\/aumarche.biz\/bf\/index.php\/produit\/phone-ip-grandstream-gxp2170\/","name":"PHONE IP GRANDSTREAM GXP2170 - AU MARCHE BURKINA","isPartOf":{"@id":"https:\/\/aumarche.biz\/bf\/#website"},"primaryImageOfPage":{"@id":"https:\/\/aumarche.biz\/bf\/index.php\/produit\/phone-ip-grandstream-gxp2170\/#primaryimage"},"image":{"@id":"https:\/\/aumarche.biz\/bf\/index.php\/produit\/phone-ip-grandstream-gxp2170\/#primaryimage"},"thumbnailUrl":"https:\/\/aumarche.biz\/bf\/wp-content\/uploads\/2025\/09\/R.jpg","datePublished":"2025-09-19T10:20:34+00:00","breadcrumb":{"@id":"https:\/\/aumarche.biz\/bf\/index.php\/produit\/phone-ip-grandstream-gxp2170\/#breadcrumb"},"inLanguage":"fr-FR","potentialAction":[{"@type":"ReadAction","target":["https:\/\/aumarche.biz\/bf\/index.php\/produit\/phone-ip-grandstream-gxp2170\/"]}]},{"@type":"ImageObject","inLanguage":"fr-FR","@id":"https:\/\/aumarche.biz\/bf\/index.php\/produit\/phone-ip-grandstream-gxp2170\/#primaryimage","url":"https:\/\/aumarche.biz\/bf\/wp-content\/uploads\/2025\/09\/R.jpg","contentUrl":"https:\/\/aumarche.biz\/bf\/wp-content\/uploads\/2025\/09\/R.jpg","width":1100,"height":994},{"@type":"BreadcrumbList","@id":"https:\/\/aumarche.biz\/bf\/index.php\/produit\/phone-ip-grandstream-gxp2170\/#breadcrumb","itemListElement":[{"@type":"ListItem","position":1,"name":"Accueil","item":"https:\/\/aumarche.biz\/bf\/"},{"@type":"ListItem","position":2,"name":"Boutique","item":"https:\/\/aumarche.biz\/bf\/index.php\/boutique\/"},{"@type":"ListItem","position":3,"name":"PHONE IP GRANDSTREAM GXP2170"}]},{"@type":"WebSite","@id":"https:\/\/aumarche.biz\/bf\/#website","url":"https:\/\/aumarche.biz\/bf\/","name":"aumarche.biz","description":"Vendre et acheter autrement","publisher":{"@id":"https:\/\/aumarche.biz\/bf\/#organization"},"potentialAction":[{"@type":"SearchAction","target":{"@type":"EntryPoint","urlTemplate":"https:\/\/aumarche.biz\/bf\/?s={search_term_string}"},"query-input":{"@type":"PropertyValueSpecification","valueRequired":true,"valueName":"search_term_string"}}],"inLanguage":"fr-FR"},{"@type":"Organization","@id":"https:\/\/aumarche.biz\/bf\/#organization","name":"aumarche.biz","url":"https:\/\/aumarche.biz\/bf\/","logo":{"@type":"ImageObject","inLanguage":"fr-FR","@id":"https:\/\/aumarche.biz\/bf\/#\/schema\/logo\/image\/","url":"https:\/\/aumarche.biz\/bf\/wp-content\/uploads\/2023\/09\/favicone.png","contentUrl":"https:\/\/aumarche.biz\/bf\/wp-content\/uploads\/2023\/09\/favicone.png","width":64,"height":64,"caption":"aumarche.biz"},"image":{"@id":"https:\/\/aumarche.biz\/bf\/#\/schema\/logo\/image\/"},"sameAs":["https:\/\/www.facebook.com\/aumarchebf"]}]}},"_links":{"self":[{"href":"https:\/\/aumarche.biz\/bf\/index.php\/wp-json\/wp\/v2\/product\/5533","targetHints":{"allow":["GET"]}}],"collection":[{"href":"https:\/\/aumarche.biz\/bf\/index.php\/wp-json\/wp\/v2\/product"}],"about":[{"href":"https:\/\/aumarche.biz\/bf\/index.php\/wp-json\/wp\/v2\/types\/product"}],"wp:featuredmedia":[{"embeddable":true,"href":"https:\/\/aumarche.biz\/bf\/index.php\/wp-json\/wp\/v2\/media\/5532"}],"wp:attachment":[{"href":"https:\/\/aumarche.biz\/bf\/index.php\/wp-json\/wp\/v2\/media?parent=5533"}],"wp:term":[{"taxonomy":"product_cat","embeddable":true,"href":"https:\/\/aumarche.biz\/bf\/index.php\/wp-json\/wp\/v2\/product_cat?post=5533"},{"taxonomy":"product_tag","embeddable":true,"href":"https:\/\/aumarche.biz\/bf\/index.php\/wp-json\/wp\/v2\/product_tag?post=5533"}],"curies":[{"name":"wp","href":"https:\/\/api.w.org\/{rel}","templated":true}]}}