{"id":5535,"date":"2025-09-19T10:29:05","date_gmt":"2025-09-19T10:29:05","guid":{"rendered":"https:\/\/aumarche.biz\/bf\/index.php\/produit\/pabx-grandstream-ucm6301\/"},"modified":"2025-09-19T10:29:06","modified_gmt":"2025-09-19T10:29:06","slug":"pabx-grandstream-ucm6301","status":"publish","type":"product","link":"https:\/\/aumarche.biz\/bf\/index.php\/produit\/pabx-grandstream-ucm6301\/","title":{"rendered":"PABX GRANDSTREAM UCM6301"},"content":{"rendered":"<p><span style=\"font-family: Roboto, sans-serif;font-size: 18px\">La s\u00e9rie UCM6300 permet aux entreprises de construire des solutions de communication et de collaboration unifi\u00e9es puissantes et \u00e9volutives. Cette s\u00e9rie de PBX IP offre une plateforme qui unifie toutes les communications professionnelles sur un r\u00e9seau centralis\u00e9, y compris la voix, les appels vid\u00e9o, la vid\u00e9oconf\u00e9rence, la vid\u00e9osurveillance, les r\u00e9unions en ligne, les donn\u00e9es, l&rsquo;analyse, la mobilit\u00e9, l&rsquo;acc\u00e8s aux locaux, les interphones et plus encore. La s\u00e9rie UCM6300 prend en charge jusqu&rsquo;\u00e0 3000 utilisateurs et comprend une solution int\u00e9gr\u00e9e de r\u00e9unions en ligne et de vid\u00e9oconf\u00e9rence qui permet aux employ\u00e9s de se connecter depuis leur bureau, leur mobile, les appareils de la s\u00e9rie GVC et les t\u00e9l\u00e9phones IP. Elle peut \u00eatre associ\u00e9e \u00e0 l&rsquo;\u00e9cosyst\u00e8me UCM6300 pour offrir une plateforme hybride qui combine le contr\u00f4le d&rsquo;un PBX IP sur site avec l&rsquo;acc\u00e8s distant d&rsquo;une solution cloud. L&rsquo;\u00e9cosyst\u00e8me UCM6300 se compose de l&rsquo;application Wave pour le web et mobile, qui fournit un hub pour collaborer \u00e0 distance, et de UCM RemoteConnect, un service de traversal NAT cloud pour garantir des connexions s\u00e9curis\u00e9es \u00e0 distance. La s\u00e9rie UCM6300 propose \u00e9galement un param\u00e9trage cloud.<\/span><\/p>\n","protected":false},"excerpt":{"rendered":"<p><span style=\"font-family: Roboto, sans-serif;font-size: 18px\">La s\u00e9rie UCM6300 permet aux entreprises de construire des solutions de communication et de collaboration unifi\u00e9es puissantes et \u00e9volutives. Cette s\u00e9rie de PBX IP offre une plateforme qui unifie toutes les communications professionnelles sur un r\u00e9seau centralis\u00e9, y compris la voix, les appels vid\u00e9o, la vid\u00e9oconf\u00e9rence, la vid\u00e9osurveillance, les r\u00e9unions en ligne, les donn\u00e9es, l&rsquo;analyse, la mobilit\u00e9, l&rsquo;acc\u00e8s aux locaux, les interphones et plus encore. La s\u00e9rie UCM6300 prend en charge jusqu&rsquo;\u00e0 3000 utilisateurs et comprend une solution int\u00e9gr\u00e9e de r\u00e9unions en ligne et de vid\u00e9oconf\u00e9rence qui permet aux employ\u00e9s de se connecter depuis leur bureau, leur mobile, les appareils de la s\u00e9rie GVC et les t\u00e9l\u00e9phones IP. Elle peut \u00eatre associ\u00e9e \u00e0 l&rsquo;\u00e9cosyst\u00e8me UCM6300 pour offrir une plateforme hybride qui combine le contr\u00f4le d&rsquo;un PBX IP sur site avec l&rsquo;acc\u00e8s distant d&rsquo;une solution cloud. L&rsquo;\u00e9cosyst\u00e8me UCM6300 se compose de l&rsquo;application Wave pour le web et mobile, qui fournit un hub pour collaborer \u00e0 distance, et de UCM RemoteConnect, un service de traversal NAT cloud pour garantir des connexions s\u00e9curis\u00e9es \u00e0 distance. La s\u00e9rie UCM6300 propose \u00e9galement un param\u00e9trage cloud.<\/span><\/p>\n","protected":false},"featured_media":5534,"template":"","meta":[],"product_cat":[264],"product_tag":[],"class_list":{"0":"post-5535","1":"product","2":"type-product","3":"status-publish","4":"has-post-thumbnail","6":"product_cat-high-tech","8":"first","9":"instock","10":"sale","11":"taxable","12":"shipping-taxable","13":"purchasable","14":"product-type-simple","15":"col-xs-6 col-sm-4","16":"col-md-3 col-lg-3","17":"un-4-cols"},"yoast_head":"<!-- This site is optimized with the Yoast SEO plugin v26.9 - https:\/\/yoast.com\/product\/yoast-seo-wordpress\/ -->\n<title>PABX GRANDSTREAM UCM6301 - AU MARCHE BURKINA<\/title>\n<meta name=\"robots\" content=\"noindex, follow, max-snippet:-1, max-image-preview:large, max-video-preview:-1\" \/>\n<meta property=\"og:locale\" content=\"fr_FR\" \/>\n<meta property=\"og:type\" content=\"article\" \/>\n<meta property=\"og:title\" content=\"PABX GRANDSTREAM UCM6301 - AU MARCHE BURKINA\" \/>\n<meta property=\"og:description\" content=\"La s\u00e9rie UCM6300 permet aux entreprises de construire des solutions de communication et de collaboration unifi\u00e9es puissantes et \u00e9volutives. Cette s\u00e9rie de PBX IP offre une plateforme qui unifie toutes les communications professionnelles sur un r\u00e9seau centralis\u00e9, y compris la voix, les appels vid\u00e9o, la vid\u00e9oconf\u00e9rence, la vid\u00e9osurveillance, les r\u00e9unions en ligne, les donn\u00e9es, l&#039;analyse, la mobilit\u00e9, l&#039;acc\u00e8s aux locaux, les interphones et plus encore. La s\u00e9rie UCM6300 prend en charge jusqu&#039;\u00e0 3000 utilisateurs et comprend une solution int\u00e9gr\u00e9e de r\u00e9unions en ligne et de vid\u00e9oconf\u00e9rence qui permet aux employ\u00e9s de se connecter depuis leur bureau, leur mobile, les appareils de la s\u00e9rie GVC et les t\u00e9l\u00e9phones IP. Elle peut \u00eatre associ\u00e9e \u00e0 l&#039;\u00e9cosyst\u00e8me UCM6300 pour offrir une plateforme hybride qui combine le contr\u00f4le d&#039;un PBX IP sur site avec l&#039;acc\u00e8s distant d&#039;une solution cloud. L&#039;\u00e9cosyst\u00e8me UCM6300 se compose de l&#039;application Wave pour le web et mobile, qui fournit un hub pour collaborer \u00e0 distance, et de UCM RemoteConnect, un service de traversal NAT cloud pour garantir des connexions s\u00e9curis\u00e9es \u00e0 distance. La s\u00e9rie UCM6300 propose \u00e9galement un param\u00e9trage cloud.\" \/>\n<meta property=\"og:url\" content=\"https:\/\/aumarche.biz\/bf\/index.php\/produit\/pabx-grandstream-ucm6301\/\" \/>\n<meta property=\"og:site_name\" content=\"AU MARCHE BURKINA\" \/>\n<meta property=\"article:publisher\" content=\"https:\/\/www.facebook.com\/aumarchebf\" \/>\n<meta property=\"article:modified_time\" content=\"2025-09-19T10:29:06+00:00\" \/>\n<meta property=\"og:image\" content=\"https:\/\/aumarche.biz\/bf\/wp-content\/uploads\/2025\/09\/41k3KmYhhyL._AC_SL1120_.jpg\" \/>\n\t<meta property=\"og:image:width\" content=\"1028\" \/>\n\t<meta property=\"og:image:height\" content=\"616\" \/>\n\t<meta property=\"og:image:type\" content=\"image\/jpeg\" \/>\n<meta name=\"twitter:card\" content=\"summary_large_image\" \/>\n<meta name=\"twitter:label1\" content=\"Dur\u00e9e de lecture estim\u00e9e\" \/>\n\t<meta name=\"twitter:data1\" content=\"1 minute\" \/>\n<script type=\"application\/ld+json\" class=\"yoast-schema-graph\">{\"@context\":\"https:\/\/schema.org\",\"@graph\":[{\"@type\":\"WebPage\",\"@id\":\"https:\/\/aumarche.biz\/bf\/index.php\/produit\/pabx-grandstream-ucm6301\/\",\"url\":\"https:\/\/aumarche.biz\/bf\/index.php\/produit\/pabx-grandstream-ucm6301\/\",\"name\":\"PABX GRANDSTREAM UCM6301 - AU MARCHE BURKINA\",\"isPartOf\":{\"@id\":\"https:\/\/aumarche.biz\/bf\/#website\"},\"primaryImageOfPage\":{\"@id\":\"https:\/\/aumarche.biz\/bf\/index.php\/produit\/pabx-grandstream-ucm6301\/#primaryimage\"},\"image\":{\"@id\":\"https:\/\/aumarche.biz\/bf\/index.php\/produit\/pabx-grandstream-ucm6301\/#primaryimage\"},\"thumbnailUrl\":\"https:\/\/aumarche.biz\/bf\/wp-content\/uploads\/2025\/09\/41k3KmYhhyL._AC_SL1120_.jpg\",\"datePublished\":\"2025-09-19T10:29:05+00:00\",\"dateModified\":\"2025-09-19T10:29:06+00:00\",\"breadcrumb\":{\"@id\":\"https:\/\/aumarche.biz\/bf\/index.php\/produit\/pabx-grandstream-ucm6301\/#breadcrumb\"},\"inLanguage\":\"fr-FR\",\"potentialAction\":[{\"@type\":\"ReadAction\",\"target\":[\"https:\/\/aumarche.biz\/bf\/index.php\/produit\/pabx-grandstream-ucm6301\/\"]}]},{\"@type\":\"ImageObject\",\"inLanguage\":\"fr-FR\",\"@id\":\"https:\/\/aumarche.biz\/bf\/index.php\/produit\/pabx-grandstream-ucm6301\/#primaryimage\",\"url\":\"https:\/\/aumarche.biz\/bf\/wp-content\/uploads\/2025\/09\/41k3KmYhhyL._AC_SL1120_.jpg\",\"contentUrl\":\"https:\/\/aumarche.biz\/bf\/wp-content\/uploads\/2025\/09\/41k3KmYhhyL._AC_SL1120_.jpg\",\"width\":1028,\"height\":616},{\"@type\":\"BreadcrumbList\",\"@id\":\"https:\/\/aumarche.biz\/bf\/index.php\/produit\/pabx-grandstream-ucm6301\/#breadcrumb\",\"itemListElement\":[{\"@type\":\"ListItem\",\"position\":1,\"name\":\"Accueil\",\"item\":\"https:\/\/aumarche.biz\/bf\/\"},{\"@type\":\"ListItem\",\"position\":2,\"name\":\"Boutique\",\"item\":\"https:\/\/aumarche.biz\/bf\/index.php\/boutique\/\"},{\"@type\":\"ListItem\",\"position\":3,\"name\":\"PABX GRANDSTREAM UCM6301\"}]},{\"@type\":\"WebSite\",\"@id\":\"https:\/\/aumarche.biz\/bf\/#website\",\"url\":\"https:\/\/aumarche.biz\/bf\/\",\"name\":\"aumarche.biz\",\"description\":\"Vendre et acheter autrement\",\"publisher\":{\"@id\":\"https:\/\/aumarche.biz\/bf\/#organization\"},\"potentialAction\":[{\"@type\":\"SearchAction\",\"target\":{\"@type\":\"EntryPoint\",\"urlTemplate\":\"https:\/\/aumarche.biz\/bf\/?s={search_term_string}\"},\"query-input\":{\"@type\":\"PropertyValueSpecification\",\"valueRequired\":true,\"valueName\":\"search_term_string\"}}],\"inLanguage\":\"fr-FR\"},{\"@type\":\"Organization\",\"@id\":\"https:\/\/aumarche.biz\/bf\/#organization\",\"name\":\"aumarche.biz\",\"url\":\"https:\/\/aumarche.biz\/bf\/\",\"logo\":{\"@type\":\"ImageObject\",\"inLanguage\":\"fr-FR\",\"@id\":\"https:\/\/aumarche.biz\/bf\/#\/schema\/logo\/image\/\",\"url\":\"https:\/\/aumarche.biz\/bf\/wp-content\/uploads\/2023\/09\/favicone.png\",\"contentUrl\":\"https:\/\/aumarche.biz\/bf\/wp-content\/uploads\/2023\/09\/favicone.png\",\"width\":64,\"height\":64,\"caption\":\"aumarche.biz\"},\"image\":{\"@id\":\"https:\/\/aumarche.biz\/bf\/#\/schema\/logo\/image\/\"},\"sameAs\":[\"https:\/\/www.facebook.com\/aumarchebf\"]}]}<\/script>\n<!-- \/ Yoast SEO plugin. -->","yoast_head_json":{"title":"PABX GRANDSTREAM UCM6301 - AU MARCHE BURKINA","robots":{"index":"noindex","follow":"follow","max-snippet":"max-snippet:-1","max-image-preview":"max-image-preview:large","max-video-preview":"max-video-preview:-1"},"og_locale":"fr_FR","og_type":"article","og_title":"PABX GRANDSTREAM UCM6301 - AU MARCHE BURKINA","og_description":"La s\u00e9rie UCM6300 permet aux entreprises de construire des solutions de communication et de collaboration unifi\u00e9es puissantes et \u00e9volutives. Cette s\u00e9rie de PBX IP offre une plateforme qui unifie toutes les communications professionnelles sur un r\u00e9seau centralis\u00e9, y compris la voix, les appels vid\u00e9o, la vid\u00e9oconf\u00e9rence, la vid\u00e9osurveillance, les r\u00e9unions en ligne, les donn\u00e9es, l'analyse, la mobilit\u00e9, l'acc\u00e8s aux locaux, les interphones et plus encore. La s\u00e9rie UCM6300 prend en charge jusqu'\u00e0 3000 utilisateurs et comprend une solution int\u00e9gr\u00e9e de r\u00e9unions en ligne et de vid\u00e9oconf\u00e9rence qui permet aux employ\u00e9s de se connecter depuis leur bureau, leur mobile, les appareils de la s\u00e9rie GVC et les t\u00e9l\u00e9phones IP. Elle peut \u00eatre associ\u00e9e \u00e0 l'\u00e9cosyst\u00e8me UCM6300 pour offrir une plateforme hybride qui combine le contr\u00f4le d'un PBX IP sur site avec l'acc\u00e8s distant d'une solution cloud. L'\u00e9cosyst\u00e8me UCM6300 se compose de l'application Wave pour le web et mobile, qui fournit un hub pour collaborer \u00e0 distance, et de UCM RemoteConnect, un service de traversal NAT cloud pour garantir des connexions s\u00e9curis\u00e9es \u00e0 distance. La s\u00e9rie UCM6300 propose \u00e9galement un param\u00e9trage cloud.","og_url":"https:\/\/aumarche.biz\/bf\/index.php\/produit\/pabx-grandstream-ucm6301\/","og_site_name":"AU MARCHE BURKINA","article_publisher":"https:\/\/www.facebook.com\/aumarchebf","article_modified_time":"2025-09-19T10:29:06+00:00","og_image":[{"width":1028,"height":616,"url":"https:\/\/aumarche.biz\/bf\/wp-content\/uploads\/2025\/09\/41k3KmYhhyL._AC_SL1120_.jpg","type":"image\/jpeg"}],"twitter_card":"summary_large_image","twitter_misc":{"Dur\u00e9e de lecture estim\u00e9e":"1 minute"},"schema":{"@context":"https:\/\/schema.org","@graph":[{"@type":"WebPage","@id":"https:\/\/aumarche.biz\/bf\/index.php\/produit\/pabx-grandstream-ucm6301\/","url":"https:\/\/aumarche.biz\/bf\/index.php\/produit\/pabx-grandstream-ucm6301\/","name":"PABX GRANDSTREAM UCM6301 - AU MARCHE BURKINA","isPartOf":{"@id":"https:\/\/aumarche.biz\/bf\/#website"},"primaryImageOfPage":{"@id":"https:\/\/aumarche.biz\/bf\/index.php\/produit\/pabx-grandstream-ucm6301\/#primaryimage"},"image":{"@id":"https:\/\/aumarche.biz\/bf\/index.php\/produit\/pabx-grandstream-ucm6301\/#primaryimage"},"thumbnailUrl":"https:\/\/aumarche.biz\/bf\/wp-content\/uploads\/2025\/09\/41k3KmYhhyL._AC_SL1120_.jpg","datePublished":"2025-09-19T10:29:05+00:00","dateModified":"2025-09-19T10:29:06+00:00","breadcrumb":{"@id":"https:\/\/aumarche.biz\/bf\/index.php\/produit\/pabx-grandstream-ucm6301\/#breadcrumb"},"inLanguage":"fr-FR","potentialAction":[{"@type":"ReadAction","target":["https:\/\/aumarche.biz\/bf\/index.php\/produit\/pabx-grandstream-ucm6301\/"]}]},{"@type":"ImageObject","inLanguage":"fr-FR","@id":"https:\/\/aumarche.biz\/bf\/index.php\/produit\/pabx-grandstream-ucm6301\/#primaryimage","url":"https:\/\/aumarche.biz\/bf\/wp-content\/uploads\/2025\/09\/41k3KmYhhyL._AC_SL1120_.jpg","contentUrl":"https:\/\/aumarche.biz\/bf\/wp-content\/uploads\/2025\/09\/41k3KmYhhyL._AC_SL1120_.jpg","width":1028,"height":616},{"@type":"BreadcrumbList","@id":"https:\/\/aumarche.biz\/bf\/index.php\/produit\/pabx-grandstream-ucm6301\/#breadcrumb","itemListElement":[{"@type":"ListItem","position":1,"name":"Accueil","item":"https:\/\/aumarche.biz\/bf\/"},{"@type":"ListItem","position":2,"name":"Boutique","item":"https:\/\/aumarche.biz\/bf\/index.php\/boutique\/"},{"@type":"ListItem","position":3,"name":"PABX GRANDSTREAM UCM6301"}]},{"@type":"WebSite","@id":"https:\/\/aumarche.biz\/bf\/#website","url":"https:\/\/aumarche.biz\/bf\/","name":"aumarche.biz","description":"Vendre et acheter autrement","publisher":{"@id":"https:\/\/aumarche.biz\/bf\/#organization"},"potentialAction":[{"@type":"SearchAction","target":{"@type":"EntryPoint","urlTemplate":"https:\/\/aumarche.biz\/bf\/?s={search_term_string}"},"query-input":{"@type":"PropertyValueSpecification","valueRequired":true,"valueName":"search_term_string"}}],"inLanguage":"fr-FR"},{"@type":"Organization","@id":"https:\/\/aumarche.biz\/bf\/#organization","name":"aumarche.biz","url":"https:\/\/aumarche.biz\/bf\/","logo":{"@type":"ImageObject","inLanguage":"fr-FR","@id":"https:\/\/aumarche.biz\/bf\/#\/schema\/logo\/image\/","url":"https:\/\/aumarche.biz\/bf\/wp-content\/uploads\/2023\/09\/favicone.png","contentUrl":"https:\/\/aumarche.biz\/bf\/wp-content\/uploads\/2023\/09\/favicone.png","width":64,"height":64,"caption":"aumarche.biz"},"image":{"@id":"https:\/\/aumarche.biz\/bf\/#\/schema\/logo\/image\/"},"sameAs":["https:\/\/www.facebook.com\/aumarchebf"]}]}},"_links":{"self":[{"href":"https:\/\/aumarche.biz\/bf\/index.php\/wp-json\/wp\/v2\/product\/5535","targetHints":{"allow":["GET"]}}],"collection":[{"href":"https:\/\/aumarche.biz\/bf\/index.php\/wp-json\/wp\/v2\/product"}],"about":[{"href":"https:\/\/aumarche.biz\/bf\/index.php\/wp-json\/wp\/v2\/types\/product"}],"wp:featuredmedia":[{"embeddable":true,"href":"https:\/\/aumarche.biz\/bf\/index.php\/wp-json\/wp\/v2\/media\/5534"}],"wp:attachment":[{"href":"https:\/\/aumarche.biz\/bf\/index.php\/wp-json\/wp\/v2\/media?parent=5535"}],"wp:term":[{"taxonomy":"product_cat","embeddable":true,"href":"https:\/\/aumarche.biz\/bf\/index.php\/wp-json\/wp\/v2\/product_cat?post=5535"},{"taxonomy":"product_tag","embeddable":true,"href":"https:\/\/aumarche.biz\/bf\/index.php\/wp-json\/wp\/v2\/product_tag?post=5535"}],"curies":[{"name":"wp","href":"https:\/\/api.w.org\/{rel}","templated":true}]}}