{"id":5537,"date":"2025-09-19T10:48:13","date_gmt":"2025-09-19T10:48:13","guid":{"rendered":"https:\/\/aumarche.biz\/bf\/index.php\/produit\/plaque-solaire-de-280-w-165088015\/"},"modified":"2025-09-19T10:48:13","modified_gmt":"2025-09-19T10:48:13","slug":"plaque-solaire-de-280-w-165088015","status":"publish","type":"product","link":"https:\/\/aumarche.biz\/bf\/index.php\/produit\/plaque-solaire-de-280-w-165088015\/","title":{"rendered":"Plaque Solaire de 280 W (1650*880*15)"},"content":{"rendered":"<ul>\n<li>Coefficient tension-temp\u00e9rature favorable pour une utilisation \u00e0 des temp\u00e9ratures \u00e9lev\u00e9es.<\/li>\n<li>Performances exceptionnelles en faible irradiation et sensibilit\u00e9 \u00e9lev\u00e9e \u00e0 tout le spectre solaire.<\/li>\n<li>25 ans de garantie limit\u00e9e de performance et de puissance.<\/li>\n<li>5 ans de garantie limit\u00e9e sur mat\u00e9riaux et ouvrage.<\/li>\n<li>Bo\u00eete de raccordement multifonctionnelle scell\u00e9e \u00e9tanche pour un niveau de s\u00e9curit\u00e9 \u00e9lev\u00e9.<\/li>\n<li>Diodes de d\u00e9rivation haute-performance pour une meilleure protection contre les effets de point chaud en cas d&rsquo;occultation partielle.<\/li>\n<li>Proc\u00e9d\u00e9 d&rsquo;encapsulation avanc\u00e9 EVA (Ethyl\u00e8ne-ac\u00e9tate de vinyle) avec face inf\u00e9rieure tri-couche r\u00e9pondant aux exigences les plus s\u00e9v\u00e8res de s\u00e9curit\u00e9 haute-tension.<\/li>\n<li>Cadre robuste en aluminium anodis\u00e9 pour assemblage facile, compatible avec une grande diversit\u00e9 de structures de montage du march\u00e9.<\/li>\n<li>Face sup\u00e9rieure en verre tremp\u00e9 \u00e0 haute transmissibilit\u00e9 pour une rigidit\u00e9 accrue et une excellente r\u00e9sistance aux impacts.<\/li>\n<\/ul>\n","protected":false},"excerpt":{"rendered":"<ul>\n<li>Coefficient tension-temp\u00e9rature favorable pour une utilisation \u00e0 des temp\u00e9ratures \u00e9lev\u00e9es.<\/li>\n<li>Performances exceptionnelles en faible irradiation et sensibilit\u00e9 \u00e9lev\u00e9e \u00e0 tout le spectre solaire.<\/li>\n<li>25 ans de garantie limit\u00e9e de performance et de puissance.<\/li>\n<li>5 ans de garantie limit\u00e9e sur mat\u00e9riaux et ouvrage.<\/li>\n<li>Bo\u00eete de raccordement multifonctionnelle scell\u00e9e \u00e9tanche pour un niveau de s\u00e9curit\u00e9 \u00e9lev\u00e9.<\/li>\n<li>Diodes de d\u00e9rivation haute-performance pour une meilleure protection contre les effets de point chaud en cas d&rsquo;occultation partielle.<\/li>\n<li>Proc\u00e9d\u00e9 d&rsquo;encapsulation avanc\u00e9 EVA (Ethyl\u00e8ne-ac\u00e9tate de vinyle) avec face inf\u00e9rieure tri-couche r\u00e9pondant aux exigences les plus s\u00e9v\u00e8res de s\u00e9curit\u00e9 haute-tension.<\/li>\n<li>Cadre robuste en aluminium anodis\u00e9 pour assemblage facile, compatible avec une grande diversit\u00e9 de structures de montage du march\u00e9.<\/li>\n<li>Face sup\u00e9rieure en verre tremp\u00e9 \u00e0 haute transmissibilit\u00e9 pour une rigidit\u00e9 accrue et une excellente r\u00e9sistance aux impacts.<\/li>\n<\/ul>\n","protected":false},"featured_media":5536,"template":"","meta":[],"product_cat":[],"product_tag":[],"class_list":{"0":"post-5537","1":"product","2":"type-product","3":"status-publish","4":"has-post-thumbnail","7":"first","8":"instock","9":"sale","10":"taxable","11":"shipping-taxable","12":"purchasable","13":"product-type-simple","14":"col-xs-6 col-sm-4","15":"col-md-3 col-lg-3","16":"un-4-cols"},"yoast_head":"<!-- This site is optimized with the Yoast SEO plugin v26.9 - https:\/\/yoast.com\/product\/yoast-seo-wordpress\/ -->\n<title>Plaque Solaire de 280 W (1650*880*15) - AU MARCHE BURKINA<\/title>\n<meta name=\"robots\" content=\"noindex, follow, max-snippet:-1, max-image-preview:large, max-video-preview:-1\" \/>\n<meta property=\"og:locale\" content=\"fr_FR\" \/>\n<meta property=\"og:type\" content=\"article\" \/>\n<meta property=\"og:title\" content=\"Plaque Solaire de 280 W (1650*880*15) - AU MARCHE BURKINA\" \/>\n<meta property=\"og:description\" content=\"Coefficient tension-temp\u00e9rature favorable pour une utilisation \u00e0 des temp\u00e9ratures \u00e9lev\u00e9es.Performances exceptionnelles en faible irradiation et sensibilit\u00e9 \u00e9lev\u00e9e \u00e0 tout le spectre solaire.25 ans de garantie limit\u00e9e de performance et de puissance.5 ans de garantie limit\u00e9e sur mat\u00e9riaux et ouvrage.Bo\u00eete de raccordement multifonctionnelle scell\u00e9e \u00e9tanche pour un niveau de s\u00e9curit\u00e9 \u00e9lev\u00e9.Diodes de d\u00e9rivation haute-performance pour une meilleure protection contre les effets de point chaud en cas d&#039;occultation partielle.Proc\u00e9d\u00e9 d&#039;encapsulation avanc\u00e9 EVA (Ethyl\u00e8ne-ac\u00e9tate de vinyle) avec face inf\u00e9rieure tri-couche r\u00e9pondant aux exigences les plus s\u00e9v\u00e8res de s\u00e9curit\u00e9 haute-tension.Cadre robuste en aluminium anodis\u00e9 pour assemblage facile, compatible avec une grande diversit\u00e9 de structures de montage du march\u00e9.Face sup\u00e9rieure en verre tremp\u00e9 \u00e0 haute transmissibilit\u00e9 pour une rigidit\u00e9 accrue et une excellente r\u00e9sistance aux impacts.\" \/>\n<meta property=\"og:url\" content=\"https:\/\/aumarche.biz\/bf\/index.php\/produit\/plaque-solaire-de-280-w-165088015\/\" \/>\n<meta property=\"og:site_name\" content=\"AU MARCHE BURKINA\" \/>\n<meta property=\"article:publisher\" content=\"https:\/\/www.facebook.com\/aumarchebf\" \/>\n<meta property=\"og:image\" content=\"https:\/\/aumarche.biz\/bf\/wp-content\/uploads\/2025\/09\/OIP-5.webp\" \/>\n\t<meta property=\"og:image:width\" content=\"474\" \/>\n\t<meta property=\"og:image:height\" content=\"474\" \/>\n\t<meta property=\"og:image:type\" content=\"image\/webp\" \/>\n<meta name=\"twitter:card\" content=\"summary_large_image\" \/>\n<meta name=\"twitter:label1\" content=\"Dur\u00e9e de lecture estim\u00e9e\" \/>\n\t<meta name=\"twitter:data1\" content=\"1 minute\" \/>\n<script type=\"application\/ld+json\" class=\"yoast-schema-graph\">{\"@context\":\"https:\/\/schema.org\",\"@graph\":[{\"@type\":\"WebPage\",\"@id\":\"https:\/\/aumarche.biz\/bf\/index.php\/produit\/plaque-solaire-de-280-w-165088015\/\",\"url\":\"https:\/\/aumarche.biz\/bf\/index.php\/produit\/plaque-solaire-de-280-w-165088015\/\",\"name\":\"Plaque Solaire de 280 W (1650*880*15) - AU MARCHE BURKINA\",\"isPartOf\":{\"@id\":\"https:\/\/aumarche.biz\/bf\/#website\"},\"primaryImageOfPage\":{\"@id\":\"https:\/\/aumarche.biz\/bf\/index.php\/produit\/plaque-solaire-de-280-w-165088015\/#primaryimage\"},\"image\":{\"@id\":\"https:\/\/aumarche.biz\/bf\/index.php\/produit\/plaque-solaire-de-280-w-165088015\/#primaryimage\"},\"thumbnailUrl\":\"https:\/\/aumarche.biz\/bf\/wp-content\/uploads\/2025\/09\/OIP-5.webp\",\"datePublished\":\"2025-09-19T10:48:13+00:00\",\"breadcrumb\":{\"@id\":\"https:\/\/aumarche.biz\/bf\/index.php\/produit\/plaque-solaire-de-280-w-165088015\/#breadcrumb\"},\"inLanguage\":\"fr-FR\",\"potentialAction\":[{\"@type\":\"ReadAction\",\"target\":[\"https:\/\/aumarche.biz\/bf\/index.php\/produit\/plaque-solaire-de-280-w-165088015\/\"]}]},{\"@type\":\"ImageObject\",\"inLanguage\":\"fr-FR\",\"@id\":\"https:\/\/aumarche.biz\/bf\/index.php\/produit\/plaque-solaire-de-280-w-165088015\/#primaryimage\",\"url\":\"https:\/\/aumarche.biz\/bf\/wp-content\/uploads\/2025\/09\/OIP-5.webp\",\"contentUrl\":\"https:\/\/aumarche.biz\/bf\/wp-content\/uploads\/2025\/09\/OIP-5.webp\",\"width\":474,\"height\":474},{\"@type\":\"BreadcrumbList\",\"@id\":\"https:\/\/aumarche.biz\/bf\/index.php\/produit\/plaque-solaire-de-280-w-165088015\/#breadcrumb\",\"itemListElement\":[{\"@type\":\"ListItem\",\"position\":1,\"name\":\"Accueil\",\"item\":\"https:\/\/aumarche.biz\/bf\/\"},{\"@type\":\"ListItem\",\"position\":2,\"name\":\"Boutique\",\"item\":\"https:\/\/aumarche.biz\/bf\/index.php\/boutique\/\"},{\"@type\":\"ListItem\",\"position\":3,\"name\":\"Plaque Solaire de 280 W (1650*880*15)\"}]},{\"@type\":\"WebSite\",\"@id\":\"https:\/\/aumarche.biz\/bf\/#website\",\"url\":\"https:\/\/aumarche.biz\/bf\/\",\"name\":\"aumarche.biz\",\"description\":\"Vendre et acheter autrement\",\"publisher\":{\"@id\":\"https:\/\/aumarche.biz\/bf\/#organization\"},\"potentialAction\":[{\"@type\":\"SearchAction\",\"target\":{\"@type\":\"EntryPoint\",\"urlTemplate\":\"https:\/\/aumarche.biz\/bf\/?s={search_term_string}\"},\"query-input\":{\"@type\":\"PropertyValueSpecification\",\"valueRequired\":true,\"valueName\":\"search_term_string\"}}],\"inLanguage\":\"fr-FR\"},{\"@type\":\"Organization\",\"@id\":\"https:\/\/aumarche.biz\/bf\/#organization\",\"name\":\"aumarche.biz\",\"url\":\"https:\/\/aumarche.biz\/bf\/\",\"logo\":{\"@type\":\"ImageObject\",\"inLanguage\":\"fr-FR\",\"@id\":\"https:\/\/aumarche.biz\/bf\/#\/schema\/logo\/image\/\",\"url\":\"https:\/\/aumarche.biz\/bf\/wp-content\/uploads\/2023\/09\/favicone.png\",\"contentUrl\":\"https:\/\/aumarche.biz\/bf\/wp-content\/uploads\/2023\/09\/favicone.png\",\"width\":64,\"height\":64,\"caption\":\"aumarche.biz\"},\"image\":{\"@id\":\"https:\/\/aumarche.biz\/bf\/#\/schema\/logo\/image\/\"},\"sameAs\":[\"https:\/\/www.facebook.com\/aumarchebf\"]}]}<\/script>\n<!-- \/ Yoast SEO plugin. -->","yoast_head_json":{"title":"Plaque Solaire de 280 W (1650*880*15) - AU MARCHE BURKINA","robots":{"index":"noindex","follow":"follow","max-snippet":"max-snippet:-1","max-image-preview":"max-image-preview:large","max-video-preview":"max-video-preview:-1"},"og_locale":"fr_FR","og_type":"article","og_title":"Plaque Solaire de 280 W (1650*880*15) - AU MARCHE BURKINA","og_description":"Coefficient tension-temp\u00e9rature favorable pour une utilisation \u00e0 des temp\u00e9ratures \u00e9lev\u00e9es.Performances exceptionnelles en faible irradiation et sensibilit\u00e9 \u00e9lev\u00e9e \u00e0 tout le spectre solaire.25 ans de garantie limit\u00e9e de performance et de puissance.5 ans de garantie limit\u00e9e sur mat\u00e9riaux et ouvrage.Bo\u00eete de raccordement multifonctionnelle scell\u00e9e \u00e9tanche pour un niveau de s\u00e9curit\u00e9 \u00e9lev\u00e9.Diodes de d\u00e9rivation haute-performance pour une meilleure protection contre les effets de point chaud en cas d'occultation partielle.Proc\u00e9d\u00e9 d'encapsulation avanc\u00e9 EVA (Ethyl\u00e8ne-ac\u00e9tate de vinyle) avec face inf\u00e9rieure tri-couche r\u00e9pondant aux exigences les plus s\u00e9v\u00e8res de s\u00e9curit\u00e9 haute-tension.Cadre robuste en aluminium anodis\u00e9 pour assemblage facile, compatible avec une grande diversit\u00e9 de structures de montage du march\u00e9.Face sup\u00e9rieure en verre tremp\u00e9 \u00e0 haute transmissibilit\u00e9 pour une rigidit\u00e9 accrue et une excellente r\u00e9sistance aux impacts.","og_url":"https:\/\/aumarche.biz\/bf\/index.php\/produit\/plaque-solaire-de-280-w-165088015\/","og_site_name":"AU MARCHE BURKINA","article_publisher":"https:\/\/www.facebook.com\/aumarchebf","og_image":[{"width":474,"height":474,"url":"https:\/\/aumarche.biz\/bf\/wp-content\/uploads\/2025\/09\/OIP-5.webp","type":"image\/webp"}],"twitter_card":"summary_large_image","twitter_misc":{"Dur\u00e9e de lecture estim\u00e9e":"1 minute"},"schema":{"@context":"https:\/\/schema.org","@graph":[{"@type":"WebPage","@id":"https:\/\/aumarche.biz\/bf\/index.php\/produit\/plaque-solaire-de-280-w-165088015\/","url":"https:\/\/aumarche.biz\/bf\/index.php\/produit\/plaque-solaire-de-280-w-165088015\/","name":"Plaque Solaire de 280 W (1650*880*15) - AU MARCHE BURKINA","isPartOf":{"@id":"https:\/\/aumarche.biz\/bf\/#website"},"primaryImageOfPage":{"@id":"https:\/\/aumarche.biz\/bf\/index.php\/produit\/plaque-solaire-de-280-w-165088015\/#primaryimage"},"image":{"@id":"https:\/\/aumarche.biz\/bf\/index.php\/produit\/plaque-solaire-de-280-w-165088015\/#primaryimage"},"thumbnailUrl":"https:\/\/aumarche.biz\/bf\/wp-content\/uploads\/2025\/09\/OIP-5.webp","datePublished":"2025-09-19T10:48:13+00:00","breadcrumb":{"@id":"https:\/\/aumarche.biz\/bf\/index.php\/produit\/plaque-solaire-de-280-w-165088015\/#breadcrumb"},"inLanguage":"fr-FR","potentialAction":[{"@type":"ReadAction","target":["https:\/\/aumarche.biz\/bf\/index.php\/produit\/plaque-solaire-de-280-w-165088015\/"]}]},{"@type":"ImageObject","inLanguage":"fr-FR","@id":"https:\/\/aumarche.biz\/bf\/index.php\/produit\/plaque-solaire-de-280-w-165088015\/#primaryimage","url":"https:\/\/aumarche.biz\/bf\/wp-content\/uploads\/2025\/09\/OIP-5.webp","contentUrl":"https:\/\/aumarche.biz\/bf\/wp-content\/uploads\/2025\/09\/OIP-5.webp","width":474,"height":474},{"@type":"BreadcrumbList","@id":"https:\/\/aumarche.biz\/bf\/index.php\/produit\/plaque-solaire-de-280-w-165088015\/#breadcrumb","itemListElement":[{"@type":"ListItem","position":1,"name":"Accueil","item":"https:\/\/aumarche.biz\/bf\/"},{"@type":"ListItem","position":2,"name":"Boutique","item":"https:\/\/aumarche.biz\/bf\/index.php\/boutique\/"},{"@type":"ListItem","position":3,"name":"Plaque Solaire de 280 W (1650*880*15)"}]},{"@type":"WebSite","@id":"https:\/\/aumarche.biz\/bf\/#website","url":"https:\/\/aumarche.biz\/bf\/","name":"aumarche.biz","description":"Vendre et acheter autrement","publisher":{"@id":"https:\/\/aumarche.biz\/bf\/#organization"},"potentialAction":[{"@type":"SearchAction","target":{"@type":"EntryPoint","urlTemplate":"https:\/\/aumarche.biz\/bf\/?s={search_term_string}"},"query-input":{"@type":"PropertyValueSpecification","valueRequired":true,"valueName":"search_term_string"}}],"inLanguage":"fr-FR"},{"@type":"Organization","@id":"https:\/\/aumarche.biz\/bf\/#organization","name":"aumarche.biz","url":"https:\/\/aumarche.biz\/bf\/","logo":{"@type":"ImageObject","inLanguage":"fr-FR","@id":"https:\/\/aumarche.biz\/bf\/#\/schema\/logo\/image\/","url":"https:\/\/aumarche.biz\/bf\/wp-content\/uploads\/2023\/09\/favicone.png","contentUrl":"https:\/\/aumarche.biz\/bf\/wp-content\/uploads\/2023\/09\/favicone.png","width":64,"height":64,"caption":"aumarche.biz"},"image":{"@id":"https:\/\/aumarche.biz\/bf\/#\/schema\/logo\/image\/"},"sameAs":["https:\/\/www.facebook.com\/aumarchebf"]}]}},"_links":{"self":[{"href":"https:\/\/aumarche.biz\/bf\/index.php\/wp-json\/wp\/v2\/product\/5537","targetHints":{"allow":["GET"]}}],"collection":[{"href":"https:\/\/aumarche.biz\/bf\/index.php\/wp-json\/wp\/v2\/product"}],"about":[{"href":"https:\/\/aumarche.biz\/bf\/index.php\/wp-json\/wp\/v2\/types\/product"}],"wp:featuredmedia":[{"embeddable":true,"href":"https:\/\/aumarche.biz\/bf\/index.php\/wp-json\/wp\/v2\/media\/5536"}],"wp:attachment":[{"href":"https:\/\/aumarche.biz\/bf\/index.php\/wp-json\/wp\/v2\/media?parent=5537"}],"wp:term":[{"taxonomy":"product_cat","embeddable":true,"href":"https:\/\/aumarche.biz\/bf\/index.php\/wp-json\/wp\/v2\/product_cat?post=5537"},{"taxonomy":"product_tag","embeddable":true,"href":"https:\/\/aumarche.biz\/bf\/index.php\/wp-json\/wp\/v2\/product_tag?post=5537"}],"curies":[{"name":"wp","href":"https:\/\/api.w.org\/{rel}","templated":true}]}}