{"id":5539,"date":"2025-09-19T11:42:36","date_gmt":"2025-09-19T11:42:36","guid":{"rendered":"https:\/\/aumarche.biz\/bf\/index.php\/produit\/epson-ds-770-ii-color-duplex-document-scanner\/"},"modified":"2025-09-19T11:42:37","modified_gmt":"2025-09-19T11:42:37","slug":"epson-ds-770-ii-color-duplex-document-scanner","status":"publish","type":"product","link":"https:\/\/aumarche.biz\/bf\/index.php\/produit\/epson-ds-770-ii-color-duplex-document-scanner\/","title":{"rendered":"EPSON DS-770 II COLOR DUPLEX DOCUMENT SCANNER"},"content":{"rendered":"<p><span style=\"font-family: Roboto, sans-serif;font-size: 18px\">Le scanner de documents haute vitesse pour une int\u00e9gration facile dans des groupes de travail occup\u00e9s. Le choix parfait pour des environnements \u00e0 usage intensif, le scanner de documents rapide et efficace DS-770 II fournit des scans de haute qualit\u00e9 jusqu&rsquo;\u00e0 45 ppm\/90 ipm1.<\/span><\/p>\n","protected":false},"excerpt":{"rendered":"<p><span style=\"font-family: Roboto, sans-serif;font-size: 18px\">Le scanner de documents haute vitesse pour une int\u00e9gration facile dans des groupes de travail occup\u00e9s. Le choix parfait pour des environnements \u00e0 usage intensif, le scanner de documents rapide et efficace DS-770 II fournit des scans de haute qualit\u00e9 jusqu&rsquo;\u00e0 45 ppm\/90 ipm1.<\/span><\/p>\n","protected":false},"featured_media":5538,"template":"","meta":[],"product_cat":[264],"product_tag":[],"class_list":{"0":"post-5539","1":"product","2":"type-product","3":"status-publish","4":"has-post-thumbnail","6":"product_cat-high-tech","8":"first","9":"instock","10":"sale","11":"taxable","12":"shipping-taxable","13":"purchasable","14":"product-type-simple","15":"col-xs-6 col-sm-4","16":"col-md-3 col-lg-3","17":"un-4-cols"},"yoast_head":"<!-- This site is optimized with the Yoast SEO plugin v26.9 - https:\/\/yoast.com\/product\/yoast-seo-wordpress\/ -->\n<title>EPSON DS-770 II COLOR DUPLEX DOCUMENT SCANNER - AU MARCHE BURKINA<\/title>\n<meta name=\"robots\" content=\"noindex, follow, max-snippet:-1, max-image-preview:large, max-video-preview:-1\" \/>\n<meta property=\"og:locale\" content=\"fr_FR\" \/>\n<meta property=\"og:type\" content=\"article\" \/>\n<meta property=\"og:title\" content=\"EPSON DS-770 II COLOR DUPLEX DOCUMENT SCANNER - AU MARCHE BURKINA\" \/>\n<meta property=\"og:description\" content=\"Le scanner de documents haute vitesse pour une int\u00e9gration facile dans des groupes de travail occup\u00e9s. Le choix parfait pour des environnements \u00e0 usage intensif, le scanner de documents rapide et efficace DS-770 II fournit des scans de haute qualit\u00e9 jusqu&#039;\u00e0 45 ppm\/90 ipm1.\" \/>\n<meta property=\"og:url\" content=\"https:\/\/aumarche.biz\/bf\/index.php\/produit\/epson-ds-770-ii-color-duplex-document-scanner\/\" \/>\n<meta property=\"og:site_name\" content=\"AU MARCHE BURKINA\" \/>\n<meta property=\"article:publisher\" content=\"https:\/\/www.facebook.com\/aumarchebf\" \/>\n<meta property=\"article:modified_time\" content=\"2025-09-19T11:42:37+00:00\" \/>\n<meta property=\"og:image\" content=\"https:\/\/aumarche.biz\/bf\/wp-content\/uploads\/2025\/09\/38-110-168-S02.jpg\" \/>\n\t<meta property=\"og:image:width\" content=\"640\" \/>\n\t<meta property=\"og:image:height\" content=\"480\" \/>\n\t<meta property=\"og:image:type\" content=\"image\/jpeg\" \/>\n<meta name=\"twitter:card\" content=\"summary_large_image\" \/>\n<script type=\"application\/ld+json\" class=\"yoast-schema-graph\">{\"@context\":\"https:\/\/schema.org\",\"@graph\":[{\"@type\":\"WebPage\",\"@id\":\"https:\/\/aumarche.biz\/bf\/index.php\/produit\/epson-ds-770-ii-color-duplex-document-scanner\/\",\"url\":\"https:\/\/aumarche.biz\/bf\/index.php\/produit\/epson-ds-770-ii-color-duplex-document-scanner\/\",\"name\":\"EPSON DS-770 II COLOR DUPLEX DOCUMENT SCANNER - AU MARCHE BURKINA\",\"isPartOf\":{\"@id\":\"https:\/\/aumarche.biz\/bf\/#website\"},\"primaryImageOfPage\":{\"@id\":\"https:\/\/aumarche.biz\/bf\/index.php\/produit\/epson-ds-770-ii-color-duplex-document-scanner\/#primaryimage\"},\"image\":{\"@id\":\"https:\/\/aumarche.biz\/bf\/index.php\/produit\/epson-ds-770-ii-color-duplex-document-scanner\/#primaryimage\"},\"thumbnailUrl\":\"https:\/\/aumarche.biz\/bf\/wp-content\/uploads\/2025\/09\/38-110-168-S02.jpg\",\"datePublished\":\"2025-09-19T11:42:36+00:00\",\"dateModified\":\"2025-09-19T11:42:37+00:00\",\"breadcrumb\":{\"@id\":\"https:\/\/aumarche.biz\/bf\/index.php\/produit\/epson-ds-770-ii-color-duplex-document-scanner\/#breadcrumb\"},\"inLanguage\":\"fr-FR\",\"potentialAction\":[{\"@type\":\"ReadAction\",\"target\":[\"https:\/\/aumarche.biz\/bf\/index.php\/produit\/epson-ds-770-ii-color-duplex-document-scanner\/\"]}]},{\"@type\":\"ImageObject\",\"inLanguage\":\"fr-FR\",\"@id\":\"https:\/\/aumarche.biz\/bf\/index.php\/produit\/epson-ds-770-ii-color-duplex-document-scanner\/#primaryimage\",\"url\":\"https:\/\/aumarche.biz\/bf\/wp-content\/uploads\/2025\/09\/38-110-168-S02.jpg\",\"contentUrl\":\"https:\/\/aumarche.biz\/bf\/wp-content\/uploads\/2025\/09\/38-110-168-S02.jpg\",\"width\":640,\"height\":480},{\"@type\":\"BreadcrumbList\",\"@id\":\"https:\/\/aumarche.biz\/bf\/index.php\/produit\/epson-ds-770-ii-color-duplex-document-scanner\/#breadcrumb\",\"itemListElement\":[{\"@type\":\"ListItem\",\"position\":1,\"name\":\"Accueil\",\"item\":\"https:\/\/aumarche.biz\/bf\/\"},{\"@type\":\"ListItem\",\"position\":2,\"name\":\"Boutique\",\"item\":\"https:\/\/aumarche.biz\/bf\/index.php\/boutique\/\"},{\"@type\":\"ListItem\",\"position\":3,\"name\":\"EPSON DS-770 II COLOR DUPLEX DOCUMENT SCANNER\"}]},{\"@type\":\"WebSite\",\"@id\":\"https:\/\/aumarche.biz\/bf\/#website\",\"url\":\"https:\/\/aumarche.biz\/bf\/\",\"name\":\"aumarche.biz\",\"description\":\"Vendre et acheter autrement\",\"publisher\":{\"@id\":\"https:\/\/aumarche.biz\/bf\/#organization\"},\"potentialAction\":[{\"@type\":\"SearchAction\",\"target\":{\"@type\":\"EntryPoint\",\"urlTemplate\":\"https:\/\/aumarche.biz\/bf\/?s={search_term_string}\"},\"query-input\":{\"@type\":\"PropertyValueSpecification\",\"valueRequired\":true,\"valueName\":\"search_term_string\"}}],\"inLanguage\":\"fr-FR\"},{\"@type\":\"Organization\",\"@id\":\"https:\/\/aumarche.biz\/bf\/#organization\",\"name\":\"aumarche.biz\",\"url\":\"https:\/\/aumarche.biz\/bf\/\",\"logo\":{\"@type\":\"ImageObject\",\"inLanguage\":\"fr-FR\",\"@id\":\"https:\/\/aumarche.biz\/bf\/#\/schema\/logo\/image\/\",\"url\":\"https:\/\/aumarche.biz\/bf\/wp-content\/uploads\/2023\/09\/favicone.png\",\"contentUrl\":\"https:\/\/aumarche.biz\/bf\/wp-content\/uploads\/2023\/09\/favicone.png\",\"width\":64,\"height\":64,\"caption\":\"aumarche.biz\"},\"image\":{\"@id\":\"https:\/\/aumarche.biz\/bf\/#\/schema\/logo\/image\/\"},\"sameAs\":[\"https:\/\/www.facebook.com\/aumarchebf\"]}]}<\/script>\n<!-- \/ Yoast SEO plugin. -->","yoast_head_json":{"title":"EPSON DS-770 II COLOR DUPLEX DOCUMENT SCANNER - AU MARCHE BURKINA","robots":{"index":"noindex","follow":"follow","max-snippet":"max-snippet:-1","max-image-preview":"max-image-preview:large","max-video-preview":"max-video-preview:-1"},"og_locale":"fr_FR","og_type":"article","og_title":"EPSON DS-770 II COLOR DUPLEX DOCUMENT SCANNER - AU MARCHE BURKINA","og_description":"Le scanner de documents haute vitesse pour une int\u00e9gration facile dans des groupes de travail occup\u00e9s. Le choix parfait pour des environnements \u00e0 usage intensif, le scanner de documents rapide et efficace DS-770 II fournit des scans de haute qualit\u00e9 jusqu'\u00e0 45 ppm\/90 ipm1.","og_url":"https:\/\/aumarche.biz\/bf\/index.php\/produit\/epson-ds-770-ii-color-duplex-document-scanner\/","og_site_name":"AU MARCHE BURKINA","article_publisher":"https:\/\/www.facebook.com\/aumarchebf","article_modified_time":"2025-09-19T11:42:37+00:00","og_image":[{"width":640,"height":480,"url":"https:\/\/aumarche.biz\/bf\/wp-content\/uploads\/2025\/09\/38-110-168-S02.jpg","type":"image\/jpeg"}],"twitter_card":"summary_large_image","schema":{"@context":"https:\/\/schema.org","@graph":[{"@type":"WebPage","@id":"https:\/\/aumarche.biz\/bf\/index.php\/produit\/epson-ds-770-ii-color-duplex-document-scanner\/","url":"https:\/\/aumarche.biz\/bf\/index.php\/produit\/epson-ds-770-ii-color-duplex-document-scanner\/","name":"EPSON DS-770 II COLOR DUPLEX DOCUMENT SCANNER - AU MARCHE BURKINA","isPartOf":{"@id":"https:\/\/aumarche.biz\/bf\/#website"},"primaryImageOfPage":{"@id":"https:\/\/aumarche.biz\/bf\/index.php\/produit\/epson-ds-770-ii-color-duplex-document-scanner\/#primaryimage"},"image":{"@id":"https:\/\/aumarche.biz\/bf\/index.php\/produit\/epson-ds-770-ii-color-duplex-document-scanner\/#primaryimage"},"thumbnailUrl":"https:\/\/aumarche.biz\/bf\/wp-content\/uploads\/2025\/09\/38-110-168-S02.jpg","datePublished":"2025-09-19T11:42:36+00:00","dateModified":"2025-09-19T11:42:37+00:00","breadcrumb":{"@id":"https:\/\/aumarche.biz\/bf\/index.php\/produit\/epson-ds-770-ii-color-duplex-document-scanner\/#breadcrumb"},"inLanguage":"fr-FR","potentialAction":[{"@type":"ReadAction","target":["https:\/\/aumarche.biz\/bf\/index.php\/produit\/epson-ds-770-ii-color-duplex-document-scanner\/"]}]},{"@type":"ImageObject","inLanguage":"fr-FR","@id":"https:\/\/aumarche.biz\/bf\/index.php\/produit\/epson-ds-770-ii-color-duplex-document-scanner\/#primaryimage","url":"https:\/\/aumarche.biz\/bf\/wp-content\/uploads\/2025\/09\/38-110-168-S02.jpg","contentUrl":"https:\/\/aumarche.biz\/bf\/wp-content\/uploads\/2025\/09\/38-110-168-S02.jpg","width":640,"height":480},{"@type":"BreadcrumbList","@id":"https:\/\/aumarche.biz\/bf\/index.php\/produit\/epson-ds-770-ii-color-duplex-document-scanner\/#breadcrumb","itemListElement":[{"@type":"ListItem","position":1,"name":"Accueil","item":"https:\/\/aumarche.biz\/bf\/"},{"@type":"ListItem","position":2,"name":"Boutique","item":"https:\/\/aumarche.biz\/bf\/index.php\/boutique\/"},{"@type":"ListItem","position":3,"name":"EPSON DS-770 II COLOR DUPLEX DOCUMENT SCANNER"}]},{"@type":"WebSite","@id":"https:\/\/aumarche.biz\/bf\/#website","url":"https:\/\/aumarche.biz\/bf\/","name":"aumarche.biz","description":"Vendre et acheter autrement","publisher":{"@id":"https:\/\/aumarche.biz\/bf\/#organization"},"potentialAction":[{"@type":"SearchAction","target":{"@type":"EntryPoint","urlTemplate":"https:\/\/aumarche.biz\/bf\/?s={search_term_string}"},"query-input":{"@type":"PropertyValueSpecification","valueRequired":true,"valueName":"search_term_string"}}],"inLanguage":"fr-FR"},{"@type":"Organization","@id":"https:\/\/aumarche.biz\/bf\/#organization","name":"aumarche.biz","url":"https:\/\/aumarche.biz\/bf\/","logo":{"@type":"ImageObject","inLanguage":"fr-FR","@id":"https:\/\/aumarche.biz\/bf\/#\/schema\/logo\/image\/","url":"https:\/\/aumarche.biz\/bf\/wp-content\/uploads\/2023\/09\/favicone.png","contentUrl":"https:\/\/aumarche.biz\/bf\/wp-content\/uploads\/2023\/09\/favicone.png","width":64,"height":64,"caption":"aumarche.biz"},"image":{"@id":"https:\/\/aumarche.biz\/bf\/#\/schema\/logo\/image\/"},"sameAs":["https:\/\/www.facebook.com\/aumarchebf"]}]}},"_links":{"self":[{"href":"https:\/\/aumarche.biz\/bf\/index.php\/wp-json\/wp\/v2\/product\/5539","targetHints":{"allow":["GET"]}}],"collection":[{"href":"https:\/\/aumarche.biz\/bf\/index.php\/wp-json\/wp\/v2\/product"}],"about":[{"href":"https:\/\/aumarche.biz\/bf\/index.php\/wp-json\/wp\/v2\/types\/product"}],"wp:featuredmedia":[{"embeddable":true,"href":"https:\/\/aumarche.biz\/bf\/index.php\/wp-json\/wp\/v2\/media\/5538"}],"wp:attachment":[{"href":"https:\/\/aumarche.biz\/bf\/index.php\/wp-json\/wp\/v2\/media?parent=5539"}],"wp:term":[{"taxonomy":"product_cat","embeddable":true,"href":"https:\/\/aumarche.biz\/bf\/index.php\/wp-json\/wp\/v2\/product_cat?post=5539"},{"taxonomy":"product_tag","embeddable":true,"href":"https:\/\/aumarche.biz\/bf\/index.php\/wp-json\/wp\/v2\/product_tag?post=5539"}],"curies":[{"name":"wp","href":"https:\/\/api.w.org\/{rel}","templated":true}]}}