{"id":5541,"date":"2025-09-19T11:51:18","date_gmt":"2025-09-19T11:51:18","guid":{"rendered":"https:\/\/aumarche.biz\/bf\/index.php\/produit\/samsung-galaxy-z-fold-7-12gb-256gb-5g-dual-sim\/"},"modified":"2025-09-19T11:51:18","modified_gmt":"2025-09-19T11:51:18","slug":"samsung-galaxy-z-fold-7-12gb-256gb-5g-dual-sim","status":"publish","type":"product","link":"https:\/\/aumarche.biz\/bf\/index.php\/produit\/samsung-galaxy-z-fold-7-12gb-256gb-5g-dual-sim\/","title":{"rendered":"SAMSUNG GALAXY Z FOLD 7 12GB 256GB 5G &#8211; DUAL SIM"},"content":{"rendered":"<p><span style=\"font-family: Cuprum, tahoma;font-size: 18.6667px\">Samsung Galaxy Z Fold 7 a un poids de 215g et a des dimensions de 158.4 x 72.8 x 8.9mm. Sa taille \u00e9cran de 8 pouces pouces. La r\u00e9solution est de 2184&#215;1968 pixels, l&rsquo;image est claire. La cam\u00e9ra arri\u00e8re a un capteur 200MP Samsung ISOCELL HP2. Pour les selfies de haute qualit\u00e9, la cam\u00e9ra frontale en 10MP est responsable.<\/span><br style=\"font-family: Cuprum, tahoma;font-size: 18.6667px\"><span style=\"font-family: Cuprum, tahoma;font-size: 18.6667px\">Samsung Galaxy Z Fold 7 : La date de sortie est juillet 2025. Nous notons \u00e9galement les caract\u00e9ristiques techniques suivantes de l&rsquo;appareil: 12GB de m\u00e9moire vive (RAM) et 256GB de capacit\u00e9 interne, qui fonctionnent avec le processeur Qualcomm Snapdragon 8 Elite (Gen 4). Le mod\u00e8le sera un excellent choix pour les personnes habitu\u00e9es \u00e0 Android 15 OS, ce qui vaut la peine d&rsquo;\u00eatre achet\u00e9 en ce moment, car le prix de l&rsquo;appareil est tr\u00e8s bon march\u00e9.<\/span><\/p>\n","protected":false},"excerpt":{"rendered":"<p><span style=\"font-family: Cuprum, tahoma;font-size: 18.6667px\">Samsung Galaxy Z Fold 7 a un poids de 215g et a des dimensions de 158.4 x 72.8 x 8.9mm. Sa taille \u00e9cran de 8 pouces pouces. La r\u00e9solution est de 2184&#215;1968 pixels, l&rsquo;image est claire. La cam\u00e9ra arri\u00e8re a un capteur 200MP Samsung ISOCELL HP2. Pour les selfies de haute qualit\u00e9, la cam\u00e9ra frontale en 10MP est responsable.<\/span><br style=\"font-family: Cuprum, tahoma;font-size: 18.6667px\"><span style=\"font-family: Cuprum, tahoma;font-size: 18.6667px\">Samsung Galaxy Z Fold 7 : La date de sortie est juillet 2025. Nous notons \u00e9galement les caract\u00e9ristiques techniques suivantes de l&rsquo;appareil: 12GB de m\u00e9moire vive (RAM) et 256GB de capacit\u00e9 interne, qui fonctionnent avec le processeur Qualcomm Snapdragon 8 Elite (Gen 4). Le mod\u00e8le sera un excellent choix pour les personnes habitu\u00e9es \u00e0 Android 15 OS, ce qui vaut la peine d&rsquo;\u00eatre achet\u00e9 en ce moment, car le prix de l&rsquo;appareil est tr\u00e8s bon march\u00e9.<\/span><\/p>\n","protected":false},"featured_media":5540,"template":"","meta":[],"product_cat":[264],"product_tag":[],"class_list":{"0":"post-5541","1":"product","2":"type-product","3":"status-publish","4":"has-post-thumbnail","6":"product_brand-galaxy","7":"product_brand-samsung","8":"product_cat-high-tech","10":"first","11":"instock","12":"sale","13":"taxable","14":"shipping-taxable","15":"purchasable","16":"product-type-simple","17":"col-xs-6 col-sm-4","18":"col-md-3 col-lg-3","19":"un-4-cols"},"yoast_head":"<!-- This site is optimized with the Yoast SEO plugin v26.9 - https:\/\/yoast.com\/product\/yoast-seo-wordpress\/ -->\n<title>SAMSUNG GALAXY Z FOLD 7 12GB 256GB 5G - DUAL SIM - AU MARCHE BURKINA<\/title>\n<meta name=\"robots\" content=\"noindex, follow, max-snippet:-1, max-image-preview:large, max-video-preview:-1\" \/>\n<meta property=\"og:locale\" content=\"fr_FR\" \/>\n<meta property=\"og:type\" content=\"article\" \/>\n<meta property=\"og:title\" content=\"SAMSUNG GALAXY Z FOLD 7 12GB 256GB 5G - DUAL SIM - AU MARCHE BURKINA\" \/>\n<meta property=\"og:description\" content=\"Samsung Galaxy Z Fold 7 a un poids de 215g et a des dimensions de 158.4 x 72.8 x 8.9mm. Sa taille \u00e9cran de 8 pouces pouces. La r\u00e9solution est de 2184x1968 pixels, l&#039;image est claire. La cam\u00e9ra arri\u00e8re a un capteur 200MP Samsung ISOCELL HP2. Pour les selfies de haute qualit\u00e9, la cam\u00e9ra frontale en 10MP est responsable.Samsung Galaxy Z Fold 7 : La date de sortie est juillet 2025. Nous notons \u00e9galement les caract\u00e9ristiques techniques suivantes de l&#039;appareil: 12GB de m\u00e9moire vive (RAM) et 256GB de capacit\u00e9 interne, qui fonctionnent avec le processeur Qualcomm Snapdragon 8 Elite (Gen 4). Le mod\u00e8le sera un excellent choix pour les personnes habitu\u00e9es \u00e0 Android 15 OS, ce qui vaut la peine d&#039;\u00eatre achet\u00e9 en ce moment, car le prix de l&#039;appareil est tr\u00e8s bon march\u00e9.\" \/>\n<meta property=\"og:url\" content=\"https:\/\/aumarche.biz\/bf\/index.php\/produit\/samsung-galaxy-z-fold-7-12gb-256gb-5g-dual-sim\/\" \/>\n<meta property=\"og:site_name\" content=\"AU MARCHE BURKINA\" \/>\n<meta property=\"article:publisher\" content=\"https:\/\/www.facebook.com\/aumarchebf\" \/>\n<meta property=\"og:image\" content=\"https:\/\/aumarche.biz\/bf\/wp-content\/uploads\/2025\/09\/OIP-6.webp\" \/>\n\t<meta property=\"og:image:width\" content=\"474\" \/>\n\t<meta property=\"og:image:height\" content=\"316\" \/>\n\t<meta property=\"og:image:type\" content=\"image\/webp\" \/>\n<meta name=\"twitter:card\" content=\"summary_large_image\" \/>\n<meta name=\"twitter:label1\" content=\"Dur\u00e9e de lecture estim\u00e9e\" \/>\n\t<meta name=\"twitter:data1\" content=\"1 minute\" \/>\n<script type=\"application\/ld+json\" class=\"yoast-schema-graph\">{\"@context\":\"https:\/\/schema.org\",\"@graph\":[{\"@type\":\"WebPage\",\"@id\":\"https:\/\/aumarche.biz\/bf\/index.php\/produit\/samsung-galaxy-z-fold-7-12gb-256gb-5g-dual-sim\/\",\"url\":\"https:\/\/aumarche.biz\/bf\/index.php\/produit\/samsung-galaxy-z-fold-7-12gb-256gb-5g-dual-sim\/\",\"name\":\"SAMSUNG GALAXY Z FOLD 7 12GB 256GB 5G - DUAL SIM - AU MARCHE BURKINA\",\"isPartOf\":{\"@id\":\"https:\/\/aumarche.biz\/bf\/#website\"},\"primaryImageOfPage\":{\"@id\":\"https:\/\/aumarche.biz\/bf\/index.php\/produit\/samsung-galaxy-z-fold-7-12gb-256gb-5g-dual-sim\/#primaryimage\"},\"image\":{\"@id\":\"https:\/\/aumarche.biz\/bf\/index.php\/produit\/samsung-galaxy-z-fold-7-12gb-256gb-5g-dual-sim\/#primaryimage\"},\"thumbnailUrl\":\"https:\/\/aumarche.biz\/bf\/wp-content\/uploads\/2025\/09\/OIP-6.webp\",\"datePublished\":\"2025-09-19T11:51:18+00:00\",\"breadcrumb\":{\"@id\":\"https:\/\/aumarche.biz\/bf\/index.php\/produit\/samsung-galaxy-z-fold-7-12gb-256gb-5g-dual-sim\/#breadcrumb\"},\"inLanguage\":\"fr-FR\",\"potentialAction\":[{\"@type\":\"ReadAction\",\"target\":[\"https:\/\/aumarche.biz\/bf\/index.php\/produit\/samsung-galaxy-z-fold-7-12gb-256gb-5g-dual-sim\/\"]}]},{\"@type\":\"ImageObject\",\"inLanguage\":\"fr-FR\",\"@id\":\"https:\/\/aumarche.biz\/bf\/index.php\/produit\/samsung-galaxy-z-fold-7-12gb-256gb-5g-dual-sim\/#primaryimage\",\"url\":\"https:\/\/aumarche.biz\/bf\/wp-content\/uploads\/2025\/09\/OIP-6.webp\",\"contentUrl\":\"https:\/\/aumarche.biz\/bf\/wp-content\/uploads\/2025\/09\/OIP-6.webp\",\"width\":474,\"height\":316},{\"@type\":\"BreadcrumbList\",\"@id\":\"https:\/\/aumarche.biz\/bf\/index.php\/produit\/samsung-galaxy-z-fold-7-12gb-256gb-5g-dual-sim\/#breadcrumb\",\"itemListElement\":[{\"@type\":\"ListItem\",\"position\":1,\"name\":\"Accueil\",\"item\":\"https:\/\/aumarche.biz\/bf\/\"},{\"@type\":\"ListItem\",\"position\":2,\"name\":\"Boutique\",\"item\":\"https:\/\/aumarche.biz\/bf\/index.php\/boutique\/\"},{\"@type\":\"ListItem\",\"position\":3,\"name\":\"SAMSUNG GALAXY Z FOLD 7 12GB 256GB 5G &#8211; DUAL SIM\"}]},{\"@type\":\"WebSite\",\"@id\":\"https:\/\/aumarche.biz\/bf\/#website\",\"url\":\"https:\/\/aumarche.biz\/bf\/\",\"name\":\"aumarche.biz\",\"description\":\"Vendre et acheter autrement\",\"publisher\":{\"@id\":\"https:\/\/aumarche.biz\/bf\/#organization\"},\"potentialAction\":[{\"@type\":\"SearchAction\",\"target\":{\"@type\":\"EntryPoint\",\"urlTemplate\":\"https:\/\/aumarche.biz\/bf\/?s={search_term_string}\"},\"query-input\":{\"@type\":\"PropertyValueSpecification\",\"valueRequired\":true,\"valueName\":\"search_term_string\"}}],\"inLanguage\":\"fr-FR\"},{\"@type\":\"Organization\",\"@id\":\"https:\/\/aumarche.biz\/bf\/#organization\",\"name\":\"aumarche.biz\",\"url\":\"https:\/\/aumarche.biz\/bf\/\",\"logo\":{\"@type\":\"ImageObject\",\"inLanguage\":\"fr-FR\",\"@id\":\"https:\/\/aumarche.biz\/bf\/#\/schema\/logo\/image\/\",\"url\":\"https:\/\/aumarche.biz\/bf\/wp-content\/uploads\/2023\/09\/favicone.png\",\"contentUrl\":\"https:\/\/aumarche.biz\/bf\/wp-content\/uploads\/2023\/09\/favicone.png\",\"width\":64,\"height\":64,\"caption\":\"aumarche.biz\"},\"image\":{\"@id\":\"https:\/\/aumarche.biz\/bf\/#\/schema\/logo\/image\/\"},\"sameAs\":[\"https:\/\/www.facebook.com\/aumarchebf\"]}]}<\/script>\n<!-- \/ Yoast SEO plugin. -->","yoast_head_json":{"title":"SAMSUNG GALAXY Z FOLD 7 12GB 256GB 5G - DUAL SIM - AU MARCHE BURKINA","robots":{"index":"noindex","follow":"follow","max-snippet":"max-snippet:-1","max-image-preview":"max-image-preview:large","max-video-preview":"max-video-preview:-1"},"og_locale":"fr_FR","og_type":"article","og_title":"SAMSUNG GALAXY Z FOLD 7 12GB 256GB 5G - DUAL SIM - AU MARCHE BURKINA","og_description":"Samsung Galaxy Z Fold 7 a un poids de 215g et a des dimensions de 158.4 x 72.8 x 8.9mm. Sa taille \u00e9cran de 8 pouces pouces. La r\u00e9solution est de 2184x1968 pixels, l'image est claire. La cam\u00e9ra arri\u00e8re a un capteur 200MP Samsung ISOCELL HP2. Pour les selfies de haute qualit\u00e9, la cam\u00e9ra frontale en 10MP est responsable.Samsung Galaxy Z Fold 7 : La date de sortie est juillet 2025. Nous notons \u00e9galement les caract\u00e9ristiques techniques suivantes de l'appareil: 12GB de m\u00e9moire vive (RAM) et 256GB de capacit\u00e9 interne, qui fonctionnent avec le processeur Qualcomm Snapdragon 8 Elite (Gen 4). Le mod\u00e8le sera un excellent choix pour les personnes habitu\u00e9es \u00e0 Android 15 OS, ce qui vaut la peine d'\u00eatre achet\u00e9 en ce moment, car le prix de l'appareil est tr\u00e8s bon march\u00e9.","og_url":"https:\/\/aumarche.biz\/bf\/index.php\/produit\/samsung-galaxy-z-fold-7-12gb-256gb-5g-dual-sim\/","og_site_name":"AU MARCHE BURKINA","article_publisher":"https:\/\/www.facebook.com\/aumarchebf","og_image":[{"width":474,"height":316,"url":"https:\/\/aumarche.biz\/bf\/wp-content\/uploads\/2025\/09\/OIP-6.webp","type":"image\/webp"}],"twitter_card":"summary_large_image","twitter_misc":{"Dur\u00e9e de lecture estim\u00e9e":"1 minute"},"schema":{"@context":"https:\/\/schema.org","@graph":[{"@type":"WebPage","@id":"https:\/\/aumarche.biz\/bf\/index.php\/produit\/samsung-galaxy-z-fold-7-12gb-256gb-5g-dual-sim\/","url":"https:\/\/aumarche.biz\/bf\/index.php\/produit\/samsung-galaxy-z-fold-7-12gb-256gb-5g-dual-sim\/","name":"SAMSUNG GALAXY Z FOLD 7 12GB 256GB 5G - DUAL SIM - AU MARCHE BURKINA","isPartOf":{"@id":"https:\/\/aumarche.biz\/bf\/#website"},"primaryImageOfPage":{"@id":"https:\/\/aumarche.biz\/bf\/index.php\/produit\/samsung-galaxy-z-fold-7-12gb-256gb-5g-dual-sim\/#primaryimage"},"image":{"@id":"https:\/\/aumarche.biz\/bf\/index.php\/produit\/samsung-galaxy-z-fold-7-12gb-256gb-5g-dual-sim\/#primaryimage"},"thumbnailUrl":"https:\/\/aumarche.biz\/bf\/wp-content\/uploads\/2025\/09\/OIP-6.webp","datePublished":"2025-09-19T11:51:18+00:00","breadcrumb":{"@id":"https:\/\/aumarche.biz\/bf\/index.php\/produit\/samsung-galaxy-z-fold-7-12gb-256gb-5g-dual-sim\/#breadcrumb"},"inLanguage":"fr-FR","potentialAction":[{"@type":"ReadAction","target":["https:\/\/aumarche.biz\/bf\/index.php\/produit\/samsung-galaxy-z-fold-7-12gb-256gb-5g-dual-sim\/"]}]},{"@type":"ImageObject","inLanguage":"fr-FR","@id":"https:\/\/aumarche.biz\/bf\/index.php\/produit\/samsung-galaxy-z-fold-7-12gb-256gb-5g-dual-sim\/#primaryimage","url":"https:\/\/aumarche.biz\/bf\/wp-content\/uploads\/2025\/09\/OIP-6.webp","contentUrl":"https:\/\/aumarche.biz\/bf\/wp-content\/uploads\/2025\/09\/OIP-6.webp","width":474,"height":316},{"@type":"BreadcrumbList","@id":"https:\/\/aumarche.biz\/bf\/index.php\/produit\/samsung-galaxy-z-fold-7-12gb-256gb-5g-dual-sim\/#breadcrumb","itemListElement":[{"@type":"ListItem","position":1,"name":"Accueil","item":"https:\/\/aumarche.biz\/bf\/"},{"@type":"ListItem","position":2,"name":"Boutique","item":"https:\/\/aumarche.biz\/bf\/index.php\/boutique\/"},{"@type":"ListItem","position":3,"name":"SAMSUNG GALAXY Z FOLD 7 12GB 256GB 5G &#8211; DUAL SIM"}]},{"@type":"WebSite","@id":"https:\/\/aumarche.biz\/bf\/#website","url":"https:\/\/aumarche.biz\/bf\/","name":"aumarche.biz","description":"Vendre et acheter autrement","publisher":{"@id":"https:\/\/aumarche.biz\/bf\/#organization"},"potentialAction":[{"@type":"SearchAction","target":{"@type":"EntryPoint","urlTemplate":"https:\/\/aumarche.biz\/bf\/?s={search_term_string}"},"query-input":{"@type":"PropertyValueSpecification","valueRequired":true,"valueName":"search_term_string"}}],"inLanguage":"fr-FR"},{"@type":"Organization","@id":"https:\/\/aumarche.biz\/bf\/#organization","name":"aumarche.biz","url":"https:\/\/aumarche.biz\/bf\/","logo":{"@type":"ImageObject","inLanguage":"fr-FR","@id":"https:\/\/aumarche.biz\/bf\/#\/schema\/logo\/image\/","url":"https:\/\/aumarche.biz\/bf\/wp-content\/uploads\/2023\/09\/favicone.png","contentUrl":"https:\/\/aumarche.biz\/bf\/wp-content\/uploads\/2023\/09\/favicone.png","width":64,"height":64,"caption":"aumarche.biz"},"image":{"@id":"https:\/\/aumarche.biz\/bf\/#\/schema\/logo\/image\/"},"sameAs":["https:\/\/www.facebook.com\/aumarchebf"]}]}},"_links":{"self":[{"href":"https:\/\/aumarche.biz\/bf\/index.php\/wp-json\/wp\/v2\/product\/5541","targetHints":{"allow":["GET"]}}],"collection":[{"href":"https:\/\/aumarche.biz\/bf\/index.php\/wp-json\/wp\/v2\/product"}],"about":[{"href":"https:\/\/aumarche.biz\/bf\/index.php\/wp-json\/wp\/v2\/types\/product"}],"wp:featuredmedia":[{"embeddable":true,"href":"https:\/\/aumarche.biz\/bf\/index.php\/wp-json\/wp\/v2\/media\/5540"}],"wp:attachment":[{"href":"https:\/\/aumarche.biz\/bf\/index.php\/wp-json\/wp\/v2\/media?parent=5541"}],"wp:term":[{"taxonomy":"product_cat","embeddable":true,"href":"https:\/\/aumarche.biz\/bf\/index.php\/wp-json\/wp\/v2\/product_cat?post=5541"},{"taxonomy":"product_tag","embeddable":true,"href":"https:\/\/aumarche.biz\/bf\/index.php\/wp-json\/wp\/v2\/product_tag?post=5541"}],"curies":[{"name":"wp","href":"https:\/\/api.w.org\/{rel}","templated":true}]}}