{"id":5543,"date":"2025-09-19T12:52:30","date_gmt":"2025-09-19T12:52:30","guid":{"rendered":"https:\/\/aumarche.biz\/bf\/index.php\/produit\/samsung-galaxy-z-fold-7-12gb-512gb-5g-dual-sim\/"},"modified":"2025-09-19T12:52:30","modified_gmt":"2025-09-19T12:52:30","slug":"samsung-galaxy-z-fold-7-12gb-512gb-5g-dual-sim","status":"publish","type":"product","link":"https:\/\/aumarche.biz\/bf\/index.php\/produit\/samsung-galaxy-z-fold-7-12gb-512gb-5g-dual-sim\/","title":{"rendered":"SAMSUNG GALAXY Z FOLD 7 12GB 512GB 5G &#8211; DUAL SIM"},"content":{"rendered":"<p><span style=\"font-family: Inter, sans-serif;font-size: 18px\">Samsung propose d\u00e9sormais le Galaxy Z Fold7, un smartphone pliant qui red\u00e9finit les codes du design dans cette cat\u00e9gorie. Avec une \u00e9paisseur r\u00e9duite de 26% par rapport \u00e0 son pr\u00e9d\u00e9cesseur et un poids contenu de 215 grammes, ce nouvel appareil mise tout sur l&rsquo;\u00e9l\u00e9gance et la portabilit\u00e9. Dot\u00e9 du puissant Snapdragon 8 Elite et d&rsquo;un capteur photo principal de 200 m\u00e9gapixels, il entend s\u00e9duire les utilisateurs les plus exigeants, notamment ceux qui utilisent d\u00e9j\u00e0 un mobile \u00ab Ultra \u00bb. Disponible \u00e0 partir de 2100 euros, il arrive sur le march\u00e9 dans un contexte de concurrence f\u00e9roce, notamment face aux propositions chinoises toujours plus affin\u00e9es. En voici notre test complet<\/span><\/p>\n","protected":false},"excerpt":{"rendered":"<p><span style=\"font-family: Inter, sans-serif;font-size: 18px\">Samsung propose d\u00e9sormais le Galaxy Z Fold7, un smartphone pliant qui red\u00e9finit les codes du design dans cette cat\u00e9gorie. Avec une \u00e9paisseur r\u00e9duite de 26% par rapport \u00e0 son pr\u00e9d\u00e9cesseur et un poids contenu de 215 grammes, ce nouvel appareil mise tout sur l&rsquo;\u00e9l\u00e9gance et la portabilit\u00e9. Dot\u00e9 du puissant Snapdragon 8 Elite et d&rsquo;un capteur photo principal de 200 m\u00e9gapixels, il entend s\u00e9duire les utilisateurs les plus exigeants, notamment ceux qui utilisent d\u00e9j\u00e0 un mobile \u00ab Ultra \u00bb. Disponible \u00e0 partir de 2100 euros, il arrive sur le march\u00e9 dans un contexte de concurrence f\u00e9roce, notamment face aux propositions chinoises toujours plus affin\u00e9es. En voici notre test complet<\/span><\/p>\n","protected":false},"featured_media":5542,"template":"","meta":[],"product_cat":[264],"product_tag":[],"class_list":{"0":"post-5543","1":"product","2":"type-product","3":"status-publish","4":"has-post-thumbnail","6":"product_brand-galaxy","7":"product_brand-samsung","8":"product_cat-high-tech","10":"first","11":"instock","12":"sale","13":"taxable","14":"shipping-taxable","15":"purchasable","16":"product-type-simple","17":"col-xs-6 col-sm-4","18":"col-md-3 col-lg-3","19":"un-4-cols"},"yoast_head":"<!-- This site is optimized with the Yoast SEO plugin v26.9 - https:\/\/yoast.com\/product\/yoast-seo-wordpress\/ -->\n<title>SAMSUNG GALAXY Z FOLD 7 12GB 512GB 5G - DUAL SIM - AU MARCHE BURKINA<\/title>\n<meta name=\"robots\" content=\"noindex, follow, max-snippet:-1, max-image-preview:large, max-video-preview:-1\" \/>\n<meta property=\"og:locale\" content=\"fr_FR\" \/>\n<meta property=\"og:type\" content=\"article\" \/>\n<meta property=\"og:title\" content=\"SAMSUNG GALAXY Z FOLD 7 12GB 512GB 5G - DUAL SIM - AU MARCHE BURKINA\" \/>\n<meta property=\"og:description\" content=\"Samsung propose d\u00e9sormais le Galaxy Z Fold7, un smartphone pliant qui red\u00e9finit les codes du design dans cette cat\u00e9gorie. Avec une \u00e9paisseur r\u00e9duite de 26% par rapport \u00e0 son pr\u00e9d\u00e9cesseur et un poids contenu de 215 grammes, ce nouvel appareil mise tout sur l&#039;\u00e9l\u00e9gance et la portabilit\u00e9. Dot\u00e9 du puissant Snapdragon 8 Elite et d&#039;un capteur photo principal de 200 m\u00e9gapixels, il entend s\u00e9duire les utilisateurs les plus exigeants, notamment ceux qui utilisent d\u00e9j\u00e0 un mobile \u00ab Ultra \u00bb. Disponible \u00e0 partir de 2100 euros, il arrive sur le march\u00e9 dans un contexte de concurrence f\u00e9roce, notamment face aux propositions chinoises toujours plus affin\u00e9es. En voici notre test complet\" \/>\n<meta property=\"og:url\" content=\"https:\/\/aumarche.biz\/bf\/index.php\/produit\/samsung-galaxy-z-fold-7-12gb-512gb-5g-dual-sim\/\" \/>\n<meta property=\"og:site_name\" content=\"AU MARCHE BURKINA\" \/>\n<meta property=\"article:publisher\" content=\"https:\/\/www.facebook.com\/aumarchebf\" \/>\n<meta property=\"og:image\" content=\"https:\/\/aumarche.biz\/bf\/wp-content\/uploads\/2025\/09\/67343_1691059402.webp\" \/>\n\t<meta property=\"og:image:width\" content=\"500\" \/>\n\t<meta property=\"og:image:height\" content=\"500\" \/>\n\t<meta property=\"og:image:type\" content=\"image\/webp\" \/>\n<meta name=\"twitter:card\" content=\"summary_large_image\" \/>\n<meta name=\"twitter:label1\" content=\"Dur\u00e9e de lecture estim\u00e9e\" \/>\n\t<meta name=\"twitter:data1\" content=\"1 minute\" \/>\n<script type=\"application\/ld+json\" class=\"yoast-schema-graph\">{\"@context\":\"https:\/\/schema.org\",\"@graph\":[{\"@type\":\"WebPage\",\"@id\":\"https:\/\/aumarche.biz\/bf\/index.php\/produit\/samsung-galaxy-z-fold-7-12gb-512gb-5g-dual-sim\/\",\"url\":\"https:\/\/aumarche.biz\/bf\/index.php\/produit\/samsung-galaxy-z-fold-7-12gb-512gb-5g-dual-sim\/\",\"name\":\"SAMSUNG GALAXY Z FOLD 7 12GB 512GB 5G - DUAL SIM - AU MARCHE BURKINA\",\"isPartOf\":{\"@id\":\"https:\/\/aumarche.biz\/bf\/#website\"},\"primaryImageOfPage\":{\"@id\":\"https:\/\/aumarche.biz\/bf\/index.php\/produit\/samsung-galaxy-z-fold-7-12gb-512gb-5g-dual-sim\/#primaryimage\"},\"image\":{\"@id\":\"https:\/\/aumarche.biz\/bf\/index.php\/produit\/samsung-galaxy-z-fold-7-12gb-512gb-5g-dual-sim\/#primaryimage\"},\"thumbnailUrl\":\"https:\/\/aumarche.biz\/bf\/wp-content\/uploads\/2025\/09\/67343_1691059402.webp\",\"datePublished\":\"2025-09-19T12:52:30+00:00\",\"breadcrumb\":{\"@id\":\"https:\/\/aumarche.biz\/bf\/index.php\/produit\/samsung-galaxy-z-fold-7-12gb-512gb-5g-dual-sim\/#breadcrumb\"},\"inLanguage\":\"fr-FR\",\"potentialAction\":[{\"@type\":\"ReadAction\",\"target\":[\"https:\/\/aumarche.biz\/bf\/index.php\/produit\/samsung-galaxy-z-fold-7-12gb-512gb-5g-dual-sim\/\"]}]},{\"@type\":\"ImageObject\",\"inLanguage\":\"fr-FR\",\"@id\":\"https:\/\/aumarche.biz\/bf\/index.php\/produit\/samsung-galaxy-z-fold-7-12gb-512gb-5g-dual-sim\/#primaryimage\",\"url\":\"https:\/\/aumarche.biz\/bf\/wp-content\/uploads\/2025\/09\/67343_1691059402.webp\",\"contentUrl\":\"https:\/\/aumarche.biz\/bf\/wp-content\/uploads\/2025\/09\/67343_1691059402.webp\",\"width\":500,\"height\":500},{\"@type\":\"BreadcrumbList\",\"@id\":\"https:\/\/aumarche.biz\/bf\/index.php\/produit\/samsung-galaxy-z-fold-7-12gb-512gb-5g-dual-sim\/#breadcrumb\",\"itemListElement\":[{\"@type\":\"ListItem\",\"position\":1,\"name\":\"Accueil\",\"item\":\"https:\/\/aumarche.biz\/bf\/\"},{\"@type\":\"ListItem\",\"position\":2,\"name\":\"Boutique\",\"item\":\"https:\/\/aumarche.biz\/bf\/index.php\/boutique\/\"},{\"@type\":\"ListItem\",\"position\":3,\"name\":\"SAMSUNG GALAXY Z FOLD 7 12GB 512GB 5G &#8211; DUAL SIM\"}]},{\"@type\":\"WebSite\",\"@id\":\"https:\/\/aumarche.biz\/bf\/#website\",\"url\":\"https:\/\/aumarche.biz\/bf\/\",\"name\":\"aumarche.biz\",\"description\":\"Vendre et acheter autrement\",\"publisher\":{\"@id\":\"https:\/\/aumarche.biz\/bf\/#organization\"},\"potentialAction\":[{\"@type\":\"SearchAction\",\"target\":{\"@type\":\"EntryPoint\",\"urlTemplate\":\"https:\/\/aumarche.biz\/bf\/?s={search_term_string}\"},\"query-input\":{\"@type\":\"PropertyValueSpecification\",\"valueRequired\":true,\"valueName\":\"search_term_string\"}}],\"inLanguage\":\"fr-FR\"},{\"@type\":\"Organization\",\"@id\":\"https:\/\/aumarche.biz\/bf\/#organization\",\"name\":\"aumarche.biz\",\"url\":\"https:\/\/aumarche.biz\/bf\/\",\"logo\":{\"@type\":\"ImageObject\",\"inLanguage\":\"fr-FR\",\"@id\":\"https:\/\/aumarche.biz\/bf\/#\/schema\/logo\/image\/\",\"url\":\"https:\/\/aumarche.biz\/bf\/wp-content\/uploads\/2023\/09\/favicone.png\",\"contentUrl\":\"https:\/\/aumarche.biz\/bf\/wp-content\/uploads\/2023\/09\/favicone.png\",\"width\":64,\"height\":64,\"caption\":\"aumarche.biz\"},\"image\":{\"@id\":\"https:\/\/aumarche.biz\/bf\/#\/schema\/logo\/image\/\"},\"sameAs\":[\"https:\/\/www.facebook.com\/aumarchebf\"]}]}<\/script>\n<!-- \/ Yoast SEO plugin. -->","yoast_head_json":{"title":"SAMSUNG GALAXY Z FOLD 7 12GB 512GB 5G - DUAL SIM - AU MARCHE BURKINA","robots":{"index":"noindex","follow":"follow","max-snippet":"max-snippet:-1","max-image-preview":"max-image-preview:large","max-video-preview":"max-video-preview:-1"},"og_locale":"fr_FR","og_type":"article","og_title":"SAMSUNG GALAXY Z FOLD 7 12GB 512GB 5G - DUAL SIM - AU MARCHE BURKINA","og_description":"Samsung propose d\u00e9sormais le Galaxy Z Fold7, un smartphone pliant qui red\u00e9finit les codes du design dans cette cat\u00e9gorie. Avec une \u00e9paisseur r\u00e9duite de 26% par rapport \u00e0 son pr\u00e9d\u00e9cesseur et un poids contenu de 215 grammes, ce nouvel appareil mise tout sur l'\u00e9l\u00e9gance et la portabilit\u00e9. Dot\u00e9 du puissant Snapdragon 8 Elite et d'un capteur photo principal de 200 m\u00e9gapixels, il entend s\u00e9duire les utilisateurs les plus exigeants, notamment ceux qui utilisent d\u00e9j\u00e0 un mobile \u00ab Ultra \u00bb. Disponible \u00e0 partir de 2100 euros, il arrive sur le march\u00e9 dans un contexte de concurrence f\u00e9roce, notamment face aux propositions chinoises toujours plus affin\u00e9es. En voici notre test complet","og_url":"https:\/\/aumarche.biz\/bf\/index.php\/produit\/samsung-galaxy-z-fold-7-12gb-512gb-5g-dual-sim\/","og_site_name":"AU MARCHE BURKINA","article_publisher":"https:\/\/www.facebook.com\/aumarchebf","og_image":[{"width":500,"height":500,"url":"https:\/\/aumarche.biz\/bf\/wp-content\/uploads\/2025\/09\/67343_1691059402.webp","type":"image\/webp"}],"twitter_card":"summary_large_image","twitter_misc":{"Dur\u00e9e de lecture estim\u00e9e":"1 minute"},"schema":{"@context":"https:\/\/schema.org","@graph":[{"@type":"WebPage","@id":"https:\/\/aumarche.biz\/bf\/index.php\/produit\/samsung-galaxy-z-fold-7-12gb-512gb-5g-dual-sim\/","url":"https:\/\/aumarche.biz\/bf\/index.php\/produit\/samsung-galaxy-z-fold-7-12gb-512gb-5g-dual-sim\/","name":"SAMSUNG GALAXY Z FOLD 7 12GB 512GB 5G - DUAL SIM - AU MARCHE BURKINA","isPartOf":{"@id":"https:\/\/aumarche.biz\/bf\/#website"},"primaryImageOfPage":{"@id":"https:\/\/aumarche.biz\/bf\/index.php\/produit\/samsung-galaxy-z-fold-7-12gb-512gb-5g-dual-sim\/#primaryimage"},"image":{"@id":"https:\/\/aumarche.biz\/bf\/index.php\/produit\/samsung-galaxy-z-fold-7-12gb-512gb-5g-dual-sim\/#primaryimage"},"thumbnailUrl":"https:\/\/aumarche.biz\/bf\/wp-content\/uploads\/2025\/09\/67343_1691059402.webp","datePublished":"2025-09-19T12:52:30+00:00","breadcrumb":{"@id":"https:\/\/aumarche.biz\/bf\/index.php\/produit\/samsung-galaxy-z-fold-7-12gb-512gb-5g-dual-sim\/#breadcrumb"},"inLanguage":"fr-FR","potentialAction":[{"@type":"ReadAction","target":["https:\/\/aumarche.biz\/bf\/index.php\/produit\/samsung-galaxy-z-fold-7-12gb-512gb-5g-dual-sim\/"]}]},{"@type":"ImageObject","inLanguage":"fr-FR","@id":"https:\/\/aumarche.biz\/bf\/index.php\/produit\/samsung-galaxy-z-fold-7-12gb-512gb-5g-dual-sim\/#primaryimage","url":"https:\/\/aumarche.biz\/bf\/wp-content\/uploads\/2025\/09\/67343_1691059402.webp","contentUrl":"https:\/\/aumarche.biz\/bf\/wp-content\/uploads\/2025\/09\/67343_1691059402.webp","width":500,"height":500},{"@type":"BreadcrumbList","@id":"https:\/\/aumarche.biz\/bf\/index.php\/produit\/samsung-galaxy-z-fold-7-12gb-512gb-5g-dual-sim\/#breadcrumb","itemListElement":[{"@type":"ListItem","position":1,"name":"Accueil","item":"https:\/\/aumarche.biz\/bf\/"},{"@type":"ListItem","position":2,"name":"Boutique","item":"https:\/\/aumarche.biz\/bf\/index.php\/boutique\/"},{"@type":"ListItem","position":3,"name":"SAMSUNG GALAXY Z FOLD 7 12GB 512GB 5G &#8211; DUAL SIM"}]},{"@type":"WebSite","@id":"https:\/\/aumarche.biz\/bf\/#website","url":"https:\/\/aumarche.biz\/bf\/","name":"aumarche.biz","description":"Vendre et acheter autrement","publisher":{"@id":"https:\/\/aumarche.biz\/bf\/#organization"},"potentialAction":[{"@type":"SearchAction","target":{"@type":"EntryPoint","urlTemplate":"https:\/\/aumarche.biz\/bf\/?s={search_term_string}"},"query-input":{"@type":"PropertyValueSpecification","valueRequired":true,"valueName":"search_term_string"}}],"inLanguage":"fr-FR"},{"@type":"Organization","@id":"https:\/\/aumarche.biz\/bf\/#organization","name":"aumarche.biz","url":"https:\/\/aumarche.biz\/bf\/","logo":{"@type":"ImageObject","inLanguage":"fr-FR","@id":"https:\/\/aumarche.biz\/bf\/#\/schema\/logo\/image\/","url":"https:\/\/aumarche.biz\/bf\/wp-content\/uploads\/2023\/09\/favicone.png","contentUrl":"https:\/\/aumarche.biz\/bf\/wp-content\/uploads\/2023\/09\/favicone.png","width":64,"height":64,"caption":"aumarche.biz"},"image":{"@id":"https:\/\/aumarche.biz\/bf\/#\/schema\/logo\/image\/"},"sameAs":["https:\/\/www.facebook.com\/aumarchebf"]}]}},"_links":{"self":[{"href":"https:\/\/aumarche.biz\/bf\/index.php\/wp-json\/wp\/v2\/product\/5543","targetHints":{"allow":["GET"]}}],"collection":[{"href":"https:\/\/aumarche.biz\/bf\/index.php\/wp-json\/wp\/v2\/product"}],"about":[{"href":"https:\/\/aumarche.biz\/bf\/index.php\/wp-json\/wp\/v2\/types\/product"}],"wp:featuredmedia":[{"embeddable":true,"href":"https:\/\/aumarche.biz\/bf\/index.php\/wp-json\/wp\/v2\/media\/5542"}],"wp:attachment":[{"href":"https:\/\/aumarche.biz\/bf\/index.php\/wp-json\/wp\/v2\/media?parent=5543"}],"wp:term":[{"taxonomy":"product_cat","embeddable":true,"href":"https:\/\/aumarche.biz\/bf\/index.php\/wp-json\/wp\/v2\/product_cat?post=5543"},{"taxonomy":"product_tag","embeddable":true,"href":"https:\/\/aumarche.biz\/bf\/index.php\/wp-json\/wp\/v2\/product_tag?post=5543"}],"curies":[{"name":"wp","href":"https:\/\/api.w.org\/{rel}","templated":true}]}}