{"id":5545,"date":"2025-09-19T13:09:55","date_gmt":"2025-09-19T13:09:55","guid":{"rendered":"https:\/\/aumarche.biz\/bf\/index.php\/produit\/microsoft-surface-pro-10-intel-core-ultra-7-165h-16gb-ram-512gb-ssd-13-pixel-sense-flow-touch-display-windows-11-pro-brand-new\/"},"modified":"2025-09-19T13:09:55","modified_gmt":"2025-09-19T13:09:55","slug":"microsoft-surface-pro-10-intel-core-ultra-7-165h-16gb-ram-512gb-ssd-13-pixel-sense-flow-touch-display-windows-11-pro-brand-new","status":"publish","type":"product","link":"https:\/\/aumarche.biz\/bf\/index.php\/produit\/microsoft-surface-pro-10-intel-core-ultra-7-165h-16gb-ram-512gb-ssd-13-pixel-sense-flow-touch-display-windows-11-pro-brand-new\/","title":{"rendered":"MICROSOFT SURFACE PRO 10 INTEL CORE ULTRA 7-165H 16GB RAM 512GB SSD 13&Prime; PIXEL SENSE FLOW TOUCH DISPLAY WINDOWS 11 PRO BRAND NEW"},"content":{"rendered":"<p><span style=\"font-family: Roboto, sans-serif;font-size: 18px\">Le Microsoft Surface Pro 10 est un appareil 2-en-1 haute performance \u00e9quip\u00e9 d&rsquo;IA, dot\u00e9 d&rsquo;un processeur Intel Core Ultra 7-165H, de 16 Go de RAM, de 512 Go de SSD et d&rsquo;un \u00e9cran tactile PixelSense Flow de 13 pouces avec Windows 11 Pro, con\u00e7u pour la productivit\u00e9, la portabilit\u00e9 et des flux de travail am\u00e9lior\u00e9s par l&rsquo;IA.<\/span><\/p>\n","protected":false},"excerpt":{"rendered":"<p><span style=\"font-family: Roboto, sans-serif;font-size: 18px\">Le Microsoft Surface Pro 10 est un appareil 2-en-1 haute performance \u00e9quip\u00e9 d&rsquo;IA, dot\u00e9 d&rsquo;un processeur Intel Core Ultra 7-165H, de 16 Go de RAM, de 512 Go de SSD et d&rsquo;un \u00e9cran tactile PixelSense Flow de 13 pouces avec Windows 11 Pro, con\u00e7u pour la productivit\u00e9, la portabilit\u00e9 et des flux de travail am\u00e9lior\u00e9s par l&rsquo;IA.<\/span><\/p>\n","protected":false},"featured_media":5544,"template":"","meta":[],"product_cat":[264],"product_tag":[],"class_list":{"0":"post-5545","1":"product","2":"type-product","3":"status-publish","4":"has-post-thumbnail","6":"product_cat-high-tech","8":"first","9":"instock","10":"sale","11":"taxable","12":"shipping-taxable","13":"purchasable","14":"product-type-simple","15":"col-xs-6 col-sm-4","16":"col-md-3 col-lg-3","17":"un-4-cols"},"yoast_head":"<!-- This site is optimized with the Yoast SEO plugin v26.9 - https:\/\/yoast.com\/product\/yoast-seo-wordpress\/ -->\n<title>MICROSOFT SURFACE PRO 10 INTEL CORE ULTRA 7-165H 16GB RAM 512GB SSD 13&quot; PIXEL SENSE FLOW TOUCH DISPLAY WINDOWS 11 PRO BRAND NEW - AU MARCHE BURKINA<\/title>\n<meta name=\"robots\" content=\"noindex, follow, max-snippet:-1, max-image-preview:large, max-video-preview:-1\" \/>\n<meta property=\"og:locale\" content=\"fr_FR\" \/>\n<meta property=\"og:type\" content=\"article\" \/>\n<meta property=\"og:title\" content=\"MICROSOFT SURFACE PRO 10 INTEL CORE ULTRA 7-165H 16GB RAM 512GB SSD 13&quot; PIXEL SENSE FLOW TOUCH DISPLAY WINDOWS 11 PRO BRAND NEW - AU MARCHE BURKINA\" \/>\n<meta property=\"og:description\" content=\"Le Microsoft Surface Pro 10 est un appareil 2-en-1 haute performance \u00e9quip\u00e9 d&#039;IA, dot\u00e9 d&#039;un processeur Intel Core Ultra 7-165H, de 16 Go de RAM, de 512 Go de SSD et d&#039;un \u00e9cran tactile PixelSense Flow de 13 pouces avec Windows 11 Pro, con\u00e7u pour la productivit\u00e9, la portabilit\u00e9 et des flux de travail am\u00e9lior\u00e9s par l&#039;IA.\" \/>\n<meta property=\"og:url\" content=\"https:\/\/aumarche.biz\/bf\/index.php\/produit\/microsoft-surface-pro-10-intel-core-ultra-7-165h-16gb-ram-512gb-ssd-13-pixel-sense-flow-touch-display-windows-11-pro-brand-new\/\" \/>\n<meta property=\"og:site_name\" content=\"AU MARCHE BURKINA\" \/>\n<meta property=\"article:publisher\" content=\"https:\/\/www.facebook.com\/aumarchebf\" \/>\n<meta property=\"og:image\" content=\"https:\/\/aumarche.biz\/bf\/wp-content\/uploads\/2025\/09\/microsoft_surface_2024_1711089102019.webp\" \/>\n\t<meta property=\"og:image:width\" content=\"1200\" \/>\n\t<meta property=\"og:image:height\" content=\"675\" \/>\n\t<meta property=\"og:image:type\" content=\"image\/webp\" \/>\n<meta name=\"twitter:card\" content=\"summary_large_image\" \/>\n<script type=\"application\/ld+json\" class=\"yoast-schema-graph\">{\"@context\":\"https:\/\/schema.org\",\"@graph\":[{\"@type\":\"WebPage\",\"@id\":\"https:\/\/aumarche.biz\/bf\/index.php\/produit\/microsoft-surface-pro-10-intel-core-ultra-7-165h-16gb-ram-512gb-ssd-13-pixel-sense-flow-touch-display-windows-11-pro-brand-new\/\",\"url\":\"https:\/\/aumarche.biz\/bf\/index.php\/produit\/microsoft-surface-pro-10-intel-core-ultra-7-165h-16gb-ram-512gb-ssd-13-pixel-sense-flow-touch-display-windows-11-pro-brand-new\/\",\"name\":\"MICROSOFT SURFACE PRO 10 INTEL CORE ULTRA 7-165H 16GB RAM 512GB SSD 13\\\" PIXEL SENSE FLOW TOUCH DISPLAY WINDOWS 11 PRO BRAND NEW - AU MARCHE BURKINA\",\"isPartOf\":{\"@id\":\"https:\/\/aumarche.biz\/bf\/#website\"},\"primaryImageOfPage\":{\"@id\":\"https:\/\/aumarche.biz\/bf\/index.php\/produit\/microsoft-surface-pro-10-intel-core-ultra-7-165h-16gb-ram-512gb-ssd-13-pixel-sense-flow-touch-display-windows-11-pro-brand-new\/#primaryimage\"},\"image\":{\"@id\":\"https:\/\/aumarche.biz\/bf\/index.php\/produit\/microsoft-surface-pro-10-intel-core-ultra-7-165h-16gb-ram-512gb-ssd-13-pixel-sense-flow-touch-display-windows-11-pro-brand-new\/#primaryimage\"},\"thumbnailUrl\":\"https:\/\/aumarche.biz\/bf\/wp-content\/uploads\/2025\/09\/microsoft_surface_2024_1711089102019.webp\",\"datePublished\":\"2025-09-19T13:09:55+00:00\",\"breadcrumb\":{\"@id\":\"https:\/\/aumarche.biz\/bf\/index.php\/produit\/microsoft-surface-pro-10-intel-core-ultra-7-165h-16gb-ram-512gb-ssd-13-pixel-sense-flow-touch-display-windows-11-pro-brand-new\/#breadcrumb\"},\"inLanguage\":\"fr-FR\",\"potentialAction\":[{\"@type\":\"ReadAction\",\"target\":[\"https:\/\/aumarche.biz\/bf\/index.php\/produit\/microsoft-surface-pro-10-intel-core-ultra-7-165h-16gb-ram-512gb-ssd-13-pixel-sense-flow-touch-display-windows-11-pro-brand-new\/\"]}]},{\"@type\":\"ImageObject\",\"inLanguage\":\"fr-FR\",\"@id\":\"https:\/\/aumarche.biz\/bf\/index.php\/produit\/microsoft-surface-pro-10-intel-core-ultra-7-165h-16gb-ram-512gb-ssd-13-pixel-sense-flow-touch-display-windows-11-pro-brand-new\/#primaryimage\",\"url\":\"https:\/\/aumarche.biz\/bf\/wp-content\/uploads\/2025\/09\/microsoft_surface_2024_1711089102019.webp\",\"contentUrl\":\"https:\/\/aumarche.biz\/bf\/wp-content\/uploads\/2025\/09\/microsoft_surface_2024_1711089102019.webp\",\"width\":1200,\"height\":675},{\"@type\":\"BreadcrumbList\",\"@id\":\"https:\/\/aumarche.biz\/bf\/index.php\/produit\/microsoft-surface-pro-10-intel-core-ultra-7-165h-16gb-ram-512gb-ssd-13-pixel-sense-flow-touch-display-windows-11-pro-brand-new\/#breadcrumb\",\"itemListElement\":[{\"@type\":\"ListItem\",\"position\":1,\"name\":\"Accueil\",\"item\":\"https:\/\/aumarche.biz\/bf\/\"},{\"@type\":\"ListItem\",\"position\":2,\"name\":\"Boutique\",\"item\":\"https:\/\/aumarche.biz\/bf\/index.php\/boutique\/\"},{\"@type\":\"ListItem\",\"position\":3,\"name\":\"MICROSOFT SURFACE PRO 10 INTEL CORE ULTRA 7-165H 16GB RAM 512GB SSD 13&Prime; PIXEL SENSE FLOW TOUCH DISPLAY WINDOWS 11 PRO BRAND NEW\"}]},{\"@type\":\"WebSite\",\"@id\":\"https:\/\/aumarche.biz\/bf\/#website\",\"url\":\"https:\/\/aumarche.biz\/bf\/\",\"name\":\"aumarche.biz\",\"description\":\"Vendre et acheter autrement\",\"publisher\":{\"@id\":\"https:\/\/aumarche.biz\/bf\/#organization\"},\"potentialAction\":[{\"@type\":\"SearchAction\",\"target\":{\"@type\":\"EntryPoint\",\"urlTemplate\":\"https:\/\/aumarche.biz\/bf\/?s={search_term_string}\"},\"query-input\":{\"@type\":\"PropertyValueSpecification\",\"valueRequired\":true,\"valueName\":\"search_term_string\"}}],\"inLanguage\":\"fr-FR\"},{\"@type\":\"Organization\",\"@id\":\"https:\/\/aumarche.biz\/bf\/#organization\",\"name\":\"aumarche.biz\",\"url\":\"https:\/\/aumarche.biz\/bf\/\",\"logo\":{\"@type\":\"ImageObject\",\"inLanguage\":\"fr-FR\",\"@id\":\"https:\/\/aumarche.biz\/bf\/#\/schema\/logo\/image\/\",\"url\":\"https:\/\/aumarche.biz\/bf\/wp-content\/uploads\/2023\/09\/favicone.png\",\"contentUrl\":\"https:\/\/aumarche.biz\/bf\/wp-content\/uploads\/2023\/09\/favicone.png\",\"width\":64,\"height\":64,\"caption\":\"aumarche.biz\"},\"image\":{\"@id\":\"https:\/\/aumarche.biz\/bf\/#\/schema\/logo\/image\/\"},\"sameAs\":[\"https:\/\/www.facebook.com\/aumarchebf\"]}]}<\/script>\n<!-- \/ Yoast SEO plugin. -->","yoast_head_json":{"title":"MICROSOFT SURFACE PRO 10 INTEL CORE ULTRA 7-165H 16GB RAM 512GB SSD 13\" PIXEL SENSE FLOW TOUCH DISPLAY WINDOWS 11 PRO BRAND NEW - AU MARCHE BURKINA","robots":{"index":"noindex","follow":"follow","max-snippet":"max-snippet:-1","max-image-preview":"max-image-preview:large","max-video-preview":"max-video-preview:-1"},"og_locale":"fr_FR","og_type":"article","og_title":"MICROSOFT SURFACE PRO 10 INTEL CORE ULTRA 7-165H 16GB RAM 512GB SSD 13\" PIXEL SENSE FLOW TOUCH DISPLAY WINDOWS 11 PRO BRAND NEW - AU MARCHE BURKINA","og_description":"Le Microsoft Surface Pro 10 est un appareil 2-en-1 haute performance \u00e9quip\u00e9 d'IA, dot\u00e9 d'un processeur Intel Core Ultra 7-165H, de 16 Go de RAM, de 512 Go de SSD et d'un \u00e9cran tactile PixelSense Flow de 13 pouces avec Windows 11 Pro, con\u00e7u pour la productivit\u00e9, la portabilit\u00e9 et des flux de travail am\u00e9lior\u00e9s par l'IA.","og_url":"https:\/\/aumarche.biz\/bf\/index.php\/produit\/microsoft-surface-pro-10-intel-core-ultra-7-165h-16gb-ram-512gb-ssd-13-pixel-sense-flow-touch-display-windows-11-pro-brand-new\/","og_site_name":"AU MARCHE BURKINA","article_publisher":"https:\/\/www.facebook.com\/aumarchebf","og_image":[{"width":1200,"height":675,"url":"https:\/\/aumarche.biz\/bf\/wp-content\/uploads\/2025\/09\/microsoft_surface_2024_1711089102019.webp","type":"image\/webp"}],"twitter_card":"summary_large_image","schema":{"@context":"https:\/\/schema.org","@graph":[{"@type":"WebPage","@id":"https:\/\/aumarche.biz\/bf\/index.php\/produit\/microsoft-surface-pro-10-intel-core-ultra-7-165h-16gb-ram-512gb-ssd-13-pixel-sense-flow-touch-display-windows-11-pro-brand-new\/","url":"https:\/\/aumarche.biz\/bf\/index.php\/produit\/microsoft-surface-pro-10-intel-core-ultra-7-165h-16gb-ram-512gb-ssd-13-pixel-sense-flow-touch-display-windows-11-pro-brand-new\/","name":"MICROSOFT SURFACE PRO 10 INTEL CORE ULTRA 7-165H 16GB RAM 512GB SSD 13\" PIXEL SENSE FLOW TOUCH DISPLAY WINDOWS 11 PRO BRAND NEW - AU MARCHE BURKINA","isPartOf":{"@id":"https:\/\/aumarche.biz\/bf\/#website"},"primaryImageOfPage":{"@id":"https:\/\/aumarche.biz\/bf\/index.php\/produit\/microsoft-surface-pro-10-intel-core-ultra-7-165h-16gb-ram-512gb-ssd-13-pixel-sense-flow-touch-display-windows-11-pro-brand-new\/#primaryimage"},"image":{"@id":"https:\/\/aumarche.biz\/bf\/index.php\/produit\/microsoft-surface-pro-10-intel-core-ultra-7-165h-16gb-ram-512gb-ssd-13-pixel-sense-flow-touch-display-windows-11-pro-brand-new\/#primaryimage"},"thumbnailUrl":"https:\/\/aumarche.biz\/bf\/wp-content\/uploads\/2025\/09\/microsoft_surface_2024_1711089102019.webp","datePublished":"2025-09-19T13:09:55+00:00","breadcrumb":{"@id":"https:\/\/aumarche.biz\/bf\/index.php\/produit\/microsoft-surface-pro-10-intel-core-ultra-7-165h-16gb-ram-512gb-ssd-13-pixel-sense-flow-touch-display-windows-11-pro-brand-new\/#breadcrumb"},"inLanguage":"fr-FR","potentialAction":[{"@type":"ReadAction","target":["https:\/\/aumarche.biz\/bf\/index.php\/produit\/microsoft-surface-pro-10-intel-core-ultra-7-165h-16gb-ram-512gb-ssd-13-pixel-sense-flow-touch-display-windows-11-pro-brand-new\/"]}]},{"@type":"ImageObject","inLanguage":"fr-FR","@id":"https:\/\/aumarche.biz\/bf\/index.php\/produit\/microsoft-surface-pro-10-intel-core-ultra-7-165h-16gb-ram-512gb-ssd-13-pixel-sense-flow-touch-display-windows-11-pro-brand-new\/#primaryimage","url":"https:\/\/aumarche.biz\/bf\/wp-content\/uploads\/2025\/09\/microsoft_surface_2024_1711089102019.webp","contentUrl":"https:\/\/aumarche.biz\/bf\/wp-content\/uploads\/2025\/09\/microsoft_surface_2024_1711089102019.webp","width":1200,"height":675},{"@type":"BreadcrumbList","@id":"https:\/\/aumarche.biz\/bf\/index.php\/produit\/microsoft-surface-pro-10-intel-core-ultra-7-165h-16gb-ram-512gb-ssd-13-pixel-sense-flow-touch-display-windows-11-pro-brand-new\/#breadcrumb","itemListElement":[{"@type":"ListItem","position":1,"name":"Accueil","item":"https:\/\/aumarche.biz\/bf\/"},{"@type":"ListItem","position":2,"name":"Boutique","item":"https:\/\/aumarche.biz\/bf\/index.php\/boutique\/"},{"@type":"ListItem","position":3,"name":"MICROSOFT SURFACE PRO 10 INTEL CORE ULTRA 7-165H 16GB RAM 512GB SSD 13&Prime; PIXEL SENSE FLOW TOUCH DISPLAY WINDOWS 11 PRO BRAND NEW"}]},{"@type":"WebSite","@id":"https:\/\/aumarche.biz\/bf\/#website","url":"https:\/\/aumarche.biz\/bf\/","name":"aumarche.biz","description":"Vendre et acheter autrement","publisher":{"@id":"https:\/\/aumarche.biz\/bf\/#organization"},"potentialAction":[{"@type":"SearchAction","target":{"@type":"EntryPoint","urlTemplate":"https:\/\/aumarche.biz\/bf\/?s={search_term_string}"},"query-input":{"@type":"PropertyValueSpecification","valueRequired":true,"valueName":"search_term_string"}}],"inLanguage":"fr-FR"},{"@type":"Organization","@id":"https:\/\/aumarche.biz\/bf\/#organization","name":"aumarche.biz","url":"https:\/\/aumarche.biz\/bf\/","logo":{"@type":"ImageObject","inLanguage":"fr-FR","@id":"https:\/\/aumarche.biz\/bf\/#\/schema\/logo\/image\/","url":"https:\/\/aumarche.biz\/bf\/wp-content\/uploads\/2023\/09\/favicone.png","contentUrl":"https:\/\/aumarche.biz\/bf\/wp-content\/uploads\/2023\/09\/favicone.png","width":64,"height":64,"caption":"aumarche.biz"},"image":{"@id":"https:\/\/aumarche.biz\/bf\/#\/schema\/logo\/image\/"},"sameAs":["https:\/\/www.facebook.com\/aumarchebf"]}]}},"_links":{"self":[{"href":"https:\/\/aumarche.biz\/bf\/index.php\/wp-json\/wp\/v2\/product\/5545","targetHints":{"allow":["GET"]}}],"collection":[{"href":"https:\/\/aumarche.biz\/bf\/index.php\/wp-json\/wp\/v2\/product"}],"about":[{"href":"https:\/\/aumarche.biz\/bf\/index.php\/wp-json\/wp\/v2\/types\/product"}],"wp:featuredmedia":[{"embeddable":true,"href":"https:\/\/aumarche.biz\/bf\/index.php\/wp-json\/wp\/v2\/media\/5544"}],"wp:attachment":[{"href":"https:\/\/aumarche.biz\/bf\/index.php\/wp-json\/wp\/v2\/media?parent=5545"}],"wp:term":[{"taxonomy":"product_cat","embeddable":true,"href":"https:\/\/aumarche.biz\/bf\/index.php\/wp-json\/wp\/v2\/product_cat?post=5545"},{"taxonomy":"product_tag","embeddable":true,"href":"https:\/\/aumarche.biz\/bf\/index.php\/wp-json\/wp\/v2\/product_tag?post=5545"}],"curies":[{"name":"wp","href":"https:\/\/api.w.org\/{rel}","templated":true}]}}