{"id":5547,"date":"2025-09-19T15:17:50","date_gmt":"2025-09-19T15:17:50","guid":{"rendered":"https:\/\/aumarche.biz\/bf\/index.php\/produit\/hikvision-ds-2cd1063g2-liu-6mp-smart-hybrid-light-bullet-ip-camera-2-8mm\/"},"modified":"2025-09-19T15:17:50","modified_gmt":"2025-09-19T15:17:50","slug":"hikvision-ds-2cd1063g2-liu-6mp-smart-hybrid-light-bullet-ip-camera-2-8mm","status":"publish","type":"product","link":"https:\/\/aumarche.biz\/bf\/index.php\/produit\/hikvision-ds-2cd1063g2-liu-6mp-smart-hybrid-light-bullet-ip-camera-2-8mm\/","title":{"rendered":"HIKVISION DS-2CD1063G2-LIU 6MP SMART HYBRID LIGHT BULLET IP CAMERA 2.8MM"},"content":{"rendered":"<p><span style=\"font-family: Montserrat, sans-serif;font-size: 13px;text-align: justify\">L&rsquo;<\/span><span style=\"font-weight: 700;border: 0px;font-size: 13px;line-height: inherit;font-family: Montserrat, sans-serif;margin: 0px;padding: 0px;vertical-align: baseline;text-align: justify\">Hikvision DS-2CD1063G2-LIU(2.8MM)\u00a0<\/span><span style=\"font-family: Montserrat, sans-serif;font-size: 13px;text-align: justify\">est une cam\u00e9ra r\u00e9seau ext\u00e9rieure de<\/span><span style=\"font-weight: 700;border: 0px;font-size: 13px;line-height: inherit;font-family: Montserrat, sans-serif;margin: 0px;padding: 0px;vertical-align: baseline;text-align: justify\">\u00a06 m\u00e9gapixels avec une r\u00e9solution 3200 x 1800 pixels<\/span><span style=\"font-family: Montserrat, sans-serif;font-size: 13px;text-align: justify\">. Sa conception astucieuse lui permet de fonctionner de jour comme de nuit. Elle offre une excellente qualit\u00e9 vid\u00e9o (IR jusqu&rsquo;\u00e0 30 m) qui vous permettra de surveiller et d\u2019enregistrer les moindres mouvements suspects. Son syst\u00e8me de surveillance se concentre sur les cibles humaines et les v\u00e9hicules, am\u00e9liorant consid\u00e9rablement l&rsquo;efficacit\u00e9 de d\u00e9tection des dangers potentiels et l&rsquo;efficacit\u00e9 des alarmes. Gr\u00e2ce \u00e0 sa certification IP67, cette cam\u00e9ra r\u00e9siste aux intemp\u00e9ries. Elle offre une connexion Fast Ethernet. Elle peut \u00eatre aliment\u00e9e sur secteur, mais \u00e9galement par PoE. Performante, efficace, elle est parfaite pour une s\u00e9curit\u00e9 ext\u00e9rieure optimale.<\/span><\/p>\n","protected":false},"excerpt":{"rendered":"<p><span style=\"font-family: Montserrat, sans-serif;font-size: 13px;text-align: justify\">L&rsquo;<\/span><span style=\"font-weight: 700;border: 0px;font-size: 13px;line-height: inherit;font-family: Montserrat, sans-serif;margin: 0px;padding: 0px;vertical-align: baseline;text-align: justify\">Hikvision DS-2CD1063G2-LIU(2.8MM)\u00a0<\/span><span style=\"font-family: Montserrat, sans-serif;font-size: 13px;text-align: justify\">est une cam\u00e9ra r\u00e9seau ext\u00e9rieure de<\/span><span style=\"font-weight: 700;border: 0px;font-size: 13px;line-height: inherit;font-family: Montserrat, sans-serif;margin: 0px;padding: 0px;vertical-align: baseline;text-align: justify\">\u00a06 m\u00e9gapixels avec une r\u00e9solution 3200 x 1800 pixels<\/span><span style=\"font-family: Montserrat, sans-serif;font-size: 13px;text-align: justify\">. Sa conception astucieuse lui permet de fonctionner de jour comme de nuit. Elle offre une excellente qualit\u00e9 vid\u00e9o (IR jusqu&rsquo;\u00e0 30 m) qui vous permettra de surveiller et d\u2019enregistrer les moindres mouvements suspects. Son syst\u00e8me de surveillance se concentre sur les cibles humaines et les v\u00e9hicules, am\u00e9liorant consid\u00e9rablement l&rsquo;efficacit\u00e9 de d\u00e9tection des dangers potentiels et l&rsquo;efficacit\u00e9 des alarmes. Gr\u00e2ce \u00e0 sa certification IP67, cette cam\u00e9ra r\u00e9siste aux intemp\u00e9ries. Elle offre une connexion Fast Ethernet. Elle peut \u00eatre aliment\u00e9e sur secteur, mais \u00e9galement par PoE. Performante, efficace, elle est parfaite pour une s\u00e9curit\u00e9 ext\u00e9rieure optimale.<\/span><\/p>\n","protected":false},"featured_media":5546,"template":"","meta":[],"product_cat":[264],"product_tag":[],"class_list":{"0":"post-5547","1":"product","2":"type-product","3":"status-publish","4":"has-post-thumbnail","6":"product_cat-high-tech","8":"first","9":"instock","10":"sale","11":"taxable","12":"shipping-taxable","13":"purchasable","14":"product-type-simple","15":"col-xs-6 col-sm-4","16":"col-md-3 col-lg-3","17":"un-4-cols"},"yoast_head":"<!-- This site is optimized with the Yoast SEO plugin v26.9 - https:\/\/yoast.com\/product\/yoast-seo-wordpress\/ -->\n<title>HIKVISION DS-2CD1063G2-LIU 6MP SMART HYBRID LIGHT BULLET IP CAMERA 2.8MM - AU MARCHE BURKINA<\/title>\n<meta name=\"robots\" content=\"noindex, follow, max-snippet:-1, max-image-preview:large, max-video-preview:-1\" \/>\n<meta property=\"og:locale\" content=\"fr_FR\" \/>\n<meta property=\"og:type\" content=\"article\" \/>\n<meta property=\"og:title\" content=\"HIKVISION DS-2CD1063G2-LIU 6MP SMART HYBRID LIGHT BULLET IP CAMERA 2.8MM - AU MARCHE BURKINA\" \/>\n<meta property=\"og:description\" content=\"L&#039;Hikvision DS-2CD1063G2-LIU(2.8MM)\u00a0est une cam\u00e9ra r\u00e9seau ext\u00e9rieure de\u00a06 m\u00e9gapixels avec une r\u00e9solution 3200 x 1800 pixels. Sa conception astucieuse lui permet de fonctionner de jour comme de nuit. Elle offre une excellente qualit\u00e9 vid\u00e9o (IR jusqu&#039;\u00e0 30 m) qui vous permettra de surveiller et d\u2019enregistrer les moindres mouvements suspects. Son syst\u00e8me de surveillance se concentre sur les cibles humaines et les v\u00e9hicules, am\u00e9liorant consid\u00e9rablement l&#039;efficacit\u00e9 de d\u00e9tection des dangers potentiels et l&#039;efficacit\u00e9 des alarmes. Gr\u00e2ce \u00e0 sa certification IP67, cette cam\u00e9ra r\u00e9siste aux intemp\u00e9ries. Elle offre une connexion Fast Ethernet. Elle peut \u00eatre aliment\u00e9e sur secteur, mais \u00e9galement par PoE. Performante, efficace, elle est parfaite pour une s\u00e9curit\u00e9 ext\u00e9rieure optimale.\" \/>\n<meta property=\"og:url\" content=\"https:\/\/aumarche.biz\/bf\/index.php\/produit\/hikvision-ds-2cd1063g2-liu-6mp-smart-hybrid-light-bullet-ip-camera-2-8mm\/\" \/>\n<meta property=\"og:site_name\" content=\"AU MARCHE BURKINA\" \/>\n<meta property=\"article:publisher\" content=\"https:\/\/www.facebook.com\/aumarchebf\" \/>\n<meta property=\"og:image\" content=\"https:\/\/aumarche.biz\/bf\/wp-content\/uploads\/2025\/09\/ds-2cd1063g2-liu_2.8mm__d.jpg\" \/>\n\t<meta property=\"og:image:width\" content=\"1500\" \/>\n\t<meta property=\"og:image:height\" content=\"1312\" \/>\n\t<meta property=\"og:image:type\" content=\"image\/jpeg\" \/>\n<meta name=\"twitter:card\" content=\"summary_large_image\" \/>\n<meta name=\"twitter:label1\" content=\"Dur\u00e9e de lecture estim\u00e9e\" \/>\n\t<meta name=\"twitter:data1\" content=\"1 minute\" \/>\n<script type=\"application\/ld+json\" class=\"yoast-schema-graph\">{\"@context\":\"https:\/\/schema.org\",\"@graph\":[{\"@type\":\"WebPage\",\"@id\":\"https:\/\/aumarche.biz\/bf\/index.php\/produit\/hikvision-ds-2cd1063g2-liu-6mp-smart-hybrid-light-bullet-ip-camera-2-8mm\/\",\"url\":\"https:\/\/aumarche.biz\/bf\/index.php\/produit\/hikvision-ds-2cd1063g2-liu-6mp-smart-hybrid-light-bullet-ip-camera-2-8mm\/\",\"name\":\"HIKVISION DS-2CD1063G2-LIU 6MP SMART HYBRID LIGHT BULLET IP CAMERA 2.8MM - AU MARCHE BURKINA\",\"isPartOf\":{\"@id\":\"https:\/\/aumarche.biz\/bf\/#website\"},\"primaryImageOfPage\":{\"@id\":\"https:\/\/aumarche.biz\/bf\/index.php\/produit\/hikvision-ds-2cd1063g2-liu-6mp-smart-hybrid-light-bullet-ip-camera-2-8mm\/#primaryimage\"},\"image\":{\"@id\":\"https:\/\/aumarche.biz\/bf\/index.php\/produit\/hikvision-ds-2cd1063g2-liu-6mp-smart-hybrid-light-bullet-ip-camera-2-8mm\/#primaryimage\"},\"thumbnailUrl\":\"https:\/\/aumarche.biz\/bf\/wp-content\/uploads\/2025\/09\/ds-2cd1063g2-liu_2.8mm__d.jpg\",\"datePublished\":\"2025-09-19T15:17:50+00:00\",\"breadcrumb\":{\"@id\":\"https:\/\/aumarche.biz\/bf\/index.php\/produit\/hikvision-ds-2cd1063g2-liu-6mp-smart-hybrid-light-bullet-ip-camera-2-8mm\/#breadcrumb\"},\"inLanguage\":\"fr-FR\",\"potentialAction\":[{\"@type\":\"ReadAction\",\"target\":[\"https:\/\/aumarche.biz\/bf\/index.php\/produit\/hikvision-ds-2cd1063g2-liu-6mp-smart-hybrid-light-bullet-ip-camera-2-8mm\/\"]}]},{\"@type\":\"ImageObject\",\"inLanguage\":\"fr-FR\",\"@id\":\"https:\/\/aumarche.biz\/bf\/index.php\/produit\/hikvision-ds-2cd1063g2-liu-6mp-smart-hybrid-light-bullet-ip-camera-2-8mm\/#primaryimage\",\"url\":\"https:\/\/aumarche.biz\/bf\/wp-content\/uploads\/2025\/09\/ds-2cd1063g2-liu_2.8mm__d.jpg\",\"contentUrl\":\"https:\/\/aumarche.biz\/bf\/wp-content\/uploads\/2025\/09\/ds-2cd1063g2-liu_2.8mm__d.jpg\",\"width\":1500,\"height\":1312},{\"@type\":\"BreadcrumbList\",\"@id\":\"https:\/\/aumarche.biz\/bf\/index.php\/produit\/hikvision-ds-2cd1063g2-liu-6mp-smart-hybrid-light-bullet-ip-camera-2-8mm\/#breadcrumb\",\"itemListElement\":[{\"@type\":\"ListItem\",\"position\":1,\"name\":\"Accueil\",\"item\":\"https:\/\/aumarche.biz\/bf\/\"},{\"@type\":\"ListItem\",\"position\":2,\"name\":\"Boutique\",\"item\":\"https:\/\/aumarche.biz\/bf\/index.php\/boutique\/\"},{\"@type\":\"ListItem\",\"position\":3,\"name\":\"HIKVISION DS-2CD1063G2-LIU 6MP SMART HYBRID LIGHT BULLET IP CAMERA 2.8MM\"}]},{\"@type\":\"WebSite\",\"@id\":\"https:\/\/aumarche.biz\/bf\/#website\",\"url\":\"https:\/\/aumarche.biz\/bf\/\",\"name\":\"aumarche.biz\",\"description\":\"Vendre et acheter autrement\",\"publisher\":{\"@id\":\"https:\/\/aumarche.biz\/bf\/#organization\"},\"potentialAction\":[{\"@type\":\"SearchAction\",\"target\":{\"@type\":\"EntryPoint\",\"urlTemplate\":\"https:\/\/aumarche.biz\/bf\/?s={search_term_string}\"},\"query-input\":{\"@type\":\"PropertyValueSpecification\",\"valueRequired\":true,\"valueName\":\"search_term_string\"}}],\"inLanguage\":\"fr-FR\"},{\"@type\":\"Organization\",\"@id\":\"https:\/\/aumarche.biz\/bf\/#organization\",\"name\":\"aumarche.biz\",\"url\":\"https:\/\/aumarche.biz\/bf\/\",\"logo\":{\"@type\":\"ImageObject\",\"inLanguage\":\"fr-FR\",\"@id\":\"https:\/\/aumarche.biz\/bf\/#\/schema\/logo\/image\/\",\"url\":\"https:\/\/aumarche.biz\/bf\/wp-content\/uploads\/2023\/09\/favicone.png\",\"contentUrl\":\"https:\/\/aumarche.biz\/bf\/wp-content\/uploads\/2023\/09\/favicone.png\",\"width\":64,\"height\":64,\"caption\":\"aumarche.biz\"},\"image\":{\"@id\":\"https:\/\/aumarche.biz\/bf\/#\/schema\/logo\/image\/\"},\"sameAs\":[\"https:\/\/www.facebook.com\/aumarchebf\"]}]}<\/script>\n<!-- \/ Yoast SEO plugin. -->","yoast_head_json":{"title":"HIKVISION DS-2CD1063G2-LIU 6MP SMART HYBRID LIGHT BULLET IP CAMERA 2.8MM - AU MARCHE BURKINA","robots":{"index":"noindex","follow":"follow","max-snippet":"max-snippet:-1","max-image-preview":"max-image-preview:large","max-video-preview":"max-video-preview:-1"},"og_locale":"fr_FR","og_type":"article","og_title":"HIKVISION DS-2CD1063G2-LIU 6MP SMART HYBRID LIGHT BULLET IP CAMERA 2.8MM - AU MARCHE BURKINA","og_description":"L'Hikvision DS-2CD1063G2-LIU(2.8MM)\u00a0est une cam\u00e9ra r\u00e9seau ext\u00e9rieure de\u00a06 m\u00e9gapixels avec une r\u00e9solution 3200 x 1800 pixels. Sa conception astucieuse lui permet de fonctionner de jour comme de nuit. Elle offre une excellente qualit\u00e9 vid\u00e9o (IR jusqu'\u00e0 30 m) qui vous permettra de surveiller et d\u2019enregistrer les moindres mouvements suspects. Son syst\u00e8me de surveillance se concentre sur les cibles humaines et les v\u00e9hicules, am\u00e9liorant consid\u00e9rablement l'efficacit\u00e9 de d\u00e9tection des dangers potentiels et l'efficacit\u00e9 des alarmes. Gr\u00e2ce \u00e0 sa certification IP67, cette cam\u00e9ra r\u00e9siste aux intemp\u00e9ries. Elle offre une connexion Fast Ethernet. Elle peut \u00eatre aliment\u00e9e sur secteur, mais \u00e9galement par PoE. Performante, efficace, elle est parfaite pour une s\u00e9curit\u00e9 ext\u00e9rieure optimale.","og_url":"https:\/\/aumarche.biz\/bf\/index.php\/produit\/hikvision-ds-2cd1063g2-liu-6mp-smart-hybrid-light-bullet-ip-camera-2-8mm\/","og_site_name":"AU MARCHE BURKINA","article_publisher":"https:\/\/www.facebook.com\/aumarchebf","og_image":[{"width":1500,"height":1312,"url":"https:\/\/aumarche.biz\/bf\/wp-content\/uploads\/2025\/09\/ds-2cd1063g2-liu_2.8mm__d.jpg","type":"image\/jpeg"}],"twitter_card":"summary_large_image","twitter_misc":{"Dur\u00e9e de lecture estim\u00e9e":"1 minute"},"schema":{"@context":"https:\/\/schema.org","@graph":[{"@type":"WebPage","@id":"https:\/\/aumarche.biz\/bf\/index.php\/produit\/hikvision-ds-2cd1063g2-liu-6mp-smart-hybrid-light-bullet-ip-camera-2-8mm\/","url":"https:\/\/aumarche.biz\/bf\/index.php\/produit\/hikvision-ds-2cd1063g2-liu-6mp-smart-hybrid-light-bullet-ip-camera-2-8mm\/","name":"HIKVISION DS-2CD1063G2-LIU 6MP SMART HYBRID LIGHT BULLET IP CAMERA 2.8MM - AU MARCHE BURKINA","isPartOf":{"@id":"https:\/\/aumarche.biz\/bf\/#website"},"primaryImageOfPage":{"@id":"https:\/\/aumarche.biz\/bf\/index.php\/produit\/hikvision-ds-2cd1063g2-liu-6mp-smart-hybrid-light-bullet-ip-camera-2-8mm\/#primaryimage"},"image":{"@id":"https:\/\/aumarche.biz\/bf\/index.php\/produit\/hikvision-ds-2cd1063g2-liu-6mp-smart-hybrid-light-bullet-ip-camera-2-8mm\/#primaryimage"},"thumbnailUrl":"https:\/\/aumarche.biz\/bf\/wp-content\/uploads\/2025\/09\/ds-2cd1063g2-liu_2.8mm__d.jpg","datePublished":"2025-09-19T15:17:50+00:00","breadcrumb":{"@id":"https:\/\/aumarche.biz\/bf\/index.php\/produit\/hikvision-ds-2cd1063g2-liu-6mp-smart-hybrid-light-bullet-ip-camera-2-8mm\/#breadcrumb"},"inLanguage":"fr-FR","potentialAction":[{"@type":"ReadAction","target":["https:\/\/aumarche.biz\/bf\/index.php\/produit\/hikvision-ds-2cd1063g2-liu-6mp-smart-hybrid-light-bullet-ip-camera-2-8mm\/"]}]},{"@type":"ImageObject","inLanguage":"fr-FR","@id":"https:\/\/aumarche.biz\/bf\/index.php\/produit\/hikvision-ds-2cd1063g2-liu-6mp-smart-hybrid-light-bullet-ip-camera-2-8mm\/#primaryimage","url":"https:\/\/aumarche.biz\/bf\/wp-content\/uploads\/2025\/09\/ds-2cd1063g2-liu_2.8mm__d.jpg","contentUrl":"https:\/\/aumarche.biz\/bf\/wp-content\/uploads\/2025\/09\/ds-2cd1063g2-liu_2.8mm__d.jpg","width":1500,"height":1312},{"@type":"BreadcrumbList","@id":"https:\/\/aumarche.biz\/bf\/index.php\/produit\/hikvision-ds-2cd1063g2-liu-6mp-smart-hybrid-light-bullet-ip-camera-2-8mm\/#breadcrumb","itemListElement":[{"@type":"ListItem","position":1,"name":"Accueil","item":"https:\/\/aumarche.biz\/bf\/"},{"@type":"ListItem","position":2,"name":"Boutique","item":"https:\/\/aumarche.biz\/bf\/index.php\/boutique\/"},{"@type":"ListItem","position":3,"name":"HIKVISION DS-2CD1063G2-LIU 6MP SMART HYBRID LIGHT BULLET IP CAMERA 2.8MM"}]},{"@type":"WebSite","@id":"https:\/\/aumarche.biz\/bf\/#website","url":"https:\/\/aumarche.biz\/bf\/","name":"aumarche.biz","description":"Vendre et acheter autrement","publisher":{"@id":"https:\/\/aumarche.biz\/bf\/#organization"},"potentialAction":[{"@type":"SearchAction","target":{"@type":"EntryPoint","urlTemplate":"https:\/\/aumarche.biz\/bf\/?s={search_term_string}"},"query-input":{"@type":"PropertyValueSpecification","valueRequired":true,"valueName":"search_term_string"}}],"inLanguage":"fr-FR"},{"@type":"Organization","@id":"https:\/\/aumarche.biz\/bf\/#organization","name":"aumarche.biz","url":"https:\/\/aumarche.biz\/bf\/","logo":{"@type":"ImageObject","inLanguage":"fr-FR","@id":"https:\/\/aumarche.biz\/bf\/#\/schema\/logo\/image\/","url":"https:\/\/aumarche.biz\/bf\/wp-content\/uploads\/2023\/09\/favicone.png","contentUrl":"https:\/\/aumarche.biz\/bf\/wp-content\/uploads\/2023\/09\/favicone.png","width":64,"height":64,"caption":"aumarche.biz"},"image":{"@id":"https:\/\/aumarche.biz\/bf\/#\/schema\/logo\/image\/"},"sameAs":["https:\/\/www.facebook.com\/aumarchebf"]}]}},"_links":{"self":[{"href":"https:\/\/aumarche.biz\/bf\/index.php\/wp-json\/wp\/v2\/product\/5547","targetHints":{"allow":["GET"]}}],"collection":[{"href":"https:\/\/aumarche.biz\/bf\/index.php\/wp-json\/wp\/v2\/product"}],"about":[{"href":"https:\/\/aumarche.biz\/bf\/index.php\/wp-json\/wp\/v2\/types\/product"}],"wp:featuredmedia":[{"embeddable":true,"href":"https:\/\/aumarche.biz\/bf\/index.php\/wp-json\/wp\/v2\/media\/5546"}],"wp:attachment":[{"href":"https:\/\/aumarche.biz\/bf\/index.php\/wp-json\/wp\/v2\/media?parent=5547"}],"wp:term":[{"taxonomy":"product_cat","embeddable":true,"href":"https:\/\/aumarche.biz\/bf\/index.php\/wp-json\/wp\/v2\/product_cat?post=5547"},{"taxonomy":"product_tag","embeddable":true,"href":"https:\/\/aumarche.biz\/bf\/index.php\/wp-json\/wp\/v2\/product_tag?post=5547"}],"curies":[{"name":"wp","href":"https:\/\/api.w.org\/{rel}","templated":true}]}}