{"id":5549,"date":"2025-09-19T15:23:28","date_gmt":"2025-09-19T15:23:28","guid":{"rendered":"https:\/\/aumarche.biz\/bf\/index.php\/produit\/fortinet-fg60f-10-x-ge-rj45-ports-including-7-x-internal-ports-2-x-wan-ports-1-x-dmz-port-fortigate-60f-1-year-unified-threat-protection-utp-ips-advanced-malware-protection-application-co\/"},"modified":"2025-09-19T15:23:28","modified_gmt":"2025-09-19T15:23:28","slug":"fortinet-fg60f-10-x-ge-rj45-ports-including-7-x-internal-ports-2-x-wan-ports-1-x-dmz-port-fortigate-60f-1-year-unified-threat-protection-utp-ips-advanced-malware-protection-application-co","status":"publish","type":"product","link":"https:\/\/aumarche.biz\/bf\/index.php\/produit\/fortinet-fg60f-10-x-ge-rj45-ports-including-7-x-internal-ports-2-x-wan-ports-1-x-dmz-port-fortigate-60f-1-year-unified-threat-protection-utp-ips-advanced-malware-protection-application-co\/","title":{"rendered":"FortiNet FG60F 10 x GE RJ45 ports (including 7 x Internal Ports, 2 x WAN Ports, 1 x DMZ Port). + FortiGate-60F 1 Year Unified Threat Protection (UTP) (IPS, Advanced Malware Protection, Application Control, Web &#038; Video Filtering, Antispam Service, and 24&#215;7 FortiCare Premium)"},"content":{"rendered":"<p><span style=\"font-family: Roboto, sans-serif;font-size: 18px\">FortiGate-60F 10 ports GE RJ45 (y compris 7 ports internes, 2 ports WAN, 1 port DMZ). La s\u00e9rie FortiGate\/FortiWiFi 60F propose une solution SD-WAN rapide et s\u00e9curis\u00e9e dans un format compact sans ventilateur pour les bureaux de succursale d&rsquo;entreprise et les entreprises de taille moyenne.D\u00e9bit IPS : 1,4 GbpsD\u00e9bit NGFW : 1 GbpsCode produit : FG-60FD\u00e9bit de protection contre les menaces : 700 Mbps<\/span><\/p>\n","protected":false},"excerpt":{"rendered":"<p><span style=\"font-family: Roboto, sans-serif;font-size: 18px\">FortiGate-60F 10 ports GE RJ45 (y compris 7 ports internes, 2 ports WAN, 1 port DMZ). La s\u00e9rie FortiGate\/FortiWiFi 60F propose une solution SD-WAN rapide et s\u00e9curis\u00e9e dans un format compact sans ventilateur pour les bureaux de succursale d&rsquo;entreprise et les entreprises de taille moyenne.D\u00e9bit IPS : 1,4 GbpsD\u00e9bit NGFW : 1 GbpsCode produit : FG-60FD\u00e9bit de protection contre les menaces : 700 Mbps<\/span><\/p>\n","protected":false},"featured_media":5548,"template":"","meta":[],"product_cat":[264],"product_tag":[],"class_list":{"0":"post-5549","1":"product","2":"type-product","3":"status-publish","4":"has-post-thumbnail","6":"product_cat-high-tech","8":"first","9":"instock","10":"sale","11":"taxable","12":"shipping-taxable","13":"purchasable","14":"product-type-simple","15":"col-xs-6 col-sm-4","16":"col-md-3 col-lg-3","17":"un-4-cols"},"yoast_head":"<!-- This site is optimized with the Yoast SEO plugin v26.9 - https:\/\/yoast.com\/product\/yoast-seo-wordpress\/ -->\n<title>FortiNet FG60F 10 x GE RJ45 ports (including 7 x Internal Ports, 2 x WAN Ports, 1 x DMZ Port). + FortiGate-60F 1 Year Unified Threat Protection (UTP) (IPS, Advanced Malware Protection, Application Control, Web &amp; Video Filtering, Antispam Service, and 24x7 FortiCare Premium) - AU MARCHE BURKINA<\/title>\n<meta name=\"robots\" content=\"noindex, follow, max-snippet:-1, max-image-preview:large, max-video-preview:-1\" \/>\n<meta property=\"og:locale\" content=\"fr_FR\" \/>\n<meta property=\"og:type\" content=\"article\" \/>\n<meta property=\"og:title\" content=\"FortiNet FG60F 10 x GE RJ45 ports (including 7 x Internal Ports, 2 x WAN Ports, 1 x DMZ Port). + FortiGate-60F 1 Year Unified Threat Protection (UTP) (IPS, Advanced Malware Protection, Application Control, Web &amp; Video Filtering, Antispam Service, and 24x7 FortiCare Premium) - AU MARCHE BURKINA\" \/>\n<meta property=\"og:description\" content=\"FortiGate-60F 10 ports GE RJ45 (y compris 7 ports internes, 2 ports WAN, 1 port DMZ). La s\u00e9rie FortiGate\/FortiWiFi 60F propose une solution SD-WAN rapide et s\u00e9curis\u00e9e dans un format compact sans ventilateur pour les bureaux de succursale d&#039;entreprise et les entreprises de taille moyenne.D\u00e9bit IPS : 1,4 GbpsD\u00e9bit NGFW : 1 GbpsCode produit : FG-60FD\u00e9bit de protection contre les menaces : 700 Mbps\" \/>\n<meta property=\"og:url\" content=\"https:\/\/aumarche.biz\/bf\/index.php\/produit\/fortinet-fg60f-10-x-ge-rj45-ports-including-7-x-internal-ports-2-x-wan-ports-1-x-dmz-port-fortigate-60f-1-year-unified-threat-protection-utp-ips-advanced-malware-protection-application-co\/\" \/>\n<meta property=\"og:site_name\" content=\"AU MARCHE BURKINA\" \/>\n<meta property=\"article:publisher\" content=\"https:\/\/www.facebook.com\/aumarchebf\" \/>\n<meta property=\"og:image\" content=\"https:\/\/aumarche.biz\/bf\/wp-content\/uploads\/2025\/09\/494889458_1337156868051903_7737112205360757103_n.jpg\" \/>\n\t<meta property=\"og:image:width\" content=\"960\" \/>\n\t<meta property=\"og:image:height\" content=\"595\" \/>\n\t<meta property=\"og:image:type\" content=\"image\/jpeg\" \/>\n<meta name=\"twitter:card\" content=\"summary_large_image\" \/>\n<script type=\"application\/ld+json\" class=\"yoast-schema-graph\">{\"@context\":\"https:\/\/schema.org\",\"@graph\":[{\"@type\":\"WebPage\",\"@id\":\"https:\/\/aumarche.biz\/bf\/index.php\/produit\/fortinet-fg60f-10-x-ge-rj45-ports-including-7-x-internal-ports-2-x-wan-ports-1-x-dmz-port-fortigate-60f-1-year-unified-threat-protection-utp-ips-advanced-malware-protection-application-co\/\",\"url\":\"https:\/\/aumarche.biz\/bf\/index.php\/produit\/fortinet-fg60f-10-x-ge-rj45-ports-including-7-x-internal-ports-2-x-wan-ports-1-x-dmz-port-fortigate-60f-1-year-unified-threat-protection-utp-ips-advanced-malware-protection-application-co\/\",\"name\":\"FortiNet FG60F 10 x GE RJ45 ports (including 7 x Internal Ports, 2 x WAN Ports, 1 x DMZ Port). + FortiGate-60F 1 Year Unified Threat Protection (UTP) (IPS, Advanced Malware Protection, Application Control, Web & Video Filtering, Antispam Service, and 24x7 FortiCare Premium) - AU MARCHE BURKINA\",\"isPartOf\":{\"@id\":\"https:\/\/aumarche.biz\/bf\/#website\"},\"primaryImageOfPage\":{\"@id\":\"https:\/\/aumarche.biz\/bf\/index.php\/produit\/fortinet-fg60f-10-x-ge-rj45-ports-including-7-x-internal-ports-2-x-wan-ports-1-x-dmz-port-fortigate-60f-1-year-unified-threat-protection-utp-ips-advanced-malware-protection-application-co\/#primaryimage\"},\"image\":{\"@id\":\"https:\/\/aumarche.biz\/bf\/index.php\/produit\/fortinet-fg60f-10-x-ge-rj45-ports-including-7-x-internal-ports-2-x-wan-ports-1-x-dmz-port-fortigate-60f-1-year-unified-threat-protection-utp-ips-advanced-malware-protection-application-co\/#primaryimage\"},\"thumbnailUrl\":\"https:\/\/aumarche.biz\/bf\/wp-content\/uploads\/2025\/09\/494889458_1337156868051903_7737112205360757103_n.jpg\",\"datePublished\":\"2025-09-19T15:23:28+00:00\",\"breadcrumb\":{\"@id\":\"https:\/\/aumarche.biz\/bf\/index.php\/produit\/fortinet-fg60f-10-x-ge-rj45-ports-including-7-x-internal-ports-2-x-wan-ports-1-x-dmz-port-fortigate-60f-1-year-unified-threat-protection-utp-ips-advanced-malware-protection-application-co\/#breadcrumb\"},\"inLanguage\":\"fr-FR\",\"potentialAction\":[{\"@type\":\"ReadAction\",\"target\":[\"https:\/\/aumarche.biz\/bf\/index.php\/produit\/fortinet-fg60f-10-x-ge-rj45-ports-including-7-x-internal-ports-2-x-wan-ports-1-x-dmz-port-fortigate-60f-1-year-unified-threat-protection-utp-ips-advanced-malware-protection-application-co\/\"]}]},{\"@type\":\"ImageObject\",\"inLanguage\":\"fr-FR\",\"@id\":\"https:\/\/aumarche.biz\/bf\/index.php\/produit\/fortinet-fg60f-10-x-ge-rj45-ports-including-7-x-internal-ports-2-x-wan-ports-1-x-dmz-port-fortigate-60f-1-year-unified-threat-protection-utp-ips-advanced-malware-protection-application-co\/#primaryimage\",\"url\":\"https:\/\/aumarche.biz\/bf\/wp-content\/uploads\/2025\/09\/494889458_1337156868051903_7737112205360757103_n.jpg\",\"contentUrl\":\"https:\/\/aumarche.biz\/bf\/wp-content\/uploads\/2025\/09\/494889458_1337156868051903_7737112205360757103_n.jpg\",\"width\":960,\"height\":595},{\"@type\":\"BreadcrumbList\",\"@id\":\"https:\/\/aumarche.biz\/bf\/index.php\/produit\/fortinet-fg60f-10-x-ge-rj45-ports-including-7-x-internal-ports-2-x-wan-ports-1-x-dmz-port-fortigate-60f-1-year-unified-threat-protection-utp-ips-advanced-malware-protection-application-co\/#breadcrumb\",\"itemListElement\":[{\"@type\":\"ListItem\",\"position\":1,\"name\":\"Accueil\",\"item\":\"https:\/\/aumarche.biz\/bf\/\"},{\"@type\":\"ListItem\",\"position\":2,\"name\":\"Boutique\",\"item\":\"https:\/\/aumarche.biz\/bf\/index.php\/boutique\/\"},{\"@type\":\"ListItem\",\"position\":3,\"name\":\"FortiNet FG60F 10 x GE RJ45 ports (including 7 x Internal Ports, 2 x WAN Ports, 1 x DMZ Port). + FortiGate-60F 1 Year Unified Threat Protection (UTP) (IPS, Advanced Malware Protection, Application Control, Web &#038; Video Filtering, Antispam Service, and 24&#215;7 FortiCare Premium)\"}]},{\"@type\":\"WebSite\",\"@id\":\"https:\/\/aumarche.biz\/bf\/#website\",\"url\":\"https:\/\/aumarche.biz\/bf\/\",\"name\":\"aumarche.biz\",\"description\":\"Vendre et acheter autrement\",\"publisher\":{\"@id\":\"https:\/\/aumarche.biz\/bf\/#organization\"},\"potentialAction\":[{\"@type\":\"SearchAction\",\"target\":{\"@type\":\"EntryPoint\",\"urlTemplate\":\"https:\/\/aumarche.biz\/bf\/?s={search_term_string}\"},\"query-input\":{\"@type\":\"PropertyValueSpecification\",\"valueRequired\":true,\"valueName\":\"search_term_string\"}}],\"inLanguage\":\"fr-FR\"},{\"@type\":\"Organization\",\"@id\":\"https:\/\/aumarche.biz\/bf\/#organization\",\"name\":\"aumarche.biz\",\"url\":\"https:\/\/aumarche.biz\/bf\/\",\"logo\":{\"@type\":\"ImageObject\",\"inLanguage\":\"fr-FR\",\"@id\":\"https:\/\/aumarche.biz\/bf\/#\/schema\/logo\/image\/\",\"url\":\"https:\/\/aumarche.biz\/bf\/wp-content\/uploads\/2023\/09\/favicone.png\",\"contentUrl\":\"https:\/\/aumarche.biz\/bf\/wp-content\/uploads\/2023\/09\/favicone.png\",\"width\":64,\"height\":64,\"caption\":\"aumarche.biz\"},\"image\":{\"@id\":\"https:\/\/aumarche.biz\/bf\/#\/schema\/logo\/image\/\"},\"sameAs\":[\"https:\/\/www.facebook.com\/aumarchebf\"]}]}<\/script>\n<!-- \/ Yoast SEO plugin. -->","yoast_head_json":{"title":"FortiNet FG60F 10 x GE RJ45 ports (including 7 x Internal Ports, 2 x WAN Ports, 1 x DMZ Port). + FortiGate-60F 1 Year Unified Threat Protection (UTP) (IPS, Advanced Malware Protection, Application Control, Web & Video Filtering, Antispam Service, and 24x7 FortiCare Premium) - AU MARCHE BURKINA","robots":{"index":"noindex","follow":"follow","max-snippet":"max-snippet:-1","max-image-preview":"max-image-preview:large","max-video-preview":"max-video-preview:-1"},"og_locale":"fr_FR","og_type":"article","og_title":"FortiNet FG60F 10 x GE RJ45 ports (including 7 x Internal Ports, 2 x WAN Ports, 1 x DMZ Port). + FortiGate-60F 1 Year Unified Threat Protection (UTP) (IPS, Advanced Malware Protection, Application Control, Web & Video Filtering, Antispam Service, and 24x7 FortiCare Premium) - AU MARCHE BURKINA","og_description":"FortiGate-60F 10 ports GE RJ45 (y compris 7 ports internes, 2 ports WAN, 1 port DMZ). La s\u00e9rie FortiGate\/FortiWiFi 60F propose une solution SD-WAN rapide et s\u00e9curis\u00e9e dans un format compact sans ventilateur pour les bureaux de succursale d'entreprise et les entreprises de taille moyenne.D\u00e9bit IPS : 1,4 GbpsD\u00e9bit NGFW : 1 GbpsCode produit : FG-60FD\u00e9bit de protection contre les menaces : 700 Mbps","og_url":"https:\/\/aumarche.biz\/bf\/index.php\/produit\/fortinet-fg60f-10-x-ge-rj45-ports-including-7-x-internal-ports-2-x-wan-ports-1-x-dmz-port-fortigate-60f-1-year-unified-threat-protection-utp-ips-advanced-malware-protection-application-co\/","og_site_name":"AU MARCHE BURKINA","article_publisher":"https:\/\/www.facebook.com\/aumarchebf","og_image":[{"width":960,"height":595,"url":"https:\/\/aumarche.biz\/bf\/wp-content\/uploads\/2025\/09\/494889458_1337156868051903_7737112205360757103_n.jpg","type":"image\/jpeg"}],"twitter_card":"summary_large_image","schema":{"@context":"https:\/\/schema.org","@graph":[{"@type":"WebPage","@id":"https:\/\/aumarche.biz\/bf\/index.php\/produit\/fortinet-fg60f-10-x-ge-rj45-ports-including-7-x-internal-ports-2-x-wan-ports-1-x-dmz-port-fortigate-60f-1-year-unified-threat-protection-utp-ips-advanced-malware-protection-application-co\/","url":"https:\/\/aumarche.biz\/bf\/index.php\/produit\/fortinet-fg60f-10-x-ge-rj45-ports-including-7-x-internal-ports-2-x-wan-ports-1-x-dmz-port-fortigate-60f-1-year-unified-threat-protection-utp-ips-advanced-malware-protection-application-co\/","name":"FortiNet FG60F 10 x GE RJ45 ports (including 7 x Internal Ports, 2 x WAN Ports, 1 x DMZ Port). + FortiGate-60F 1 Year Unified Threat Protection (UTP) (IPS, Advanced Malware Protection, Application Control, Web & Video Filtering, Antispam Service, and 24x7 FortiCare Premium) - AU MARCHE BURKINA","isPartOf":{"@id":"https:\/\/aumarche.biz\/bf\/#website"},"primaryImageOfPage":{"@id":"https:\/\/aumarche.biz\/bf\/index.php\/produit\/fortinet-fg60f-10-x-ge-rj45-ports-including-7-x-internal-ports-2-x-wan-ports-1-x-dmz-port-fortigate-60f-1-year-unified-threat-protection-utp-ips-advanced-malware-protection-application-co\/#primaryimage"},"image":{"@id":"https:\/\/aumarche.biz\/bf\/index.php\/produit\/fortinet-fg60f-10-x-ge-rj45-ports-including-7-x-internal-ports-2-x-wan-ports-1-x-dmz-port-fortigate-60f-1-year-unified-threat-protection-utp-ips-advanced-malware-protection-application-co\/#primaryimage"},"thumbnailUrl":"https:\/\/aumarche.biz\/bf\/wp-content\/uploads\/2025\/09\/494889458_1337156868051903_7737112205360757103_n.jpg","datePublished":"2025-09-19T15:23:28+00:00","breadcrumb":{"@id":"https:\/\/aumarche.biz\/bf\/index.php\/produit\/fortinet-fg60f-10-x-ge-rj45-ports-including-7-x-internal-ports-2-x-wan-ports-1-x-dmz-port-fortigate-60f-1-year-unified-threat-protection-utp-ips-advanced-malware-protection-application-co\/#breadcrumb"},"inLanguage":"fr-FR","potentialAction":[{"@type":"ReadAction","target":["https:\/\/aumarche.biz\/bf\/index.php\/produit\/fortinet-fg60f-10-x-ge-rj45-ports-including-7-x-internal-ports-2-x-wan-ports-1-x-dmz-port-fortigate-60f-1-year-unified-threat-protection-utp-ips-advanced-malware-protection-application-co\/"]}]},{"@type":"ImageObject","inLanguage":"fr-FR","@id":"https:\/\/aumarche.biz\/bf\/index.php\/produit\/fortinet-fg60f-10-x-ge-rj45-ports-including-7-x-internal-ports-2-x-wan-ports-1-x-dmz-port-fortigate-60f-1-year-unified-threat-protection-utp-ips-advanced-malware-protection-application-co\/#primaryimage","url":"https:\/\/aumarche.biz\/bf\/wp-content\/uploads\/2025\/09\/494889458_1337156868051903_7737112205360757103_n.jpg","contentUrl":"https:\/\/aumarche.biz\/bf\/wp-content\/uploads\/2025\/09\/494889458_1337156868051903_7737112205360757103_n.jpg","width":960,"height":595},{"@type":"BreadcrumbList","@id":"https:\/\/aumarche.biz\/bf\/index.php\/produit\/fortinet-fg60f-10-x-ge-rj45-ports-including-7-x-internal-ports-2-x-wan-ports-1-x-dmz-port-fortigate-60f-1-year-unified-threat-protection-utp-ips-advanced-malware-protection-application-co\/#breadcrumb","itemListElement":[{"@type":"ListItem","position":1,"name":"Accueil","item":"https:\/\/aumarche.biz\/bf\/"},{"@type":"ListItem","position":2,"name":"Boutique","item":"https:\/\/aumarche.biz\/bf\/index.php\/boutique\/"},{"@type":"ListItem","position":3,"name":"FortiNet FG60F 10 x GE RJ45 ports (including 7 x Internal Ports, 2 x WAN Ports, 1 x DMZ Port). + FortiGate-60F 1 Year Unified Threat Protection (UTP) (IPS, Advanced Malware Protection, Application Control, Web &#038; Video Filtering, Antispam Service, and 24&#215;7 FortiCare Premium)"}]},{"@type":"WebSite","@id":"https:\/\/aumarche.biz\/bf\/#website","url":"https:\/\/aumarche.biz\/bf\/","name":"aumarche.biz","description":"Vendre et acheter autrement","publisher":{"@id":"https:\/\/aumarche.biz\/bf\/#organization"},"potentialAction":[{"@type":"SearchAction","target":{"@type":"EntryPoint","urlTemplate":"https:\/\/aumarche.biz\/bf\/?s={search_term_string}"},"query-input":{"@type":"PropertyValueSpecification","valueRequired":true,"valueName":"search_term_string"}}],"inLanguage":"fr-FR"},{"@type":"Organization","@id":"https:\/\/aumarche.biz\/bf\/#organization","name":"aumarche.biz","url":"https:\/\/aumarche.biz\/bf\/","logo":{"@type":"ImageObject","inLanguage":"fr-FR","@id":"https:\/\/aumarche.biz\/bf\/#\/schema\/logo\/image\/","url":"https:\/\/aumarche.biz\/bf\/wp-content\/uploads\/2023\/09\/favicone.png","contentUrl":"https:\/\/aumarche.biz\/bf\/wp-content\/uploads\/2023\/09\/favicone.png","width":64,"height":64,"caption":"aumarche.biz"},"image":{"@id":"https:\/\/aumarche.biz\/bf\/#\/schema\/logo\/image\/"},"sameAs":["https:\/\/www.facebook.com\/aumarchebf"]}]}},"_links":{"self":[{"href":"https:\/\/aumarche.biz\/bf\/index.php\/wp-json\/wp\/v2\/product\/5549","targetHints":{"allow":["GET"]}}],"collection":[{"href":"https:\/\/aumarche.biz\/bf\/index.php\/wp-json\/wp\/v2\/product"}],"about":[{"href":"https:\/\/aumarche.biz\/bf\/index.php\/wp-json\/wp\/v2\/types\/product"}],"wp:featuredmedia":[{"embeddable":true,"href":"https:\/\/aumarche.biz\/bf\/index.php\/wp-json\/wp\/v2\/media\/5548"}],"wp:attachment":[{"href":"https:\/\/aumarche.biz\/bf\/index.php\/wp-json\/wp\/v2\/media?parent=5549"}],"wp:term":[{"taxonomy":"product_cat","embeddable":true,"href":"https:\/\/aumarche.biz\/bf\/index.php\/wp-json\/wp\/v2\/product_cat?post=5549"},{"taxonomy":"product_tag","embeddable":true,"href":"https:\/\/aumarche.biz\/bf\/index.php\/wp-json\/wp\/v2\/product_tag?post=5549"}],"curies":[{"name":"wp","href":"https:\/\/api.w.org\/{rel}","templated":true}]}}