{"id":5557,"date":"2025-09-19T15:53:58","date_gmt":"2025-09-19T15:53:58","guid":{"rendered":"https:\/\/aumarche.biz\/bf\/index.php\/produit\/apc-smart-ups-c-1500va-lcd-tower-230v-with-smartconnect-line-interactive\/"},"modified":"2025-09-19T15:53:58","modified_gmt":"2025-09-19T15:53:58","slug":"apc-smart-ups-c-1500va-lcd-tower-230v-with-smartconnect-line-interactive","status":"publish","type":"product","link":"https:\/\/aumarche.biz\/bf\/index.php\/produit\/apc-smart-ups-c-1500va-lcd-tower-230v-with-smartconnect-line-interactive\/","title":{"rendered":"APC SMART-UPS C 1500VA LCD TOWER 230V WITH SMARTCONNECT LINE INTERACTIVE"},"content":{"rendered":"<p><br style=\"font-family: roboto, Tahoma, Geneva, sans-serif\"><span style=\"font-family: Calibri\">Les onduleurs Smart-UPS connect\u00e9s offrent une fonctionnalit\u00e9 de mise en r\u00e9seau ing\u00e9nieuse qui fait qu&rsquo;ils sont encore plus adaptables et faciles \u00e0 d\u00e9ployer : APC SmartConnect \u2014 une fonctionnalit\u00e9 qui vous permet de consulter l&rsquo;\u00e9tat de votre onduleur par le biais d&rsquo;un portail Web s\u00e9curis\u00e9. Cette interface de gestion \u00e0 distance innovante vous permet de recevoir des notifications automatiques, des mises \u00e0 jour du firmware et une assistance avanc\u00e9e. La connectivit\u00e9 r\u00e9seau et simple d&#8217;emploi d&rsquo;APC SmartConnect apporte une valeur ajout\u00e9e \u2014 et plus important encore \u2014 une tranquillit\u00e9 d&rsquo;esprit suppl\u00e9mentaire.<\/span><\/p>\n","protected":false},"excerpt":{"rendered":"<p><br style=\"font-family: roboto, Tahoma, Geneva, sans-serif\"><span style=\"font-family: Calibri\">Les onduleurs Smart-UPS connect\u00e9s offrent une fonctionnalit\u00e9 de mise en r\u00e9seau ing\u00e9nieuse qui fait qu&rsquo;ils sont encore plus adaptables et faciles \u00e0 d\u00e9ployer : APC SmartConnect \u2014 une fonctionnalit\u00e9 qui vous permet de consulter l&rsquo;\u00e9tat de votre onduleur par le biais d&rsquo;un portail Web s\u00e9curis\u00e9. Cette interface de gestion \u00e0 distance innovante vous permet de recevoir des notifications automatiques, des mises \u00e0 jour du firmware et une assistance avanc\u00e9e. La connectivit\u00e9 r\u00e9seau et simple d&#8217;emploi d&rsquo;APC SmartConnect apporte une valeur ajout\u00e9e \u2014 et plus important encore \u2014 une tranquillit\u00e9 d&rsquo;esprit suppl\u00e9mentaire.<\/span><\/p>\n","protected":false},"featured_media":5556,"template":"","meta":[],"product_cat":[264],"product_tag":[],"class_list":{"0":"post-5557","1":"product","2":"type-product","3":"status-publish","4":"has-post-thumbnail","6":"product_cat-high-tech","8":"first","9":"instock","10":"sale","11":"taxable","12":"shipping-taxable","13":"purchasable","14":"product-type-simple","15":"col-xs-6 col-sm-4","16":"col-md-3 col-lg-3","17":"un-4-cols"},"yoast_head":"<!-- This site is optimized with the Yoast SEO plugin v26.9 - https:\/\/yoast.com\/product\/yoast-seo-wordpress\/ -->\n<title>APC SMART-UPS C 1500VA LCD TOWER 230V WITH SMARTCONNECT LINE INTERACTIVE - AU MARCHE BURKINA<\/title>\n<meta name=\"robots\" content=\"noindex, follow, max-snippet:-1, max-image-preview:large, max-video-preview:-1\" \/>\n<meta property=\"og:locale\" content=\"fr_FR\" \/>\n<meta property=\"og:type\" content=\"article\" \/>\n<meta property=\"og:title\" content=\"APC SMART-UPS C 1500VA LCD TOWER 230V WITH SMARTCONNECT LINE INTERACTIVE - AU MARCHE BURKINA\" \/>\n<meta property=\"og:description\" content=\"Les onduleurs Smart-UPS connect\u00e9s offrent une fonctionnalit\u00e9 de mise en r\u00e9seau ing\u00e9nieuse qui fait qu&#039;ils sont encore plus adaptables et faciles \u00e0 d\u00e9ployer : APC SmartConnect \u2014 une fonctionnalit\u00e9 qui vous permet de consulter l&#039;\u00e9tat de votre onduleur par le biais d&#039;un portail Web s\u00e9curis\u00e9. Cette interface de gestion \u00e0 distance innovante vous permet de recevoir des notifications automatiques, des mises \u00e0 jour du firmware et une assistance avanc\u00e9e. La connectivit\u00e9 r\u00e9seau et simple d&#039;emploi d&#039;APC SmartConnect apporte une valeur ajout\u00e9e \u2014 et plus important encore \u2014 une tranquillit\u00e9 d&#039;esprit suppl\u00e9mentaire.\" \/>\n<meta property=\"og:url\" content=\"https:\/\/aumarche.biz\/bf\/index.php\/produit\/apc-smart-ups-c-1500va-lcd-tower-230v-with-smartconnect-line-interactive\/\" \/>\n<meta property=\"og:site_name\" content=\"AU MARCHE BURKINA\" \/>\n<meta property=\"article:publisher\" content=\"https:\/\/www.facebook.com\/aumarchebf\" \/>\n<meta property=\"og:image\" content=\"https:\/\/aumarche.biz\/bf\/wp-content\/uploads\/2025\/09\/R-1.jpg\" \/>\n\t<meta property=\"og:image:width\" content=\"1200\" \/>\n\t<meta property=\"og:image:height\" content=\"1200\" \/>\n\t<meta property=\"og:image:type\" content=\"image\/jpeg\" \/>\n<meta name=\"twitter:card\" content=\"summary_large_image\" \/>\n<script type=\"application\/ld+json\" class=\"yoast-schema-graph\">{\"@context\":\"https:\/\/schema.org\",\"@graph\":[{\"@type\":\"WebPage\",\"@id\":\"https:\/\/aumarche.biz\/bf\/index.php\/produit\/apc-smart-ups-c-1500va-lcd-tower-230v-with-smartconnect-line-interactive\/\",\"url\":\"https:\/\/aumarche.biz\/bf\/index.php\/produit\/apc-smart-ups-c-1500va-lcd-tower-230v-with-smartconnect-line-interactive\/\",\"name\":\"APC SMART-UPS C 1500VA LCD TOWER 230V WITH SMARTCONNECT LINE INTERACTIVE - AU MARCHE BURKINA\",\"isPartOf\":{\"@id\":\"https:\/\/aumarche.biz\/bf\/#website\"},\"primaryImageOfPage\":{\"@id\":\"https:\/\/aumarche.biz\/bf\/index.php\/produit\/apc-smart-ups-c-1500va-lcd-tower-230v-with-smartconnect-line-interactive\/#primaryimage\"},\"image\":{\"@id\":\"https:\/\/aumarche.biz\/bf\/index.php\/produit\/apc-smart-ups-c-1500va-lcd-tower-230v-with-smartconnect-line-interactive\/#primaryimage\"},\"thumbnailUrl\":\"https:\/\/aumarche.biz\/bf\/wp-content\/uploads\/2025\/09\/R-1.jpg\",\"datePublished\":\"2025-09-19T15:53:58+00:00\",\"breadcrumb\":{\"@id\":\"https:\/\/aumarche.biz\/bf\/index.php\/produit\/apc-smart-ups-c-1500va-lcd-tower-230v-with-smartconnect-line-interactive\/#breadcrumb\"},\"inLanguage\":\"fr-FR\",\"potentialAction\":[{\"@type\":\"ReadAction\",\"target\":[\"https:\/\/aumarche.biz\/bf\/index.php\/produit\/apc-smart-ups-c-1500va-lcd-tower-230v-with-smartconnect-line-interactive\/\"]}]},{\"@type\":\"ImageObject\",\"inLanguage\":\"fr-FR\",\"@id\":\"https:\/\/aumarche.biz\/bf\/index.php\/produit\/apc-smart-ups-c-1500va-lcd-tower-230v-with-smartconnect-line-interactive\/#primaryimage\",\"url\":\"https:\/\/aumarche.biz\/bf\/wp-content\/uploads\/2025\/09\/R-1.jpg\",\"contentUrl\":\"https:\/\/aumarche.biz\/bf\/wp-content\/uploads\/2025\/09\/R-1.jpg\",\"width\":1200,\"height\":1200},{\"@type\":\"BreadcrumbList\",\"@id\":\"https:\/\/aumarche.biz\/bf\/index.php\/produit\/apc-smart-ups-c-1500va-lcd-tower-230v-with-smartconnect-line-interactive\/#breadcrumb\",\"itemListElement\":[{\"@type\":\"ListItem\",\"position\":1,\"name\":\"Accueil\",\"item\":\"https:\/\/aumarche.biz\/bf\/\"},{\"@type\":\"ListItem\",\"position\":2,\"name\":\"Boutique\",\"item\":\"https:\/\/aumarche.biz\/bf\/index.php\/boutique\/\"},{\"@type\":\"ListItem\",\"position\":3,\"name\":\"APC SMART-UPS C 1500VA LCD TOWER 230V WITH SMARTCONNECT LINE INTERACTIVE\"}]},{\"@type\":\"WebSite\",\"@id\":\"https:\/\/aumarche.biz\/bf\/#website\",\"url\":\"https:\/\/aumarche.biz\/bf\/\",\"name\":\"aumarche.biz\",\"description\":\"Vendre et acheter autrement\",\"publisher\":{\"@id\":\"https:\/\/aumarche.biz\/bf\/#organization\"},\"potentialAction\":[{\"@type\":\"SearchAction\",\"target\":{\"@type\":\"EntryPoint\",\"urlTemplate\":\"https:\/\/aumarche.biz\/bf\/?s={search_term_string}\"},\"query-input\":{\"@type\":\"PropertyValueSpecification\",\"valueRequired\":true,\"valueName\":\"search_term_string\"}}],\"inLanguage\":\"fr-FR\"},{\"@type\":\"Organization\",\"@id\":\"https:\/\/aumarche.biz\/bf\/#organization\",\"name\":\"aumarche.biz\",\"url\":\"https:\/\/aumarche.biz\/bf\/\",\"logo\":{\"@type\":\"ImageObject\",\"inLanguage\":\"fr-FR\",\"@id\":\"https:\/\/aumarche.biz\/bf\/#\/schema\/logo\/image\/\",\"url\":\"https:\/\/aumarche.biz\/bf\/wp-content\/uploads\/2023\/09\/favicone.png\",\"contentUrl\":\"https:\/\/aumarche.biz\/bf\/wp-content\/uploads\/2023\/09\/favicone.png\",\"width\":64,\"height\":64,\"caption\":\"aumarche.biz\"},\"image\":{\"@id\":\"https:\/\/aumarche.biz\/bf\/#\/schema\/logo\/image\/\"},\"sameAs\":[\"https:\/\/www.facebook.com\/aumarchebf\"]}]}<\/script>\n<!-- \/ Yoast SEO plugin. -->","yoast_head_json":{"title":"APC SMART-UPS C 1500VA LCD TOWER 230V WITH SMARTCONNECT LINE INTERACTIVE - AU MARCHE BURKINA","robots":{"index":"noindex","follow":"follow","max-snippet":"max-snippet:-1","max-image-preview":"max-image-preview:large","max-video-preview":"max-video-preview:-1"},"og_locale":"fr_FR","og_type":"article","og_title":"APC SMART-UPS C 1500VA LCD TOWER 230V WITH SMARTCONNECT LINE INTERACTIVE - AU MARCHE BURKINA","og_description":"Les onduleurs Smart-UPS connect\u00e9s offrent une fonctionnalit\u00e9 de mise en r\u00e9seau ing\u00e9nieuse qui fait qu'ils sont encore plus adaptables et faciles \u00e0 d\u00e9ployer : APC SmartConnect \u2014 une fonctionnalit\u00e9 qui vous permet de consulter l'\u00e9tat de votre onduleur par le biais d'un portail Web s\u00e9curis\u00e9. Cette interface de gestion \u00e0 distance innovante vous permet de recevoir des notifications automatiques, des mises \u00e0 jour du firmware et une assistance avanc\u00e9e. La connectivit\u00e9 r\u00e9seau et simple d'emploi d'APC SmartConnect apporte une valeur ajout\u00e9e \u2014 et plus important encore \u2014 une tranquillit\u00e9 d'esprit suppl\u00e9mentaire.","og_url":"https:\/\/aumarche.biz\/bf\/index.php\/produit\/apc-smart-ups-c-1500va-lcd-tower-230v-with-smartconnect-line-interactive\/","og_site_name":"AU MARCHE BURKINA","article_publisher":"https:\/\/www.facebook.com\/aumarchebf","og_image":[{"width":1200,"height":1200,"url":"https:\/\/aumarche.biz\/bf\/wp-content\/uploads\/2025\/09\/R-1.jpg","type":"image\/jpeg"}],"twitter_card":"summary_large_image","schema":{"@context":"https:\/\/schema.org","@graph":[{"@type":"WebPage","@id":"https:\/\/aumarche.biz\/bf\/index.php\/produit\/apc-smart-ups-c-1500va-lcd-tower-230v-with-smartconnect-line-interactive\/","url":"https:\/\/aumarche.biz\/bf\/index.php\/produit\/apc-smart-ups-c-1500va-lcd-tower-230v-with-smartconnect-line-interactive\/","name":"APC SMART-UPS C 1500VA LCD TOWER 230V WITH SMARTCONNECT LINE INTERACTIVE - AU MARCHE BURKINA","isPartOf":{"@id":"https:\/\/aumarche.biz\/bf\/#website"},"primaryImageOfPage":{"@id":"https:\/\/aumarche.biz\/bf\/index.php\/produit\/apc-smart-ups-c-1500va-lcd-tower-230v-with-smartconnect-line-interactive\/#primaryimage"},"image":{"@id":"https:\/\/aumarche.biz\/bf\/index.php\/produit\/apc-smart-ups-c-1500va-lcd-tower-230v-with-smartconnect-line-interactive\/#primaryimage"},"thumbnailUrl":"https:\/\/aumarche.biz\/bf\/wp-content\/uploads\/2025\/09\/R-1.jpg","datePublished":"2025-09-19T15:53:58+00:00","breadcrumb":{"@id":"https:\/\/aumarche.biz\/bf\/index.php\/produit\/apc-smart-ups-c-1500va-lcd-tower-230v-with-smartconnect-line-interactive\/#breadcrumb"},"inLanguage":"fr-FR","potentialAction":[{"@type":"ReadAction","target":["https:\/\/aumarche.biz\/bf\/index.php\/produit\/apc-smart-ups-c-1500va-lcd-tower-230v-with-smartconnect-line-interactive\/"]}]},{"@type":"ImageObject","inLanguage":"fr-FR","@id":"https:\/\/aumarche.biz\/bf\/index.php\/produit\/apc-smart-ups-c-1500va-lcd-tower-230v-with-smartconnect-line-interactive\/#primaryimage","url":"https:\/\/aumarche.biz\/bf\/wp-content\/uploads\/2025\/09\/R-1.jpg","contentUrl":"https:\/\/aumarche.biz\/bf\/wp-content\/uploads\/2025\/09\/R-1.jpg","width":1200,"height":1200},{"@type":"BreadcrumbList","@id":"https:\/\/aumarche.biz\/bf\/index.php\/produit\/apc-smart-ups-c-1500va-lcd-tower-230v-with-smartconnect-line-interactive\/#breadcrumb","itemListElement":[{"@type":"ListItem","position":1,"name":"Accueil","item":"https:\/\/aumarche.biz\/bf\/"},{"@type":"ListItem","position":2,"name":"Boutique","item":"https:\/\/aumarche.biz\/bf\/index.php\/boutique\/"},{"@type":"ListItem","position":3,"name":"APC SMART-UPS C 1500VA LCD TOWER 230V WITH SMARTCONNECT LINE INTERACTIVE"}]},{"@type":"WebSite","@id":"https:\/\/aumarche.biz\/bf\/#website","url":"https:\/\/aumarche.biz\/bf\/","name":"aumarche.biz","description":"Vendre et acheter autrement","publisher":{"@id":"https:\/\/aumarche.biz\/bf\/#organization"},"potentialAction":[{"@type":"SearchAction","target":{"@type":"EntryPoint","urlTemplate":"https:\/\/aumarche.biz\/bf\/?s={search_term_string}"},"query-input":{"@type":"PropertyValueSpecification","valueRequired":true,"valueName":"search_term_string"}}],"inLanguage":"fr-FR"},{"@type":"Organization","@id":"https:\/\/aumarche.biz\/bf\/#organization","name":"aumarche.biz","url":"https:\/\/aumarche.biz\/bf\/","logo":{"@type":"ImageObject","inLanguage":"fr-FR","@id":"https:\/\/aumarche.biz\/bf\/#\/schema\/logo\/image\/","url":"https:\/\/aumarche.biz\/bf\/wp-content\/uploads\/2023\/09\/favicone.png","contentUrl":"https:\/\/aumarche.biz\/bf\/wp-content\/uploads\/2023\/09\/favicone.png","width":64,"height":64,"caption":"aumarche.biz"},"image":{"@id":"https:\/\/aumarche.biz\/bf\/#\/schema\/logo\/image\/"},"sameAs":["https:\/\/www.facebook.com\/aumarchebf"]}]}},"_links":{"self":[{"href":"https:\/\/aumarche.biz\/bf\/index.php\/wp-json\/wp\/v2\/product\/5557","targetHints":{"allow":["GET"]}}],"collection":[{"href":"https:\/\/aumarche.biz\/bf\/index.php\/wp-json\/wp\/v2\/product"}],"about":[{"href":"https:\/\/aumarche.biz\/bf\/index.php\/wp-json\/wp\/v2\/types\/product"}],"wp:featuredmedia":[{"embeddable":true,"href":"https:\/\/aumarche.biz\/bf\/index.php\/wp-json\/wp\/v2\/media\/5556"}],"wp:attachment":[{"href":"https:\/\/aumarche.biz\/bf\/index.php\/wp-json\/wp\/v2\/media?parent=5557"}],"wp:term":[{"taxonomy":"product_cat","embeddable":true,"href":"https:\/\/aumarche.biz\/bf\/index.php\/wp-json\/wp\/v2\/product_cat?post=5557"},{"taxonomy":"product_tag","embeddable":true,"href":"https:\/\/aumarche.biz\/bf\/index.php\/wp-json\/wp\/v2\/product_tag?post=5557"}],"curies":[{"name":"wp","href":"https:\/\/api.w.org\/{rel}","templated":true}]}}