{"id":5559,"date":"2025-09-24T11:57:20","date_gmt":"2025-09-24T11:57:20","guid":{"rendered":"https:\/\/aumarche.biz\/bf\/index.php\/produit\/hp-probook-450-g10-intel-core-i5-1335u-16gb-ram-512gb-ssd-15-6-fhd-dos-backlite-keyboard-finger-print-dos-silver-brand-new-azerty-keyboard-original\/"},"modified":"2025-09-24T11:57:21","modified_gmt":"2025-09-24T11:57:21","slug":"hp-probook-450-g10-intel-core-i5-1335u-16gb-ram-512gb-ssd-15-6-fhd-dos-backlite-keyboard-finger-print-dos-silver-brand-new-azerty-keyboard-original","status":"publish","type":"product","link":"https:\/\/aumarche.biz\/bf\/index.php\/produit\/hp-probook-450-g10-intel-core-i5-1335u-16gb-ram-512gb-ssd-15-6-fhd-dos-backlite-keyboard-finger-print-dos-silver-brand-new-azerty-keyboard-original\/","title":{"rendered":"HP PROBOOK 450 G10 INTEL CORE i5 -1335U 16GB RAM 512GB SSD 15.6&Prime; FHD DOS BACKLITE KEYBOARD FINGER PRINT DOS SILVER BRAND NEW &#8211; AZERTY KEYBOARD ORIGINAL"},"content":{"rendered":"<p><span style=\"font-family: FormaDJRMicro;font-size: 20px\">L\u2019ordinateur portable HP ProBook 450 15 pouces est la cl\u00e9 pour les entreprises en pleine croissance. Durable et con\u00e7u pour une mise \u00e0 niveau facile, il offre des performances de qualit\u00e9 professionnelle et une s\u00e9curit\u00e9 des terminaux \u00e0 couches multiples. Optimis\u00e9 par le dernier processeur Intel\u00ae[2] et une autonomie prolong\u00e9e, ce PC r\u00e9unit toutes les fonctionnalit\u00e9s utiles pour renforcer la productivit\u00e9 \u00e0 long terme et s\u2019adapter au travail hybride.<\/span><\/p>\n","protected":false},"excerpt":{"rendered":"<p><span style=\"font-family: FormaDJRMicro;font-size: 20px\">L\u2019ordinateur portable HP ProBook 450 15 pouces est la cl\u00e9 pour les entreprises en pleine croissance. Durable et con\u00e7u pour une mise \u00e0 niveau facile, il offre des performances de qualit\u00e9 professionnelle et une s\u00e9curit\u00e9 des terminaux \u00e0 couches multiples. Optimis\u00e9 par le dernier processeur Intel\u00ae[2] et une autonomie prolong\u00e9e, ce PC r\u00e9unit toutes les fonctionnalit\u00e9s utiles pour renforcer la productivit\u00e9 \u00e0 long terme et s\u2019adapter au travail hybride.<\/span><\/p>\n","protected":false},"featured_media":5558,"template":"","meta":[],"product_cat":[264],"product_tag":[],"class_list":{"0":"post-5559","1":"product","2":"type-product","3":"status-publish","4":"has-post-thumbnail","6":"product_brand-hp","7":"product_cat-high-tech","9":"first","10":"instock","11":"sale","12":"taxable","13":"shipping-taxable","14":"purchasable","15":"product-type-simple","16":"col-xs-6 col-sm-4","17":"col-md-3 col-lg-3","18":"un-4-cols"},"yoast_head":"<!-- This site is optimized with the Yoast SEO plugin v26.9 - https:\/\/yoast.com\/product\/yoast-seo-wordpress\/ -->\n<title>HP PROBOOK 450 G10 INTEL CORE i5 -1335U 16GB RAM 512GB SSD 15.6&quot; FHD DOS BACKLITE KEYBOARD FINGER PRINT DOS SILVER BRAND NEW - AZERTY KEYBOARD ORIGINAL - AU MARCHE BURKINA<\/title>\n<meta name=\"robots\" content=\"noindex, follow, max-snippet:-1, max-image-preview:large, max-video-preview:-1\" \/>\n<meta property=\"og:locale\" content=\"fr_FR\" \/>\n<meta property=\"og:type\" content=\"article\" \/>\n<meta property=\"og:title\" content=\"HP PROBOOK 450 G10 INTEL CORE i5 -1335U 16GB RAM 512GB SSD 15.6&quot; FHD DOS BACKLITE KEYBOARD FINGER PRINT DOS SILVER BRAND NEW - AZERTY KEYBOARD ORIGINAL - AU MARCHE BURKINA\" \/>\n<meta property=\"og:description\" content=\"L\u2019ordinateur portable HP ProBook 450 15 pouces est la cl\u00e9 pour les entreprises en pleine croissance. Durable et con\u00e7u pour une mise \u00e0 niveau facile, il offre des performances de qualit\u00e9 professionnelle et une s\u00e9curit\u00e9 des terminaux \u00e0 couches multiples. Optimis\u00e9 par le dernier processeur Intel\u00ae[2] et une autonomie prolong\u00e9e, ce PC r\u00e9unit toutes les fonctionnalit\u00e9s utiles pour renforcer la productivit\u00e9 \u00e0 long terme et s\u2019adapter au travail hybride.\" \/>\n<meta property=\"og:url\" content=\"https:\/\/aumarche.biz\/bf\/index.php\/produit\/hp-probook-450-g10-intel-core-i5-1335u-16gb-ram-512gb-ssd-15-6-fhd-dos-backlite-keyboard-finger-print-dos-silver-brand-new-azerty-keyboard-original\/\" \/>\n<meta property=\"og:site_name\" content=\"AU MARCHE BURKINA\" \/>\n<meta property=\"article:publisher\" content=\"https:\/\/www.facebook.com\/aumarchebf\" \/>\n<meta property=\"article:modified_time\" content=\"2025-09-24T11:57:21+00:00\" \/>\n<meta property=\"og:image\" content=\"https:\/\/aumarche.biz\/bf\/wp-content\/uploads\/2025\/09\/OIP-10.webp\" \/>\n\t<meta property=\"og:image:width\" content=\"474\" \/>\n\t<meta property=\"og:image:height\" content=\"355\" \/>\n\t<meta property=\"og:image:type\" content=\"image\/webp\" \/>\n<meta name=\"twitter:card\" content=\"summary_large_image\" \/>\n<script type=\"application\/ld+json\" class=\"yoast-schema-graph\">{\"@context\":\"https:\/\/schema.org\",\"@graph\":[{\"@type\":\"WebPage\",\"@id\":\"https:\/\/aumarche.biz\/bf\/index.php\/produit\/hp-probook-450-g10-intel-core-i5-1335u-16gb-ram-512gb-ssd-15-6-fhd-dos-backlite-keyboard-finger-print-dos-silver-brand-new-azerty-keyboard-original\/\",\"url\":\"https:\/\/aumarche.biz\/bf\/index.php\/produit\/hp-probook-450-g10-intel-core-i5-1335u-16gb-ram-512gb-ssd-15-6-fhd-dos-backlite-keyboard-finger-print-dos-silver-brand-new-azerty-keyboard-original\/\",\"name\":\"HP PROBOOK 450 G10 INTEL CORE i5 -1335U 16GB RAM 512GB SSD 15.6\\\" FHD DOS BACKLITE KEYBOARD FINGER PRINT DOS SILVER BRAND NEW - AZERTY KEYBOARD ORIGINAL - AU MARCHE BURKINA\",\"isPartOf\":{\"@id\":\"https:\/\/aumarche.biz\/bf\/#website\"},\"primaryImageOfPage\":{\"@id\":\"https:\/\/aumarche.biz\/bf\/index.php\/produit\/hp-probook-450-g10-intel-core-i5-1335u-16gb-ram-512gb-ssd-15-6-fhd-dos-backlite-keyboard-finger-print-dos-silver-brand-new-azerty-keyboard-original\/#primaryimage\"},\"image\":{\"@id\":\"https:\/\/aumarche.biz\/bf\/index.php\/produit\/hp-probook-450-g10-intel-core-i5-1335u-16gb-ram-512gb-ssd-15-6-fhd-dos-backlite-keyboard-finger-print-dos-silver-brand-new-azerty-keyboard-original\/#primaryimage\"},\"thumbnailUrl\":\"https:\/\/aumarche.biz\/bf\/wp-content\/uploads\/2025\/09\/OIP-10.webp\",\"datePublished\":\"2025-09-24T11:57:20+00:00\",\"dateModified\":\"2025-09-24T11:57:21+00:00\",\"breadcrumb\":{\"@id\":\"https:\/\/aumarche.biz\/bf\/index.php\/produit\/hp-probook-450-g10-intel-core-i5-1335u-16gb-ram-512gb-ssd-15-6-fhd-dos-backlite-keyboard-finger-print-dos-silver-brand-new-azerty-keyboard-original\/#breadcrumb\"},\"inLanguage\":\"fr-FR\",\"potentialAction\":[{\"@type\":\"ReadAction\",\"target\":[\"https:\/\/aumarche.biz\/bf\/index.php\/produit\/hp-probook-450-g10-intel-core-i5-1335u-16gb-ram-512gb-ssd-15-6-fhd-dos-backlite-keyboard-finger-print-dos-silver-brand-new-azerty-keyboard-original\/\"]}]},{\"@type\":\"ImageObject\",\"inLanguage\":\"fr-FR\",\"@id\":\"https:\/\/aumarche.biz\/bf\/index.php\/produit\/hp-probook-450-g10-intel-core-i5-1335u-16gb-ram-512gb-ssd-15-6-fhd-dos-backlite-keyboard-finger-print-dos-silver-brand-new-azerty-keyboard-original\/#primaryimage\",\"url\":\"https:\/\/aumarche.biz\/bf\/wp-content\/uploads\/2025\/09\/OIP-10.webp\",\"contentUrl\":\"https:\/\/aumarche.biz\/bf\/wp-content\/uploads\/2025\/09\/OIP-10.webp\",\"width\":474,\"height\":355},{\"@type\":\"BreadcrumbList\",\"@id\":\"https:\/\/aumarche.biz\/bf\/index.php\/produit\/hp-probook-450-g10-intel-core-i5-1335u-16gb-ram-512gb-ssd-15-6-fhd-dos-backlite-keyboard-finger-print-dos-silver-brand-new-azerty-keyboard-original\/#breadcrumb\",\"itemListElement\":[{\"@type\":\"ListItem\",\"position\":1,\"name\":\"Accueil\",\"item\":\"https:\/\/aumarche.biz\/bf\/\"},{\"@type\":\"ListItem\",\"position\":2,\"name\":\"Boutique\",\"item\":\"https:\/\/aumarche.biz\/bf\/index.php\/boutique\/\"},{\"@type\":\"ListItem\",\"position\":3,\"name\":\"HP PROBOOK 450 G10 INTEL CORE i5 -1335U 16GB RAM 512GB SSD 15.6&Prime; FHD DOS BACKLITE KEYBOARD FINGER PRINT DOS SILVER BRAND NEW &#8211; AZERTY KEYBOARD ORIGINAL\"}]},{\"@type\":\"WebSite\",\"@id\":\"https:\/\/aumarche.biz\/bf\/#website\",\"url\":\"https:\/\/aumarche.biz\/bf\/\",\"name\":\"aumarche.biz\",\"description\":\"Vendre et acheter autrement\",\"publisher\":{\"@id\":\"https:\/\/aumarche.biz\/bf\/#organization\"},\"potentialAction\":[{\"@type\":\"SearchAction\",\"target\":{\"@type\":\"EntryPoint\",\"urlTemplate\":\"https:\/\/aumarche.biz\/bf\/?s={search_term_string}\"},\"query-input\":{\"@type\":\"PropertyValueSpecification\",\"valueRequired\":true,\"valueName\":\"search_term_string\"}}],\"inLanguage\":\"fr-FR\"},{\"@type\":\"Organization\",\"@id\":\"https:\/\/aumarche.biz\/bf\/#organization\",\"name\":\"aumarche.biz\",\"url\":\"https:\/\/aumarche.biz\/bf\/\",\"logo\":{\"@type\":\"ImageObject\",\"inLanguage\":\"fr-FR\",\"@id\":\"https:\/\/aumarche.biz\/bf\/#\/schema\/logo\/image\/\",\"url\":\"https:\/\/aumarche.biz\/bf\/wp-content\/uploads\/2023\/09\/favicone.png\",\"contentUrl\":\"https:\/\/aumarche.biz\/bf\/wp-content\/uploads\/2023\/09\/favicone.png\",\"width\":64,\"height\":64,\"caption\":\"aumarche.biz\"},\"image\":{\"@id\":\"https:\/\/aumarche.biz\/bf\/#\/schema\/logo\/image\/\"},\"sameAs\":[\"https:\/\/www.facebook.com\/aumarchebf\"]}]}<\/script>\n<!-- \/ Yoast SEO plugin. -->","yoast_head_json":{"title":"HP PROBOOK 450 G10 INTEL CORE i5 -1335U 16GB RAM 512GB SSD 15.6\" FHD DOS BACKLITE KEYBOARD FINGER PRINT DOS SILVER BRAND NEW - AZERTY KEYBOARD ORIGINAL - AU MARCHE BURKINA","robots":{"index":"noindex","follow":"follow","max-snippet":"max-snippet:-1","max-image-preview":"max-image-preview:large","max-video-preview":"max-video-preview:-1"},"og_locale":"fr_FR","og_type":"article","og_title":"HP PROBOOK 450 G10 INTEL CORE i5 -1335U 16GB RAM 512GB SSD 15.6\" FHD DOS BACKLITE KEYBOARD FINGER PRINT DOS SILVER BRAND NEW - AZERTY KEYBOARD ORIGINAL - AU MARCHE BURKINA","og_description":"L\u2019ordinateur portable HP ProBook 450 15 pouces est la cl\u00e9 pour les entreprises en pleine croissance. Durable et con\u00e7u pour une mise \u00e0 niveau facile, il offre des performances de qualit\u00e9 professionnelle et une s\u00e9curit\u00e9 des terminaux \u00e0 couches multiples. Optimis\u00e9 par le dernier processeur Intel\u00ae[2] et une autonomie prolong\u00e9e, ce PC r\u00e9unit toutes les fonctionnalit\u00e9s utiles pour renforcer la productivit\u00e9 \u00e0 long terme et s\u2019adapter au travail hybride.","og_url":"https:\/\/aumarche.biz\/bf\/index.php\/produit\/hp-probook-450-g10-intel-core-i5-1335u-16gb-ram-512gb-ssd-15-6-fhd-dos-backlite-keyboard-finger-print-dos-silver-brand-new-azerty-keyboard-original\/","og_site_name":"AU MARCHE BURKINA","article_publisher":"https:\/\/www.facebook.com\/aumarchebf","article_modified_time":"2025-09-24T11:57:21+00:00","og_image":[{"width":474,"height":355,"url":"https:\/\/aumarche.biz\/bf\/wp-content\/uploads\/2025\/09\/OIP-10.webp","type":"image\/webp"}],"twitter_card":"summary_large_image","schema":{"@context":"https:\/\/schema.org","@graph":[{"@type":"WebPage","@id":"https:\/\/aumarche.biz\/bf\/index.php\/produit\/hp-probook-450-g10-intel-core-i5-1335u-16gb-ram-512gb-ssd-15-6-fhd-dos-backlite-keyboard-finger-print-dos-silver-brand-new-azerty-keyboard-original\/","url":"https:\/\/aumarche.biz\/bf\/index.php\/produit\/hp-probook-450-g10-intel-core-i5-1335u-16gb-ram-512gb-ssd-15-6-fhd-dos-backlite-keyboard-finger-print-dos-silver-brand-new-azerty-keyboard-original\/","name":"HP PROBOOK 450 G10 INTEL CORE i5 -1335U 16GB RAM 512GB SSD 15.6\" FHD DOS BACKLITE KEYBOARD FINGER PRINT DOS SILVER BRAND NEW - AZERTY KEYBOARD ORIGINAL - AU MARCHE BURKINA","isPartOf":{"@id":"https:\/\/aumarche.biz\/bf\/#website"},"primaryImageOfPage":{"@id":"https:\/\/aumarche.biz\/bf\/index.php\/produit\/hp-probook-450-g10-intel-core-i5-1335u-16gb-ram-512gb-ssd-15-6-fhd-dos-backlite-keyboard-finger-print-dos-silver-brand-new-azerty-keyboard-original\/#primaryimage"},"image":{"@id":"https:\/\/aumarche.biz\/bf\/index.php\/produit\/hp-probook-450-g10-intel-core-i5-1335u-16gb-ram-512gb-ssd-15-6-fhd-dos-backlite-keyboard-finger-print-dos-silver-brand-new-azerty-keyboard-original\/#primaryimage"},"thumbnailUrl":"https:\/\/aumarche.biz\/bf\/wp-content\/uploads\/2025\/09\/OIP-10.webp","datePublished":"2025-09-24T11:57:20+00:00","dateModified":"2025-09-24T11:57:21+00:00","breadcrumb":{"@id":"https:\/\/aumarche.biz\/bf\/index.php\/produit\/hp-probook-450-g10-intel-core-i5-1335u-16gb-ram-512gb-ssd-15-6-fhd-dos-backlite-keyboard-finger-print-dos-silver-brand-new-azerty-keyboard-original\/#breadcrumb"},"inLanguage":"fr-FR","potentialAction":[{"@type":"ReadAction","target":["https:\/\/aumarche.biz\/bf\/index.php\/produit\/hp-probook-450-g10-intel-core-i5-1335u-16gb-ram-512gb-ssd-15-6-fhd-dos-backlite-keyboard-finger-print-dos-silver-brand-new-azerty-keyboard-original\/"]}]},{"@type":"ImageObject","inLanguage":"fr-FR","@id":"https:\/\/aumarche.biz\/bf\/index.php\/produit\/hp-probook-450-g10-intel-core-i5-1335u-16gb-ram-512gb-ssd-15-6-fhd-dos-backlite-keyboard-finger-print-dos-silver-brand-new-azerty-keyboard-original\/#primaryimage","url":"https:\/\/aumarche.biz\/bf\/wp-content\/uploads\/2025\/09\/OIP-10.webp","contentUrl":"https:\/\/aumarche.biz\/bf\/wp-content\/uploads\/2025\/09\/OIP-10.webp","width":474,"height":355},{"@type":"BreadcrumbList","@id":"https:\/\/aumarche.biz\/bf\/index.php\/produit\/hp-probook-450-g10-intel-core-i5-1335u-16gb-ram-512gb-ssd-15-6-fhd-dos-backlite-keyboard-finger-print-dos-silver-brand-new-azerty-keyboard-original\/#breadcrumb","itemListElement":[{"@type":"ListItem","position":1,"name":"Accueil","item":"https:\/\/aumarche.biz\/bf\/"},{"@type":"ListItem","position":2,"name":"Boutique","item":"https:\/\/aumarche.biz\/bf\/index.php\/boutique\/"},{"@type":"ListItem","position":3,"name":"HP PROBOOK 450 G10 INTEL CORE i5 -1335U 16GB RAM 512GB SSD 15.6&Prime; FHD DOS BACKLITE KEYBOARD FINGER PRINT DOS SILVER BRAND NEW &#8211; AZERTY KEYBOARD ORIGINAL"}]},{"@type":"WebSite","@id":"https:\/\/aumarche.biz\/bf\/#website","url":"https:\/\/aumarche.biz\/bf\/","name":"aumarche.biz","description":"Vendre et acheter autrement","publisher":{"@id":"https:\/\/aumarche.biz\/bf\/#organization"},"potentialAction":[{"@type":"SearchAction","target":{"@type":"EntryPoint","urlTemplate":"https:\/\/aumarche.biz\/bf\/?s={search_term_string}"},"query-input":{"@type":"PropertyValueSpecification","valueRequired":true,"valueName":"search_term_string"}}],"inLanguage":"fr-FR"},{"@type":"Organization","@id":"https:\/\/aumarche.biz\/bf\/#organization","name":"aumarche.biz","url":"https:\/\/aumarche.biz\/bf\/","logo":{"@type":"ImageObject","inLanguage":"fr-FR","@id":"https:\/\/aumarche.biz\/bf\/#\/schema\/logo\/image\/","url":"https:\/\/aumarche.biz\/bf\/wp-content\/uploads\/2023\/09\/favicone.png","contentUrl":"https:\/\/aumarche.biz\/bf\/wp-content\/uploads\/2023\/09\/favicone.png","width":64,"height":64,"caption":"aumarche.biz"},"image":{"@id":"https:\/\/aumarche.biz\/bf\/#\/schema\/logo\/image\/"},"sameAs":["https:\/\/www.facebook.com\/aumarchebf"]}]}},"_links":{"self":[{"href":"https:\/\/aumarche.biz\/bf\/index.php\/wp-json\/wp\/v2\/product\/5559","targetHints":{"allow":["GET"]}}],"collection":[{"href":"https:\/\/aumarche.biz\/bf\/index.php\/wp-json\/wp\/v2\/product"}],"about":[{"href":"https:\/\/aumarche.biz\/bf\/index.php\/wp-json\/wp\/v2\/types\/product"}],"wp:featuredmedia":[{"embeddable":true,"href":"https:\/\/aumarche.biz\/bf\/index.php\/wp-json\/wp\/v2\/media\/5558"}],"wp:attachment":[{"href":"https:\/\/aumarche.biz\/bf\/index.php\/wp-json\/wp\/v2\/media?parent=5559"}],"wp:term":[{"taxonomy":"product_cat","embeddable":true,"href":"https:\/\/aumarche.biz\/bf\/index.php\/wp-json\/wp\/v2\/product_cat?post=5559"},{"taxonomy":"product_tag","embeddable":true,"href":"https:\/\/aumarche.biz\/bf\/index.php\/wp-json\/wp\/v2\/product_tag?post=5559"}],"curies":[{"name":"wp","href":"https:\/\/api.w.org\/{rel}","templated":true}]}}