{"id":5561,"date":"2025-09-24T12:07:27","date_gmt":"2025-09-24T12:07:27","guid":{"rendered":"https:\/\/aumarche.biz\/bf\/index.php\/produit\/apple-macbook-pro-14-m4-pro-chip-12-core-cpu16-core-gpu-24gb-ram-512gb-ssd-14-liquid-retina-xdr-macos-new\/"},"modified":"2025-09-24T12:07:27","modified_gmt":"2025-09-24T12:07:27","slug":"apple-macbook-pro-14-m4-pro-chip-12-core-cpu16-core-gpu-24gb-ram-512gb-ssd-14-liquid-retina-xdr-macos-new","status":"publish","type":"product","link":"https:\/\/aumarche.biz\/bf\/index.php\/produit\/apple-macbook-pro-14-m4-pro-chip-12-core-cpu16-core-gpu-24gb-ram-512gb-ssd-14-liquid-retina-xdr-macos-new\/","title":{"rendered":"APPLE MACBOOK PRO 14 M4 PRO CHIP (12 CORE CPU,16 CORE GPU) 24GB RAM 512GB SSD 14\u201d LIQUID RETINA XDR MacOS NEW"},"content":{"rendered":"<p><span style=\"font-family: Roboto, sans-serif;font-size: 18px\">Le mod\u00e8le Apple MacBook Pro \u00ab\u00a0M4 Pro\u00a0\u00bb avec processeur CPU 12 c\u0153urs\/ GPU 16 c\u0153urs de 14 pouces (2024) est \u00e9quip\u00e9 d&rsquo;un processeur Apple M4 Pro \u00e0 4,5 GHz avec douze c\u0153urs de CPU (8 c\u0153urs de performance et 4 c\u0153urs d&rsquo;efficacit\u00e9), un GPU \u00e0 16 c\u0153urs, un moteur neuronal \u00e0 16 c\u0153urs, 24 Go de RAM unifi\u00e9e par d\u00e9faut, et un SSD de 512 Go par d\u00e9faut. Tant la RAM que le SSD peuvent \u00eatre configur\u00e9s sur mesure avec des options haut de gamme au moment de l&rsquo;achat initial du syst\u00e8me, mais ne peuvent pas \u00eatre mis \u00e0 niveau par la suite.Pr\u00e9sent\u00e9 en argent (sur la photo) et en \u00ab\u00a0Noir de l&rsquo;espace\u00a0\u00bb, cet ordinateur portable dispose d&rsquo;une cam\u00e9ra int\u00e9gr\u00e9e de 12 m\u00e9gapixels \u00ab\u00a0Center Stage\u00a0\u00bb, d&rsquo;un \u00ab\u00a0syst\u00e8me audio \u00e0 six haut-parleurs de haute fid\u00e9lit\u00e9 avec des woofers \u00e0 annulation de force\u00a0\u00bb, d&rsquo;un \u00ab\u00a0Magic Keyboard\u00a0\u00bb r\u00e9tro\u00e9clair\u00e9 avec un capteur \u00ab\u00a0Touch ID\u00a0\u00bb, et d&rsquo;un grand pav\u00e9 tactile \u00ab\u00a0Force Touch\u00a0\u00bb.De plus, il poss\u00e8de un \u00e9cran large LED r\u00e9tro\u00e9clair\u00e9 haute r\u00e9solution de 14,2&Prime; 3024&#215;1964 (254 ppi, 1000 nits en continu, 1600 nits en pic HDR, 1000 nits SDR, rapport de contraste 1 000 000:1) \u00ab\u00a0Liquid Retina XDR\u00a0\u00bb, et une batterie int\u00e9gr\u00e9e qui offre selon Apple une autonomie estim\u00e9e de 14 \u00e0 22 heures.<\/span><\/p>\n","protected":false},"excerpt":{"rendered":"<p><span style=\"font-family: Roboto, sans-serif;font-size: 18px\">Le mod\u00e8le Apple MacBook Pro \u00ab\u00a0M4 Pro\u00a0\u00bb avec processeur CPU 12 c\u0153urs\/ GPU 16 c\u0153urs de 14 pouces (2024) est \u00e9quip\u00e9 d&rsquo;un processeur Apple M4 Pro \u00e0 4,5 GHz avec douze c\u0153urs de CPU (8 c\u0153urs de performance et 4 c\u0153urs d&rsquo;efficacit\u00e9), un GPU \u00e0 16 c\u0153urs, un moteur neuronal \u00e0 16 c\u0153urs, 24 Go de RAM unifi\u00e9e par d\u00e9faut, et un SSD de 512 Go par d\u00e9faut. Tant la RAM que le SSD peuvent \u00eatre configur\u00e9s sur mesure avec des options haut de gamme au moment de l&rsquo;achat initial du syst\u00e8me, mais ne peuvent pas \u00eatre mis \u00e0 niveau par la suite.Pr\u00e9sent\u00e9 en argent (sur la photo) et en \u00ab\u00a0Noir de l&rsquo;espace\u00a0\u00bb, cet ordinateur portable dispose d&rsquo;une cam\u00e9ra int\u00e9gr\u00e9e de 12 m\u00e9gapixels \u00ab\u00a0Center Stage\u00a0\u00bb, d&rsquo;un \u00ab\u00a0syst\u00e8me audio \u00e0 six haut-parleurs de haute fid\u00e9lit\u00e9 avec des woofers \u00e0 annulation de force\u00a0\u00bb, d&rsquo;un \u00ab\u00a0Magic Keyboard\u00a0\u00bb r\u00e9tro\u00e9clair\u00e9 avec un capteur \u00ab\u00a0Touch ID\u00a0\u00bb, et d&rsquo;un grand pav\u00e9 tactile \u00ab\u00a0Force Touch\u00a0\u00bb.De plus, il poss\u00e8de un \u00e9cran large LED r\u00e9tro\u00e9clair\u00e9 haute r\u00e9solution de 14,2&Prime; 3024&#215;1964 (254 ppi, 1000 nits en continu, 1600 nits en pic HDR, 1000 nits SDR, rapport de contraste 1 000 000:1) \u00ab\u00a0Liquid Retina XDR\u00a0\u00bb, et une batterie int\u00e9gr\u00e9e qui offre selon Apple une autonomie estim\u00e9e de 14 \u00e0 22 heures.<\/span><\/p>\n","protected":false},"featured_media":5560,"template":"","meta":[],"product_cat":[264],"product_tag":[],"class_list":{"0":"post-5561","1":"product","2":"type-product","3":"status-publish","4":"has-post-thumbnail","6":"product_brand-apple","7":"product_cat-high-tech","9":"first","10":"instock","11":"sale","12":"taxable","13":"shipping-taxable","14":"purchasable","15":"product-type-simple","16":"col-xs-6 col-sm-4","17":"col-md-3 col-lg-3","18":"un-4-cols"},"yoast_head":"<!-- This site is optimized with the Yoast SEO plugin v26.9 - https:\/\/yoast.com\/product\/yoast-seo-wordpress\/ -->\n<title>APPLE MACBOOK PRO 14 M4 PRO CHIP (12 CORE CPU,16 CORE GPU) 24GB RAM 512GB SSD 14\u201d LIQUID RETINA XDR MacOS NEW - AU MARCHE BURKINA<\/title>\n<meta name=\"robots\" content=\"noindex, follow, max-snippet:-1, max-image-preview:large, max-video-preview:-1\" \/>\n<meta property=\"og:locale\" content=\"fr_FR\" \/>\n<meta property=\"og:type\" content=\"article\" \/>\n<meta property=\"og:title\" content=\"APPLE MACBOOK PRO 14 M4 PRO CHIP (12 CORE CPU,16 CORE GPU) 24GB RAM 512GB SSD 14\u201d LIQUID RETINA XDR MacOS NEW - AU MARCHE BURKINA\" \/>\n<meta property=\"og:description\" content=\"Le mod\u00e8le Apple MacBook Pro &quot;M4 Pro&quot; avec processeur CPU 12 c\u0153urs\/ GPU 16 c\u0153urs de 14 pouces (2024) est \u00e9quip\u00e9 d&#039;un processeur Apple M4 Pro \u00e0 4,5 GHz avec douze c\u0153urs de CPU (8 c\u0153urs de performance et 4 c\u0153urs d&#039;efficacit\u00e9), un GPU \u00e0 16 c\u0153urs, un moteur neuronal \u00e0 16 c\u0153urs, 24 Go de RAM unifi\u00e9e par d\u00e9faut, et un SSD de 512 Go par d\u00e9faut. Tant la RAM que le SSD peuvent \u00eatre configur\u00e9s sur mesure avec des options haut de gamme au moment de l&#039;achat initial du syst\u00e8me, mais ne peuvent pas \u00eatre mis \u00e0 niveau par la suite.Pr\u00e9sent\u00e9 en argent (sur la photo) et en &quot;Noir de l&#039;espace&quot;, cet ordinateur portable dispose d&#039;une cam\u00e9ra int\u00e9gr\u00e9e de 12 m\u00e9gapixels &quot;Center Stage&quot;, d&#039;un &quot;syst\u00e8me audio \u00e0 six haut-parleurs de haute fid\u00e9lit\u00e9 avec des woofers \u00e0 annulation de force&quot;, d&#039;un &quot;Magic Keyboard&quot; r\u00e9tro\u00e9clair\u00e9 avec un capteur &quot;Touch ID&quot;, et d&#039;un grand pav\u00e9 tactile &quot;Force Touch&quot;.De plus, il poss\u00e8de un \u00e9cran large LED r\u00e9tro\u00e9clair\u00e9 haute r\u00e9solution de 14,2&quot; 3024x1964 (254 ppi, 1000 nits en continu, 1600 nits en pic HDR, 1000 nits SDR, rapport de contraste 1 000 000:1) &quot;Liquid Retina XDR&quot;, et une batterie int\u00e9gr\u00e9e qui offre selon Apple une autonomie estim\u00e9e de 14 \u00e0 22 heures.\" \/>\n<meta property=\"og:url\" content=\"https:\/\/aumarche.biz\/bf\/index.php\/produit\/apple-macbook-pro-14-m4-pro-chip-12-core-cpu16-core-gpu-24gb-ram-512gb-ssd-14-liquid-retina-xdr-macos-new\/\" \/>\n<meta property=\"og:site_name\" content=\"AU MARCHE BURKINA\" \/>\n<meta property=\"article:publisher\" content=\"https:\/\/www.facebook.com\/aumarchebf\" \/>\n<meta property=\"og:image\" content=\"https:\/\/aumarche.biz\/bf\/wp-content\/uploads\/2025\/09\/img-MacBook-Pro-Retina-14-Inch-30827.jpg\" \/>\n\t<meta property=\"og:image:width\" content=\"2096\" \/>\n\t<meta property=\"og:image:height\" content=\"2096\" \/>\n\t<meta property=\"og:image:type\" content=\"image\/jpeg\" \/>\n<meta name=\"twitter:card\" content=\"summary_large_image\" \/>\n<meta name=\"twitter:label1\" content=\"Dur\u00e9e de lecture estim\u00e9e\" \/>\n\t<meta name=\"twitter:data1\" content=\"1 minute\" \/>\n<script type=\"application\/ld+json\" class=\"yoast-schema-graph\">{\"@context\":\"https:\/\/schema.org\",\"@graph\":[{\"@type\":\"WebPage\",\"@id\":\"https:\/\/aumarche.biz\/bf\/index.php\/produit\/apple-macbook-pro-14-m4-pro-chip-12-core-cpu16-core-gpu-24gb-ram-512gb-ssd-14-liquid-retina-xdr-macos-new\/\",\"url\":\"https:\/\/aumarche.biz\/bf\/index.php\/produit\/apple-macbook-pro-14-m4-pro-chip-12-core-cpu16-core-gpu-24gb-ram-512gb-ssd-14-liquid-retina-xdr-macos-new\/\",\"name\":\"APPLE MACBOOK PRO 14 M4 PRO CHIP (12 CORE CPU,16 CORE GPU) 24GB RAM 512GB SSD 14\u201d LIQUID RETINA XDR MacOS NEW - AU MARCHE BURKINA\",\"isPartOf\":{\"@id\":\"https:\/\/aumarche.biz\/bf\/#website\"},\"primaryImageOfPage\":{\"@id\":\"https:\/\/aumarche.biz\/bf\/index.php\/produit\/apple-macbook-pro-14-m4-pro-chip-12-core-cpu16-core-gpu-24gb-ram-512gb-ssd-14-liquid-retina-xdr-macos-new\/#primaryimage\"},\"image\":{\"@id\":\"https:\/\/aumarche.biz\/bf\/index.php\/produit\/apple-macbook-pro-14-m4-pro-chip-12-core-cpu16-core-gpu-24gb-ram-512gb-ssd-14-liquid-retina-xdr-macos-new\/#primaryimage\"},\"thumbnailUrl\":\"https:\/\/aumarche.biz\/bf\/wp-content\/uploads\/2025\/09\/img-MacBook-Pro-Retina-14-Inch-30827.jpg\",\"datePublished\":\"2025-09-24T12:07:27+00:00\",\"breadcrumb\":{\"@id\":\"https:\/\/aumarche.biz\/bf\/index.php\/produit\/apple-macbook-pro-14-m4-pro-chip-12-core-cpu16-core-gpu-24gb-ram-512gb-ssd-14-liquid-retina-xdr-macos-new\/#breadcrumb\"},\"inLanguage\":\"fr-FR\",\"potentialAction\":[{\"@type\":\"ReadAction\",\"target\":[\"https:\/\/aumarche.biz\/bf\/index.php\/produit\/apple-macbook-pro-14-m4-pro-chip-12-core-cpu16-core-gpu-24gb-ram-512gb-ssd-14-liquid-retina-xdr-macos-new\/\"]}]},{\"@type\":\"ImageObject\",\"inLanguage\":\"fr-FR\",\"@id\":\"https:\/\/aumarche.biz\/bf\/index.php\/produit\/apple-macbook-pro-14-m4-pro-chip-12-core-cpu16-core-gpu-24gb-ram-512gb-ssd-14-liquid-retina-xdr-macos-new\/#primaryimage\",\"url\":\"https:\/\/aumarche.biz\/bf\/wp-content\/uploads\/2025\/09\/img-MacBook-Pro-Retina-14-Inch-30827.jpg\",\"contentUrl\":\"https:\/\/aumarche.biz\/bf\/wp-content\/uploads\/2025\/09\/img-MacBook-Pro-Retina-14-Inch-30827.jpg\",\"width\":2096,\"height\":2096},{\"@type\":\"BreadcrumbList\",\"@id\":\"https:\/\/aumarche.biz\/bf\/index.php\/produit\/apple-macbook-pro-14-m4-pro-chip-12-core-cpu16-core-gpu-24gb-ram-512gb-ssd-14-liquid-retina-xdr-macos-new\/#breadcrumb\",\"itemListElement\":[{\"@type\":\"ListItem\",\"position\":1,\"name\":\"Accueil\",\"item\":\"https:\/\/aumarche.biz\/bf\/\"},{\"@type\":\"ListItem\",\"position\":2,\"name\":\"Boutique\",\"item\":\"https:\/\/aumarche.biz\/bf\/index.php\/boutique\/\"},{\"@type\":\"ListItem\",\"position\":3,\"name\":\"APPLE MACBOOK PRO 14 M4 PRO CHIP (12 CORE CPU,16 CORE GPU) 24GB RAM 512GB SSD 14\u201d LIQUID RETINA XDR MacOS NEW\"}]},{\"@type\":\"WebSite\",\"@id\":\"https:\/\/aumarche.biz\/bf\/#website\",\"url\":\"https:\/\/aumarche.biz\/bf\/\",\"name\":\"aumarche.biz\",\"description\":\"Vendre et acheter autrement\",\"publisher\":{\"@id\":\"https:\/\/aumarche.biz\/bf\/#organization\"},\"potentialAction\":[{\"@type\":\"SearchAction\",\"target\":{\"@type\":\"EntryPoint\",\"urlTemplate\":\"https:\/\/aumarche.biz\/bf\/?s={search_term_string}\"},\"query-input\":{\"@type\":\"PropertyValueSpecification\",\"valueRequired\":true,\"valueName\":\"search_term_string\"}}],\"inLanguage\":\"fr-FR\"},{\"@type\":\"Organization\",\"@id\":\"https:\/\/aumarche.biz\/bf\/#organization\",\"name\":\"aumarche.biz\",\"url\":\"https:\/\/aumarche.biz\/bf\/\",\"logo\":{\"@type\":\"ImageObject\",\"inLanguage\":\"fr-FR\",\"@id\":\"https:\/\/aumarche.biz\/bf\/#\/schema\/logo\/image\/\",\"url\":\"https:\/\/aumarche.biz\/bf\/wp-content\/uploads\/2023\/09\/favicone.png\",\"contentUrl\":\"https:\/\/aumarche.biz\/bf\/wp-content\/uploads\/2023\/09\/favicone.png\",\"width\":64,\"height\":64,\"caption\":\"aumarche.biz\"},\"image\":{\"@id\":\"https:\/\/aumarche.biz\/bf\/#\/schema\/logo\/image\/\"},\"sameAs\":[\"https:\/\/www.facebook.com\/aumarchebf\"]}]}<\/script>\n<!-- \/ Yoast SEO plugin. -->","yoast_head_json":{"title":"APPLE MACBOOK PRO 14 M4 PRO CHIP (12 CORE CPU,16 CORE GPU) 24GB RAM 512GB SSD 14\u201d LIQUID RETINA XDR MacOS NEW - AU MARCHE BURKINA","robots":{"index":"noindex","follow":"follow","max-snippet":"max-snippet:-1","max-image-preview":"max-image-preview:large","max-video-preview":"max-video-preview:-1"},"og_locale":"fr_FR","og_type":"article","og_title":"APPLE MACBOOK PRO 14 M4 PRO CHIP (12 CORE CPU,16 CORE GPU) 24GB RAM 512GB SSD 14\u201d LIQUID RETINA XDR MacOS NEW - AU MARCHE BURKINA","og_description":"Le mod\u00e8le Apple MacBook Pro \"M4 Pro\" avec processeur CPU 12 c\u0153urs\/ GPU 16 c\u0153urs de 14 pouces (2024) est \u00e9quip\u00e9 d'un processeur Apple M4 Pro \u00e0 4,5 GHz avec douze c\u0153urs de CPU (8 c\u0153urs de performance et 4 c\u0153urs d'efficacit\u00e9), un GPU \u00e0 16 c\u0153urs, un moteur neuronal \u00e0 16 c\u0153urs, 24 Go de RAM unifi\u00e9e par d\u00e9faut, et un SSD de 512 Go par d\u00e9faut. Tant la RAM que le SSD peuvent \u00eatre configur\u00e9s sur mesure avec des options haut de gamme au moment de l'achat initial du syst\u00e8me, mais ne peuvent pas \u00eatre mis \u00e0 niveau par la suite.Pr\u00e9sent\u00e9 en argent (sur la photo) et en \"Noir de l'espace\", cet ordinateur portable dispose d'une cam\u00e9ra int\u00e9gr\u00e9e de 12 m\u00e9gapixels \"Center Stage\", d'un \"syst\u00e8me audio \u00e0 six haut-parleurs de haute fid\u00e9lit\u00e9 avec des woofers \u00e0 annulation de force\", d'un \"Magic Keyboard\" r\u00e9tro\u00e9clair\u00e9 avec un capteur \"Touch ID\", et d'un grand pav\u00e9 tactile \"Force Touch\".De plus, il poss\u00e8de un \u00e9cran large LED r\u00e9tro\u00e9clair\u00e9 haute r\u00e9solution de 14,2\" 3024x1964 (254 ppi, 1000 nits en continu, 1600 nits en pic HDR, 1000 nits SDR, rapport de contraste 1 000 000:1) \"Liquid Retina XDR\", et une batterie int\u00e9gr\u00e9e qui offre selon Apple une autonomie estim\u00e9e de 14 \u00e0 22 heures.","og_url":"https:\/\/aumarche.biz\/bf\/index.php\/produit\/apple-macbook-pro-14-m4-pro-chip-12-core-cpu16-core-gpu-24gb-ram-512gb-ssd-14-liquid-retina-xdr-macos-new\/","og_site_name":"AU MARCHE BURKINA","article_publisher":"https:\/\/www.facebook.com\/aumarchebf","og_image":[{"width":2096,"height":2096,"url":"https:\/\/aumarche.biz\/bf\/wp-content\/uploads\/2025\/09\/img-MacBook-Pro-Retina-14-Inch-30827.jpg","type":"image\/jpeg"}],"twitter_card":"summary_large_image","twitter_misc":{"Dur\u00e9e de lecture estim\u00e9e":"1 minute"},"schema":{"@context":"https:\/\/schema.org","@graph":[{"@type":"WebPage","@id":"https:\/\/aumarche.biz\/bf\/index.php\/produit\/apple-macbook-pro-14-m4-pro-chip-12-core-cpu16-core-gpu-24gb-ram-512gb-ssd-14-liquid-retina-xdr-macos-new\/","url":"https:\/\/aumarche.biz\/bf\/index.php\/produit\/apple-macbook-pro-14-m4-pro-chip-12-core-cpu16-core-gpu-24gb-ram-512gb-ssd-14-liquid-retina-xdr-macos-new\/","name":"APPLE MACBOOK PRO 14 M4 PRO CHIP (12 CORE CPU,16 CORE GPU) 24GB RAM 512GB SSD 14\u201d LIQUID RETINA XDR MacOS NEW - AU MARCHE BURKINA","isPartOf":{"@id":"https:\/\/aumarche.biz\/bf\/#website"},"primaryImageOfPage":{"@id":"https:\/\/aumarche.biz\/bf\/index.php\/produit\/apple-macbook-pro-14-m4-pro-chip-12-core-cpu16-core-gpu-24gb-ram-512gb-ssd-14-liquid-retina-xdr-macos-new\/#primaryimage"},"image":{"@id":"https:\/\/aumarche.biz\/bf\/index.php\/produit\/apple-macbook-pro-14-m4-pro-chip-12-core-cpu16-core-gpu-24gb-ram-512gb-ssd-14-liquid-retina-xdr-macos-new\/#primaryimage"},"thumbnailUrl":"https:\/\/aumarche.biz\/bf\/wp-content\/uploads\/2025\/09\/img-MacBook-Pro-Retina-14-Inch-30827.jpg","datePublished":"2025-09-24T12:07:27+00:00","breadcrumb":{"@id":"https:\/\/aumarche.biz\/bf\/index.php\/produit\/apple-macbook-pro-14-m4-pro-chip-12-core-cpu16-core-gpu-24gb-ram-512gb-ssd-14-liquid-retina-xdr-macos-new\/#breadcrumb"},"inLanguage":"fr-FR","potentialAction":[{"@type":"ReadAction","target":["https:\/\/aumarche.biz\/bf\/index.php\/produit\/apple-macbook-pro-14-m4-pro-chip-12-core-cpu16-core-gpu-24gb-ram-512gb-ssd-14-liquid-retina-xdr-macos-new\/"]}]},{"@type":"ImageObject","inLanguage":"fr-FR","@id":"https:\/\/aumarche.biz\/bf\/index.php\/produit\/apple-macbook-pro-14-m4-pro-chip-12-core-cpu16-core-gpu-24gb-ram-512gb-ssd-14-liquid-retina-xdr-macos-new\/#primaryimage","url":"https:\/\/aumarche.biz\/bf\/wp-content\/uploads\/2025\/09\/img-MacBook-Pro-Retina-14-Inch-30827.jpg","contentUrl":"https:\/\/aumarche.biz\/bf\/wp-content\/uploads\/2025\/09\/img-MacBook-Pro-Retina-14-Inch-30827.jpg","width":2096,"height":2096},{"@type":"BreadcrumbList","@id":"https:\/\/aumarche.biz\/bf\/index.php\/produit\/apple-macbook-pro-14-m4-pro-chip-12-core-cpu16-core-gpu-24gb-ram-512gb-ssd-14-liquid-retina-xdr-macos-new\/#breadcrumb","itemListElement":[{"@type":"ListItem","position":1,"name":"Accueil","item":"https:\/\/aumarche.biz\/bf\/"},{"@type":"ListItem","position":2,"name":"Boutique","item":"https:\/\/aumarche.biz\/bf\/index.php\/boutique\/"},{"@type":"ListItem","position":3,"name":"APPLE MACBOOK PRO 14 M4 PRO CHIP (12 CORE CPU,16 CORE GPU) 24GB RAM 512GB SSD 14\u201d LIQUID RETINA XDR MacOS NEW"}]},{"@type":"WebSite","@id":"https:\/\/aumarche.biz\/bf\/#website","url":"https:\/\/aumarche.biz\/bf\/","name":"aumarche.biz","description":"Vendre et acheter autrement","publisher":{"@id":"https:\/\/aumarche.biz\/bf\/#organization"},"potentialAction":[{"@type":"SearchAction","target":{"@type":"EntryPoint","urlTemplate":"https:\/\/aumarche.biz\/bf\/?s={search_term_string}"},"query-input":{"@type":"PropertyValueSpecification","valueRequired":true,"valueName":"search_term_string"}}],"inLanguage":"fr-FR"},{"@type":"Organization","@id":"https:\/\/aumarche.biz\/bf\/#organization","name":"aumarche.biz","url":"https:\/\/aumarche.biz\/bf\/","logo":{"@type":"ImageObject","inLanguage":"fr-FR","@id":"https:\/\/aumarche.biz\/bf\/#\/schema\/logo\/image\/","url":"https:\/\/aumarche.biz\/bf\/wp-content\/uploads\/2023\/09\/favicone.png","contentUrl":"https:\/\/aumarche.biz\/bf\/wp-content\/uploads\/2023\/09\/favicone.png","width":64,"height":64,"caption":"aumarche.biz"},"image":{"@id":"https:\/\/aumarche.biz\/bf\/#\/schema\/logo\/image\/"},"sameAs":["https:\/\/www.facebook.com\/aumarchebf"]}]}},"_links":{"self":[{"href":"https:\/\/aumarche.biz\/bf\/index.php\/wp-json\/wp\/v2\/product\/5561","targetHints":{"allow":["GET"]}}],"collection":[{"href":"https:\/\/aumarche.biz\/bf\/index.php\/wp-json\/wp\/v2\/product"}],"about":[{"href":"https:\/\/aumarche.biz\/bf\/index.php\/wp-json\/wp\/v2\/types\/product"}],"wp:featuredmedia":[{"embeddable":true,"href":"https:\/\/aumarche.biz\/bf\/index.php\/wp-json\/wp\/v2\/media\/5560"}],"wp:attachment":[{"href":"https:\/\/aumarche.biz\/bf\/index.php\/wp-json\/wp\/v2\/media?parent=5561"}],"wp:term":[{"taxonomy":"product_cat","embeddable":true,"href":"https:\/\/aumarche.biz\/bf\/index.php\/wp-json\/wp\/v2\/product_cat?post=5561"},{"taxonomy":"product_tag","embeddable":true,"href":"https:\/\/aumarche.biz\/bf\/index.php\/wp-json\/wp\/v2\/product_tag?post=5561"}],"curies":[{"name":"wp","href":"https:\/\/api.w.org\/{rel}","templated":true}]}}