{"id":5563,"date":"2025-09-24T12:24:45","date_gmt":"2025-09-24T12:24:45","guid":{"rendered":"https:\/\/aumarche.biz\/bf\/index.php\/produit\/hp-240-g10-intel-core-i5-1335u-13th-gen-8gb-ram-512gb-ssd-14-fhd-backlite-keyboard-windows-11-pro-silver-brand-new-original-french\/"},"modified":"2025-09-24T12:24:45","modified_gmt":"2025-09-24T12:24:45","slug":"hp-240-g10-intel-core-i5-1335u-13th-gen-8gb-ram-512gb-ssd-14-fhd-backlite-keyboard-windows-11-pro-silver-brand-new-original-french","status":"publish","type":"product","link":"https:\/\/aumarche.biz\/bf\/index.php\/produit\/hp-240-g10-intel-core-i5-1335u-13th-gen-8gb-ram-512gb-ssd-14-fhd-backlite-keyboard-windows-11-pro-silver-brand-new-original-french\/","title":{"rendered":"HP 240 G10 INTEL CORE i5-1335U 13TH GEN 8GB RAM 512GB SSD 14&Prime; FHD BACKLITE KEYBOARD WINDOWS 11 PRO SILVER BRAND NEW &#8211; ORIGINAL FRENCH"},"content":{"rendered":"<p><span style=\"font-family: Roboto, sans-serif;font-size: 18px\">Le HP 240 G10 est un ordinateur portable compact de 14 pouces pr\u00eat pour les affaires, dot\u00e9 d&rsquo;un processeur Intel Core i5-1335U de 13e g\u00e9n\u00e9ration, de 8 Go de RAM, de 512 Go de SSD, d&rsquo;un clavier r\u00e9tro\u00e9clair\u00e9 et de Windows 11 Pro, id\u00e9al pour la productivit\u00e9, le travail \u00e0 distance et les t\u00e2ches informatiques quotidiennes. Sp\u00e9cifications cl\u00e9s de performance Processeur : Intel Core i5-1335U de 13e g\u00e9n\u00e9ration avec 10 c\u0153urs (6 c\u0153urs P, 4 c\u0153urs E), 12 fils, jusqu&rsquo;\u00e0 4,6 GHz avec Intel Turbo Boost, et 12 Mo de cache L3, offrant un multit\u00e2che fluide et un soutien pour les charges de travail professionnelles quotidiennes. M\u00e9moire : 8 Go de DDR4-3200 Mhz SODIMM, avec deux emplacements permettant des mises \u00e0 niveau allant jusqu&rsquo;\u00e0 32 Go si n\u00e9cessaire. Stockage : SSD PCIe NVMe de 512 Go offrant des temps de d\u00e9marrage rapides, des performances r\u00e9actives et suffisamment d&rsquo;espace pour les applications et les fichiers essentiels. Graphiques : Graphismes Intel UHD int\u00e9gr\u00e9s (certaines configurations avec Intel Iris Xe), adapt\u00e9s aux t\u00e2ches visuelles quotidiennes et \u00e0 un usage l\u00e9ger des graphiques.<\/span><\/p>\n","protected":false},"excerpt":{"rendered":"<p><span style=\"font-family: Roboto, sans-serif;font-size: 18px\">Le HP 240 G10 est un ordinateur portable compact de 14 pouces pr\u00eat pour les affaires, dot\u00e9 d&rsquo;un processeur Intel Core i5-1335U de 13e g\u00e9n\u00e9ration, de 8 Go de RAM, de 512 Go de SSD, d&rsquo;un clavier r\u00e9tro\u00e9clair\u00e9 et de Windows 11 Pro, id\u00e9al pour la productivit\u00e9, le travail \u00e0 distance et les t\u00e2ches informatiques quotidiennes. Sp\u00e9cifications cl\u00e9s de performance Processeur : Intel Core i5-1335U de 13e g\u00e9n\u00e9ration avec 10 c\u0153urs (6 c\u0153urs P, 4 c\u0153urs E), 12 fils, jusqu&rsquo;\u00e0 4,6 GHz avec Intel Turbo Boost, et 12 Mo de cache L3, offrant un multit\u00e2che fluide et un soutien pour les charges de travail professionnelles quotidiennes. M\u00e9moire : 8 Go de DDR4-3200 Mhz SODIMM, avec deux emplacements permettant des mises \u00e0 niveau allant jusqu&rsquo;\u00e0 32 Go si n\u00e9cessaire. Stockage : SSD PCIe NVMe de 512 Go offrant des temps de d\u00e9marrage rapides, des performances r\u00e9actives et suffisamment d&rsquo;espace pour les applications et les fichiers essentiels. Graphiques : Graphismes Intel UHD int\u00e9gr\u00e9s (certaines configurations avec Intel Iris Xe), adapt\u00e9s aux t\u00e2ches visuelles quotidiennes et \u00e0 un usage l\u00e9ger des graphiques.<\/span><\/p>\n","protected":false},"featured_media":5562,"template":"","meta":[],"product_cat":[264],"product_tag":[],"class_list":{"0":"post-5563","1":"product","2":"type-product","3":"status-publish","4":"has-post-thumbnail","6":"product_brand-hp","7":"product_cat-high-tech","9":"first","10":"instock","11":"taxable","12":"shipping-taxable","13":"purchasable","14":"product-type-simple","15":"col-xs-6 col-sm-4","16":"col-md-3 col-lg-3","17":"un-4-cols"},"yoast_head":"<!-- This site is optimized with the Yoast SEO plugin v26.9 - https:\/\/yoast.com\/product\/yoast-seo-wordpress\/ -->\n<title>HP 240 G10 INTEL CORE i5-1335U 13TH GEN 8GB RAM 512GB SSD 14&quot; FHD BACKLITE KEYBOARD WINDOWS 11 PRO SILVER BRAND NEW - ORIGINAL FRENCH - AU MARCHE BURKINA<\/title>\n<meta name=\"robots\" content=\"noindex, follow, max-snippet:-1, max-image-preview:large, max-video-preview:-1\" \/>\n<meta property=\"og:locale\" content=\"fr_FR\" \/>\n<meta property=\"og:type\" content=\"article\" \/>\n<meta property=\"og:title\" content=\"HP 240 G10 INTEL CORE i5-1335U 13TH GEN 8GB RAM 512GB SSD 14&quot; FHD BACKLITE KEYBOARD WINDOWS 11 PRO SILVER BRAND NEW - ORIGINAL FRENCH - AU MARCHE BURKINA\" \/>\n<meta property=\"og:description\" content=\"Le HP 240 G10 est un ordinateur portable compact de 14 pouces pr\u00eat pour les affaires, dot\u00e9 d&#039;un processeur Intel Core i5-1335U de 13e g\u00e9n\u00e9ration, de 8 Go de RAM, de 512 Go de SSD, d&#039;un clavier r\u00e9tro\u00e9clair\u00e9 et de Windows 11 Pro, id\u00e9al pour la productivit\u00e9, le travail \u00e0 distance et les t\u00e2ches informatiques quotidiennes. Sp\u00e9cifications cl\u00e9s de performance Processeur : Intel Core i5-1335U de 13e g\u00e9n\u00e9ration avec 10 c\u0153urs (6 c\u0153urs P, 4 c\u0153urs E), 12 fils, jusqu&#039;\u00e0 4,6 GHz avec Intel Turbo Boost, et 12 Mo de cache L3, offrant un multit\u00e2che fluide et un soutien pour les charges de travail professionnelles quotidiennes. M\u00e9moire : 8 Go de DDR4-3200 Mhz SODIMM, avec deux emplacements permettant des mises \u00e0 niveau allant jusqu&#039;\u00e0 32 Go si n\u00e9cessaire. Stockage : SSD PCIe NVMe de 512 Go offrant des temps de d\u00e9marrage rapides, des performances r\u00e9actives et suffisamment d&#039;espace pour les applications et les fichiers essentiels. Graphiques : Graphismes Intel UHD int\u00e9gr\u00e9s (certaines configurations avec Intel Iris Xe), adapt\u00e9s aux t\u00e2ches visuelles quotidiennes et \u00e0 un usage l\u00e9ger des graphiques.\" \/>\n<meta property=\"og:url\" content=\"https:\/\/aumarche.biz\/bf\/index.php\/produit\/hp-240-g10-intel-core-i5-1335u-13th-gen-8gb-ram-512gb-ssd-14-fhd-backlite-keyboard-windows-11-pro-silver-brand-new-original-french\/\" \/>\n<meta property=\"og:site_name\" content=\"AU MARCHE BURKINA\" \/>\n<meta property=\"article:publisher\" content=\"https:\/\/www.facebook.com\/aumarchebf\" \/>\n<meta property=\"og:image\" content=\"https:\/\/aumarche.biz\/bf\/wp-content\/uploads\/2025\/09\/com-nb-hp-probook-450-and-440-g9-product-image.png\" \/>\n\t<meta property=\"og:image:width\" content=\"520\" \/>\n\t<meta property=\"og:image:height\" content=\"339\" \/>\n\t<meta property=\"og:image:type\" content=\"image\/png\" \/>\n<meta name=\"twitter:card\" content=\"summary_large_image\" \/>\n<meta name=\"twitter:label1\" content=\"Dur\u00e9e de lecture estim\u00e9e\" \/>\n\t<meta name=\"twitter:data1\" content=\"1 minute\" \/>\n<script type=\"application\/ld+json\" class=\"yoast-schema-graph\">{\"@context\":\"https:\/\/schema.org\",\"@graph\":[{\"@type\":\"WebPage\",\"@id\":\"https:\/\/aumarche.biz\/bf\/index.php\/produit\/hp-240-g10-intel-core-i5-1335u-13th-gen-8gb-ram-512gb-ssd-14-fhd-backlite-keyboard-windows-11-pro-silver-brand-new-original-french\/\",\"url\":\"https:\/\/aumarche.biz\/bf\/index.php\/produit\/hp-240-g10-intel-core-i5-1335u-13th-gen-8gb-ram-512gb-ssd-14-fhd-backlite-keyboard-windows-11-pro-silver-brand-new-original-french\/\",\"name\":\"HP 240 G10 INTEL CORE i5-1335U 13TH GEN 8GB RAM 512GB SSD 14\\\" FHD BACKLITE KEYBOARD WINDOWS 11 PRO SILVER BRAND NEW - ORIGINAL FRENCH - AU MARCHE BURKINA\",\"isPartOf\":{\"@id\":\"https:\/\/aumarche.biz\/bf\/#website\"},\"primaryImageOfPage\":{\"@id\":\"https:\/\/aumarche.biz\/bf\/index.php\/produit\/hp-240-g10-intel-core-i5-1335u-13th-gen-8gb-ram-512gb-ssd-14-fhd-backlite-keyboard-windows-11-pro-silver-brand-new-original-french\/#primaryimage\"},\"image\":{\"@id\":\"https:\/\/aumarche.biz\/bf\/index.php\/produit\/hp-240-g10-intel-core-i5-1335u-13th-gen-8gb-ram-512gb-ssd-14-fhd-backlite-keyboard-windows-11-pro-silver-brand-new-original-french\/#primaryimage\"},\"thumbnailUrl\":\"https:\/\/aumarche.biz\/bf\/wp-content\/uploads\/2025\/09\/com-nb-hp-probook-450-and-440-g9-product-image.png\",\"datePublished\":\"2025-09-24T12:24:45+00:00\",\"breadcrumb\":{\"@id\":\"https:\/\/aumarche.biz\/bf\/index.php\/produit\/hp-240-g10-intel-core-i5-1335u-13th-gen-8gb-ram-512gb-ssd-14-fhd-backlite-keyboard-windows-11-pro-silver-brand-new-original-french\/#breadcrumb\"},\"inLanguage\":\"fr-FR\",\"potentialAction\":[{\"@type\":\"ReadAction\",\"target\":[\"https:\/\/aumarche.biz\/bf\/index.php\/produit\/hp-240-g10-intel-core-i5-1335u-13th-gen-8gb-ram-512gb-ssd-14-fhd-backlite-keyboard-windows-11-pro-silver-brand-new-original-french\/\"]}]},{\"@type\":\"ImageObject\",\"inLanguage\":\"fr-FR\",\"@id\":\"https:\/\/aumarche.biz\/bf\/index.php\/produit\/hp-240-g10-intel-core-i5-1335u-13th-gen-8gb-ram-512gb-ssd-14-fhd-backlite-keyboard-windows-11-pro-silver-brand-new-original-french\/#primaryimage\",\"url\":\"https:\/\/aumarche.biz\/bf\/wp-content\/uploads\/2025\/09\/com-nb-hp-probook-450-and-440-g9-product-image.png\",\"contentUrl\":\"https:\/\/aumarche.biz\/bf\/wp-content\/uploads\/2025\/09\/com-nb-hp-probook-450-and-440-g9-product-image.png\",\"width\":520,\"height\":339},{\"@type\":\"BreadcrumbList\",\"@id\":\"https:\/\/aumarche.biz\/bf\/index.php\/produit\/hp-240-g10-intel-core-i5-1335u-13th-gen-8gb-ram-512gb-ssd-14-fhd-backlite-keyboard-windows-11-pro-silver-brand-new-original-french\/#breadcrumb\",\"itemListElement\":[{\"@type\":\"ListItem\",\"position\":1,\"name\":\"Accueil\",\"item\":\"https:\/\/aumarche.biz\/bf\/\"},{\"@type\":\"ListItem\",\"position\":2,\"name\":\"Boutique\",\"item\":\"https:\/\/aumarche.biz\/bf\/index.php\/boutique\/\"},{\"@type\":\"ListItem\",\"position\":3,\"name\":\"HP 240 G10 INTEL CORE i5-1335U 13TH GEN 8GB RAM 512GB SSD 14&Prime; FHD BACKLITE KEYBOARD WINDOWS 11 PRO SILVER BRAND NEW &#8211; ORIGINAL FRENCH\"}]},{\"@type\":\"WebSite\",\"@id\":\"https:\/\/aumarche.biz\/bf\/#website\",\"url\":\"https:\/\/aumarche.biz\/bf\/\",\"name\":\"aumarche.biz\",\"description\":\"Vendre et acheter autrement\",\"publisher\":{\"@id\":\"https:\/\/aumarche.biz\/bf\/#organization\"},\"potentialAction\":[{\"@type\":\"SearchAction\",\"target\":{\"@type\":\"EntryPoint\",\"urlTemplate\":\"https:\/\/aumarche.biz\/bf\/?s={search_term_string}\"},\"query-input\":{\"@type\":\"PropertyValueSpecification\",\"valueRequired\":true,\"valueName\":\"search_term_string\"}}],\"inLanguage\":\"fr-FR\"},{\"@type\":\"Organization\",\"@id\":\"https:\/\/aumarche.biz\/bf\/#organization\",\"name\":\"aumarche.biz\",\"url\":\"https:\/\/aumarche.biz\/bf\/\",\"logo\":{\"@type\":\"ImageObject\",\"inLanguage\":\"fr-FR\",\"@id\":\"https:\/\/aumarche.biz\/bf\/#\/schema\/logo\/image\/\",\"url\":\"https:\/\/aumarche.biz\/bf\/wp-content\/uploads\/2023\/09\/favicone.png\",\"contentUrl\":\"https:\/\/aumarche.biz\/bf\/wp-content\/uploads\/2023\/09\/favicone.png\",\"width\":64,\"height\":64,\"caption\":\"aumarche.biz\"},\"image\":{\"@id\":\"https:\/\/aumarche.biz\/bf\/#\/schema\/logo\/image\/\"},\"sameAs\":[\"https:\/\/www.facebook.com\/aumarchebf\"]}]}<\/script>\n<!-- \/ Yoast SEO plugin. -->","yoast_head_json":{"title":"HP 240 G10 INTEL CORE i5-1335U 13TH GEN 8GB RAM 512GB SSD 14\" FHD BACKLITE KEYBOARD WINDOWS 11 PRO SILVER BRAND NEW - ORIGINAL FRENCH - AU MARCHE BURKINA","robots":{"index":"noindex","follow":"follow","max-snippet":"max-snippet:-1","max-image-preview":"max-image-preview:large","max-video-preview":"max-video-preview:-1"},"og_locale":"fr_FR","og_type":"article","og_title":"HP 240 G10 INTEL CORE i5-1335U 13TH GEN 8GB RAM 512GB SSD 14\" FHD BACKLITE KEYBOARD WINDOWS 11 PRO SILVER BRAND NEW - ORIGINAL FRENCH - AU MARCHE BURKINA","og_description":"Le HP 240 G10 est un ordinateur portable compact de 14 pouces pr\u00eat pour les affaires, dot\u00e9 d'un processeur Intel Core i5-1335U de 13e g\u00e9n\u00e9ration, de 8 Go de RAM, de 512 Go de SSD, d'un clavier r\u00e9tro\u00e9clair\u00e9 et de Windows 11 Pro, id\u00e9al pour la productivit\u00e9, le travail \u00e0 distance et les t\u00e2ches informatiques quotidiennes. Sp\u00e9cifications cl\u00e9s de performance Processeur : Intel Core i5-1335U de 13e g\u00e9n\u00e9ration avec 10 c\u0153urs (6 c\u0153urs P, 4 c\u0153urs E), 12 fils, jusqu'\u00e0 4,6 GHz avec Intel Turbo Boost, et 12 Mo de cache L3, offrant un multit\u00e2che fluide et un soutien pour les charges de travail professionnelles quotidiennes. M\u00e9moire : 8 Go de DDR4-3200 Mhz SODIMM, avec deux emplacements permettant des mises \u00e0 niveau allant jusqu'\u00e0 32 Go si n\u00e9cessaire. Stockage : SSD PCIe NVMe de 512 Go offrant des temps de d\u00e9marrage rapides, des performances r\u00e9actives et suffisamment d'espace pour les applications et les fichiers essentiels. Graphiques : Graphismes Intel UHD int\u00e9gr\u00e9s (certaines configurations avec Intel Iris Xe), adapt\u00e9s aux t\u00e2ches visuelles quotidiennes et \u00e0 un usage l\u00e9ger des graphiques.","og_url":"https:\/\/aumarche.biz\/bf\/index.php\/produit\/hp-240-g10-intel-core-i5-1335u-13th-gen-8gb-ram-512gb-ssd-14-fhd-backlite-keyboard-windows-11-pro-silver-brand-new-original-french\/","og_site_name":"AU MARCHE BURKINA","article_publisher":"https:\/\/www.facebook.com\/aumarchebf","og_image":[{"width":520,"height":339,"url":"https:\/\/aumarche.biz\/bf\/wp-content\/uploads\/2025\/09\/com-nb-hp-probook-450-and-440-g9-product-image.png","type":"image\/png"}],"twitter_card":"summary_large_image","twitter_misc":{"Dur\u00e9e de lecture estim\u00e9e":"1 minute"},"schema":{"@context":"https:\/\/schema.org","@graph":[{"@type":"WebPage","@id":"https:\/\/aumarche.biz\/bf\/index.php\/produit\/hp-240-g10-intel-core-i5-1335u-13th-gen-8gb-ram-512gb-ssd-14-fhd-backlite-keyboard-windows-11-pro-silver-brand-new-original-french\/","url":"https:\/\/aumarche.biz\/bf\/index.php\/produit\/hp-240-g10-intel-core-i5-1335u-13th-gen-8gb-ram-512gb-ssd-14-fhd-backlite-keyboard-windows-11-pro-silver-brand-new-original-french\/","name":"HP 240 G10 INTEL CORE i5-1335U 13TH GEN 8GB RAM 512GB SSD 14\" FHD BACKLITE KEYBOARD WINDOWS 11 PRO SILVER BRAND NEW - ORIGINAL FRENCH - AU MARCHE BURKINA","isPartOf":{"@id":"https:\/\/aumarche.biz\/bf\/#website"},"primaryImageOfPage":{"@id":"https:\/\/aumarche.biz\/bf\/index.php\/produit\/hp-240-g10-intel-core-i5-1335u-13th-gen-8gb-ram-512gb-ssd-14-fhd-backlite-keyboard-windows-11-pro-silver-brand-new-original-french\/#primaryimage"},"image":{"@id":"https:\/\/aumarche.biz\/bf\/index.php\/produit\/hp-240-g10-intel-core-i5-1335u-13th-gen-8gb-ram-512gb-ssd-14-fhd-backlite-keyboard-windows-11-pro-silver-brand-new-original-french\/#primaryimage"},"thumbnailUrl":"https:\/\/aumarche.biz\/bf\/wp-content\/uploads\/2025\/09\/com-nb-hp-probook-450-and-440-g9-product-image.png","datePublished":"2025-09-24T12:24:45+00:00","breadcrumb":{"@id":"https:\/\/aumarche.biz\/bf\/index.php\/produit\/hp-240-g10-intel-core-i5-1335u-13th-gen-8gb-ram-512gb-ssd-14-fhd-backlite-keyboard-windows-11-pro-silver-brand-new-original-french\/#breadcrumb"},"inLanguage":"fr-FR","potentialAction":[{"@type":"ReadAction","target":["https:\/\/aumarche.biz\/bf\/index.php\/produit\/hp-240-g10-intel-core-i5-1335u-13th-gen-8gb-ram-512gb-ssd-14-fhd-backlite-keyboard-windows-11-pro-silver-brand-new-original-french\/"]}]},{"@type":"ImageObject","inLanguage":"fr-FR","@id":"https:\/\/aumarche.biz\/bf\/index.php\/produit\/hp-240-g10-intel-core-i5-1335u-13th-gen-8gb-ram-512gb-ssd-14-fhd-backlite-keyboard-windows-11-pro-silver-brand-new-original-french\/#primaryimage","url":"https:\/\/aumarche.biz\/bf\/wp-content\/uploads\/2025\/09\/com-nb-hp-probook-450-and-440-g9-product-image.png","contentUrl":"https:\/\/aumarche.biz\/bf\/wp-content\/uploads\/2025\/09\/com-nb-hp-probook-450-and-440-g9-product-image.png","width":520,"height":339},{"@type":"BreadcrumbList","@id":"https:\/\/aumarche.biz\/bf\/index.php\/produit\/hp-240-g10-intel-core-i5-1335u-13th-gen-8gb-ram-512gb-ssd-14-fhd-backlite-keyboard-windows-11-pro-silver-brand-new-original-french\/#breadcrumb","itemListElement":[{"@type":"ListItem","position":1,"name":"Accueil","item":"https:\/\/aumarche.biz\/bf\/"},{"@type":"ListItem","position":2,"name":"Boutique","item":"https:\/\/aumarche.biz\/bf\/index.php\/boutique\/"},{"@type":"ListItem","position":3,"name":"HP 240 G10 INTEL CORE i5-1335U 13TH GEN 8GB RAM 512GB SSD 14&Prime; FHD BACKLITE KEYBOARD WINDOWS 11 PRO SILVER BRAND NEW &#8211; ORIGINAL FRENCH"}]},{"@type":"WebSite","@id":"https:\/\/aumarche.biz\/bf\/#website","url":"https:\/\/aumarche.biz\/bf\/","name":"aumarche.biz","description":"Vendre et acheter autrement","publisher":{"@id":"https:\/\/aumarche.biz\/bf\/#organization"},"potentialAction":[{"@type":"SearchAction","target":{"@type":"EntryPoint","urlTemplate":"https:\/\/aumarche.biz\/bf\/?s={search_term_string}"},"query-input":{"@type":"PropertyValueSpecification","valueRequired":true,"valueName":"search_term_string"}}],"inLanguage":"fr-FR"},{"@type":"Organization","@id":"https:\/\/aumarche.biz\/bf\/#organization","name":"aumarche.biz","url":"https:\/\/aumarche.biz\/bf\/","logo":{"@type":"ImageObject","inLanguage":"fr-FR","@id":"https:\/\/aumarche.biz\/bf\/#\/schema\/logo\/image\/","url":"https:\/\/aumarche.biz\/bf\/wp-content\/uploads\/2023\/09\/favicone.png","contentUrl":"https:\/\/aumarche.biz\/bf\/wp-content\/uploads\/2023\/09\/favicone.png","width":64,"height":64,"caption":"aumarche.biz"},"image":{"@id":"https:\/\/aumarche.biz\/bf\/#\/schema\/logo\/image\/"},"sameAs":["https:\/\/www.facebook.com\/aumarchebf"]}]}},"_links":{"self":[{"href":"https:\/\/aumarche.biz\/bf\/index.php\/wp-json\/wp\/v2\/product\/5563","targetHints":{"allow":["GET"]}}],"collection":[{"href":"https:\/\/aumarche.biz\/bf\/index.php\/wp-json\/wp\/v2\/product"}],"about":[{"href":"https:\/\/aumarche.biz\/bf\/index.php\/wp-json\/wp\/v2\/types\/product"}],"wp:featuredmedia":[{"embeddable":true,"href":"https:\/\/aumarche.biz\/bf\/index.php\/wp-json\/wp\/v2\/media\/5562"}],"wp:attachment":[{"href":"https:\/\/aumarche.biz\/bf\/index.php\/wp-json\/wp\/v2\/media?parent=5563"}],"wp:term":[{"taxonomy":"product_cat","embeddable":true,"href":"https:\/\/aumarche.biz\/bf\/index.php\/wp-json\/wp\/v2\/product_cat?post=5563"},{"taxonomy":"product_tag","embeddable":true,"href":"https:\/\/aumarche.biz\/bf\/index.php\/wp-json\/wp\/v2\/product_tag?post=5563"}],"curies":[{"name":"wp","href":"https:\/\/api.w.org\/{rel}","templated":true}]}}