{"id":5570,"date":"2025-10-30T15:48:51","date_gmt":"2025-10-30T15:48:51","guid":{"rendered":"https:\/\/aumarche.biz\/bf\/index.php\/produit\/apc-smc1500ic-smart-ups-1500va-line-interactive-tower-230v-8x-iec-c13-outlets-smartconnect-port-usb-and-serial-communication-avr-graphic-lcd\/"},"modified":"2025-10-30T15:58:53","modified_gmt":"2025-10-30T15:58:53","slug":"apc-smc1500ic-smart-ups-1500va-line-interactive-tower-230v-8x-iec-c13-outlets-smartconnect-port-usb-and-serial-communication-avr-graphic-lcd","status":"publish","type":"product","link":"https:\/\/aumarche.biz\/bf\/index.php\/produit\/apc-smc1500ic-smart-ups-1500va-line-interactive-tower-230v-8x-iec-c13-outlets-smartconnect-port-usb-and-serial-communication-avr-graphic-lcd\/","title":{"rendered":"APC SMC1500IC SMART-UPS 1500VA LINE INTERACTIVE TOWER (230V, 8X IEC C13 OUTLETS, SMARTCONNECT PORT, USB AND SERIAL COMMUNICATION, AVR, GRAPHIC LCD)"},"content":{"rendered":"<p><span style=\"font-family: Roboto, Helvetica, sans-serif;font-size: 14px\" data-mce-style=\"font-family: Roboto, Helvetica, sans-serif; font-size: 14px;\">Ce produit fait partie de la gamme Smart-UPS, une offre de protection d&rsquo;alimentation r\u00e9seau intelligente et efficace, allant de l&rsquo;entr\u00e9e de gamme aux syst\u00e8mes \u00e0 autonomie extensible. Cet onduleur interactif en ligne de 1500VA\/900W fournit une alimentation en onde sinuso\u00efdale pure pour soutenir les \u00e9quipements \u00e9lectroniques critiques lors des coupures de courant. Le SMC en format tour dispose d&rsquo;un port SmartConnect pour la surveillance \u00e0 distance de l&rsquo;alimentation via le cloud, les mises \u00e0 jour du micrologiciel de l&rsquo;onduleur, les diagnostics \u00e0 distance et les notifications par e-mail avec des actions recommand\u00e9es. La version PowerChute Business Edition permet l&rsquo;arr\u00eat automatique des serveurs et des postes de travail via des c\u00e2bles serial ou USB. Il est \u00e9quip\u00e9 d&rsquo;une entr\u00e9e IEC 320 C14, de 8 prises IEC 320 C13 et de 2 c\u00e2bles de liaison IEC. Cet onduleur contient une batterie au plomb-acide int\u00e9gr\u00e9e et est couvert par une garantie de 2 ans. Ses dimensions sont de 439 mm (profondeur) x 219 mm (hauteur) x 171 mm (largeur) et il p\u00e8se 20,1 kg. Id\u00e9al pour les serveurs d&rsquo;entr\u00e9e de gamme, les r\u00e9seaux, la VoIP professionnelle, les points de vente au d\u00e9tail, les r\u00e9seaux p\u00e9riph\u00e9riques et les postes de travail d&rsquo;entreprise. Il est conforme aux normes CE, C-Tick, GOST, VDE et UL 1778.<\/span><\/p>\n","protected":false},"excerpt":{"rendered":"<p><span style=\"font-family: Roboto, Helvetica, sans-serif;font-size: 14px\" data-mce-style=\"font-family: Roboto, Helvetica, sans-serif; font-size: 14px;\">Ce produit fait partie de la gamme Smart-UPS, une offre de protection d&rsquo;alimentation r\u00e9seau intelligente et efficace, allant de l&rsquo;entr\u00e9e de gamme aux syst\u00e8mes \u00e0 autonomie extensible. Cet onduleur interactif en ligne de 1500VA\/900W fournit une alimentation en onde sinuso\u00efdale pure pour soutenir les \u00e9quipements \u00e9lectroniques critiques lors des coupures de courant. Le SMC en format tour dispose d&rsquo;un port SmartConnect pour la surveillance \u00e0 distance de l&rsquo;alimentation via le cloud, les mises \u00e0 jour du micrologiciel de l&rsquo;onduleur, les diagnostics \u00e0 distance et les notifications par e-mail avec des actions recommand\u00e9es. La version PowerChute Business Edition permet l&rsquo;arr\u00eat automatique des serveurs et des postes de travail via des c\u00e2bles serial ou USB. Il est \u00e9quip\u00e9 d&rsquo;une entr\u00e9e IEC 320 C14, de 8 prises IEC 320 C13 et de 2 c\u00e2bles de liaison IEC. Cet onduleur contient une batterie au plomb-acide int\u00e9gr\u00e9e et est couvert par une garantie de 2 ans. Ses dimensions sont de 439 mm (profondeur) x 219 mm (hauteur) x 171 mm (largeur) et il p\u00e8se 20,1 kg. Id\u00e9al pour les serveurs d&rsquo;entr\u00e9e de gamme, les r\u00e9seaux, la VoIP professionnelle, les points de vente au d\u00e9tail, les r\u00e9seaux p\u00e9riph\u00e9riques et les postes de travail d&rsquo;entreprise. Il est conforme aux normes CE, C-Tick, GOST, VDE et UL 1778.<\/span><\/p>\n","protected":false},"featured_media":5569,"template":"","meta":[],"product_cat":[264],"product_tag":[],"class_list":{"0":"post-5570","1":"product","2":"type-product","3":"status-publish","4":"has-post-thumbnail","6":"product_cat-high-tech","8":"first","9":"instock","10":"sale","11":"taxable","12":"shipping-taxable","13":"purchasable","14":"product-type-simple","15":"col-xs-6 col-sm-4","16":"col-md-3 col-lg-3","17":"un-4-cols"},"yoast_head":"<!-- This site is optimized with the Yoast SEO plugin v26.9 - https:\/\/yoast.com\/product\/yoast-seo-wordpress\/ -->\n<title>APC SMC1500IC SMART-UPS 1500VA LINE INTERACTIVE TOWER (230V, 8X IEC C13 OUTLETS, SMARTCONNECT PORT, USB AND SERIAL COMMUNICATION, AVR, GRAPHIC LCD) - AU MARCHE BURKINA<\/title>\n<meta name=\"robots\" content=\"noindex, follow, max-snippet:-1, max-image-preview:large, max-video-preview:-1\" \/>\n<meta property=\"og:locale\" content=\"fr_FR\" \/>\n<meta property=\"og:type\" content=\"article\" \/>\n<meta property=\"og:title\" content=\"APC SMC1500IC SMART-UPS 1500VA LINE INTERACTIVE TOWER (230V, 8X IEC C13 OUTLETS, SMARTCONNECT PORT, USB AND SERIAL COMMUNICATION, AVR, GRAPHIC LCD) - AU MARCHE BURKINA\" \/>\n<meta property=\"og:description\" content=\"Ce produit fait partie de la gamme Smart-UPS, une offre de protection d&#039;alimentation r\u00e9seau intelligente et efficace, allant de l&#039;entr\u00e9e de gamme aux syst\u00e8mes \u00e0 autonomie extensible. Cet onduleur interactif en ligne de 1500VA\/900W fournit une alimentation en onde sinuso\u00efdale pure pour soutenir les \u00e9quipements \u00e9lectroniques critiques lors des coupures de courant. Le SMC en format tour dispose d&#039;un port SmartConnect pour la surveillance \u00e0 distance de l&#039;alimentation via le cloud, les mises \u00e0 jour du micrologiciel de l&#039;onduleur, les diagnostics \u00e0 distance et les notifications par e-mail avec des actions recommand\u00e9es. La version PowerChute Business Edition permet l&#039;arr\u00eat automatique des serveurs et des postes de travail via des c\u00e2bles serial ou USB. Il est \u00e9quip\u00e9 d&#039;une entr\u00e9e IEC 320 C14, de 8 prises IEC 320 C13 et de 2 c\u00e2bles de liaison IEC. Cet onduleur contient une batterie au plomb-acide int\u00e9gr\u00e9e et est couvert par une garantie de 2 ans. Ses dimensions sont de 439 mm (profondeur) x 219 mm (hauteur) x 171 mm (largeur) et il p\u00e8se 20,1 kg. Id\u00e9al pour les serveurs d&#039;entr\u00e9e de gamme, les r\u00e9seaux, la VoIP professionnelle, les points de vente au d\u00e9tail, les r\u00e9seaux p\u00e9riph\u00e9riques et les postes de travail d&#039;entreprise. Il est conforme aux normes CE, C-Tick, GOST, VDE et UL 1778.\" \/>\n<meta property=\"og:url\" content=\"https:\/\/aumarche.biz\/bf\/index.php\/produit\/apc-smc1500ic-smart-ups-1500va-line-interactive-tower-230v-8x-iec-c13-outlets-smartconnect-port-usb-and-serial-communication-avr-graphic-lcd\/\" \/>\n<meta property=\"og:site_name\" content=\"AU MARCHE BURKINA\" \/>\n<meta property=\"article:publisher\" content=\"https:\/\/www.facebook.com\/aumarchebf\" \/>\n<meta property=\"article:modified_time\" content=\"2025-10-30T15:58:53+00:00\" \/>\n<meta property=\"og:image\" content=\"https:\/\/aumarche.biz\/bf\/wp-content\/uploads\/2025\/10\/OIP-12.webp\" \/>\n\t<meta property=\"og:image:width\" content=\"474\" \/>\n\t<meta property=\"og:image:height\" content=\"424\" \/>\n\t<meta property=\"og:image:type\" content=\"image\/webp\" \/>\n<meta name=\"twitter:card\" content=\"summary_large_image\" \/>\n<meta name=\"twitter:label1\" content=\"Dur\u00e9e de lecture estim\u00e9e\" \/>\n\t<meta name=\"twitter:data1\" content=\"1 minute\" \/>\n<script type=\"application\/ld+json\" class=\"yoast-schema-graph\">{\"@context\":\"https:\/\/schema.org\",\"@graph\":[{\"@type\":\"WebPage\",\"@id\":\"https:\/\/aumarche.biz\/bf\/index.php\/produit\/apc-smc1500ic-smart-ups-1500va-line-interactive-tower-230v-8x-iec-c13-outlets-smartconnect-port-usb-and-serial-communication-avr-graphic-lcd\/\",\"url\":\"https:\/\/aumarche.biz\/bf\/index.php\/produit\/apc-smc1500ic-smart-ups-1500va-line-interactive-tower-230v-8x-iec-c13-outlets-smartconnect-port-usb-and-serial-communication-avr-graphic-lcd\/\",\"name\":\"APC SMC1500IC SMART-UPS 1500VA LINE INTERACTIVE TOWER (230V, 8X IEC C13 OUTLETS, SMARTCONNECT PORT, USB AND SERIAL COMMUNICATION, AVR, GRAPHIC LCD) - AU MARCHE BURKINA\",\"isPartOf\":{\"@id\":\"https:\/\/aumarche.biz\/bf\/#website\"},\"primaryImageOfPage\":{\"@id\":\"https:\/\/aumarche.biz\/bf\/index.php\/produit\/apc-smc1500ic-smart-ups-1500va-line-interactive-tower-230v-8x-iec-c13-outlets-smartconnect-port-usb-and-serial-communication-avr-graphic-lcd\/#primaryimage\"},\"image\":{\"@id\":\"https:\/\/aumarche.biz\/bf\/index.php\/produit\/apc-smc1500ic-smart-ups-1500va-line-interactive-tower-230v-8x-iec-c13-outlets-smartconnect-port-usb-and-serial-communication-avr-graphic-lcd\/#primaryimage\"},\"thumbnailUrl\":\"https:\/\/aumarche.biz\/bf\/wp-content\/uploads\/2025\/10\/OIP-12.webp\",\"datePublished\":\"2025-10-30T15:48:51+00:00\",\"dateModified\":\"2025-10-30T15:58:53+00:00\",\"breadcrumb\":{\"@id\":\"https:\/\/aumarche.biz\/bf\/index.php\/produit\/apc-smc1500ic-smart-ups-1500va-line-interactive-tower-230v-8x-iec-c13-outlets-smartconnect-port-usb-and-serial-communication-avr-graphic-lcd\/#breadcrumb\"},\"inLanguage\":\"fr-FR\",\"potentialAction\":[{\"@type\":\"ReadAction\",\"target\":[\"https:\/\/aumarche.biz\/bf\/index.php\/produit\/apc-smc1500ic-smart-ups-1500va-line-interactive-tower-230v-8x-iec-c13-outlets-smartconnect-port-usb-and-serial-communication-avr-graphic-lcd\/\"]}]},{\"@type\":\"ImageObject\",\"inLanguage\":\"fr-FR\",\"@id\":\"https:\/\/aumarche.biz\/bf\/index.php\/produit\/apc-smc1500ic-smart-ups-1500va-line-interactive-tower-230v-8x-iec-c13-outlets-smartconnect-port-usb-and-serial-communication-avr-graphic-lcd\/#primaryimage\",\"url\":\"https:\/\/aumarche.biz\/bf\/wp-content\/uploads\/2025\/10\/OIP-12.webp\",\"contentUrl\":\"https:\/\/aumarche.biz\/bf\/wp-content\/uploads\/2025\/10\/OIP-12.webp\",\"width\":474,\"height\":424},{\"@type\":\"BreadcrumbList\",\"@id\":\"https:\/\/aumarche.biz\/bf\/index.php\/produit\/apc-smc1500ic-smart-ups-1500va-line-interactive-tower-230v-8x-iec-c13-outlets-smartconnect-port-usb-and-serial-communication-avr-graphic-lcd\/#breadcrumb\",\"itemListElement\":[{\"@type\":\"ListItem\",\"position\":1,\"name\":\"Accueil\",\"item\":\"https:\/\/aumarche.biz\/bf\/\"},{\"@type\":\"ListItem\",\"position\":2,\"name\":\"Boutique\",\"item\":\"https:\/\/aumarche.biz\/bf\/index.php\/boutique\/\"},{\"@type\":\"ListItem\",\"position\":3,\"name\":\"APC SMC1500IC SMART-UPS 1500VA LINE INTERACTIVE TOWER (230V, 8X IEC C13 OUTLETS, SMARTCONNECT PORT, USB AND SERIAL COMMUNICATION, AVR, GRAPHIC LCD)\"}]},{\"@type\":\"WebSite\",\"@id\":\"https:\/\/aumarche.biz\/bf\/#website\",\"url\":\"https:\/\/aumarche.biz\/bf\/\",\"name\":\"aumarche.biz\",\"description\":\"Vendre et acheter autrement\",\"publisher\":{\"@id\":\"https:\/\/aumarche.biz\/bf\/#organization\"},\"potentialAction\":[{\"@type\":\"SearchAction\",\"target\":{\"@type\":\"EntryPoint\",\"urlTemplate\":\"https:\/\/aumarche.biz\/bf\/?s={search_term_string}\"},\"query-input\":{\"@type\":\"PropertyValueSpecification\",\"valueRequired\":true,\"valueName\":\"search_term_string\"}}],\"inLanguage\":\"fr-FR\"},{\"@type\":\"Organization\",\"@id\":\"https:\/\/aumarche.biz\/bf\/#organization\",\"name\":\"aumarche.biz\",\"url\":\"https:\/\/aumarche.biz\/bf\/\",\"logo\":{\"@type\":\"ImageObject\",\"inLanguage\":\"fr-FR\",\"@id\":\"https:\/\/aumarche.biz\/bf\/#\/schema\/logo\/image\/\",\"url\":\"https:\/\/aumarche.biz\/bf\/wp-content\/uploads\/2023\/09\/favicone.png\",\"contentUrl\":\"https:\/\/aumarche.biz\/bf\/wp-content\/uploads\/2023\/09\/favicone.png\",\"width\":64,\"height\":64,\"caption\":\"aumarche.biz\"},\"image\":{\"@id\":\"https:\/\/aumarche.biz\/bf\/#\/schema\/logo\/image\/\"},\"sameAs\":[\"https:\/\/www.facebook.com\/aumarchebf\"]}]}<\/script>\n<!-- \/ Yoast SEO plugin. -->","yoast_head_json":{"title":"APC SMC1500IC SMART-UPS 1500VA LINE INTERACTIVE TOWER (230V, 8X IEC C13 OUTLETS, SMARTCONNECT PORT, USB AND SERIAL COMMUNICATION, AVR, GRAPHIC LCD) - AU MARCHE BURKINA","robots":{"index":"noindex","follow":"follow","max-snippet":"max-snippet:-1","max-image-preview":"max-image-preview:large","max-video-preview":"max-video-preview:-1"},"og_locale":"fr_FR","og_type":"article","og_title":"APC SMC1500IC SMART-UPS 1500VA LINE INTERACTIVE TOWER (230V, 8X IEC C13 OUTLETS, SMARTCONNECT PORT, USB AND SERIAL COMMUNICATION, AVR, GRAPHIC LCD) - AU MARCHE BURKINA","og_description":"Ce produit fait partie de la gamme Smart-UPS, une offre de protection d'alimentation r\u00e9seau intelligente et efficace, allant de l'entr\u00e9e de gamme aux syst\u00e8mes \u00e0 autonomie extensible. Cet onduleur interactif en ligne de 1500VA\/900W fournit une alimentation en onde sinuso\u00efdale pure pour soutenir les \u00e9quipements \u00e9lectroniques critiques lors des coupures de courant. Le SMC en format tour dispose d'un port SmartConnect pour la surveillance \u00e0 distance de l'alimentation via le cloud, les mises \u00e0 jour du micrologiciel de l'onduleur, les diagnostics \u00e0 distance et les notifications par e-mail avec des actions recommand\u00e9es. La version PowerChute Business Edition permet l'arr\u00eat automatique des serveurs et des postes de travail via des c\u00e2bles serial ou USB. Il est \u00e9quip\u00e9 d'une entr\u00e9e IEC 320 C14, de 8 prises IEC 320 C13 et de 2 c\u00e2bles de liaison IEC. Cet onduleur contient une batterie au plomb-acide int\u00e9gr\u00e9e et est couvert par une garantie de 2 ans. Ses dimensions sont de 439 mm (profondeur) x 219 mm (hauteur) x 171 mm (largeur) et il p\u00e8se 20,1 kg. Id\u00e9al pour les serveurs d'entr\u00e9e de gamme, les r\u00e9seaux, la VoIP professionnelle, les points de vente au d\u00e9tail, les r\u00e9seaux p\u00e9riph\u00e9riques et les postes de travail d'entreprise. Il est conforme aux normes CE, C-Tick, GOST, VDE et UL 1778.","og_url":"https:\/\/aumarche.biz\/bf\/index.php\/produit\/apc-smc1500ic-smart-ups-1500va-line-interactive-tower-230v-8x-iec-c13-outlets-smartconnect-port-usb-and-serial-communication-avr-graphic-lcd\/","og_site_name":"AU MARCHE BURKINA","article_publisher":"https:\/\/www.facebook.com\/aumarchebf","article_modified_time":"2025-10-30T15:58:53+00:00","og_image":[{"width":474,"height":424,"url":"https:\/\/aumarche.biz\/bf\/wp-content\/uploads\/2025\/10\/OIP-12.webp","type":"image\/webp"}],"twitter_card":"summary_large_image","twitter_misc":{"Dur\u00e9e de lecture estim\u00e9e":"1 minute"},"schema":{"@context":"https:\/\/schema.org","@graph":[{"@type":"WebPage","@id":"https:\/\/aumarche.biz\/bf\/index.php\/produit\/apc-smc1500ic-smart-ups-1500va-line-interactive-tower-230v-8x-iec-c13-outlets-smartconnect-port-usb-and-serial-communication-avr-graphic-lcd\/","url":"https:\/\/aumarche.biz\/bf\/index.php\/produit\/apc-smc1500ic-smart-ups-1500va-line-interactive-tower-230v-8x-iec-c13-outlets-smartconnect-port-usb-and-serial-communication-avr-graphic-lcd\/","name":"APC SMC1500IC SMART-UPS 1500VA LINE INTERACTIVE TOWER (230V, 8X IEC C13 OUTLETS, SMARTCONNECT PORT, USB AND SERIAL COMMUNICATION, AVR, GRAPHIC LCD) - AU MARCHE BURKINA","isPartOf":{"@id":"https:\/\/aumarche.biz\/bf\/#website"},"primaryImageOfPage":{"@id":"https:\/\/aumarche.biz\/bf\/index.php\/produit\/apc-smc1500ic-smart-ups-1500va-line-interactive-tower-230v-8x-iec-c13-outlets-smartconnect-port-usb-and-serial-communication-avr-graphic-lcd\/#primaryimage"},"image":{"@id":"https:\/\/aumarche.biz\/bf\/index.php\/produit\/apc-smc1500ic-smart-ups-1500va-line-interactive-tower-230v-8x-iec-c13-outlets-smartconnect-port-usb-and-serial-communication-avr-graphic-lcd\/#primaryimage"},"thumbnailUrl":"https:\/\/aumarche.biz\/bf\/wp-content\/uploads\/2025\/10\/OIP-12.webp","datePublished":"2025-10-30T15:48:51+00:00","dateModified":"2025-10-30T15:58:53+00:00","breadcrumb":{"@id":"https:\/\/aumarche.biz\/bf\/index.php\/produit\/apc-smc1500ic-smart-ups-1500va-line-interactive-tower-230v-8x-iec-c13-outlets-smartconnect-port-usb-and-serial-communication-avr-graphic-lcd\/#breadcrumb"},"inLanguage":"fr-FR","potentialAction":[{"@type":"ReadAction","target":["https:\/\/aumarche.biz\/bf\/index.php\/produit\/apc-smc1500ic-smart-ups-1500va-line-interactive-tower-230v-8x-iec-c13-outlets-smartconnect-port-usb-and-serial-communication-avr-graphic-lcd\/"]}]},{"@type":"ImageObject","inLanguage":"fr-FR","@id":"https:\/\/aumarche.biz\/bf\/index.php\/produit\/apc-smc1500ic-smart-ups-1500va-line-interactive-tower-230v-8x-iec-c13-outlets-smartconnect-port-usb-and-serial-communication-avr-graphic-lcd\/#primaryimage","url":"https:\/\/aumarche.biz\/bf\/wp-content\/uploads\/2025\/10\/OIP-12.webp","contentUrl":"https:\/\/aumarche.biz\/bf\/wp-content\/uploads\/2025\/10\/OIP-12.webp","width":474,"height":424},{"@type":"BreadcrumbList","@id":"https:\/\/aumarche.biz\/bf\/index.php\/produit\/apc-smc1500ic-smart-ups-1500va-line-interactive-tower-230v-8x-iec-c13-outlets-smartconnect-port-usb-and-serial-communication-avr-graphic-lcd\/#breadcrumb","itemListElement":[{"@type":"ListItem","position":1,"name":"Accueil","item":"https:\/\/aumarche.biz\/bf\/"},{"@type":"ListItem","position":2,"name":"Boutique","item":"https:\/\/aumarche.biz\/bf\/index.php\/boutique\/"},{"@type":"ListItem","position":3,"name":"APC SMC1500IC SMART-UPS 1500VA LINE INTERACTIVE TOWER (230V, 8X IEC C13 OUTLETS, SMARTCONNECT PORT, USB AND SERIAL COMMUNICATION, AVR, GRAPHIC LCD)"}]},{"@type":"WebSite","@id":"https:\/\/aumarche.biz\/bf\/#website","url":"https:\/\/aumarche.biz\/bf\/","name":"aumarche.biz","description":"Vendre et acheter autrement","publisher":{"@id":"https:\/\/aumarche.biz\/bf\/#organization"},"potentialAction":[{"@type":"SearchAction","target":{"@type":"EntryPoint","urlTemplate":"https:\/\/aumarche.biz\/bf\/?s={search_term_string}"},"query-input":{"@type":"PropertyValueSpecification","valueRequired":true,"valueName":"search_term_string"}}],"inLanguage":"fr-FR"},{"@type":"Organization","@id":"https:\/\/aumarche.biz\/bf\/#organization","name":"aumarche.biz","url":"https:\/\/aumarche.biz\/bf\/","logo":{"@type":"ImageObject","inLanguage":"fr-FR","@id":"https:\/\/aumarche.biz\/bf\/#\/schema\/logo\/image\/","url":"https:\/\/aumarche.biz\/bf\/wp-content\/uploads\/2023\/09\/favicone.png","contentUrl":"https:\/\/aumarche.biz\/bf\/wp-content\/uploads\/2023\/09\/favicone.png","width":64,"height":64,"caption":"aumarche.biz"},"image":{"@id":"https:\/\/aumarche.biz\/bf\/#\/schema\/logo\/image\/"},"sameAs":["https:\/\/www.facebook.com\/aumarchebf"]}]}},"_links":{"self":[{"href":"https:\/\/aumarche.biz\/bf\/index.php\/wp-json\/wp\/v2\/product\/5570","targetHints":{"allow":["GET"]}}],"collection":[{"href":"https:\/\/aumarche.biz\/bf\/index.php\/wp-json\/wp\/v2\/product"}],"about":[{"href":"https:\/\/aumarche.biz\/bf\/index.php\/wp-json\/wp\/v2\/types\/product"}],"wp:featuredmedia":[{"embeddable":true,"href":"https:\/\/aumarche.biz\/bf\/index.php\/wp-json\/wp\/v2\/media\/5569"}],"wp:attachment":[{"href":"https:\/\/aumarche.biz\/bf\/index.php\/wp-json\/wp\/v2\/media?parent=5570"}],"wp:term":[{"taxonomy":"product_cat","embeddable":true,"href":"https:\/\/aumarche.biz\/bf\/index.php\/wp-json\/wp\/v2\/product_cat?post=5570"},{"taxonomy":"product_tag","embeddable":true,"href":"https:\/\/aumarche.biz\/bf\/index.php\/wp-json\/wp\/v2\/product_tag?post=5570"}],"curies":[{"name":"wp","href":"https:\/\/api.w.org\/{rel}","templated":true}]}}