{"id":5585,"date":"2025-11-03T08:40:21","date_gmt":"2025-11-03T08:40:21","guid":{"rendered":"https:\/\/aumarche.biz\/bf\/index.php\/produit\/eaton-5e1600ui-v-gen2-1600va-usb-iec-interactive-ups\/"},"modified":"2025-11-03T08:40:21","modified_gmt":"2025-11-03T08:40:21","slug":"eaton-5e1600ui-v-gen2-1600va-usb-iec-interactive-ups","status":"publish","type":"product","link":"https:\/\/aumarche.biz\/bf\/index.php\/produit\/eaton-5e1600ui-v-gen2-1600va-usb-iec-interactive-ups\/","title":{"rendered":"EATON 5E1600UI V GEN2 1600VA USB IEC &#8211; INTERACTIVE UPS"},"content":{"rendered":"<p><span style=\"font-family: Roboto, Helvetica, sans-serif;font-size: 14px\">Eaton 5E Gen2 offre une protection \u00e9lectrique efficace et abordable pour les applications critiques tant dans les environnements r\u00e9sidentiels que professionnels.Protection \u00e9lectrique\u2022 L\u2019onduleur Eaton 5E Gen2 prot\u00e8ge les applications et les donn\u00e9es contre les pertes de courant.\u2022 La technologie de r\u00e9gulation automatique de tension \u00e0 double suramplification (AVR) r\u00e9gule les fluctuations du r\u00e9seau (sous-tension et surtension) pour \u00e9conomiser la batterie en cas de coupure de courant.\u2022 Une large gamme de produits couvre les besoins en \u00e9nergie de nombreux appareils informatiques.\u2022 La fonction de red\u00e9marrage automatique permet \u00e0 l\u2019onduleur de red\u00e9marrer automatiquement lorsque le courant revient apr\u00e8s une d\u00e9charge compl\u00e8te de la batterie.<\/span><\/p>\n","protected":false},"excerpt":{"rendered":"<p><span style=\"font-family: Roboto, Helvetica, sans-serif;font-size: 14px\">Eaton 5E Gen2 offre une protection \u00e9lectrique efficace et abordable pour les applications critiques tant dans les environnements r\u00e9sidentiels que professionnels.Protection \u00e9lectrique\u2022 L\u2019onduleur Eaton 5E Gen2 prot\u00e8ge les applications et les donn\u00e9es contre les pertes de courant.\u2022 La technologie de r\u00e9gulation automatique de tension \u00e0 double suramplification (AVR) r\u00e9gule les fluctuations du r\u00e9seau (sous-tension et surtension) pour \u00e9conomiser la batterie en cas de coupure de courant.\u2022 Une large gamme de produits couvre les besoins en \u00e9nergie de nombreux appareils informatiques.\u2022 La fonction de red\u00e9marrage automatique permet \u00e0 l\u2019onduleur de red\u00e9marrer automatiquement lorsque le courant revient apr\u00e8s une d\u00e9charge compl\u00e8te de la batterie.<\/span><\/p>\n","protected":false},"featured_media":5584,"template":"","meta":[],"product_cat":[264],"product_tag":[],"class_list":{"0":"post-5585","1":"product","2":"type-product","3":"status-publish","4":"has-post-thumbnail","6":"product_cat-high-tech","8":"first","9":"instock","10":"sale","11":"taxable","12":"shipping-taxable","13":"purchasable","14":"product-type-simple","15":"col-xs-6 col-sm-4","16":"col-md-3 col-lg-3","17":"un-4-cols"},"yoast_head":"<!-- This site is optimized with the Yoast SEO plugin v26.9 - https:\/\/yoast.com\/product\/yoast-seo-wordpress\/ -->\n<title>EATON 5E1600UI V GEN2 1600VA USB IEC - INTERACTIVE UPS - AU MARCHE BURKINA<\/title>\n<meta name=\"robots\" content=\"noindex, follow, max-snippet:-1, max-image-preview:large, max-video-preview:-1\" \/>\n<meta property=\"og:locale\" content=\"fr_FR\" \/>\n<meta property=\"og:type\" content=\"article\" \/>\n<meta property=\"og:title\" content=\"EATON 5E1600UI V GEN2 1600VA USB IEC - INTERACTIVE UPS - AU MARCHE BURKINA\" \/>\n<meta property=\"og:description\" content=\"Eaton 5E Gen2 offre une protection \u00e9lectrique efficace et abordable pour les applications critiques tant dans les environnements r\u00e9sidentiels que professionnels.Protection \u00e9lectrique\u2022 L\u2019onduleur Eaton 5E Gen2 prot\u00e8ge les applications et les donn\u00e9es contre les pertes de courant.\u2022 La technologie de r\u00e9gulation automatique de tension \u00e0 double suramplification (AVR) r\u00e9gule les fluctuations du r\u00e9seau (sous-tension et surtension) pour \u00e9conomiser la batterie en cas de coupure de courant.\u2022 Une large gamme de produits couvre les besoins en \u00e9nergie de nombreux appareils informatiques.\u2022 La fonction de red\u00e9marrage automatique permet \u00e0 l\u2019onduleur de red\u00e9marrer automatiquement lorsque le courant revient apr\u00e8s une d\u00e9charge compl\u00e8te de la batterie.\" \/>\n<meta property=\"og:url\" content=\"https:\/\/aumarche.biz\/bf\/index.php\/produit\/eaton-5e1600ui-v-gen2-1600va-usb-iec-interactive-ups\/\" \/>\n<meta property=\"og:site_name\" content=\"AU MARCHE BURKINA\" \/>\n<meta property=\"article:publisher\" content=\"https:\/\/www.facebook.com\/aumarchebf\" \/>\n<meta property=\"og:image\" content=\"https:\/\/aumarche.biz\/bf\/wp-content\/uploads\/2025\/11\/61sLHrEz2DL._AC_UL495_SR435495_.jpg\" \/>\n\t<meta property=\"og:image:width\" content=\"435\" \/>\n\t<meta property=\"og:image:height\" content=\"495\" \/>\n\t<meta property=\"og:image:type\" content=\"image\/jpeg\" \/>\n<meta name=\"twitter:card\" content=\"summary_large_image\" \/>\n<meta name=\"twitter:label1\" content=\"Dur\u00e9e de lecture estim\u00e9e\" \/>\n\t<meta name=\"twitter:data1\" content=\"1 minute\" \/>\n<script type=\"application\/ld+json\" class=\"yoast-schema-graph\">{\"@context\":\"https:\/\/schema.org\",\"@graph\":[{\"@type\":\"WebPage\",\"@id\":\"https:\/\/aumarche.biz\/bf\/index.php\/produit\/eaton-5e1600ui-v-gen2-1600va-usb-iec-interactive-ups\/\",\"url\":\"https:\/\/aumarche.biz\/bf\/index.php\/produit\/eaton-5e1600ui-v-gen2-1600va-usb-iec-interactive-ups\/\",\"name\":\"EATON 5E1600UI V GEN2 1600VA USB IEC - INTERACTIVE UPS - AU MARCHE BURKINA\",\"isPartOf\":{\"@id\":\"https:\/\/aumarche.biz\/bf\/#website\"},\"primaryImageOfPage\":{\"@id\":\"https:\/\/aumarche.biz\/bf\/index.php\/produit\/eaton-5e1600ui-v-gen2-1600va-usb-iec-interactive-ups\/#primaryimage\"},\"image\":{\"@id\":\"https:\/\/aumarche.biz\/bf\/index.php\/produit\/eaton-5e1600ui-v-gen2-1600va-usb-iec-interactive-ups\/#primaryimage\"},\"thumbnailUrl\":\"https:\/\/aumarche.biz\/bf\/wp-content\/uploads\/2025\/11\/61sLHrEz2DL._AC_UL495_SR435495_.jpg\",\"datePublished\":\"2025-11-03T08:40:21+00:00\",\"breadcrumb\":{\"@id\":\"https:\/\/aumarche.biz\/bf\/index.php\/produit\/eaton-5e1600ui-v-gen2-1600va-usb-iec-interactive-ups\/#breadcrumb\"},\"inLanguage\":\"fr-FR\",\"potentialAction\":[{\"@type\":\"ReadAction\",\"target\":[\"https:\/\/aumarche.biz\/bf\/index.php\/produit\/eaton-5e1600ui-v-gen2-1600va-usb-iec-interactive-ups\/\"]}]},{\"@type\":\"ImageObject\",\"inLanguage\":\"fr-FR\",\"@id\":\"https:\/\/aumarche.biz\/bf\/index.php\/produit\/eaton-5e1600ui-v-gen2-1600va-usb-iec-interactive-ups\/#primaryimage\",\"url\":\"https:\/\/aumarche.biz\/bf\/wp-content\/uploads\/2025\/11\/61sLHrEz2DL._AC_UL495_SR435495_.jpg\",\"contentUrl\":\"https:\/\/aumarche.biz\/bf\/wp-content\/uploads\/2025\/11\/61sLHrEz2DL._AC_UL495_SR435495_.jpg\",\"width\":435,\"height\":495},{\"@type\":\"BreadcrumbList\",\"@id\":\"https:\/\/aumarche.biz\/bf\/index.php\/produit\/eaton-5e1600ui-v-gen2-1600va-usb-iec-interactive-ups\/#breadcrumb\",\"itemListElement\":[{\"@type\":\"ListItem\",\"position\":1,\"name\":\"Accueil\",\"item\":\"https:\/\/aumarche.biz\/bf\/\"},{\"@type\":\"ListItem\",\"position\":2,\"name\":\"Boutique\",\"item\":\"https:\/\/aumarche.biz\/bf\/index.php\/boutique\/\"},{\"@type\":\"ListItem\",\"position\":3,\"name\":\"EATON 5E1600UI V GEN2 1600VA USB IEC &#8211; INTERACTIVE UPS\"}]},{\"@type\":\"WebSite\",\"@id\":\"https:\/\/aumarche.biz\/bf\/#website\",\"url\":\"https:\/\/aumarche.biz\/bf\/\",\"name\":\"aumarche.biz\",\"description\":\"Vendre et acheter autrement\",\"publisher\":{\"@id\":\"https:\/\/aumarche.biz\/bf\/#organization\"},\"potentialAction\":[{\"@type\":\"SearchAction\",\"target\":{\"@type\":\"EntryPoint\",\"urlTemplate\":\"https:\/\/aumarche.biz\/bf\/?s={search_term_string}\"},\"query-input\":{\"@type\":\"PropertyValueSpecification\",\"valueRequired\":true,\"valueName\":\"search_term_string\"}}],\"inLanguage\":\"fr-FR\"},{\"@type\":\"Organization\",\"@id\":\"https:\/\/aumarche.biz\/bf\/#organization\",\"name\":\"aumarche.biz\",\"url\":\"https:\/\/aumarche.biz\/bf\/\",\"logo\":{\"@type\":\"ImageObject\",\"inLanguage\":\"fr-FR\",\"@id\":\"https:\/\/aumarche.biz\/bf\/#\/schema\/logo\/image\/\",\"url\":\"https:\/\/aumarche.biz\/bf\/wp-content\/uploads\/2023\/09\/favicone.png\",\"contentUrl\":\"https:\/\/aumarche.biz\/bf\/wp-content\/uploads\/2023\/09\/favicone.png\",\"width\":64,\"height\":64,\"caption\":\"aumarche.biz\"},\"image\":{\"@id\":\"https:\/\/aumarche.biz\/bf\/#\/schema\/logo\/image\/\"},\"sameAs\":[\"https:\/\/www.facebook.com\/aumarchebf\"]}]}<\/script>\n<!-- \/ Yoast SEO plugin. -->","yoast_head_json":{"title":"EATON 5E1600UI V GEN2 1600VA USB IEC - INTERACTIVE UPS - AU MARCHE BURKINA","robots":{"index":"noindex","follow":"follow","max-snippet":"max-snippet:-1","max-image-preview":"max-image-preview:large","max-video-preview":"max-video-preview:-1"},"og_locale":"fr_FR","og_type":"article","og_title":"EATON 5E1600UI V GEN2 1600VA USB IEC - INTERACTIVE UPS - AU MARCHE BURKINA","og_description":"Eaton 5E Gen2 offre une protection \u00e9lectrique efficace et abordable pour les applications critiques tant dans les environnements r\u00e9sidentiels que professionnels.Protection \u00e9lectrique\u2022 L\u2019onduleur Eaton 5E Gen2 prot\u00e8ge les applications et les donn\u00e9es contre les pertes de courant.\u2022 La technologie de r\u00e9gulation automatique de tension \u00e0 double suramplification (AVR) r\u00e9gule les fluctuations du r\u00e9seau (sous-tension et surtension) pour \u00e9conomiser la batterie en cas de coupure de courant.\u2022 Une large gamme de produits couvre les besoins en \u00e9nergie de nombreux appareils informatiques.\u2022 La fonction de red\u00e9marrage automatique permet \u00e0 l\u2019onduleur de red\u00e9marrer automatiquement lorsque le courant revient apr\u00e8s une d\u00e9charge compl\u00e8te de la batterie.","og_url":"https:\/\/aumarche.biz\/bf\/index.php\/produit\/eaton-5e1600ui-v-gen2-1600va-usb-iec-interactive-ups\/","og_site_name":"AU MARCHE BURKINA","article_publisher":"https:\/\/www.facebook.com\/aumarchebf","og_image":[{"width":435,"height":495,"url":"https:\/\/aumarche.biz\/bf\/wp-content\/uploads\/2025\/11\/61sLHrEz2DL._AC_UL495_SR435495_.jpg","type":"image\/jpeg"}],"twitter_card":"summary_large_image","twitter_misc":{"Dur\u00e9e de lecture estim\u00e9e":"1 minute"},"schema":{"@context":"https:\/\/schema.org","@graph":[{"@type":"WebPage","@id":"https:\/\/aumarche.biz\/bf\/index.php\/produit\/eaton-5e1600ui-v-gen2-1600va-usb-iec-interactive-ups\/","url":"https:\/\/aumarche.biz\/bf\/index.php\/produit\/eaton-5e1600ui-v-gen2-1600va-usb-iec-interactive-ups\/","name":"EATON 5E1600UI V GEN2 1600VA USB IEC - INTERACTIVE UPS - AU MARCHE BURKINA","isPartOf":{"@id":"https:\/\/aumarche.biz\/bf\/#website"},"primaryImageOfPage":{"@id":"https:\/\/aumarche.biz\/bf\/index.php\/produit\/eaton-5e1600ui-v-gen2-1600va-usb-iec-interactive-ups\/#primaryimage"},"image":{"@id":"https:\/\/aumarche.biz\/bf\/index.php\/produit\/eaton-5e1600ui-v-gen2-1600va-usb-iec-interactive-ups\/#primaryimage"},"thumbnailUrl":"https:\/\/aumarche.biz\/bf\/wp-content\/uploads\/2025\/11\/61sLHrEz2DL._AC_UL495_SR435495_.jpg","datePublished":"2025-11-03T08:40:21+00:00","breadcrumb":{"@id":"https:\/\/aumarche.biz\/bf\/index.php\/produit\/eaton-5e1600ui-v-gen2-1600va-usb-iec-interactive-ups\/#breadcrumb"},"inLanguage":"fr-FR","potentialAction":[{"@type":"ReadAction","target":["https:\/\/aumarche.biz\/bf\/index.php\/produit\/eaton-5e1600ui-v-gen2-1600va-usb-iec-interactive-ups\/"]}]},{"@type":"ImageObject","inLanguage":"fr-FR","@id":"https:\/\/aumarche.biz\/bf\/index.php\/produit\/eaton-5e1600ui-v-gen2-1600va-usb-iec-interactive-ups\/#primaryimage","url":"https:\/\/aumarche.biz\/bf\/wp-content\/uploads\/2025\/11\/61sLHrEz2DL._AC_UL495_SR435495_.jpg","contentUrl":"https:\/\/aumarche.biz\/bf\/wp-content\/uploads\/2025\/11\/61sLHrEz2DL._AC_UL495_SR435495_.jpg","width":435,"height":495},{"@type":"BreadcrumbList","@id":"https:\/\/aumarche.biz\/bf\/index.php\/produit\/eaton-5e1600ui-v-gen2-1600va-usb-iec-interactive-ups\/#breadcrumb","itemListElement":[{"@type":"ListItem","position":1,"name":"Accueil","item":"https:\/\/aumarche.biz\/bf\/"},{"@type":"ListItem","position":2,"name":"Boutique","item":"https:\/\/aumarche.biz\/bf\/index.php\/boutique\/"},{"@type":"ListItem","position":3,"name":"EATON 5E1600UI V GEN2 1600VA USB IEC &#8211; INTERACTIVE UPS"}]},{"@type":"WebSite","@id":"https:\/\/aumarche.biz\/bf\/#website","url":"https:\/\/aumarche.biz\/bf\/","name":"aumarche.biz","description":"Vendre et acheter autrement","publisher":{"@id":"https:\/\/aumarche.biz\/bf\/#organization"},"potentialAction":[{"@type":"SearchAction","target":{"@type":"EntryPoint","urlTemplate":"https:\/\/aumarche.biz\/bf\/?s={search_term_string}"},"query-input":{"@type":"PropertyValueSpecification","valueRequired":true,"valueName":"search_term_string"}}],"inLanguage":"fr-FR"},{"@type":"Organization","@id":"https:\/\/aumarche.biz\/bf\/#organization","name":"aumarche.biz","url":"https:\/\/aumarche.biz\/bf\/","logo":{"@type":"ImageObject","inLanguage":"fr-FR","@id":"https:\/\/aumarche.biz\/bf\/#\/schema\/logo\/image\/","url":"https:\/\/aumarche.biz\/bf\/wp-content\/uploads\/2023\/09\/favicone.png","contentUrl":"https:\/\/aumarche.biz\/bf\/wp-content\/uploads\/2023\/09\/favicone.png","width":64,"height":64,"caption":"aumarche.biz"},"image":{"@id":"https:\/\/aumarche.biz\/bf\/#\/schema\/logo\/image\/"},"sameAs":["https:\/\/www.facebook.com\/aumarchebf"]}]}},"_links":{"self":[{"href":"https:\/\/aumarche.biz\/bf\/index.php\/wp-json\/wp\/v2\/product\/5585","targetHints":{"allow":["GET"]}}],"collection":[{"href":"https:\/\/aumarche.biz\/bf\/index.php\/wp-json\/wp\/v2\/product"}],"about":[{"href":"https:\/\/aumarche.biz\/bf\/index.php\/wp-json\/wp\/v2\/types\/product"}],"wp:featuredmedia":[{"embeddable":true,"href":"https:\/\/aumarche.biz\/bf\/index.php\/wp-json\/wp\/v2\/media\/5584"}],"wp:attachment":[{"href":"https:\/\/aumarche.biz\/bf\/index.php\/wp-json\/wp\/v2\/media?parent=5585"}],"wp:term":[{"taxonomy":"product_cat","embeddable":true,"href":"https:\/\/aumarche.biz\/bf\/index.php\/wp-json\/wp\/v2\/product_cat?post=5585"},{"taxonomy":"product_tag","embeddable":true,"href":"https:\/\/aumarche.biz\/bf\/index.php\/wp-json\/wp\/v2\/product_tag?post=5585"}],"curies":[{"name":"wp","href":"https:\/\/api.w.org\/{rel}","templated":true}]}}