{"id":5589,"date":"2025-11-18T08:32:36","date_gmt":"2025-11-18T08:32:36","guid":{"rendered":"https:\/\/aumarche.biz\/bf\/index.php\/produit\/dell-ps3225qs-32-4k-uhd-monitor-hdmidp\/"},"modified":"2025-11-18T08:32:36","modified_gmt":"2025-11-18T08:32:36","slug":"dell-ps3225qs-32-4k-uhd-monitor-hdmidp","status":"publish","type":"product","link":"https:\/\/aumarche.biz\/bf\/index.php\/produit\/dell-ps3225qs-32-4k-uhd-monitor-hdmidp\/","title":{"rendered":"DELL PS3225QS 32&Prime; 4K UHD MONITOR (HDMI,DP)"},"content":{"rendered":"<p><span style=\"font-family: Roboto, Helvetica, sans-serif;font-size: 14px\">Le Dell S3225QS est un moniteur de travail 4K de 32 pouces abordable. Faisant partie de la s\u00e9rie Dell Plus, il se situe aux c\u00f4t\u00e9s du Dell S2725QS de 27 pouces, et il est de gamme inf\u00e9rieure au Dell S2725QC, qui offre des avantages suppl\u00e9mentaires, et au Dell S3225QC, qui poss\u00e8de plus de fonctionnalit\u00e9s et un panneau diff\u00e9rent. Il remplace le Dell S3221QS et, bien qu\u2019utilisant \u00e9galement un panneau VA, il est tr\u00e8s diff\u00e9rent de l\u2019ancien mod\u00e8le. Il dispose d\u2019un \u00e9cran plat au lieu d\u2019un \u00e9cran incurv\u00e9, et offre un taux de rafra\u00eechissement plus \u00e9lev\u00e9 de 120 Hz, ainsi que des ports HDMI 2.1. <\/span><\/p>\n","protected":false},"excerpt":{"rendered":"<p><span style=\"font-family: Roboto, Helvetica, sans-serif;font-size: 14px\">Le Dell S3225QS est un moniteur de travail 4K de 32 pouces abordable. Faisant partie de la s\u00e9rie Dell Plus, il se situe aux c\u00f4t\u00e9s du Dell S2725QS de 27 pouces, et il est de gamme inf\u00e9rieure au Dell S2725QC, qui offre des avantages suppl\u00e9mentaires, et au Dell S3225QC, qui poss\u00e8de plus de fonctionnalit\u00e9s et un panneau diff\u00e9rent. Il remplace le Dell S3221QS et, bien qu\u2019utilisant \u00e9galement un panneau VA, il est tr\u00e8s diff\u00e9rent de l\u2019ancien mod\u00e8le. Il dispose d\u2019un \u00e9cran plat au lieu d\u2019un \u00e9cran incurv\u00e9, et offre un taux de rafra\u00eechissement plus \u00e9lev\u00e9 de 120 Hz, ainsi que des ports HDMI 2.1. <\/span><\/p>\n","protected":false},"featured_media":5588,"template":"","meta":[],"product_cat":[264],"product_tag":[],"class_list":{"0":"post-5589","1":"product","2":"type-product","3":"status-publish","4":"has-post-thumbnail","6":"product_brand-dell","7":"product_cat-high-tech","9":"first","10":"instock","11":"sale","12":"taxable","13":"shipping-taxable","14":"purchasable","15":"product-type-simple","16":"col-xs-6 col-sm-4","17":"col-md-3 col-lg-3","18":"un-4-cols"},"yoast_head":"<!-- This site is optimized with the Yoast SEO plugin v26.9 - https:\/\/yoast.com\/product\/yoast-seo-wordpress\/ -->\n<title>DELL PS3225QS 32&quot; 4K UHD MONITOR (HDMI,DP) - AU MARCHE BURKINA<\/title>\n<meta name=\"robots\" content=\"noindex, follow, max-snippet:-1, max-image-preview:large, max-video-preview:-1\" \/>\n<meta property=\"og:locale\" content=\"fr_FR\" \/>\n<meta property=\"og:type\" content=\"article\" \/>\n<meta property=\"og:title\" content=\"DELL PS3225QS 32&quot; 4K UHD MONITOR (HDMI,DP) - AU MARCHE BURKINA\" \/>\n<meta property=\"og:description\" content=\"Le Dell S3225QS est un moniteur de travail 4K de 32 pouces abordable. Faisant partie de la s\u00e9rie Dell Plus, il se situe aux c\u00f4t\u00e9s du Dell S2725QS de 27 pouces, et il est de gamme inf\u00e9rieure au Dell S2725QC, qui offre des avantages suppl\u00e9mentaires, et au Dell S3225QC, qui poss\u00e8de plus de fonctionnalit\u00e9s et un panneau diff\u00e9rent. Il remplace le Dell S3221QS et, bien qu\u2019utilisant \u00e9galement un panneau VA, il est tr\u00e8s diff\u00e9rent de l\u2019ancien mod\u00e8le. Il dispose d\u2019un \u00e9cran plat au lieu d\u2019un \u00e9cran incurv\u00e9, et offre un taux de rafra\u00eechissement plus \u00e9lev\u00e9 de 120 Hz, ainsi que des ports HDMI 2.1.\" \/>\n<meta property=\"og:url\" content=\"https:\/\/aumarche.biz\/bf\/index.php\/produit\/dell-ps3225qs-32-4k-uhd-monitor-hdmidp\/\" \/>\n<meta property=\"og:site_name\" content=\"AU MARCHE BURKINA\" \/>\n<meta property=\"article:publisher\" content=\"https:\/\/www.facebook.com\/aumarchebf\" \/>\n<meta property=\"og:image\" content=\"https:\/\/aumarche.biz\/bf\/wp-content\/uploads\/2025\/11\/dell-s2725qc-monitor-c-00030rf090-gy.png\" \/>\n\t<meta property=\"og:image:width\" content=\"300\" \/>\n\t<meta property=\"og:image:height\" content=\"300\" \/>\n\t<meta property=\"og:image:type\" content=\"image\/png\" \/>\n<meta name=\"twitter:card\" content=\"summary_large_image\" \/>\n<meta name=\"twitter:label1\" content=\"Dur\u00e9e de lecture estim\u00e9e\" \/>\n\t<meta name=\"twitter:data1\" content=\"1 minute\" \/>\n<script type=\"application\/ld+json\" class=\"yoast-schema-graph\">{\"@context\":\"https:\/\/schema.org\",\"@graph\":[{\"@type\":\"WebPage\",\"@id\":\"https:\/\/aumarche.biz\/bf\/index.php\/produit\/dell-ps3225qs-32-4k-uhd-monitor-hdmidp\/\",\"url\":\"https:\/\/aumarche.biz\/bf\/index.php\/produit\/dell-ps3225qs-32-4k-uhd-monitor-hdmidp\/\",\"name\":\"DELL PS3225QS 32\\\" 4K UHD MONITOR (HDMI,DP) - AU MARCHE BURKINA\",\"isPartOf\":{\"@id\":\"https:\/\/aumarche.biz\/bf\/#website\"},\"primaryImageOfPage\":{\"@id\":\"https:\/\/aumarche.biz\/bf\/index.php\/produit\/dell-ps3225qs-32-4k-uhd-monitor-hdmidp\/#primaryimage\"},\"image\":{\"@id\":\"https:\/\/aumarche.biz\/bf\/index.php\/produit\/dell-ps3225qs-32-4k-uhd-monitor-hdmidp\/#primaryimage\"},\"thumbnailUrl\":\"https:\/\/aumarche.biz\/bf\/wp-content\/uploads\/2025\/11\/dell-s2725qc-monitor-c-00030rf090-gy.png\",\"datePublished\":\"2025-11-18T08:32:36+00:00\",\"breadcrumb\":{\"@id\":\"https:\/\/aumarche.biz\/bf\/index.php\/produit\/dell-ps3225qs-32-4k-uhd-monitor-hdmidp\/#breadcrumb\"},\"inLanguage\":\"fr-FR\",\"potentialAction\":[{\"@type\":\"ReadAction\",\"target\":[\"https:\/\/aumarche.biz\/bf\/index.php\/produit\/dell-ps3225qs-32-4k-uhd-monitor-hdmidp\/\"]}]},{\"@type\":\"ImageObject\",\"inLanguage\":\"fr-FR\",\"@id\":\"https:\/\/aumarche.biz\/bf\/index.php\/produit\/dell-ps3225qs-32-4k-uhd-monitor-hdmidp\/#primaryimage\",\"url\":\"https:\/\/aumarche.biz\/bf\/wp-content\/uploads\/2025\/11\/dell-s2725qc-monitor-c-00030rf090-gy.png\",\"contentUrl\":\"https:\/\/aumarche.biz\/bf\/wp-content\/uploads\/2025\/11\/dell-s2725qc-monitor-c-00030rf090-gy.png\",\"width\":300,\"height\":300},{\"@type\":\"BreadcrumbList\",\"@id\":\"https:\/\/aumarche.biz\/bf\/index.php\/produit\/dell-ps3225qs-32-4k-uhd-monitor-hdmidp\/#breadcrumb\",\"itemListElement\":[{\"@type\":\"ListItem\",\"position\":1,\"name\":\"Accueil\",\"item\":\"https:\/\/aumarche.biz\/bf\/\"},{\"@type\":\"ListItem\",\"position\":2,\"name\":\"Boutique\",\"item\":\"https:\/\/aumarche.biz\/bf\/index.php\/boutique\/\"},{\"@type\":\"ListItem\",\"position\":3,\"name\":\"DELL PS3225QS 32&Prime; 4K UHD MONITOR (HDMI,DP)\"}]},{\"@type\":\"WebSite\",\"@id\":\"https:\/\/aumarche.biz\/bf\/#website\",\"url\":\"https:\/\/aumarche.biz\/bf\/\",\"name\":\"aumarche.biz\",\"description\":\"Vendre et acheter autrement\",\"publisher\":{\"@id\":\"https:\/\/aumarche.biz\/bf\/#organization\"},\"potentialAction\":[{\"@type\":\"SearchAction\",\"target\":{\"@type\":\"EntryPoint\",\"urlTemplate\":\"https:\/\/aumarche.biz\/bf\/?s={search_term_string}\"},\"query-input\":{\"@type\":\"PropertyValueSpecification\",\"valueRequired\":true,\"valueName\":\"search_term_string\"}}],\"inLanguage\":\"fr-FR\"},{\"@type\":\"Organization\",\"@id\":\"https:\/\/aumarche.biz\/bf\/#organization\",\"name\":\"aumarche.biz\",\"url\":\"https:\/\/aumarche.biz\/bf\/\",\"logo\":{\"@type\":\"ImageObject\",\"inLanguage\":\"fr-FR\",\"@id\":\"https:\/\/aumarche.biz\/bf\/#\/schema\/logo\/image\/\",\"url\":\"https:\/\/aumarche.biz\/bf\/wp-content\/uploads\/2023\/09\/favicone.png\",\"contentUrl\":\"https:\/\/aumarche.biz\/bf\/wp-content\/uploads\/2023\/09\/favicone.png\",\"width\":64,\"height\":64,\"caption\":\"aumarche.biz\"},\"image\":{\"@id\":\"https:\/\/aumarche.biz\/bf\/#\/schema\/logo\/image\/\"},\"sameAs\":[\"https:\/\/www.facebook.com\/aumarchebf\"]}]}<\/script>\n<!-- \/ Yoast SEO plugin. -->","yoast_head_json":{"title":"DELL PS3225QS 32\" 4K UHD MONITOR (HDMI,DP) - AU MARCHE BURKINA","robots":{"index":"noindex","follow":"follow","max-snippet":"max-snippet:-1","max-image-preview":"max-image-preview:large","max-video-preview":"max-video-preview:-1"},"og_locale":"fr_FR","og_type":"article","og_title":"DELL PS3225QS 32\" 4K UHD MONITOR (HDMI,DP) - AU MARCHE BURKINA","og_description":"Le Dell S3225QS est un moniteur de travail 4K de 32 pouces abordable. Faisant partie de la s\u00e9rie Dell Plus, il se situe aux c\u00f4t\u00e9s du Dell S2725QS de 27 pouces, et il est de gamme inf\u00e9rieure au Dell S2725QC, qui offre des avantages suppl\u00e9mentaires, et au Dell S3225QC, qui poss\u00e8de plus de fonctionnalit\u00e9s et un panneau diff\u00e9rent. Il remplace le Dell S3221QS et, bien qu\u2019utilisant \u00e9galement un panneau VA, il est tr\u00e8s diff\u00e9rent de l\u2019ancien mod\u00e8le. Il dispose d\u2019un \u00e9cran plat au lieu d\u2019un \u00e9cran incurv\u00e9, et offre un taux de rafra\u00eechissement plus \u00e9lev\u00e9 de 120 Hz, ainsi que des ports HDMI 2.1.","og_url":"https:\/\/aumarche.biz\/bf\/index.php\/produit\/dell-ps3225qs-32-4k-uhd-monitor-hdmidp\/","og_site_name":"AU MARCHE BURKINA","article_publisher":"https:\/\/www.facebook.com\/aumarchebf","og_image":[{"width":300,"height":300,"url":"https:\/\/aumarche.biz\/bf\/wp-content\/uploads\/2025\/11\/dell-s2725qc-monitor-c-00030rf090-gy.png","type":"image\/png"}],"twitter_card":"summary_large_image","twitter_misc":{"Dur\u00e9e de lecture estim\u00e9e":"1 minute"},"schema":{"@context":"https:\/\/schema.org","@graph":[{"@type":"WebPage","@id":"https:\/\/aumarche.biz\/bf\/index.php\/produit\/dell-ps3225qs-32-4k-uhd-monitor-hdmidp\/","url":"https:\/\/aumarche.biz\/bf\/index.php\/produit\/dell-ps3225qs-32-4k-uhd-monitor-hdmidp\/","name":"DELL PS3225QS 32\" 4K UHD MONITOR (HDMI,DP) - AU MARCHE BURKINA","isPartOf":{"@id":"https:\/\/aumarche.biz\/bf\/#website"},"primaryImageOfPage":{"@id":"https:\/\/aumarche.biz\/bf\/index.php\/produit\/dell-ps3225qs-32-4k-uhd-monitor-hdmidp\/#primaryimage"},"image":{"@id":"https:\/\/aumarche.biz\/bf\/index.php\/produit\/dell-ps3225qs-32-4k-uhd-monitor-hdmidp\/#primaryimage"},"thumbnailUrl":"https:\/\/aumarche.biz\/bf\/wp-content\/uploads\/2025\/11\/dell-s2725qc-monitor-c-00030rf090-gy.png","datePublished":"2025-11-18T08:32:36+00:00","breadcrumb":{"@id":"https:\/\/aumarche.biz\/bf\/index.php\/produit\/dell-ps3225qs-32-4k-uhd-monitor-hdmidp\/#breadcrumb"},"inLanguage":"fr-FR","potentialAction":[{"@type":"ReadAction","target":["https:\/\/aumarche.biz\/bf\/index.php\/produit\/dell-ps3225qs-32-4k-uhd-monitor-hdmidp\/"]}]},{"@type":"ImageObject","inLanguage":"fr-FR","@id":"https:\/\/aumarche.biz\/bf\/index.php\/produit\/dell-ps3225qs-32-4k-uhd-monitor-hdmidp\/#primaryimage","url":"https:\/\/aumarche.biz\/bf\/wp-content\/uploads\/2025\/11\/dell-s2725qc-monitor-c-00030rf090-gy.png","contentUrl":"https:\/\/aumarche.biz\/bf\/wp-content\/uploads\/2025\/11\/dell-s2725qc-monitor-c-00030rf090-gy.png","width":300,"height":300},{"@type":"BreadcrumbList","@id":"https:\/\/aumarche.biz\/bf\/index.php\/produit\/dell-ps3225qs-32-4k-uhd-monitor-hdmidp\/#breadcrumb","itemListElement":[{"@type":"ListItem","position":1,"name":"Accueil","item":"https:\/\/aumarche.biz\/bf\/"},{"@type":"ListItem","position":2,"name":"Boutique","item":"https:\/\/aumarche.biz\/bf\/index.php\/boutique\/"},{"@type":"ListItem","position":3,"name":"DELL PS3225QS 32&Prime; 4K UHD MONITOR (HDMI,DP)"}]},{"@type":"WebSite","@id":"https:\/\/aumarche.biz\/bf\/#website","url":"https:\/\/aumarche.biz\/bf\/","name":"aumarche.biz","description":"Vendre et acheter autrement","publisher":{"@id":"https:\/\/aumarche.biz\/bf\/#organization"},"potentialAction":[{"@type":"SearchAction","target":{"@type":"EntryPoint","urlTemplate":"https:\/\/aumarche.biz\/bf\/?s={search_term_string}"},"query-input":{"@type":"PropertyValueSpecification","valueRequired":true,"valueName":"search_term_string"}}],"inLanguage":"fr-FR"},{"@type":"Organization","@id":"https:\/\/aumarche.biz\/bf\/#organization","name":"aumarche.biz","url":"https:\/\/aumarche.biz\/bf\/","logo":{"@type":"ImageObject","inLanguage":"fr-FR","@id":"https:\/\/aumarche.biz\/bf\/#\/schema\/logo\/image\/","url":"https:\/\/aumarche.biz\/bf\/wp-content\/uploads\/2023\/09\/favicone.png","contentUrl":"https:\/\/aumarche.biz\/bf\/wp-content\/uploads\/2023\/09\/favicone.png","width":64,"height":64,"caption":"aumarche.biz"},"image":{"@id":"https:\/\/aumarche.biz\/bf\/#\/schema\/logo\/image\/"},"sameAs":["https:\/\/www.facebook.com\/aumarchebf"]}]}},"_links":{"self":[{"href":"https:\/\/aumarche.biz\/bf\/index.php\/wp-json\/wp\/v2\/product\/5589","targetHints":{"allow":["GET"]}}],"collection":[{"href":"https:\/\/aumarche.biz\/bf\/index.php\/wp-json\/wp\/v2\/product"}],"about":[{"href":"https:\/\/aumarche.biz\/bf\/index.php\/wp-json\/wp\/v2\/types\/product"}],"wp:featuredmedia":[{"embeddable":true,"href":"https:\/\/aumarche.biz\/bf\/index.php\/wp-json\/wp\/v2\/media\/5588"}],"wp:attachment":[{"href":"https:\/\/aumarche.biz\/bf\/index.php\/wp-json\/wp\/v2\/media?parent=5589"}],"wp:term":[{"taxonomy":"product_cat","embeddable":true,"href":"https:\/\/aumarche.biz\/bf\/index.php\/wp-json\/wp\/v2\/product_cat?post=5589"},{"taxonomy":"product_tag","embeddable":true,"href":"https:\/\/aumarche.biz\/bf\/index.php\/wp-json\/wp\/v2\/product_tag?post=5589"}],"curies":[{"name":"wp","href":"https:\/\/api.w.org\/{rel}","templated":true}]}}