{"id":5593,"date":"2026-02-12T16:16:09","date_gmt":"2026-02-12T16:16:09","guid":{"rendered":"https:\/\/aumarche.biz\/bf\/index.php\/produit\/apc-smart-ups-c-3000va-lcd-rm-2u-230v\/"},"modified":"2026-02-12T16:16:10","modified_gmt":"2026-02-12T16:16:10","slug":"apc-smart-ups-c-3000va-lcd-rm-2u-230v","status":"publish","type":"product","link":"https:\/\/aumarche.biz\/bf\/index.php\/produit\/apc-smart-ups-c-3000va-lcd-rm-2u-230v\/","title":{"rendered":"APC Smart-UPS C 3000VA LCD RM 2U 230V"},"content":{"rendered":"<p><span style=\"font-family: Roboto, Helvetica, sans-serif;font-size: 14px\">CCet onduleur interactif en ligne de 3000VA\/2100W fournit une alimentation sinuso\u00efdale pure pour soutenir les \u00e9quipements \u00e9lectroniques critiques lors des interruptions de courant. Le SMC mont\u00e9 en rack 2U fonctionne en mode vert pour une efficacit\u00e9 op\u00e9rationnelle \u00e9lev\u00e9e. Il est \u00e9quip\u00e9 d&rsquo;une entr\u00e9e IEC 320 C20, de 8 prises IEC 320 C13 et 1 prise IEC 320 C19, ainsi que de 2 c\u00e2bles de liaison IEC. Cet onduleur dispose d&rsquo;une batterie au plomb int\u00e9gr\u00e9e et b\u00e9n\u00e9ficie d&rsquo;une garantie de 2 ans. Ses dimensions sont de 670 mm (profondeur) x 89 mm (hauteur) x 480 mm (largeur) et il p\u00e8se 41,0 kg. Id\u00e9al pour serveurs d&rsquo;entr\u00e9e de gamme, r\u00e9seaux, VoIP professionnels, points de vente au d\u00e9tail et r\u00e9seaux p\u00e9riph\u00e9riques. Il est conforme aux normes CE, C-Tick, GOST, EAC, marque GS, IRAM, SABS et VDE.<\/span><\/p>\n","protected":false},"excerpt":{"rendered":"<p><span style=\"font-family: Roboto, Helvetica, sans-serif;font-size: 14px\"> Cet onduleur interactif en ligne de 3000VA\/2100W fournit une alimentation sinuso\u00efdale pure pour soutenir les \u00e9quipements \u00e9lectroniques critiques lors des interruptions de courant. Le SMC mont\u00e9 en rack 2U fonctionne en mode vert pour une efficacit\u00e9 op\u00e9rationnelle \u00e9lev\u00e9e. Il est \u00e9quip\u00e9 d&rsquo;une entr\u00e9e IEC 320 C20, de 8 prises IEC 320 C13 et 1 prise IEC 320 C19, ainsi que de 2 c\u00e2bles de liaison IEC. Cet onduleur dispose d&rsquo;une batterie au plomb int\u00e9gr\u00e9e et b\u00e9n\u00e9ficie d&rsquo;une garantie de 2 ans. Ses dimensions sont de 670 mm (profondeur) x 89 mm (hauteur) x 480 mm (largeur) et il p\u00e8se 41,0 kg. Id\u00e9al pour serveurs d&rsquo;entr\u00e9e de gamme, r\u00e9seaux, VoIP professionnels, points de vente au d\u00e9tail et r\u00e9seaux p\u00e9riph\u00e9riques. Il est conforme aux normes CE, C-Tick, GOST, EAC, marque GS, IRAM, SABS et VDE.<\/span><\/p>\n","protected":false},"featured_media":5592,"template":"","meta":[],"product_cat":[264],"product_tag":[],"class_list":{"0":"post-5593","1":"product","2":"type-product","3":"status-publish","4":"has-post-thumbnail","6":"product_brand-autres-marques","7":"product_cat-high-tech","9":"first","10":"instock","11":"sale","12":"taxable","13":"shipping-taxable","14":"purchasable","15":"product-type-simple","16":"col-xs-6 col-sm-4","17":"col-md-3 col-lg-3","18":"un-4-cols"},"yoast_head":"<!-- This site is optimized with the Yoast SEO plugin v26.9 - https:\/\/yoast.com\/product\/yoast-seo-wordpress\/ -->\n<title>APC Smart-UPS C 3000VA LCD RM 2U 230V - AU MARCHE BURKINA<\/title>\n<meta name=\"robots\" content=\"noindex, follow, max-snippet:-1, max-image-preview:large, max-video-preview:-1\" \/>\n<meta property=\"og:locale\" content=\"fr_FR\" \/>\n<meta property=\"og:type\" content=\"article\" \/>\n<meta property=\"og:title\" content=\"APC Smart-UPS C 3000VA LCD RM 2U 230V - AU MARCHE BURKINA\" \/>\n<meta property=\"og:description\" content=\"Cet onduleur interactif en ligne de 3000VA\/2100W fournit une alimentation sinuso\u00efdale pure pour soutenir les \u00e9quipements \u00e9lectroniques critiques lors des interruptions de courant. Le SMC mont\u00e9 en rack 2U fonctionne en mode vert pour une efficacit\u00e9 op\u00e9rationnelle \u00e9lev\u00e9e. Il est \u00e9quip\u00e9 d&#039;une entr\u00e9e IEC 320 C20, de 8 prises IEC 320 C13 et 1 prise IEC 320 C19, ainsi que de 2 c\u00e2bles de liaison IEC. Cet onduleur dispose d&#039;une batterie au plomb int\u00e9gr\u00e9e et b\u00e9n\u00e9ficie d&#039;une garantie de 2 ans. Ses dimensions sont de 670 mm (profondeur) x 89 mm (hauteur) x 480 mm (largeur) et il p\u00e8se 41,0 kg. Id\u00e9al pour serveurs d&#039;entr\u00e9e de gamme, r\u00e9seaux, VoIP professionnels, points de vente au d\u00e9tail et r\u00e9seaux p\u00e9riph\u00e9riques. Il est conforme aux normes CE, C-Tick, GOST, EAC, marque GS, IRAM, SABS et VDE.\" \/>\n<meta property=\"og:url\" content=\"https:\/\/aumarche.biz\/bf\/index.php\/produit\/apc-smart-ups-c-3000va-lcd-rm-2u-230v\/\" \/>\n<meta property=\"og:site_name\" content=\"AU MARCHE BURKINA\" \/>\n<meta property=\"article:publisher\" content=\"https:\/\/www.facebook.com\/aumarchebf\" \/>\n<meta property=\"article:modified_time\" content=\"2026-02-12T16:16:10+00:00\" \/>\n<meta property=\"og:image\" content=\"https:\/\/aumarche.biz\/bf\/wp-content\/uploads\/2026\/02\/SMC3000RMI2U.webp\" \/>\n\t<meta property=\"og:image:width\" content=\"1500\" \/>\n\t<meta property=\"og:image:height\" content=\"477\" \/>\n\t<meta property=\"og:image:type\" content=\"image\/webp\" \/>\n<meta name=\"twitter:card\" content=\"summary_large_image\" \/>\n<meta name=\"twitter:label1\" content=\"Dur\u00e9e de lecture estim\u00e9e\" \/>\n\t<meta name=\"twitter:data1\" content=\"1 minute\" \/>\n<script type=\"application\/ld+json\" class=\"yoast-schema-graph\">{\"@context\":\"https:\/\/schema.org\",\"@graph\":[{\"@type\":\"WebPage\",\"@id\":\"https:\/\/aumarche.biz\/bf\/index.php\/produit\/apc-smart-ups-c-3000va-lcd-rm-2u-230v\/\",\"url\":\"https:\/\/aumarche.biz\/bf\/index.php\/produit\/apc-smart-ups-c-3000va-lcd-rm-2u-230v\/\",\"name\":\"APC Smart-UPS C 3000VA LCD RM 2U 230V - AU MARCHE BURKINA\",\"isPartOf\":{\"@id\":\"https:\/\/aumarche.biz\/bf\/#website\"},\"primaryImageOfPage\":{\"@id\":\"https:\/\/aumarche.biz\/bf\/index.php\/produit\/apc-smart-ups-c-3000va-lcd-rm-2u-230v\/#primaryimage\"},\"image\":{\"@id\":\"https:\/\/aumarche.biz\/bf\/index.php\/produit\/apc-smart-ups-c-3000va-lcd-rm-2u-230v\/#primaryimage\"},\"thumbnailUrl\":\"https:\/\/aumarche.biz\/bf\/wp-content\/uploads\/2026\/02\/SMC3000RMI2U.webp\",\"datePublished\":\"2026-02-12T16:16:09+00:00\",\"dateModified\":\"2026-02-12T16:16:10+00:00\",\"breadcrumb\":{\"@id\":\"https:\/\/aumarche.biz\/bf\/index.php\/produit\/apc-smart-ups-c-3000va-lcd-rm-2u-230v\/#breadcrumb\"},\"inLanguage\":\"fr-FR\",\"potentialAction\":[{\"@type\":\"ReadAction\",\"target\":[\"https:\/\/aumarche.biz\/bf\/index.php\/produit\/apc-smart-ups-c-3000va-lcd-rm-2u-230v\/\"]}]},{\"@type\":\"ImageObject\",\"inLanguage\":\"fr-FR\",\"@id\":\"https:\/\/aumarche.biz\/bf\/index.php\/produit\/apc-smart-ups-c-3000va-lcd-rm-2u-230v\/#primaryimage\",\"url\":\"https:\/\/aumarche.biz\/bf\/wp-content\/uploads\/2026\/02\/SMC3000RMI2U.webp\",\"contentUrl\":\"https:\/\/aumarche.biz\/bf\/wp-content\/uploads\/2026\/02\/SMC3000RMI2U.webp\",\"width\":1500,\"height\":477},{\"@type\":\"BreadcrumbList\",\"@id\":\"https:\/\/aumarche.biz\/bf\/index.php\/produit\/apc-smart-ups-c-3000va-lcd-rm-2u-230v\/#breadcrumb\",\"itemListElement\":[{\"@type\":\"ListItem\",\"position\":1,\"name\":\"Accueil\",\"item\":\"https:\/\/aumarche.biz\/bf\/\"},{\"@type\":\"ListItem\",\"position\":2,\"name\":\"Boutique\",\"item\":\"https:\/\/aumarche.biz\/bf\/index.php\/boutique\/\"},{\"@type\":\"ListItem\",\"position\":3,\"name\":\"APC Smart-UPS C 3000VA LCD RM 2U 230V\"}]},{\"@type\":\"WebSite\",\"@id\":\"https:\/\/aumarche.biz\/bf\/#website\",\"url\":\"https:\/\/aumarche.biz\/bf\/\",\"name\":\"aumarche.biz\",\"description\":\"Vendre et acheter autrement\",\"publisher\":{\"@id\":\"https:\/\/aumarche.biz\/bf\/#organization\"},\"potentialAction\":[{\"@type\":\"SearchAction\",\"target\":{\"@type\":\"EntryPoint\",\"urlTemplate\":\"https:\/\/aumarche.biz\/bf\/?s={search_term_string}\"},\"query-input\":{\"@type\":\"PropertyValueSpecification\",\"valueRequired\":true,\"valueName\":\"search_term_string\"}}],\"inLanguage\":\"fr-FR\"},{\"@type\":\"Organization\",\"@id\":\"https:\/\/aumarche.biz\/bf\/#organization\",\"name\":\"aumarche.biz\",\"url\":\"https:\/\/aumarche.biz\/bf\/\",\"logo\":{\"@type\":\"ImageObject\",\"inLanguage\":\"fr-FR\",\"@id\":\"https:\/\/aumarche.biz\/bf\/#\/schema\/logo\/image\/\",\"url\":\"https:\/\/aumarche.biz\/bf\/wp-content\/uploads\/2023\/09\/favicone.png\",\"contentUrl\":\"https:\/\/aumarche.biz\/bf\/wp-content\/uploads\/2023\/09\/favicone.png\",\"width\":64,\"height\":64,\"caption\":\"aumarche.biz\"},\"image\":{\"@id\":\"https:\/\/aumarche.biz\/bf\/#\/schema\/logo\/image\/\"},\"sameAs\":[\"https:\/\/www.facebook.com\/aumarchebf\"]}]}<\/script>\n<!-- \/ Yoast SEO plugin. -->","yoast_head_json":{"title":"APC Smart-UPS C 3000VA LCD RM 2U 230V - AU MARCHE BURKINA","robots":{"index":"noindex","follow":"follow","max-snippet":"max-snippet:-1","max-image-preview":"max-image-preview:large","max-video-preview":"max-video-preview:-1"},"og_locale":"fr_FR","og_type":"article","og_title":"APC Smart-UPS C 3000VA LCD RM 2U 230V - AU MARCHE BURKINA","og_description":"Cet onduleur interactif en ligne de 3000VA\/2100W fournit une alimentation sinuso\u00efdale pure pour soutenir les \u00e9quipements \u00e9lectroniques critiques lors des interruptions de courant. Le SMC mont\u00e9 en rack 2U fonctionne en mode vert pour une efficacit\u00e9 op\u00e9rationnelle \u00e9lev\u00e9e. Il est \u00e9quip\u00e9 d'une entr\u00e9e IEC 320 C20, de 8 prises IEC 320 C13 et 1 prise IEC 320 C19, ainsi que de 2 c\u00e2bles de liaison IEC. Cet onduleur dispose d'une batterie au plomb int\u00e9gr\u00e9e et b\u00e9n\u00e9ficie d'une garantie de 2 ans. Ses dimensions sont de 670 mm (profondeur) x 89 mm (hauteur) x 480 mm (largeur) et il p\u00e8se 41,0 kg. Id\u00e9al pour serveurs d'entr\u00e9e de gamme, r\u00e9seaux, VoIP professionnels, points de vente au d\u00e9tail et r\u00e9seaux p\u00e9riph\u00e9riques. Il est conforme aux normes CE, C-Tick, GOST, EAC, marque GS, IRAM, SABS et VDE.","og_url":"https:\/\/aumarche.biz\/bf\/index.php\/produit\/apc-smart-ups-c-3000va-lcd-rm-2u-230v\/","og_site_name":"AU MARCHE BURKINA","article_publisher":"https:\/\/www.facebook.com\/aumarchebf","article_modified_time":"2026-02-12T16:16:10+00:00","og_image":[{"width":1500,"height":477,"url":"https:\/\/aumarche.biz\/bf\/wp-content\/uploads\/2026\/02\/SMC3000RMI2U.webp","type":"image\/webp"}],"twitter_card":"summary_large_image","twitter_misc":{"Dur\u00e9e de lecture estim\u00e9e":"1 minute"},"schema":{"@context":"https:\/\/schema.org","@graph":[{"@type":"WebPage","@id":"https:\/\/aumarche.biz\/bf\/index.php\/produit\/apc-smart-ups-c-3000va-lcd-rm-2u-230v\/","url":"https:\/\/aumarche.biz\/bf\/index.php\/produit\/apc-smart-ups-c-3000va-lcd-rm-2u-230v\/","name":"APC Smart-UPS C 3000VA LCD RM 2U 230V - AU MARCHE BURKINA","isPartOf":{"@id":"https:\/\/aumarche.biz\/bf\/#website"},"primaryImageOfPage":{"@id":"https:\/\/aumarche.biz\/bf\/index.php\/produit\/apc-smart-ups-c-3000va-lcd-rm-2u-230v\/#primaryimage"},"image":{"@id":"https:\/\/aumarche.biz\/bf\/index.php\/produit\/apc-smart-ups-c-3000va-lcd-rm-2u-230v\/#primaryimage"},"thumbnailUrl":"https:\/\/aumarche.biz\/bf\/wp-content\/uploads\/2026\/02\/SMC3000RMI2U.webp","datePublished":"2026-02-12T16:16:09+00:00","dateModified":"2026-02-12T16:16:10+00:00","breadcrumb":{"@id":"https:\/\/aumarche.biz\/bf\/index.php\/produit\/apc-smart-ups-c-3000va-lcd-rm-2u-230v\/#breadcrumb"},"inLanguage":"fr-FR","potentialAction":[{"@type":"ReadAction","target":["https:\/\/aumarche.biz\/bf\/index.php\/produit\/apc-smart-ups-c-3000va-lcd-rm-2u-230v\/"]}]},{"@type":"ImageObject","inLanguage":"fr-FR","@id":"https:\/\/aumarche.biz\/bf\/index.php\/produit\/apc-smart-ups-c-3000va-lcd-rm-2u-230v\/#primaryimage","url":"https:\/\/aumarche.biz\/bf\/wp-content\/uploads\/2026\/02\/SMC3000RMI2U.webp","contentUrl":"https:\/\/aumarche.biz\/bf\/wp-content\/uploads\/2026\/02\/SMC3000RMI2U.webp","width":1500,"height":477},{"@type":"BreadcrumbList","@id":"https:\/\/aumarche.biz\/bf\/index.php\/produit\/apc-smart-ups-c-3000va-lcd-rm-2u-230v\/#breadcrumb","itemListElement":[{"@type":"ListItem","position":1,"name":"Accueil","item":"https:\/\/aumarche.biz\/bf\/"},{"@type":"ListItem","position":2,"name":"Boutique","item":"https:\/\/aumarche.biz\/bf\/index.php\/boutique\/"},{"@type":"ListItem","position":3,"name":"APC Smart-UPS C 3000VA LCD RM 2U 230V"}]},{"@type":"WebSite","@id":"https:\/\/aumarche.biz\/bf\/#website","url":"https:\/\/aumarche.biz\/bf\/","name":"aumarche.biz","description":"Vendre et acheter autrement","publisher":{"@id":"https:\/\/aumarche.biz\/bf\/#organization"},"potentialAction":[{"@type":"SearchAction","target":{"@type":"EntryPoint","urlTemplate":"https:\/\/aumarche.biz\/bf\/?s={search_term_string}"},"query-input":{"@type":"PropertyValueSpecification","valueRequired":true,"valueName":"search_term_string"}}],"inLanguage":"fr-FR"},{"@type":"Organization","@id":"https:\/\/aumarche.biz\/bf\/#organization","name":"aumarche.biz","url":"https:\/\/aumarche.biz\/bf\/","logo":{"@type":"ImageObject","inLanguage":"fr-FR","@id":"https:\/\/aumarche.biz\/bf\/#\/schema\/logo\/image\/","url":"https:\/\/aumarche.biz\/bf\/wp-content\/uploads\/2023\/09\/favicone.png","contentUrl":"https:\/\/aumarche.biz\/bf\/wp-content\/uploads\/2023\/09\/favicone.png","width":64,"height":64,"caption":"aumarche.biz"},"image":{"@id":"https:\/\/aumarche.biz\/bf\/#\/schema\/logo\/image\/"},"sameAs":["https:\/\/www.facebook.com\/aumarchebf"]}]}},"_links":{"self":[{"href":"https:\/\/aumarche.biz\/bf\/index.php\/wp-json\/wp\/v2\/product\/5593","targetHints":{"allow":["GET"]}}],"collection":[{"href":"https:\/\/aumarche.biz\/bf\/index.php\/wp-json\/wp\/v2\/product"}],"about":[{"href":"https:\/\/aumarche.biz\/bf\/index.php\/wp-json\/wp\/v2\/types\/product"}],"wp:featuredmedia":[{"embeddable":true,"href":"https:\/\/aumarche.biz\/bf\/index.php\/wp-json\/wp\/v2\/media\/5592"}],"wp:attachment":[{"href":"https:\/\/aumarche.biz\/bf\/index.php\/wp-json\/wp\/v2\/media?parent=5593"}],"wp:term":[{"taxonomy":"product_cat","embeddable":true,"href":"https:\/\/aumarche.biz\/bf\/index.php\/wp-json\/wp\/v2\/product_cat?post=5593"},{"taxonomy":"product_tag","embeddable":true,"href":"https:\/\/aumarche.biz\/bf\/index.php\/wp-json\/wp\/v2\/product_tag?post=5593"}],"curies":[{"name":"wp","href":"https:\/\/api.w.org\/{rel}","templated":true}]}}