{"id":5595,"date":"2026-02-12T16:48:15","date_gmt":"2026-02-12T16:48:15","guid":{"rendered":"https:\/\/aumarche.biz\/bf\/index.php\/produit\/bonding-machine-cw350-machine-de-liage\/"},"modified":"2026-02-12T16:48:15","modified_gmt":"2026-02-12T16:48:15","slug":"bonding-machine-cw350-machine-de-liage","status":"publish","type":"product","link":"https:\/\/aumarche.biz\/bf\/index.php\/produit\/bonding-machine-cw350-machine-de-liage\/","title":{"rendered":"BONDING MACHINE CW350 (MACHINE DE LIAGE)"},"content":{"rendered":"<p><span style=\"font-family: Roboto, Helvetica, sans-serif;font-size: 14px\">La relieuse CW350 de DSB est une agrafeuse multifonctionnelle qui permet de relier avec des anneaux en plastique et en m\u00e9tal. Elle peut traiter jusqu&rsquo;\u00e0 40 feuilles en plastique et 120 feuilles A4 ou A3 avec des anneaux m\u00e9talliques, ce qui la rend adapt\u00e9e \u00e0 un usage personnel et professionnel. La machine est certifi\u00e9e CE, garantissant sa conformit\u00e9 aux normes de s\u00e9curit\u00e9 europ\u00e9ennes, et est con\u00e7ue pour un reliage fiable des documents.<\/span><\/p>\n","protected":false},"excerpt":{"rendered":"<p><span style=\"font-family: Roboto, Helvetica, sans-serif;font-size: 14px\">La relieuse CW350 de DSB est une agrafeuse multifonctionnelle qui permet de relier avec des anneaux en plastique et en m\u00e9tal. Elle peut traiter jusqu&rsquo;\u00e0 40 feuilles en plastique et 120 feuilles A4 ou A3 avec des anneaux m\u00e9talliques, ce qui la rend adapt\u00e9e \u00e0 un usage personnel et professionnel. La machine est certifi\u00e9e CE, garantissant sa conformit\u00e9 aux normes de s\u00e9curit\u00e9 europ\u00e9ennes, et est con\u00e7ue pour un reliage fiable des documents.<\/span><\/p>\n","protected":false},"featured_media":5594,"template":"","meta":[],"product_cat":[264],"product_tag":[],"class_list":{"0":"post-5595","1":"product","2":"type-product","3":"status-publish","4":"has-post-thumbnail","6":"product_brand-autres-marques","7":"product_cat-high-tech","9":"first","10":"instock","11":"sale","12":"taxable","13":"shipping-taxable","14":"purchasable","15":"product-type-simple","16":"col-xs-6 col-sm-4","17":"col-md-3 col-lg-3","18":"un-4-cols"},"yoast_head":"<!-- This site is optimized with the Yoast SEO plugin v26.9 - https:\/\/yoast.com\/product\/yoast-seo-wordpress\/ -->\n<title>BONDING MACHINE CW350 (MACHINE DE LIAGE) - AU MARCHE BURKINA<\/title>\n<meta name=\"robots\" content=\"noindex, follow, max-snippet:-1, max-image-preview:large, max-video-preview:-1\" \/>\n<meta property=\"og:locale\" content=\"fr_FR\" \/>\n<meta property=\"og:type\" content=\"article\" \/>\n<meta property=\"og:title\" content=\"BONDING MACHINE CW350 (MACHINE DE LIAGE) - AU MARCHE BURKINA\" \/>\n<meta property=\"og:description\" content=\"La relieuse CW350 de DSB est une agrafeuse multifonctionnelle qui permet de relier avec des anneaux en plastique et en m\u00e9tal. Elle peut traiter jusqu&#039;\u00e0 40 feuilles en plastique et 120 feuilles A4 ou A3 avec des anneaux m\u00e9talliques, ce qui la rend adapt\u00e9e \u00e0 un usage personnel et professionnel. La machine est certifi\u00e9e CE, garantissant sa conformit\u00e9 aux normes de s\u00e9curit\u00e9 europ\u00e9ennes, et est con\u00e7ue pour un reliage fiable des documents.\" \/>\n<meta property=\"og:url\" content=\"https:\/\/aumarche.biz\/bf\/index.php\/produit\/bonding-machine-cw350-machine-de-liage\/\" \/>\n<meta property=\"og:site_name\" content=\"AU MARCHE BURKINA\" \/>\n<meta property=\"article:publisher\" content=\"https:\/\/www.facebook.com\/aumarchebf\" \/>\n<meta property=\"og:image\" content=\"https:\/\/aumarche.biz\/bf\/wp-content\/uploads\/2026\/02\/1_7e7aae8b-b4d9-4b32-a0e5-aace18e5e4a7_1024x.webp\" \/>\n\t<meta property=\"og:image:width\" content=\"500\" \/>\n\t<meta property=\"og:image:height\" content=\"500\" \/>\n\t<meta property=\"og:image:type\" content=\"image\/webp\" \/>\n<meta name=\"twitter:card\" content=\"summary_large_image\" \/>\n<script type=\"application\/ld+json\" class=\"yoast-schema-graph\">{\"@context\":\"https:\/\/schema.org\",\"@graph\":[{\"@type\":\"WebPage\",\"@id\":\"https:\/\/aumarche.biz\/bf\/index.php\/produit\/bonding-machine-cw350-machine-de-liage\/\",\"url\":\"https:\/\/aumarche.biz\/bf\/index.php\/produit\/bonding-machine-cw350-machine-de-liage\/\",\"name\":\"BONDING MACHINE CW350 (MACHINE DE LIAGE) - AU MARCHE BURKINA\",\"isPartOf\":{\"@id\":\"https:\/\/aumarche.biz\/bf\/#website\"},\"primaryImageOfPage\":{\"@id\":\"https:\/\/aumarche.biz\/bf\/index.php\/produit\/bonding-machine-cw350-machine-de-liage\/#primaryimage\"},\"image\":{\"@id\":\"https:\/\/aumarche.biz\/bf\/index.php\/produit\/bonding-machine-cw350-machine-de-liage\/#primaryimage\"},\"thumbnailUrl\":\"https:\/\/aumarche.biz\/bf\/wp-content\/uploads\/2026\/02\/1_7e7aae8b-b4d9-4b32-a0e5-aace18e5e4a7_1024x.webp\",\"datePublished\":\"2026-02-12T16:48:15+00:00\",\"breadcrumb\":{\"@id\":\"https:\/\/aumarche.biz\/bf\/index.php\/produit\/bonding-machine-cw350-machine-de-liage\/#breadcrumb\"},\"inLanguage\":\"fr-FR\",\"potentialAction\":[{\"@type\":\"ReadAction\",\"target\":[\"https:\/\/aumarche.biz\/bf\/index.php\/produit\/bonding-machine-cw350-machine-de-liage\/\"]}]},{\"@type\":\"ImageObject\",\"inLanguage\":\"fr-FR\",\"@id\":\"https:\/\/aumarche.biz\/bf\/index.php\/produit\/bonding-machine-cw350-machine-de-liage\/#primaryimage\",\"url\":\"https:\/\/aumarche.biz\/bf\/wp-content\/uploads\/2026\/02\/1_7e7aae8b-b4d9-4b32-a0e5-aace18e5e4a7_1024x.webp\",\"contentUrl\":\"https:\/\/aumarche.biz\/bf\/wp-content\/uploads\/2026\/02\/1_7e7aae8b-b4d9-4b32-a0e5-aace18e5e4a7_1024x.webp\",\"width\":500,\"height\":500},{\"@type\":\"BreadcrumbList\",\"@id\":\"https:\/\/aumarche.biz\/bf\/index.php\/produit\/bonding-machine-cw350-machine-de-liage\/#breadcrumb\",\"itemListElement\":[{\"@type\":\"ListItem\",\"position\":1,\"name\":\"Accueil\",\"item\":\"https:\/\/aumarche.biz\/bf\/\"},{\"@type\":\"ListItem\",\"position\":2,\"name\":\"Boutique\",\"item\":\"https:\/\/aumarche.biz\/bf\/index.php\/boutique\/\"},{\"@type\":\"ListItem\",\"position\":3,\"name\":\"BONDING MACHINE CW350 (MACHINE DE LIAGE)\"}]},{\"@type\":\"WebSite\",\"@id\":\"https:\/\/aumarche.biz\/bf\/#website\",\"url\":\"https:\/\/aumarche.biz\/bf\/\",\"name\":\"aumarche.biz\",\"description\":\"Vendre et acheter autrement\",\"publisher\":{\"@id\":\"https:\/\/aumarche.biz\/bf\/#organization\"},\"potentialAction\":[{\"@type\":\"SearchAction\",\"target\":{\"@type\":\"EntryPoint\",\"urlTemplate\":\"https:\/\/aumarche.biz\/bf\/?s={search_term_string}\"},\"query-input\":{\"@type\":\"PropertyValueSpecification\",\"valueRequired\":true,\"valueName\":\"search_term_string\"}}],\"inLanguage\":\"fr-FR\"},{\"@type\":\"Organization\",\"@id\":\"https:\/\/aumarche.biz\/bf\/#organization\",\"name\":\"aumarche.biz\",\"url\":\"https:\/\/aumarche.biz\/bf\/\",\"logo\":{\"@type\":\"ImageObject\",\"inLanguage\":\"fr-FR\",\"@id\":\"https:\/\/aumarche.biz\/bf\/#\/schema\/logo\/image\/\",\"url\":\"https:\/\/aumarche.biz\/bf\/wp-content\/uploads\/2023\/09\/favicone.png\",\"contentUrl\":\"https:\/\/aumarche.biz\/bf\/wp-content\/uploads\/2023\/09\/favicone.png\",\"width\":64,\"height\":64,\"caption\":\"aumarche.biz\"},\"image\":{\"@id\":\"https:\/\/aumarche.biz\/bf\/#\/schema\/logo\/image\/\"},\"sameAs\":[\"https:\/\/www.facebook.com\/aumarchebf\"]}]}<\/script>\n<!-- \/ Yoast SEO plugin. -->","yoast_head_json":{"title":"BONDING MACHINE CW350 (MACHINE DE LIAGE) - AU MARCHE BURKINA","robots":{"index":"noindex","follow":"follow","max-snippet":"max-snippet:-1","max-image-preview":"max-image-preview:large","max-video-preview":"max-video-preview:-1"},"og_locale":"fr_FR","og_type":"article","og_title":"BONDING MACHINE CW350 (MACHINE DE LIAGE) - AU MARCHE BURKINA","og_description":"La relieuse CW350 de DSB est une agrafeuse multifonctionnelle qui permet de relier avec des anneaux en plastique et en m\u00e9tal. Elle peut traiter jusqu'\u00e0 40 feuilles en plastique et 120 feuilles A4 ou A3 avec des anneaux m\u00e9talliques, ce qui la rend adapt\u00e9e \u00e0 un usage personnel et professionnel. La machine est certifi\u00e9e CE, garantissant sa conformit\u00e9 aux normes de s\u00e9curit\u00e9 europ\u00e9ennes, et est con\u00e7ue pour un reliage fiable des documents.","og_url":"https:\/\/aumarche.biz\/bf\/index.php\/produit\/bonding-machine-cw350-machine-de-liage\/","og_site_name":"AU MARCHE BURKINA","article_publisher":"https:\/\/www.facebook.com\/aumarchebf","og_image":[{"width":500,"height":500,"url":"https:\/\/aumarche.biz\/bf\/wp-content\/uploads\/2026\/02\/1_7e7aae8b-b4d9-4b32-a0e5-aace18e5e4a7_1024x.webp","type":"image\/webp"}],"twitter_card":"summary_large_image","schema":{"@context":"https:\/\/schema.org","@graph":[{"@type":"WebPage","@id":"https:\/\/aumarche.biz\/bf\/index.php\/produit\/bonding-machine-cw350-machine-de-liage\/","url":"https:\/\/aumarche.biz\/bf\/index.php\/produit\/bonding-machine-cw350-machine-de-liage\/","name":"BONDING MACHINE CW350 (MACHINE DE LIAGE) - AU MARCHE BURKINA","isPartOf":{"@id":"https:\/\/aumarche.biz\/bf\/#website"},"primaryImageOfPage":{"@id":"https:\/\/aumarche.biz\/bf\/index.php\/produit\/bonding-machine-cw350-machine-de-liage\/#primaryimage"},"image":{"@id":"https:\/\/aumarche.biz\/bf\/index.php\/produit\/bonding-machine-cw350-machine-de-liage\/#primaryimage"},"thumbnailUrl":"https:\/\/aumarche.biz\/bf\/wp-content\/uploads\/2026\/02\/1_7e7aae8b-b4d9-4b32-a0e5-aace18e5e4a7_1024x.webp","datePublished":"2026-02-12T16:48:15+00:00","breadcrumb":{"@id":"https:\/\/aumarche.biz\/bf\/index.php\/produit\/bonding-machine-cw350-machine-de-liage\/#breadcrumb"},"inLanguage":"fr-FR","potentialAction":[{"@type":"ReadAction","target":["https:\/\/aumarche.biz\/bf\/index.php\/produit\/bonding-machine-cw350-machine-de-liage\/"]}]},{"@type":"ImageObject","inLanguage":"fr-FR","@id":"https:\/\/aumarche.biz\/bf\/index.php\/produit\/bonding-machine-cw350-machine-de-liage\/#primaryimage","url":"https:\/\/aumarche.biz\/bf\/wp-content\/uploads\/2026\/02\/1_7e7aae8b-b4d9-4b32-a0e5-aace18e5e4a7_1024x.webp","contentUrl":"https:\/\/aumarche.biz\/bf\/wp-content\/uploads\/2026\/02\/1_7e7aae8b-b4d9-4b32-a0e5-aace18e5e4a7_1024x.webp","width":500,"height":500},{"@type":"BreadcrumbList","@id":"https:\/\/aumarche.biz\/bf\/index.php\/produit\/bonding-machine-cw350-machine-de-liage\/#breadcrumb","itemListElement":[{"@type":"ListItem","position":1,"name":"Accueil","item":"https:\/\/aumarche.biz\/bf\/"},{"@type":"ListItem","position":2,"name":"Boutique","item":"https:\/\/aumarche.biz\/bf\/index.php\/boutique\/"},{"@type":"ListItem","position":3,"name":"BONDING MACHINE CW350 (MACHINE DE LIAGE)"}]},{"@type":"WebSite","@id":"https:\/\/aumarche.biz\/bf\/#website","url":"https:\/\/aumarche.biz\/bf\/","name":"aumarche.biz","description":"Vendre et acheter autrement","publisher":{"@id":"https:\/\/aumarche.biz\/bf\/#organization"},"potentialAction":[{"@type":"SearchAction","target":{"@type":"EntryPoint","urlTemplate":"https:\/\/aumarche.biz\/bf\/?s={search_term_string}"},"query-input":{"@type":"PropertyValueSpecification","valueRequired":true,"valueName":"search_term_string"}}],"inLanguage":"fr-FR"},{"@type":"Organization","@id":"https:\/\/aumarche.biz\/bf\/#organization","name":"aumarche.biz","url":"https:\/\/aumarche.biz\/bf\/","logo":{"@type":"ImageObject","inLanguage":"fr-FR","@id":"https:\/\/aumarche.biz\/bf\/#\/schema\/logo\/image\/","url":"https:\/\/aumarche.biz\/bf\/wp-content\/uploads\/2023\/09\/favicone.png","contentUrl":"https:\/\/aumarche.biz\/bf\/wp-content\/uploads\/2023\/09\/favicone.png","width":64,"height":64,"caption":"aumarche.biz"},"image":{"@id":"https:\/\/aumarche.biz\/bf\/#\/schema\/logo\/image\/"},"sameAs":["https:\/\/www.facebook.com\/aumarchebf"]}]}},"_links":{"self":[{"href":"https:\/\/aumarche.biz\/bf\/index.php\/wp-json\/wp\/v2\/product\/5595","targetHints":{"allow":["GET"]}}],"collection":[{"href":"https:\/\/aumarche.biz\/bf\/index.php\/wp-json\/wp\/v2\/product"}],"about":[{"href":"https:\/\/aumarche.biz\/bf\/index.php\/wp-json\/wp\/v2\/types\/product"}],"wp:featuredmedia":[{"embeddable":true,"href":"https:\/\/aumarche.biz\/bf\/index.php\/wp-json\/wp\/v2\/media\/5594"}],"wp:attachment":[{"href":"https:\/\/aumarche.biz\/bf\/index.php\/wp-json\/wp\/v2\/media?parent=5595"}],"wp:term":[{"taxonomy":"product_cat","embeddable":true,"href":"https:\/\/aumarche.biz\/bf\/index.php\/wp-json\/wp\/v2\/product_cat?post=5595"},{"taxonomy":"product_tag","embeddable":true,"href":"https:\/\/aumarche.biz\/bf\/index.php\/wp-json\/wp\/v2\/product_tag?post=5595"}],"curies":[{"name":"wp","href":"https:\/\/api.w.org\/{rel}","templated":true}]}}