{"id":4519,"date":"2023-08-30T14:41:34","date_gmt":"2023-08-30T12:41:34","guid":{"rendered":"http:\/\/aumarche.biz\/bf\/?page_id=4519"},"modified":"2023-09-27T15:06:55","modified_gmt":"2023-09-27T15:06:55","slug":"mentions-legales","status":"publish","type":"page","link":"https:\/\/aumarche.biz\/ci\/index.php\/mentions-legales\/","title":{"rendered":"Mentions L\u00e9gales"},"content":{"rendered":"\t\t<div data-elementor-type=\"wp-page\" data-elementor-id=\"4519\" class=\"elementor elementor-4519\">\n\t\t\t\t<div class=\"elementor-element elementor-element-e98e790 e-flex e-con-boxed e-con e-parent\" data-id=\"e98e790\" data-element_type=\"container\" data-e-type=\"container\">\n\t\t\t\t\t<div class=\"e-con-inner\">\n\t\t\t\t<div class=\"elementor-element elementor-element-6f2df21 elementor-widget elementor-widget-text-editor\" data-id=\"6f2df21\" data-element_type=\"widget\" data-e-type=\"widget\" data-widget_type=\"text-editor.default\">\n\t\t\t\t<div class=\"elementor-widget-container\">\n\t\t\t\t\t\t\t\t\t<p><span style=\"font-family: Times New Roman, serif;\"><span style=\"font-size: medium;\"><b><span style=\"color: #666666;\"><span style=\"font-family: Arial, serif;\"><span style=\"font-size: small;\"><span lang=\"fr-FR\">AU MARCHE<\/span><\/span><\/span><\/span><\/b><span style=\"color: #666666;\"><span style=\"font-family: Arial, serif;\"><span style=\"font-size: small;\"><span lang=\"fr-FR\">\u00a0est une marque d\u00e9velopp\u00e9e par ESOFT COTE D\u2019IVOIRE SARL l\u00e9galement enregistr\u00e9e en C\u00f4te d\u2019Ivoire sous le registre de commerce <\/span><\/span><\/span><\/span><span style=\"color: #666666;\"><span style=\"font-family: Work Sans, serif;\"><span style=\"font-size: small;\"><span lang=\"fr-FR\">CI-ABJ-03-2023-B13-02083 et dont le si\u00e8ge social est situ\u00e9 \u00e0 Abidjan.<\/span><\/span><\/span><\/span><\/span><\/span><\/p><p><span style=\"font-family: Times New Roman, serif;\"><span style=\"font-size: medium;\"><span style=\"color: #666666;\"><span style=\"font-family: Arial, serif;\"><span style=\"font-size: small;\"><span lang=\"fr-FR\">Le site accessible par les url suivants : www. aumarche.biz est exploit\u00e9 dans le respect de la l\u00e9gislation burkinab\u00e8 l\u2019utilisation de ce site est r\u00e9gie par les pr\u00e9sentes conditions g\u00e9n\u00e9rales.<\/span><\/span><\/span><\/span><\/span><\/span><\/p><p><span style=\"font-family: Times New Roman, serif;\"><span style=\"font-size: medium;\"><span style=\"color: #666666;\"><span style=\"font-family: Arial, serif;\"><span style=\"font-size: small;\"><span lang=\"fr-FR\">En utilisant le site, vous reconnaissez avoir pris connaissance de ces conditions et les avoir accept\u00e9es. Celles-ci pourront \u00eatre modifi\u00e9es \u00e0 tout moment et sans pr\u00e9avis par AU MARCHE ne saurait \u00eatre tenu pour responsable en aucune mani\u00e8re d\u2019une mauvaise utilisation du service.<\/span><\/span><\/span><\/span><\/span><\/span><\/p><p><span style=\"font-family: Times New Roman, serif;\"><span style=\"font-size: medium;\"><b><span style=\"color: #666666;\"><span style=\"font-family: Arial, serif;\"><span style=\"font-size: small;\"><span lang=\"fr-FR\">Limitation de responsabilit\u00e9<\/span><\/span><\/span><\/span><\/b><\/span><\/span><\/p><p><span style=\"font-family: Times New Roman, serif;\"><span style=\"font-size: medium;\"><span style=\"color: #666666;\"><span style=\"font-family: Arial, serif;\"><span style=\"font-size: small;\"><span lang=\"fr-FR\">Les informations contenues sur ce site sont aussi pr\u00e9cises que possibles et le site est p\u00e9riodiquement remis \u00e0 jour, mais peut toutefois contenir des inexactitudes, des omissions ou des lacunes. Si vous constatez une lacune, erreur ou ce qui parait \u00eatre un dysfonctionnement, merci de bien vouloir le signaler par email en d\u00e9crivant le probl\u00e8me de la mani\u00e8re la plus pr\u00e9cise possible (page posant probl\u00e8me, action d\u00e9clenchante, type d\u2019ordinateur et de navigateur utilis\u00e9).<\/span><\/span><\/span><\/span><\/span><\/span><\/p><p><span style=\"font-family: Times New Roman, serif;\"><span style=\"font-size: medium;\"><span style=\"color: #666666;\"><span style=\"font-family: Arial, serif;\"><span style=\"font-size: small;\"><span lang=\"fr-FR\">Tout contenu t\u00e9l\u00e9charg\u00e9 se fait aux risques et p\u00e9rils de l\u2019utilisateur et sous sa seule responsabilit\u00e9. En cons\u00e9quence, AUMARCHE.BIZ ne saurait \u00eatre tenu responsable d\u2019un quelconque dommage subi par l\u2019ordinateur de l\u2019utilisateur ou d\u2019une quelconque perte de donn\u00e9es cons\u00e9cutives au t\u00e9l\u00e9chargement.<\/span><\/span><\/span><\/span><\/span><\/span><\/p><p><span style=\"font-family: Times New Roman, serif;\"><span style=\"font-size: medium;\"><span style=\"color: #666666;\"><span style=\"font-family: Arial, serif;\"><span style=\"font-size: small;\"><span lang=\"fr-FR\">Les photos sont non contractuelles.<\/span><\/span><\/span><\/span><\/span><\/span><\/p><p><span style=\"font-family: Times New Roman, serif;\"><span style=\"font-size: medium;\"><span style=\"color: #666666;\"><span style=\"font-family: Arial, serif;\"><span style=\"font-size: small;\"><span lang=\"fr-FR\">Les liens hypertextes mis en place dans le cadre du pr\u00e9sent site internet en direction d\u2019autres ressources pr\u00e9sentes sur le r\u00e9seau Internet ne sauraient engager la responsabilit\u00e9 de AUMARCHE.BIZ<\/span><\/span><\/span><\/span><\/span><\/span><\/p><p><span style=\"font-family: Times New Roman, serif;\"><span style=\"font-size: medium;\"><b><span style=\"color: #666666;\"><span style=\"font-family: Arial, serif;\"><span style=\"font-size: small;\"><span lang=\"fr-FR\">Litiges<\/span><\/span><\/span><\/span><\/b><\/span><\/span><\/p><p><span style=\"font-family: Times New Roman, serif;\"><span style=\"font-size: medium;\"><span style=\"color: #666666;\"><span style=\"font-family: Arial, serif;\"><span style=\"font-size: small;\"><span lang=\"fr-FR\">Les pr\u00e9sentes conditions sont r\u00e9gies par les lois burkinab\u00e8 et toute contestation ou litiges qui pourraient na\u00eetre de l\u2019interpr\u00e9tation ou de l\u2019ex\u00e9cution de celles-ci seront de la comp\u00e9tence exclusive des tribunaux dont d\u00e9pend le si\u00e8ge social de ESOFT BURKINA SARL. La langue de r\u00e9f\u00e9rence, pour le r\u00e8glement de contentieux \u00e9ventuels, est le fran\u00e7ais.<\/span><\/span><\/span><\/span><\/span><\/span><\/p>\t\t\t\t\t\t\t\t<\/div>\n\t\t\t\t<\/div>\n\t\t\t\t\t<\/div>\n\t\t\t\t<\/div>\n\t\t\t\t<\/div>\n\t\t","protected":false},"excerpt":{"rendered":"<p>AU MARCHE\u00a0est une marque d\u00e9velopp\u00e9e par ESOFT COTE D\u2019IVOIRE SARL l\u00e9galement enregistr\u00e9e en C\u00f4te d\u2019Ivoire sous le registre de commerce CI-ABJ-03-2023-B13-02083 et dont le si\u00e8ge social est situ\u00e9 \u00e0 Abidjan. Le site accessible par les url suivants : www. aumarche.biz est exploit\u00e9 dans le respect de la l\u00e9gislation burkinab\u00e8 l\u2019utilisation de ce site est r\u00e9gie&hellip;<\/p>\n","protected":false},"author":1,"featured_media":0,"parent":0,"menu_order":0,"comment_status":"closed","ping_status":"closed","template":"","meta":{"footnotes":""},"class_list":["post-4519","page","type-page","status-publish","hentry"],"_links":{"self":[{"href":"https:\/\/aumarche.biz\/ci\/index.php\/wp-json\/wp\/v2\/pages\/4519","targetHints":{"allow":["GET"]}}],"collection":[{"href":"https:\/\/aumarche.biz\/ci\/index.php\/wp-json\/wp\/v2\/pages"}],"about":[{"href":"https:\/\/aumarche.biz\/ci\/index.php\/wp-json\/wp\/v2\/types\/page"}],"author":[{"embeddable":true,"href":"https:\/\/aumarche.biz\/ci\/index.php\/wp-json\/wp\/v2\/users\/1"}],"replies":[{"embeddable":true,"href":"https:\/\/aumarche.biz\/ci\/index.php\/wp-json\/wp\/v2\/comments?post=4519"}],"version-history":[{"count":13,"href":"https:\/\/aumarche.biz\/ci\/index.php\/wp-json\/wp\/v2\/pages\/4519\/revisions"}],"predecessor-version":[{"id":4954,"href":"https:\/\/aumarche.biz\/ci\/index.php\/wp-json\/wp\/v2\/pages\/4519\/revisions\/4954"}],"wp:attachment":[{"href":"https:\/\/aumarche.biz\/ci\/index.php\/wp-json\/wp\/v2\/media?parent=4519"}],"curies":[{"name":"wp","href":"https:\/\/api.w.org\/{rel}","templated":true}]}}