{"id":4353,"date":"2023-08-29T01:30:44","date_gmt":"2023-08-28T23:30:44","guid":{"rendered":"http:\/\/aumarche.biz\/bf\/index.php\/produit\/produit-01\/"},"modified":"2023-09-09T01:11:39","modified_gmt":"2023-09-08T23:11:39","slug":"produit-01","status":"publish","type":"product","link":"https:\/\/aumarche.biz\/ci\/index.php\/produit\/produit-01\/","title":{"rendered":"Blender Bol En Verre 1.5L"},"content":{"rendered":"<p>KENZ  blender bol En verre 1.5L 2EN1<\/p>\n<p>Blender avec moulinet<br \/>\nBol en verre<br \/>\n600 W \/ 1,5L<br \/>\n5 Vitesses<br \/>\nLames en acier inoxydable Lames amovibles pour un nettoyage facile.<br \/>\nMoulin \u00e0 \u00e9pices ou caf\u00e9.<\/p>\n","protected":false},"excerpt":{"rendered":"<p>Blender Bol En Verre 1.5L<\/p>\n","protected":false},"featured_media":4757,"template":"","meta":[],"product_cat":[253],"product_tag":[],"class_list":{"0":"post-4353","1":"product","2":"type-product","3":"status-publish","4":"has-post-thumbnail","6":"product_cat-accessoires","8":"first","9":"instock","10":"shipping-taxable","11":"purchasable","12":"product-type-simple","13":"col-xs-6 col-sm-4","14":"col-md-3 col-lg-3","15":"un-4-cols"},"_links":{"self":[{"href":"https:\/\/aumarche.biz\/ci\/index.php\/wp-json\/wp\/v2\/product\/4353","targetHints":{"allow":["GET"]}}],"collection":[{"href":"https:\/\/aumarche.biz\/ci\/index.php\/wp-json\/wp\/v2\/product"}],"about":[{"href":"https:\/\/aumarche.biz\/ci\/index.php\/wp-json\/wp\/v2\/types\/product"}],"wp:featuredmedia":[{"embeddable":true,"href":"https:\/\/aumarche.biz\/ci\/index.php\/wp-json\/wp\/v2\/media\/4757"}],"wp:attachment":[{"href":"https:\/\/aumarche.biz\/ci\/index.php\/wp-json\/wp\/v2\/media?parent=4353"}],"wp:term":[{"taxonomy":"product_cat","embeddable":true,"href":"https:\/\/aumarche.biz\/ci\/index.php\/wp-json\/wp\/v2\/product_cat?post=4353"},{"taxonomy":"product_tag","embeddable":true,"href":"https:\/\/aumarche.biz\/ci\/index.php\/wp-json\/wp\/v2\/product_tag?post=4353"}],"curies":[{"name":"wp","href":"https:\/\/api.w.org\/{rel}","templated":true}]}}