{"id":4364,"date":"2023-08-29T01:30:45","date_gmt":"2023-08-28T23:30:45","guid":{"rendered":"http:\/\/aumarche.biz\/bf\/index.php\/produit\/produit-12\/"},"modified":"2023-09-08T23:53:54","modified_gmt":"2023-09-08T21:53:54","slug":"unite-centrale-hp-prodesk-600-g1","status":"publish","type":"product","link":"https:\/\/aumarche.biz\/ci\/index.php\/produit\/unite-centrale-hp-prodesk-600-g1\/","title":{"rendered":"Unit\u00e9 Centrale HP ProDesk 600 G1"},"content":{"rendered":"<p>Unit\u00e9 Centrale HP ProDesk 600 G1 &#8211; Remis a Neuf <\/p>\n<p>Le PC compact HP ProDesk 600 G1 est rapide et r\u00e9actif pour suivre le rythme de vos t\u00e2ches multiples. Ouvrez rapidement de nouveaux fichiers et changez d&rsquo;application avec moins de temps d&rsquo;attente.<\/p>\n","protected":false},"excerpt":{"rendered":"<p>Hp PC GAMER i5 4\u00e9me G\u00e9n &#8211; 16GB RAM &#8211; 500GB HDD &#8211; NVIDIA GT 710 2GB &#8211; Windows 10 &#8211; remis \u00e0 neuf<\/p>\n","protected":false},"featured_media":4741,"template":"","meta":[],"product_cat":[266],"product_tag":[],"class_list":{"0":"post-4364","1":"product","2":"type-product","3":"status-publish","4":"has-post-thumbnail","6":"product_brand-hp","7":"product_cat-ordinateurs-et-reseaux","9":"first","10":"instock","11":"shipping-taxable","12":"purchasable","13":"product-type-simple","14":"col-xs-6 col-sm-4","15":"col-md-3 col-lg-3","16":"un-4-cols"},"_links":{"self":[{"href":"https:\/\/aumarche.biz\/ci\/index.php\/wp-json\/wp\/v2\/product\/4364","targetHints":{"allow":["GET"]}}],"collection":[{"href":"https:\/\/aumarche.biz\/ci\/index.php\/wp-json\/wp\/v2\/product"}],"about":[{"href":"https:\/\/aumarche.biz\/ci\/index.php\/wp-json\/wp\/v2\/types\/product"}],"wp:featuredmedia":[{"embeddable":true,"href":"https:\/\/aumarche.biz\/ci\/index.php\/wp-json\/wp\/v2\/media\/4741"}],"wp:attachment":[{"href":"https:\/\/aumarche.biz\/ci\/index.php\/wp-json\/wp\/v2\/media?parent=4364"}],"wp:term":[{"taxonomy":"product_cat","embeddable":true,"href":"https:\/\/aumarche.biz\/ci\/index.php\/wp-json\/wp\/v2\/product_cat?post=4364"},{"taxonomy":"product_tag","embeddable":true,"href":"https:\/\/aumarche.biz\/ci\/index.php\/wp-json\/wp\/v2\/product_tag?post=4364"}],"curies":[{"name":"wp","href":"https:\/\/api.w.org\/{rel}","templated":true}]}}