{"id":4368,"date":"2023-08-29T01:30:45","date_gmt":"2023-08-28T23:30:45","guid":{"rendered":"http:\/\/aumarche.biz\/bf\/index.php\/produit\/produit-16\/"},"modified":"2023-09-09T00:55:18","modified_gmt":"2023-09-08T22:55:18","slug":"produit-16","status":"publish","type":"product","link":"https:\/\/aumarche.biz\/ci\/index.php\/produit\/produit-16\/","title":{"rendered":"Chaussures urbaine 100 % Cuir"},"content":{"rendered":"<p>Chaussure en Cuir V\u00e9ritable d&rsquo;un confort exceptionnel. Tr\u00e8s facile \u00e0 enfiler, la fermeture \u00e0 la\u00e7age permet de maintenir le pied sans contraintes. Ultra confortable d\u00e9s votre premier essai, vous allez sentir la diff\u00e9rence et vous n&rsquo;aurez plus peur de marcher et de rester debout pour de longues dur\u00e9es. <\/p>\n","protected":false},"excerpt":{"rendered":"<p>Chaussures D&rsquo;Urbano 100 % Cuir<\/p>\n","protected":false},"featured_media":4745,"template":"","meta":[],"product_cat":[271],"product_tag":[],"class_list":{"0":"post-4368","1":"product","2":"type-product","3":"status-publish","4":"has-post-thumbnail","6":"product_cat-chaussures-hommes","8":"first","9":"instock","10":"shipping-taxable","11":"purchasable","12":"product-type-simple","13":"col-xs-6 col-sm-4","14":"col-md-3 col-lg-3","15":"un-4-cols"},"_links":{"self":[{"href":"https:\/\/aumarche.biz\/ci\/index.php\/wp-json\/wp\/v2\/product\/4368","targetHints":{"allow":["GET"]}}],"collection":[{"href":"https:\/\/aumarche.biz\/ci\/index.php\/wp-json\/wp\/v2\/product"}],"about":[{"href":"https:\/\/aumarche.biz\/ci\/index.php\/wp-json\/wp\/v2\/types\/product"}],"wp:featuredmedia":[{"embeddable":true,"href":"https:\/\/aumarche.biz\/ci\/index.php\/wp-json\/wp\/v2\/media\/4745"}],"wp:attachment":[{"href":"https:\/\/aumarche.biz\/ci\/index.php\/wp-json\/wp\/v2\/media?parent=4368"}],"wp:term":[{"taxonomy":"product_cat","embeddable":true,"href":"https:\/\/aumarche.biz\/ci\/index.php\/wp-json\/wp\/v2\/product_cat?post=4368"},{"taxonomy":"product_tag","embeddable":true,"href":"https:\/\/aumarche.biz\/ci\/index.php\/wp-json\/wp\/v2\/product_tag?post=4368"}],"curies":[{"name":"wp","href":"https:\/\/api.w.org\/{rel}","templated":true}]}}