{"id":4369,"date":"2023-08-29T01:30:45","date_gmt":"2023-08-28T23:30:45","guid":{"rendered":"http:\/\/aumarche.biz\/bf\/index.php\/produit\/produit-17\/"},"modified":"2023-09-08T23:39:52","modified_gmt":"2023-09-08T21:39:52","slug":"produit-17","status":"publish","type":"product","link":"https:\/\/aumarche.biz\/ci\/index.php\/produit\/produit-17\/","title":{"rendered":"Pantalon casual homme Gris"},"content":{"rendered":"<p>Toute la sensibilit\u00e9 et la qualit\u00e9 de la mode Homme se retrouvent chez WEEKWIK alliant style et cr\u00e9ativit\u00e9 \u00e0 un savoir-faire reconnu.<\/p>\n<p>Nous vous proposons un choix tr\u00e8s vari\u00e9 de pantalons Chino chics dans diff\u00e9rentes tailles.<\/p>\n","protected":false},"excerpt":{"rendered":"<p>Super Pantalon ORI -gris<\/p>\n","protected":false},"featured_media":4730,"template":"","meta":[],"product_cat":[272],"product_tag":[],"class_list":{"0":"post-4369","1":"product","2":"type-product","3":"status-publish","4":"has-post-thumbnail","6":"product_brand-nike","7":"product_cat-vetements-hommes","9":"first","10":"instock","11":"shipping-taxable","12":"purchasable","13":"product-type-simple","14":"col-xs-6 col-sm-4","15":"col-md-3 col-lg-3","16":"un-4-cols"},"_links":{"self":[{"href":"https:\/\/aumarche.biz\/ci\/index.php\/wp-json\/wp\/v2\/product\/4369","targetHints":{"allow":["GET"]}}],"collection":[{"href":"https:\/\/aumarche.biz\/ci\/index.php\/wp-json\/wp\/v2\/product"}],"about":[{"href":"https:\/\/aumarche.biz\/ci\/index.php\/wp-json\/wp\/v2\/types\/product"}],"wp:featuredmedia":[{"embeddable":true,"href":"https:\/\/aumarche.biz\/ci\/index.php\/wp-json\/wp\/v2\/media\/4730"}],"wp:attachment":[{"href":"https:\/\/aumarche.biz\/ci\/index.php\/wp-json\/wp\/v2\/media?parent=4369"}],"wp:term":[{"taxonomy":"product_cat","embeddable":true,"href":"https:\/\/aumarche.biz\/ci\/index.php\/wp-json\/wp\/v2\/product_cat?post=4369"},{"taxonomy":"product_tag","embeddable":true,"href":"https:\/\/aumarche.biz\/ci\/index.php\/wp-json\/wp\/v2\/product_tag?post=4369"}],"curies":[{"name":"wp","href":"https:\/\/api.w.org\/{rel}","templated":true}]}}