{"id":4383,"date":"2023-08-29T01:30:48","date_gmt":"2023-08-28T23:30:48","guid":{"rendered":"http:\/\/aumarche.biz\/bf\/index.php\/produit\/produit-31\/"},"modified":"2023-09-08T23:04:26","modified_gmt":"2023-09-08T21:04:26","slug":"produit-31","status":"publish","type":"product","link":"https:\/\/aumarche.biz\/ci\/index.php\/produit\/produit-31\/","title":{"rendered":"Adidas Purebounce+ Running Shoes"},"content":{"rendered":"<p>adidas Purebounce+ Chaussures de courseChauss\u00e9e in\u00e9gale, feux rouges, promeneurs de chiens. La course urbaine est pleine d&#8217;emb\u00fbches. Con\u00e7ues pour les changements rapides de rythme et de direction requis par la course en ville, ces chaussures ont un avant-pied large pour un contact avec la surface et une stabilit\u00e9 accrus. La tige en mesh confortable et le col en forme de chaussette donnent aux chaussures une coupe ajust\u00e9e.<br \/>\nType de coureur :Chaussures neutres pour la course en ville<br \/>\nCoupe ajust\u00e9e : Tige en mesh Sockfit pour un ajustement parfait et un bon maintien<br \/>\nAmorti souple : L&rsquo;amorti Bounce+ offre un confort et une flexibilit\u00e9 am\u00e9lior\u00e9s<\/p>\n","protected":false},"excerpt":{"rendered":"<p>Chaussure de course sport Adidas <\/p>\n","protected":false},"featured_media":4704,"template":"","meta":[],"product_cat":[291],"product_tag":[],"class_list":{"0":"post-4383","1":"product","2":"type-product","3":"status-publish","4":"has-post-thumbnail","6":"product_brand-adidas","7":"product_cat-chaussures-de-sports","9":"first","10":"instock","11":"shipping-taxable","12":"purchasable","13":"product-type-simple","14":"col-xs-6 col-sm-4","15":"col-md-3 col-lg-3","16":"un-4-cols"},"_links":{"self":[{"href":"https:\/\/aumarche.biz\/ci\/index.php\/wp-json\/wp\/v2\/product\/4383","targetHints":{"allow":["GET"]}}],"collection":[{"href":"https:\/\/aumarche.biz\/ci\/index.php\/wp-json\/wp\/v2\/product"}],"about":[{"href":"https:\/\/aumarche.biz\/ci\/index.php\/wp-json\/wp\/v2\/types\/product"}],"wp:featuredmedia":[{"embeddable":true,"href":"https:\/\/aumarche.biz\/ci\/index.php\/wp-json\/wp\/v2\/media\/4704"}],"wp:attachment":[{"href":"https:\/\/aumarche.biz\/ci\/index.php\/wp-json\/wp\/v2\/media?parent=4383"}],"wp:term":[{"taxonomy":"product_cat","embeddable":true,"href":"https:\/\/aumarche.biz\/ci\/index.php\/wp-json\/wp\/v2\/product_cat?post=4383"},{"taxonomy":"product_tag","embeddable":true,"href":"https:\/\/aumarche.biz\/ci\/index.php\/wp-json\/wp\/v2\/product_tag?post=4383"}],"curies":[{"name":"wp","href":"https:\/\/api.w.org\/{rel}","templated":true}]}}