{"id":4384,"date":"2023-08-29T01:30:49","date_gmt":"2023-08-28T23:30:49","guid":{"rendered":"http:\/\/aumarche.biz\/bf\/index.php\/produit\/produit-32\/"},"modified":"2023-09-08T23:02:05","modified_gmt":"2023-09-08T21:02:05","slug":"kit-de-bandes-elastique-fitness","status":"publish","type":"product","link":"https:\/\/aumarche.biz\/ci\/index.php\/produit\/kit-de-bandes-elastique-fitness\/","title":{"rendered":"Kit de Bandes \u00c9lastique Fitness"},"content":{"rendered":"<p>Le set comprend 5 bandes \u00e9lastiques r\u00e9sistantes de couleur diff\u00e9rente, dont une jaune (10 lbs), une bleue (20 lbs), une verte (30 lbs), une noire (40 lbs) et une rouge (50 lbs); vous pouvez les utiliser seules ou les combiner \u00e0 votre guise pour augmenter la r\u00e9sistance; la r\u00e9sistance cumul\u00e9e maximale est de 150 lbs<\/p>\n","protected":false},"excerpt":{"rendered":"<p>R\u00e9sistance \u00e0 150 LBS &#8211; Kit de Bandes \u00c9lastique Fitness<\/p>\n","protected":false},"featured_media":4700,"template":"","meta":[],"product_cat":[292],"product_tag":[],"class_list":{"0":"post-4384","1":"product","2":"type-product","3":"status-publish","4":"has-post-thumbnail","6":"product_cat-equipements-de-sports","8":"first","9":"instock","10":"shipping-taxable","11":"purchasable","12":"product-type-simple","13":"col-xs-6 col-sm-4","14":"col-md-3 col-lg-3","15":"un-4-cols"},"_links":{"self":[{"href":"https:\/\/aumarche.biz\/ci\/index.php\/wp-json\/wp\/v2\/product\/4384","targetHints":{"allow":["GET"]}}],"collection":[{"href":"https:\/\/aumarche.biz\/ci\/index.php\/wp-json\/wp\/v2\/product"}],"about":[{"href":"https:\/\/aumarche.biz\/ci\/index.php\/wp-json\/wp\/v2\/types\/product"}],"wp:featuredmedia":[{"embeddable":true,"href":"https:\/\/aumarche.biz\/ci\/index.php\/wp-json\/wp\/v2\/media\/4700"}],"wp:attachment":[{"href":"https:\/\/aumarche.biz\/ci\/index.php\/wp-json\/wp\/v2\/media?parent=4384"}],"wp:term":[{"taxonomy":"product_cat","embeddable":true,"href":"https:\/\/aumarche.biz\/ci\/index.php\/wp-json\/wp\/v2\/product_cat?post=4384"},{"taxonomy":"product_tag","embeddable":true,"href":"https:\/\/aumarche.biz\/ci\/index.php\/wp-json\/wp\/v2\/product_tag?post=4384"}],"curies":[{"name":"wp","href":"https:\/\/api.w.org\/{rel}","templated":true}]}}