{"id":4386,"date":"2023-08-29T01:30:49","date_gmt":"2023-08-28T23:30:49","guid":{"rendered":"http:\/\/aumarche.biz\/bf\/index.php\/produit\/produit-34\/"},"modified":"2023-09-08T23:08:50","modified_gmt":"2023-09-08T21:08:50","slug":"produit-34","status":"publish","type":"product","link":"https:\/\/aumarche.biz\/ci\/index.php\/produit\/produit-34\/","title":{"rendered":"Lavazza Grain Gusto Forte (1 kg)"},"content":{"rendered":"<p>Un m\u00e9lange avec une cr\u00e8me consistante et une saveur forte et d\u00e9cisive qui laisse un agr\u00e9able arri\u00e8re-go\u00fbt de cacao.<br \/>\nOrigine : Afrique centrale et Asie du Sud-Est<br \/>\nProfil aromatique : Cacao et \u00e9pices<br \/>\nIntensit\u00e9 : 10<br \/>\nTorr\u00e9faction : fonc\u00e9e<\/p>\n","protected":false},"excerpt":{"rendered":"<p>Lavazza Grain Gusto Forte (1 kg)<\/p>\n","protected":false},"featured_media":4708,"template":"","meta":[],"product_cat":[295],"product_tag":[],"class_list":{"0":"post-4386","1":"product","2":"type-product","3":"status-publish","4":"has-post-thumbnail","6":"product_cat-boissons","8":"first","9":"instock","10":"shipping-taxable","11":"purchasable","12":"product-type-simple","13":"col-xs-6 col-sm-4","14":"col-md-3 col-lg-3","15":"un-4-cols"},"_links":{"self":[{"href":"https:\/\/aumarche.biz\/ci\/index.php\/wp-json\/wp\/v2\/product\/4386","targetHints":{"allow":["GET"]}}],"collection":[{"href":"https:\/\/aumarche.biz\/ci\/index.php\/wp-json\/wp\/v2\/product"}],"about":[{"href":"https:\/\/aumarche.biz\/ci\/index.php\/wp-json\/wp\/v2\/types\/product"}],"wp:featuredmedia":[{"embeddable":true,"href":"https:\/\/aumarche.biz\/ci\/index.php\/wp-json\/wp\/v2\/media\/4708"}],"wp:attachment":[{"href":"https:\/\/aumarche.biz\/ci\/index.php\/wp-json\/wp\/v2\/media?parent=4386"}],"wp:term":[{"taxonomy":"product_cat","embeddable":true,"href":"https:\/\/aumarche.biz\/ci\/index.php\/wp-json\/wp\/v2\/product_cat?post=4386"},{"taxonomy":"product_tag","embeddable":true,"href":"https:\/\/aumarche.biz\/ci\/index.php\/wp-json\/wp\/v2\/product_tag?post=4386"}],"curies":[{"name":"wp","href":"https:\/\/api.w.org\/{rel}","templated":true}]}}