{"id":4474,"date":"2023-08-29T18:18:22","date_gmt":"2023-08-29T16:18:22","guid":{"rendered":"http:\/\/aumarche.biz\/bf\/?post_type=product&#038;p=4474"},"modified":"2023-08-29T18:18:22","modified_gmt":"2023-08-29T16:18:22","slug":"croix-dagadez-touareg-ou-croix-du-sud","status":"publish","type":"product","link":"https:\/\/aumarche.biz\/ci\/index.php\/produit\/croix-dagadez-touareg-ou-croix-du-sud\/","title":{"rendered":"Croix d\u2019Agadez Touareg ou Croix du Sud"},"content":{"rendered":"<p>Les Croix d\u2019Agadez, aussi appel\u00e9e Croix du Sud, sont les bijoux les plus embl\u00e9matiques cr\u00e9\u00e9s traditionnellement par les bijoutiers du Niger et plus g\u00e9n\u00e9ralement de tout le Sahara.<\/p>\n<p>Environ 22 Croix d\u2019Agadez existent, qui symbolisent chacune une des villes touareg, dont la plus c\u00e9l\u00e8bre est celle de la ville d\u2019Agadez au Niger.<\/p>\n<p>A l\u2019origine de ces croix du Sud est peut-\u00eatre la croix de vie, l\u2019Ankh \u00e9gyptien, ou plus r\u00e9cente, la Croix chr\u00e9tienne. Mais la signification des croix d\u2019Agadez \u00e0 quatre branches pourraient \u00eatre de symboliser les quatre points cardinaux pour un peuple de nomades voyageurs.<\/p>\n","protected":false},"excerpt":{"rendered":"<p>Les Croix d\u2019Agadez Touareg du Niger, ou Croix du Sud<\/p>\n","protected":false},"featured_media":4475,"template":"","meta":[],"product_cat":[279],"product_tag":[299],"class_list":{"0":"post-4474","1":"product","2":"type-product","3":"status-publish","4":"has-post-thumbnail","6":"product_cat-artisanat","7":"product_tag-artisanat","9":"first","10":"instock","11":"shipping-taxable","12":"purchasable","13":"product-type-simple","14":"col-xs-6 col-sm-4","15":"col-md-3 col-lg-3","16":"un-4-cols"},"_links":{"self":[{"href":"https:\/\/aumarche.biz\/ci\/index.php\/wp-json\/wp\/v2\/product\/4474","targetHints":{"allow":["GET"]}}],"collection":[{"href":"https:\/\/aumarche.biz\/ci\/index.php\/wp-json\/wp\/v2\/product"}],"about":[{"href":"https:\/\/aumarche.biz\/ci\/index.php\/wp-json\/wp\/v2\/types\/product"}],"wp:featuredmedia":[{"embeddable":true,"href":"https:\/\/aumarche.biz\/ci\/index.php\/wp-json\/wp\/v2\/media\/4475"}],"wp:attachment":[{"href":"https:\/\/aumarche.biz\/ci\/index.php\/wp-json\/wp\/v2\/media?parent=4474"}],"wp:term":[{"taxonomy":"product_cat","embeddable":true,"href":"https:\/\/aumarche.biz\/ci\/index.php\/wp-json\/wp\/v2\/product_cat?post=4474"},{"taxonomy":"product_tag","embeddable":true,"href":"https:\/\/aumarche.biz\/ci\/index.php\/wp-json\/wp\/v2\/product_tag?post=4474"}],"curies":[{"name":"wp","href":"https:\/\/api.w.org\/{rel}","templated":true}]}}