{"id":5020,"date":"2024-01-08T16:42:51","date_gmt":"2024-01-08T16:42:51","guid":{"rendered":"https:\/\/aumarche.biz\/ci\/index.php\/produit\/apple-15-pro-256gb-2-sim\/"},"modified":"2024-01-08T16:43:37","modified_gmt":"2024-01-08T16:43:37","slug":"apple-15-pro-256gb-2-sim","status":"publish","type":"product","link":"https:\/\/aumarche.biz\/ci\/index.php\/produit\/apple-15-pro-256gb-2-sim\/","title":{"rendered":"APPLE 15 PRO 256GB 2 SIM"},"content":{"rendered":"<div data-mce-style=\"margin: 0px 15px 40px; padding: 0px; border: 0px; box-shadow: none; list-style-type: none; width: 303px; font-family: Montserrat-Regular;\" style=\"font-size: 14px;margin: 0px 15px 40px;padding: 0px;border: 0px;box-shadow: none;list-style-type: none;width: 303px;font-family: Montserrat-Regular\">\n<h3 class=\"mb15\" data-mce-style=\"margin: 0px 0px 15px; padding: 0px; border: 0px; box-shadow: none; list-style-type: none; font-weight: normal; font-size: 16px; line-height: 24px; font-family: Montserrat-Bold; align-items: center;\" style=\"font-weight: normal;font-family: Montserrat-Bold;line-height: 24px;color: var(--mf-dark-color);font-size: 16px;margin: 0px 0px 15px;padding: 0px;border: 0px;box-shadow: none;list-style-type: none;align-items: center\">PRODUIT<\/h3>\n<table class=\"w100 mce-item-table\" data-mce-style=\"width: 303px; border-collapse: collapse;\" style=\"border-collapse: collapse;border-spacing: 0px;border-width: initial;border-style: none;border-color: initial;margin: 0px 0px 1.5em;width: 303px\">\n<tbody>\n<tr>\n<th data-mce-style=\"font-size: 14px; padding-bottom: 10px; vertical-align: top; text-align: left; font-weight: normal;\" style=\"padding: 5px 20px 10px;font-weight: normal;text-align: left;border-width: initial;border-style: none;border-color: initial;text-transform: uppercase;font-size: 14px;vertical-align: top\">DIMENSIONS (LXIXH)<\/th>\n<td data-mce-style=\"font-size: 14px; padding-bottom: 10px; vertical-align: top; text-align: right; font-weight: bold; padding-left: 5px;\" style=\"padding: 5px 20px 10px 5px;font-weight: bold;text-align: right;border-width: initial;border-style: none;border-color: initial;font-size: 14px;vertical-align: top\">147,6\u00d771,6\u00d77,8 mm<\/td>\n<\/tr>\n<tr>\n<th data-mce-style=\"font-size: 14px; padding-bottom: 10px; vertical-align: top; text-align: left; font-weight: normal;\" style=\"padding: 5px 20px 10px;font-weight: normal;text-align: left;border-width: initial;border-style: none;border-color: initial;text-transform: uppercase;font-size: 14px;vertical-align: top\">POIDS<\/th>\n<td data-mce-style=\"font-size: 14px; padding-bottom: 10px; vertical-align: top; text-align: right; font-weight: bold; padding-left: 5px;\" style=\"padding: 5px 20px 10px 5px;font-weight: bold;text-align: right;border-width: initial;border-style: none;border-color: initial;font-size: 14px;vertical-align: top\">171 g<\/td>\n<\/tr>\n<\/tbody>\n<\/table>\n<\/div>\n<div data-mce-style=\"margin: 0px 15px 40px; padding: 0px; border: 0px; box-shadow: none; list-style-type: none; width: 303px; font-family: Montserrat-Regular;\" style=\"font-size: 14px;margin: 0px 15px 40px;padding: 0px;border: 0px;box-shadow: none;list-style-type: none;width: 303px;font-family: Montserrat-Regular\">\n<h3 class=\"mb15\" data-mce-style=\"margin: 0px 0px 15px; padding: 0px; border: 0px; box-shadow: none; list-style-type: none; font-weight: normal; font-size: 16px; line-height: 24px; font-family: Montserrat-Bold; align-items: center;\" style=\"font-weight: normal;font-family: Montserrat-Bold;line-height: 24px;color: var(--mf-dark-color);font-size: 16px;margin: 0px 0px 15px;padding: 0px;border: 0px;box-shadow: none;list-style-type: none;align-items: center\">\u00c9CRAN<\/h3>\n<table class=\"w100 mce-item-table\" data-mce-style=\"width: 303px; border-collapse: collapse;\" style=\"border-collapse: collapse;border-spacing: 0px;border-width: initial;border-style: none;border-color: initial;margin: 0px 0px 1.5em;width: 303px\">\n<tbody>\n<tr>\n<th data-mce-style=\"font-size: 14px; padding-bottom: 10px; vertical-align: top; text-align: left; font-weight: normal;\" style=\"padding: 5px 20px 10px;font-weight: normal;text-align: left;border-width: initial;border-style: none;border-color: initial;text-transform: uppercase;font-size: 14px;vertical-align: top\">R\u00c9SOLUTION<\/th>\n<td data-mce-style=\"font-size: 14px; padding-bottom: 10px; vertical-align: top; text-align: right; font-weight: bold; padding-left: 5px;\" style=\"padding: 5px 20px 10px 5px;font-weight: bold;text-align: right;border-width: initial;border-style: none;border-color: initial;font-size: 14px;vertical-align: top\">2556 x 1179 px<\/td>\n<\/tr>\n<tr>\n<th data-mce-style=\"font-size: 14px; padding-bottom: 10px; vertical-align: top; text-align: left; font-weight: normal;\" style=\"padding: 5px 20px 10px;font-weight: normal;text-align: left;border-width: initial;border-style: none;border-color: initial;text-transform: uppercase;font-size: 14px;vertical-align: top\">TAILLE DIAGONALE<\/th>\n<td data-mce-style=\"font-size: 14px; padding-bottom: 10px; vertical-align: top; text-align: right; font-weight: bold; padding-left: 5px;\" style=\"padding: 5px 20px 10px 5px;font-weight: bold;text-align: right;border-width: initial;border-style: none;border-color: initial;font-size: 14px;vertical-align: top\">6.1\u2033<\/td>\n<\/tr>\n<\/tbody>\n<\/table>\n<\/div>\n<div data-mce-style=\"margin: 0px 15px 40px; padding: 0px; border: 0px; box-shadow: none; list-style-type: none; width: 303px; font-family: Montserrat-Regular;\" style=\"font-size: 14px;margin: 0px 15px 40px;padding: 0px;border: 0px;box-shadow: none;list-style-type: none;width: 303px;font-family: Montserrat-Regular\">\n<h3 class=\"mb15\" data-mce-style=\"margin: 0px 0px 15px; padding: 0px; border: 0px; box-shadow: none; list-style-type: none; font-weight: normal; font-size: 16px; line-height: 24px; font-family: Montserrat-Bold; align-items: center;\" style=\"font-weight: normal;font-family: Montserrat-Bold;line-height: 24px;color: var(--mf-dark-color);font-size: 16px;margin: 0px 0px 15px;padding: 0px;border: 0px;box-shadow: none;list-style-type: none;align-items: center\">CONNECTIVIT\u00c9<\/h3>\n<table class=\"w100 mce-item-table\" data-mce-style=\"width: 303px; border-collapse: collapse;\" style=\"border-collapse: collapse;border-spacing: 0px;border-width: initial;border-style: none;border-color: initial;margin: 0px 0px 1.5em;width: 303px\">\n<tbody>\n<tr>\n<th data-mce-style=\"font-size: 14px; padding-bottom: 10px; vertical-align: top; text-align: left; font-weight: normal;\" style=\"padding: 5px 20px 10px;font-weight: normal;text-align: left;border-width: initial;border-style: none;border-color: initial;text-transform: uppercase;font-size: 14px;vertical-align: top\">FORMAT CARTE SIM<\/th>\n<td data-mce-style=\"font-size: 14px; padding-bottom: 10px; vertical-align: top; text-align: right; font-weight: bold; padding-left: 5px;\" style=\"padding: 5px 20px 10px 5px;font-weight: bold;text-align: right;border-width: initial;border-style: none;border-color: initial;font-size: 14px;vertical-align: top\"><span class=\"capitalize\" data-mce-style=\"text-transform: lowercase;\" style=\"text-transform: lowercase\">double<\/span><\/td>\n<\/tr>\n<tr>\n<th data-mce-style=\"font-size: 14px; padding-bottom: 10px; vertical-align: top; text-align: left; font-weight: normal;\" style=\"padding: 5px 20px 10px;font-weight: normal;text-align: left;border-width: initial;border-style: none;border-color: initial;text-transform: uppercase;font-size: 14px;vertical-align: top\">ESIM<\/th>\n<td data-mce-style=\"font-size: 14px; padding-bottom: 10px; vertical-align: top; text-align: right; font-weight: bold; padding-left: 5px;\" style=\"padding: 5px 20px 10px 5px;font-weight: bold;text-align: right;border-width: initial;border-style: none;border-color: initial;font-size: 14px;vertical-align: top\"><\/td>\n<\/tr>\n<tr>\n<th data-mce-style=\"font-size: 14px; padding-bottom: 10px; vertical-align: top; text-align: left; font-weight: normal;\" style=\"padding: 5px 20px 10px;font-weight: normal;text-align: left;border-width: initial;border-style: none;border-color: initial;text-transform: uppercase;font-size: 14px;vertical-align: top\">GPS<\/th>\n<td data-mce-style=\"font-size: 14px; padding-bottom: 10px; vertical-align: top; text-align: right; font-weight: bold; padding-left: 5px;\" style=\"padding: 5px 20px 10px 5px;font-weight: bold;text-align: right;border-width: initial;border-style: none;border-color: initial;font-size: 14px;vertical-align: top\"><\/td>\n<\/tr>\n<tr>\n<th data-mce-style=\"font-size: 14px; padding-bottom: 10px; vertical-align: top; text-align: left; font-weight: normal;\" style=\"padding: 5px 20px 10px;font-weight: normal;text-align: left;border-width: initial;border-style: none;border-color: initial;text-transform: uppercase;font-size: 14px;vertical-align: top\">CONNECTIVIT\u00c9 JACK<\/th>\n<td data-mce-style=\"font-size: 14px; padding-bottom: 10px; vertical-align: top; text-align: right; font-weight: bold; padding-left: 5px;\" style=\"padding: 5px 20px 10px 5px;font-weight: bold;text-align: right;border-width: initial;border-style: none;border-color: initial;font-size: 14px;vertical-align: top\">Non<\/td>\n<\/tr>\n<\/tbody>\n<\/table>\n<\/div>\n<div data-mce-style=\"margin: 0px 15px 40px; padding: 0px; border: 0px; box-shadow: none; list-style-type: none; width: 303px; font-family: Montserrat-Regular;\" style=\"font-size: 14px;margin: 0px 15px 40px;padding: 0px;border: 0px;box-shadow: none;list-style-type: none;width: 303px;font-family: Montserrat-Regular\">\n<h3 class=\"mb15\" data-mce-style=\"margin: 0px 0px 15px; padding: 0px; border: 0px; box-shadow: none; list-style-type: none; font-weight: normal; font-size: 16px; line-height: 24px; font-family: Montserrat-Bold; align-items: center;\" style=\"font-weight: normal;font-family: Montserrat-Bold;line-height: 24px;color: var(--mf-dark-color);font-size: 16px;margin: 0px 0px 15px;padding: 0px;border: 0px;box-shadow: none;list-style-type: none;align-items: center\">M\u00c9MOIRE<\/h3>\n<table class=\"w100 mce-item-table\" data-mce-style=\"width: 303px; border-collapse: collapse;\" style=\"border-collapse: collapse;border-spacing: 0px;border-width: initial;border-style: none;border-color: initial;margin: 0px 0px 1.5em;width: 303px\">\n<tbody>\n<tr>\n<th data-mce-style=\"font-size: 14px; padding-bottom: 10px; vertical-align: top; text-align: left; font-weight: normal;\" style=\"padding: 5px 20px 10px;font-weight: normal;text-align: left;border-width: initial;border-style: none;border-color: initial;text-transform: uppercase;font-size: 14px;vertical-align: top\">M\u00c9MOIRE UTILISATEUR<\/th>\n<td data-mce-style=\"font-size: 14px; padding-bottom: 10px; vertical-align: top; text-align: right; font-weight: bold; padding-left: 5px;\" style=\"padding: 5px 20px 10px 5px;font-weight: bold;text-align: right;border-width: initial;border-style: none;border-color: initial;font-size: 14px;vertical-align: top\">256Go<\/td>\n<\/tr>\n<tr>\n<th data-mce-style=\"font-size: 14px; padding-bottom: 10px; vertical-align: top; text-align: left; font-weight: normal;\" style=\"padding: 5px 20px 10px;font-weight: normal;text-align: left;border-width: initial;border-style: none;border-color: initial;text-transform: uppercase;font-size: 14px;vertical-align: top\">PORT CARTE M\u00c9MOIRE<\/th>\n<td data-mce-style=\"font-size: 14px; padding-bottom: 10px; vertical-align: top; text-align: right; font-weight: bold; padding-left: 5px;\" style=\"padding: 5px 20px 10px 5px;font-weight: bold;text-align: right;border-width: initial;border-style: none;border-color: initial;font-size: 14px;vertical-align: top\">Non<\/td>\n<\/tr>\n<\/tbody>\n<\/table>\n<\/div>\n<div data-mce-style=\"margin: 0px 15px 40px; padding: 0px; border: 0px; box-shadow: none; list-style-type: none; width: 303px; font-family: Montserrat-Regular;\" style=\"font-size: 14px;margin: 0px 15px 40px;padding: 0px;border: 0px;box-shadow: none;list-style-type: none;width: 303px;font-family: Montserrat-Regular\">\n<h3 class=\"mb15\" data-mce-style=\"margin: 0px 0px 15px; padding: 0px; border: 0px; box-shadow: none; list-style-type: none; font-weight: normal; font-size: 16px; line-height: 24px; font-family: Montserrat-Bold; align-items: center;\" style=\"font-weight: normal;font-family: Montserrat-Bold;line-height: 24px;color: var(--mf-dark-color);font-size: 16px;margin: 0px 0px 15px;padding: 0px;border: 0px;box-shadow: none;list-style-type: none;align-items: center\">PHOTO ET VID\u00c9O<\/h3>\n<table class=\"w100 mce-item-table\" data-mce-style=\"width: 303px; border-collapse: collapse;\" style=\"border-collapse: collapse;border-spacing: 0px;border-width: initial;border-style: none;border-color: initial;margin: 0px 0px 1.5em;width: 303px\">\n<tbody>\n<tr>\n<th data-mce-style=\"font-size: 14px; padding-bottom: 10px; vertical-align: top; text-align: left; font-weight: normal;\" style=\"padding: 5px 20px 10px;font-weight: normal;text-align: left;border-width: initial;border-style: none;border-color: initial;text-transform: uppercase;font-size: 14px;vertical-align: top\">APPAREIL PHOTO ARRI\u00c8RE<\/th>\n<td data-mce-style=\"font-size: 14px; padding-bottom: 10px; vertical-align: top; text-align: right; font-weight: bold; padding-left: 5px;\" style=\"padding: 5px 20px 10px 5px;font-weight: bold;text-align: right;border-width: initial;border-style: none;border-color: initial;font-size: 14px;vertical-align: top\"><\/td>\n<\/tr>\n<tr>\n<th data-mce-style=\"font-size: 14px; padding-bottom: 10px; vertical-align: top; text-align: left; font-weight: normal;\" style=\"padding: 5px 20px 10px;font-weight: normal;text-align: left;border-width: initial;border-style: none;border-color: initial;text-transform: uppercase;font-size: 14px;vertical-align: top\">ZOOM<\/th>\n<td data-mce-style=\"font-size: 14px; padding-bottom: 10px; vertical-align: top; text-align: right; font-weight: bold; padding-left: 5px;\" style=\"padding: 5px 20px 10px 5px;font-weight: bold;text-align: right;border-width: initial;border-style: none;border-color: initial;font-size: 14px;vertical-align: top\">5<\/td>\n<\/tr>\n<tr>\n<th data-mce-style=\"font-size: 14px; padding-bottom: 10px; vertical-align: top; text-align: left; font-weight: normal;\" style=\"padding: 5px 20px 10px;font-weight: normal;text-align: left;border-width: initial;border-style: none;border-color: initial;text-transform: uppercase;font-size: 14px;vertical-align: top\">R\u00c9SOLUTION VID\u00c9O<\/th>\n<td data-mce-style=\"font-size: 14px; padding-bottom: 10px; vertical-align: top; text-align: right; font-weight: bold; padding-left: 5px;\" style=\"padding: 5px 20px 10px 5px;font-weight: bold;text-align: right;border-width: initial;border-style: none;border-color: initial;font-size: 14px;vertical-align: top\">4K at 24fps,30fps,or 60fps<\/td>\n<\/tr>\n<tr>\n<th data-mce-style=\"font-size: 14px; padding-bottom: 10px; vertical-align: top; text-align: left; font-weight: normal;\" style=\"padding: 5px 20px 10px;font-weight: normal;text-align: left;border-width: initial;border-style: none;border-color: initial;text-transform: uppercase;font-size: 14px;vertical-align: top\">AUTOFOCUS<\/th>\n<td data-mce-style=\"font-size: 14px; padding-bottom: 10px; vertical-align: top; text-align: right; font-weight: bold; padding-left: 5px;\" style=\"padding: 5px 20px 10px 5px;font-weight: bold;text-align: right;border-width: initial;border-style: none;border-color: initial;font-size: 14px;vertical-align: top\"><\/td>\n<\/tr>\n<\/tbody>\n<\/table>\n<\/div>\n<div data-mce-style=\"margin: 0px 15px 40px; padding: 0px; border: 0px; box-shadow: none; list-style-type: none; width: 303px; font-family: Montserrat-Regular;\" style=\"font-size: 14px;margin: 0px 15px 40px;padding: 0px;border: 0px;box-shadow: none;list-style-type: none;width: 303px;font-family: Montserrat-Regular\">\n<h3 class=\"mb15\" data-mce-style=\"margin: 0px 0px 15px; padding: 0px; border: 0px; box-shadow: none; list-style-type: none; font-weight: normal; font-size: 16px; line-height: 24px; font-family: Montserrat-Bold; align-items: center;\" style=\"font-weight: normal;font-family: Montserrat-Bold;line-height: 24px;color: var(--mf-dark-color);font-size: 16px;margin: 0px 0px 15px;padding: 0px;border: 0px;box-shadow: none;list-style-type: none;align-items: center\">R\u00c9SEAU<\/h3>\n<table class=\"w100 mce-item-table\" data-mce-style=\"width: 303px; border-collapse: collapse;\" style=\"border-collapse: collapse;border-spacing: 0px;border-width: initial;border-style: none;border-color: initial;margin: 0px 0px 1.5em;width: 303px\">\n<tbody>\n<tr>\n<th data-mce-style=\"font-size: 14px; padding-bottom: 10px; vertical-align: top; text-align: left; font-weight: normal;\" style=\"padding: 5px 20px 10px;font-weight: normal;text-align: left;border-width: initial;border-style: none;border-color: initial;text-transform: uppercase;font-size: 14px;vertical-align: top\">R\u00c9SEAUX<\/th>\n<td data-mce-style=\"font-size: 14px; padding-bottom: 10px; vertical-align: top; text-align: right; font-weight: bold; padding-left: 5px;\" style=\"padding: 5px 20px 10px 5px;font-weight: bold;text-align: right;border-width: initial;border-style: none;border-color: initial;font-size: 14px;vertical-align: top\">5G<\/td>\n<\/tr>\n<tr>\n<th data-mce-style=\"font-size: 14px; padding-bottom: 10px; vertical-align: top; text-align: left; font-weight: normal;\" style=\"padding: 5px 20px 10px;font-weight: normal;text-align: left;border-width: initial;border-style: none;border-color: initial;text-transform: uppercase;font-size: 14px;vertical-align: top\">APPELS 4G<\/th>\n<td data-mce-style=\"font-size: 14px; padding-bottom: 10px; vertical-align: top; text-align: right; font-weight: bold; padding-left: 5px;\" style=\"padding: 5px 20px 10px 5px;font-weight: bold;text-align: right;border-width: initial;border-style: none;border-color: initial;font-size: 14px;vertical-align: top\"><\/td>\n<\/tr>\n<tr>\n<th data-mce-style=\"font-size: 14px; padding-bottom: 10px; vertical-align: top; text-align: left; font-weight: normal;\" style=\"padding: 5px 20px 10px;font-weight: normal;text-align: left;border-width: initial;border-style: none;border-color: initial;text-transform: uppercase;font-size: 14px;vertical-align: top\">APPELS WIFI<\/th>\n<td data-mce-style=\"font-size: 14px; padding-bottom: 10px; vertical-align: top; text-align: right; font-weight: bold; padding-left: 5px;\" style=\"padding: 5px 20px 10px 5px;font-weight: bold;text-align: right;border-width: initial;border-style: none;border-color: initial;font-size: 14px;vertical-align: top\"><\/td>\n<\/tr>\n<\/tbody>\n<\/table>\n<\/div>\n<div data-mce-style=\"margin: 0px 15px 40px; padding: 0px; border: 0px; box-shadow: none; list-style-type: none; width: 303px; font-family: Montserrat-Regular;\" style=\"font-size: 14px;margin: 0px 15px 40px;padding: 0px;border: 0px;box-shadow: none;list-style-type: none;width: 303px;font-family: Montserrat-Regular\">\n<h3 class=\"mb15\" data-mce-style=\"margin: 0px 0px 15px; padding: 0px; border: 0px; box-shadow: none; list-style-type: none; font-weight: normal; font-size: 16px; line-height: 24px; font-family: Montserrat-Bold; align-items: center;\" style=\"font-weight: normal;font-family: Montserrat-Bold;line-height: 24px;color: var(--mf-dark-color);font-size: 16px;margin: 0px 0px 15px;padding: 0px;border: 0px;box-shadow: none;list-style-type: none;align-items: center\">SYST\u00c8ME D\u2019EXPLOITATION<\/h3>\n<table class=\"w100 mce-item-table\" data-mce-style=\"width: 303px; border-collapse: collapse;\" style=\"border-collapse: collapse;border-spacing: 0px;border-width: initial;border-style: none;border-color: initial;margin: 0px 0px 1.5em;width: 303px\">\n<tbody>\n<tr>\n<th data-mce-style=\"font-size: 14px; padding-bottom: 10px; vertical-align: top; text-align: left; font-weight: normal;\" style=\"padding: 5px 20px 10px;font-weight: normal;text-align: left;border-width: initial;border-style: none;border-color: initial;text-transform: uppercase;font-size: 14px;vertical-align: top\">SYST\u00c8ME D\u2019EXPLOITATION<\/th>\n<td data-mce-style=\"font-size: 14px; padding-bottom: 10px; vertical-align: top; text-align: right; font-weight: bold; padding-left: 5px;\" style=\"padding: 5px 20px 10px 5px;font-weight: bold;text-align: right;border-width: initial;border-style: none;border-color: initial;font-size: 14px;vertical-align: top\">iOS<\/td>\n<\/tr>\n<tr>\n<th data-mce-style=\"font-size: 14px; padding-bottom: 10px; vertical-align: top; text-align: left; font-weight: normal;\" style=\"padding: 5px 20px 10px;font-weight: normal;text-align: left;border-width: initial;border-style: none;border-color: initial;text-transform: uppercase;font-size: 14px;vertical-align: top\">\n<p style=\"margin-bottom: 1.7em;margin-top: 0px\" data-mce-style=\"margin-bottom: 1.7em; margin-top: 0px;\">VERSION<\/p>\n<\/th>\n<td data-mce-style=\"font-size: 14px; padding-bottom: 10px; vertical-align: top; text-align: right; font-weight: bold; padding-left: 5px;\" style=\"padding: 5px 20px 10px 5px;font-weight: bold;text-align: right;border-width: initial;border-style: none;border-color: initial;font-size: 14px;vertical-align: top\">17<\/td>\n<\/tr>\n<tr>\n<th data-mce-style=\"font-size: 14px; padding-bottom: 10px; vertical-align: top; text-align: left; font-weight: normal;\" style=\"padding: 5px 20px 10px;font-weight: normal;text-align: left;border-width: initial;border-style: none;border-color: initial;text-transform: uppercase;font-size: 14px;vertical-align: top\">PROCESSEUR<\/th>\n<td data-mce-style=\"font-size: 14px; padding-bottom: 10px; vertical-align: top; text-align: right; font-weight: bold; padding-left: 5px;\" style=\"padding: 5px 20px 10px 5px;font-weight: bold;text-align: right;border-width: initial;border-style: none;border-color: initial;font-size: 14px;vertical-align: top\">A16 Bionic<\/td>\n<\/tr>\n<\/tbody>\n<\/table>\n<\/div>\n","protected":false},"excerpt":{"rendered":"<p>APPLE 15 PRO 256GB 2 SIM\u00a0<\/p>\n<p>Le 12 septembre 2023, un \u00e9v\u00e9nement majeur s\u2019est produit dans<br \/>l\u2019industrie de la t\u00e9l\u00e9phonie mobile. Apple a d\u00e9voil\u00e9 son dernier chef-d\u2019\u0153uvre<br \/>technologique : l\u2019iPhone 15 Pro. Cette nouvelle cr\u00e9ation incarne la fusion<br \/>parfaite de l\u2019innovation, du design et de la puissance, et elle s\u2019annonce comme<br \/>une r\u00e9volution dans le monde des smartphones haut de gamme.<\/p>\n","protected":false},"featured_media":5016,"template":"","meta":[],"product_cat":[264,267],"product_tag":[],"class_list":{"0":"post-5020","1":"product","2":"type-product","3":"status-publish","4":"has-post-thumbnail","6":"product_brand-apple","7":"product_cat-high-tech","8":"product_cat-telephonie","10":"first","11":"instock","12":"shipping-taxable","13":"purchasable","14":"product-type-simple","15":"col-xs-6 col-sm-4","16":"col-md-3 col-lg-3","17":"un-4-cols"},"_links":{"self":[{"href":"https:\/\/aumarche.biz\/ci\/index.php\/wp-json\/wp\/v2\/product\/5020","targetHints":{"allow":["GET"]}}],"collection":[{"href":"https:\/\/aumarche.biz\/ci\/index.php\/wp-json\/wp\/v2\/product"}],"about":[{"href":"https:\/\/aumarche.biz\/ci\/index.php\/wp-json\/wp\/v2\/types\/product"}],"wp:featuredmedia":[{"embeddable":true,"href":"https:\/\/aumarche.biz\/ci\/index.php\/wp-json\/wp\/v2\/media\/5016"}],"wp:attachment":[{"href":"https:\/\/aumarche.biz\/ci\/index.php\/wp-json\/wp\/v2\/media?parent=5020"}],"wp:term":[{"taxonomy":"product_cat","embeddable":true,"href":"https:\/\/aumarche.biz\/ci\/index.php\/wp-json\/wp\/v2\/product_cat?post=5020"},{"taxonomy":"product_tag","embeddable":true,"href":"https:\/\/aumarche.biz\/ci\/index.php\/wp-json\/wp\/v2\/product_tag?post=5020"}],"curies":[{"name":"wp","href":"https:\/\/api.w.org\/{rel}","templated":true}]}}