{"id":5030,"date":"2024-01-10T16:05:55","date_gmt":"2024-01-10T16:05:55","guid":{"rendered":"https:\/\/aumarche.biz\/ci\/index.php\/produit\/apple-15-pro-max-256gb-2-sim-blue\/"},"modified":"2024-01-10T16:05:55","modified_gmt":"2024-01-10T16:05:55","slug":"apple-15-pro-max-256gb-2-sim-blue","status":"publish","type":"product","link":"https:\/\/aumarche.biz\/ci\/index.php\/produit\/apple-15-pro-max-256gb-2-sim-blue\/","title":{"rendered":"APPLE 15 PRO MAX 256GB 2 SIM (blue)"},"content":{"rendered":"<p>L\u2019iPhone 15 Pro Max est le dernier t\u00e9l\u00e9phone d\u2019Apple, car il<br \/>pr\u00e9sente les sp\u00e9cifications les plus \u00e9lev\u00e9es qui rivalisent avec les meilleurs<br \/>t\u00e9l\u00e9phones phares disponibles, car c\u2019est l\u2019un des t\u00e9l\u00e9phones les plus puissants<br \/>disponibles, car le t\u00e9l\u00e9phone iPhone 15 Pro Max est livr\u00e9 avec un \u00e9cran OLED de<br \/>6,7 pouces avec un taux de rafra\u00eechissement de 120 Hz avec tr\u00e8s peu de bords<br \/>d\u2019\u00e9cran, et le t\u00e9l\u00e9phone dispose \u00e9galement d\u2019une cam\u00e9ra arri\u00e8re de premier plan<br \/>avec le meilleur zoom d\u2019Apple jusqu\u2019\u00e0 pr\u00e9sent, et le t\u00e9l\u00e9phone prend en charge<br \/>la technologie Face ID pour la reconnaissance faciale avec une attention<br \/>particuli\u00e8re aux performances, de sorte que le t\u00e9l\u00e9phone est livr\u00e9 avec un<br \/>puissant processeur A17 Pro et stockage \u00e0 partir de 256 Go. Apprenons \u00e0<br \/>conna\u00eetre les sp\u00e9cifications compl\u00e8tes de l\u2019Apple iPhone 15 Pro Max, quels sont<br \/>ses avantages et inconv\u00e9nients les plus importants, et s\u2019il vaut la peine<br \/>d\u2019acheter ou non comme suit .<br data-mce-bogus=\"1\"><\/p>\n","protected":false},"excerpt":{"rendered":"<p>APPLE 15 PRO MAX 256GB 2 SIM<\/p>\n<p class=\"MsoNormal\">Finalement\u2026 Le port de charge de type C 3.0 prend en<br \/>charge une vitesse de transfert de 10G\/s.<\/p>\n<p class=\"MsoNormal\">Vous obtiendrez les performances les plus \u00e9lev\u00e9es gr\u00e2ce au<br \/>dernier processeur A17 Pro d\u2019Apple avec 3 nanotechnologies avec des<br \/>performances fantastiques dans les jeux.<\/p>\n<p class=\"MsoNormal\">Casque st\u00e9r\u00e9o pour une exp\u00e9rience audio unique.<\/p>\n<p class=\"MsoNormal\">Un cadre en titane plus solide avec un poids plus l\u00e9ger et<br \/>le t\u00e9l\u00e9phone prend \u00e9galement en charge la r\u00e9sistance \u00e0 l\u2019eau et \u00e0 la poussi\u00e8re<br \/>avec la certification IP68.<\/p>\n","protected":false},"featured_media":5026,"template":"","meta":[],"product_cat":[264,267],"product_tag":[],"class_list":{"0":"post-5030","1":"product","2":"type-product","3":"status-publish","4":"has-post-thumbnail","6":"product_brand-apple","7":"product_cat-high-tech","8":"product_cat-telephonie","10":"first","11":"instock","12":"shipping-taxable","13":"purchasable","14":"product-type-simple","15":"col-xs-6 col-sm-4","16":"col-md-3 col-lg-3","17":"un-4-cols"},"_links":{"self":[{"href":"https:\/\/aumarche.biz\/ci\/index.php\/wp-json\/wp\/v2\/product\/5030","targetHints":{"allow":["GET"]}}],"collection":[{"href":"https:\/\/aumarche.biz\/ci\/index.php\/wp-json\/wp\/v2\/product"}],"about":[{"href":"https:\/\/aumarche.biz\/ci\/index.php\/wp-json\/wp\/v2\/types\/product"}],"wp:featuredmedia":[{"embeddable":true,"href":"https:\/\/aumarche.biz\/ci\/index.php\/wp-json\/wp\/v2\/media\/5026"}],"wp:attachment":[{"href":"https:\/\/aumarche.biz\/ci\/index.php\/wp-json\/wp\/v2\/media?parent=5030"}],"wp:term":[{"taxonomy":"product_cat","embeddable":true,"href":"https:\/\/aumarche.biz\/ci\/index.php\/wp-json\/wp\/v2\/product_cat?post=5030"},{"taxonomy":"product_tag","embeddable":true,"href":"https:\/\/aumarche.biz\/ci\/index.php\/wp-json\/wp\/v2\/product_tag?post=5030"}],"curies":[{"name":"wp","href":"https:\/\/api.w.org\/{rel}","templated":true}]}}