{"id":5042,"date":"2024-01-11T09:53:46","date_gmt":"2024-01-11T09:53:46","guid":{"rendered":"https:\/\/aumarche.biz\/ci\/index.php\/produit\/apple-iphone-14-pro-max-128gb-2-sim-256gb-1-sim-esim\/"},"modified":"2024-01-11T09:54:50","modified_gmt":"2024-01-11T09:54:50","slug":"apple-iphone-14-pro-max-128gb-2-sim-256gb-1-sim-esim","status":"publish","type":"product","link":"https:\/\/aumarche.biz\/ci\/index.php\/produit\/apple-iphone-14-pro-max-128gb-2-sim-256gb-1-sim-esim\/","title":{"rendered":"APPLE IPHONE 14 PRO MAX 128GB 2 SIM\/256GB 1 SIM + ESIM"},"content":{"rendered":"<p><span data-mce-style=\"font-family: Open Sans, sans-serif;\"><span data-mce-style=\"font-size: 17px;\" style=\"font-size: 17px\">L&rsquo;iPhone 14 Pro Max est le plus grand (et le plus lourd) des combin\u00e9s de la gamme iPhone 14. Il embarque un \u00e9cran OLED de 6,7 pouces offrant une d\u00e9finition de 2778 x 1284 pixels. En comparaison, l\u2019\u00e9cran de l&rsquo;iPhone\u00a0<\/span><\/span> ne fait \u201cque\u201d 6,1 pouces pour 2556 x 1179 pixels de r\u00e9solution<\/p>\n","protected":false},"excerpt":{"rendered":"<p><strong>APPLE IPHONE 14 PRO MAX\u00a0 \u00a0128GB 2 SIM\/256GB 1 SIM + ESIM\u00a0<\/strong><\/p>\n<ul>\n<li data-mce-style=\"padding: 0px; margin: 0px; font-style: inherit; font-variant: inherit; font-weight: inherit; font-size: inherit; line-height: 20px; font-family: inherit; --space-xs: 4px; --space-sm: 8px; --space: 16px; --space-md: 24px; --space-lg: 32px; --space-xl: 64px; --component-padding: var(--space-lg); --text-xs: calc(var(--text-unit)*0.625); --text-sm: calc(var(--text-unit)*0.75); --text: calc(var(--text-unit)*875); --text-md: calc(var(--text-unit)*1); --text-h4: calc(var(--text-unit)*1); --text-h3: calc(var(--text-unit)*1.125); --text-h2: calc(var(--text-unit)*1.3125); --text-h1: calc(var(--text-unit)*1.5); border: 0px; overflow: hidden;\" style=\"padding: 0px;margin: 0px;font-style: inherit;font-variant: inherit;font-weight: inherit;font-size: inherit;line-height: 20px;font-family: inherit;--space-xs: 4px;--space-sm: 8px;--space: 16px;--space-md: 24px;--space-lg: 32px;--space-xl: 64px;--component-padding: var(--space-lg);--text-xs: calc(var(--text-unit)*0.625);--text-sm: calc(var(--text-unit)*0.75);--text: calc(var(--text-unit)*875);--text-md: calc(var(--text-unit)*1);--text-h4: calc(var(--text-unit)*1);--text-h3: calc(var(--text-unit)*1.125);--text-h2: calc(var(--text-unit)*1.3125);--text-h1: calc(var(--text-unit)*1.5);border: 0px;overflow: hidden\">R\u00e9solution du capteur : 48 m\u00e9gapixels<\/li>\n<li data-mce-style=\"padding: 0px; margin: 0px; font-style: inherit; font-variant: inherit; font-weight: inherit; font-size: inherit; line-height: 20px; font-family: inherit; --space-xs: 4px; --space-sm: 8px; --space: 16px; --space-md: 24px; --space-lg: 32px; --space-xl: 64px; --component-padding: var(--space-lg); --text-xs: calc(var(--text-unit)*0.625); --text-sm: calc(var(--text-unit)*0.75); --text: calc(var(--text-unit)*875); --text-md: calc(var(--text-unit)*1); --text-h4: calc(var(--text-unit)*1); --text-h3: calc(var(--text-unit)*1.125); --text-h2: calc(var(--text-unit)*1.3125); --text-h1: calc(var(--text-unit)*1.5); border: 0px; overflow: hidden;\" style=\"padding: 0px;margin: 0px;font-style: inherit;font-variant: inherit;font-weight: inherit;font-size: inherit;line-height: 20px;font-family: inherit;--space-xs: 4px;--space-sm: 8px;--space: 16px;--space-md: 24px;--space-lg: 32px;--space-xl: 64px;--component-padding: var(--space-lg);--text-xs: calc(var(--text-unit)*0.625);--text-sm: calc(var(--text-unit)*0.75);--text: calc(var(--text-unit)*875);--text-md: calc(var(--text-unit)*1);--text-h4: calc(var(--text-unit)*1);--text-h3: calc(var(--text-unit)*1.125);--text-h2: calc(var(--text-unit)*1.3125);--text-h1: calc(var(--text-unit)*1.5);border: 0px;overflow: hidden\">Capacit\u00e9 de la m\u00e9moire interne : 128 \u00e0 256 GB<\/li>\n<li data-mce-style=\"padding: 0px; margin: 0px; font-style: inherit; font-variant: inherit; font-weight: inherit; font-size: inherit; line-height: 20px; font-family: inherit; --space-xs: 4px; --space-sm: 8px; --space: 16px; --space-md: 24px; --space-lg: 32px; --space-xl: 64px; --component-padding: var(--space-lg); --text-xs: calc(var(--text-unit)*0.625); --text-sm: calc(var(--text-unit)*0.75); --text: calc(var(--text-unit)*875); --text-md: calc(var(--text-unit)*1); --text-h4: calc(var(--text-unit)*1); --text-h3: calc(var(--text-unit)*1.125); --text-h2: calc(var(--text-unit)*1.3125); --text-h1: calc(var(--text-unit)*1.5); border: 0px; overflow: hidden;\" style=\"padding: 0px;margin: 0px;font-style: inherit;font-variant: inherit;font-weight: inherit;font-size: inherit;line-height: 20px;font-family: inherit;--space-xs: 4px;--space-sm: 8px;--space: 16px;--space-md: 24px;--space-lg: 32px;--space-xl: 64px;--component-padding: var(--space-lg);--text-xs: calc(var(--text-unit)*0.625);--text-sm: calc(var(--text-unit)*0.75);--text: calc(var(--text-unit)*875);--text-md: calc(var(--text-unit)*1);--text-h4: calc(var(--text-unit)*1);--text-h3: calc(var(--text-unit)*1.125);--text-h2: calc(var(--text-unit)*1.3125);--text-h1: calc(var(--text-unit)*1.5);border: 0px;overflow: hidden\">CPU 6 c\u0153urs avec 2 c\u0153urs de performance et 4 c\u0153urs \u00e0 haute efficacit\u00e9 \u00e9nerg\u00e9tique. GPU 5 c\u0153urs. Neural Engine 16 c\u0153urs.<\/li>\n<li data-mce-style=\"padding: 0px; margin: 0px; font-style: inherit; font-variant: inherit; font-weight: inherit; font-size: inherit; line-height: 20px; font-family: inherit; --space-xs: 4px; --space-sm: 8px; --space: 16px; --space-md: 24px; --space-lg: 32px; --space-xl: 64px; --component-padding: var(--space-lg); --text-xs: calc(var(--text-unit)*0.625); --text-sm: calc(var(--text-unit)*0.75); --text: calc(var(--text-unit)*875); --text-md: calc(var(--text-unit)*1); --text-h4: calc(var(--text-unit)*1); --text-h3: calc(var(--text-unit)*1.125); --text-h2: calc(var(--text-unit)*1.3125); --text-h1: calc(var(--text-unit)*1.5); border: 0px; overflow: hidden;\" style=\"padding: 0px;margin: 0px;font-style: inherit;font-variant: inherit;font-weight: inherit;font-size: inherit;line-height: 20px;font-family: inherit;--space-xs: 4px;--space-sm: 8px;--space: 16px;--space-md: 24px;--space-lg: 32px;--space-xl: 64px;--component-padding: var(--space-lg);--text-xs: calc(var(--text-unit)*0.625);--text-sm: calc(var(--text-unit)*0.75);--text: calc(var(--text-unit)*875);--text-md: calc(var(--text-unit)*1);--text-h4: calc(var(--text-unit)*1);--text-h3: calc(var(--text-unit)*1.125);--text-h2: calc(var(--text-unit)*1.3125);--text-h1: calc(var(--text-unit)*1.5);border: 0px;overflow: hidden\">G\u00e9n\u00e9ration \u00e0 haut d\u00e9bit mobile : 5G<\/li>\n<\/ul>\n<ul>\n<li data-mce-style=\"padding: 0px; margin: 0px; font-style: inherit; font-variant: inherit; font-weight: inherit; font-size: inherit; line-height: 20px; font-family: inherit; --space-xs: 4px; --space-sm: 8px; --space: 16px; --space-md: 24px; --space-lg: 32px; --space-xl: 64px; --component-padding: var(--space-lg); --text-xs: calc(var(--text-unit)*0.625); --text-sm: calc(var(--text-unit)*0.75); --text: calc(var(--text-unit)*875); --text-md: calc(var(--text-unit)*1); --text-h4: calc(var(--text-unit)*1); --text-h3: calc(var(--text-unit)*1.125); --text-h2: calc(var(--text-unit)*1.3125); --text-h1: calc(var(--text-unit)*1.5); border: 0px; overflow: hidden;\" style=\"padding: 0px;margin: 0px;font-style: inherit;font-variant: inherit;font-weight: inherit;font-size: inherit;line-height: 20px;font-family: inherit;--space-xs: 4px;--space-sm: 8px;--space: 16px;--space-md: 24px;--space-lg: 32px;--space-xl: 64px;--component-padding: var(--space-lg);--text-xs: calc(var(--text-unit)*0.625);--text-sm: calc(var(--text-unit)*0.75);--text: calc(var(--text-unit)*875);--text-md: calc(var(--text-unit)*1);--text-h4: calc(var(--text-unit)*1);--text-h3: calc(var(--text-unit)*1.125);--text-h2: calc(var(--text-unit)*1.3125);--text-h1: calc(var(--text-unit)*1.5);border: 0px;overflow: hidden\">Syst\u00e8me d&rsquo;exploitation : iOS 17Fonctions du t\u00e9l\u00e9phone : Contr\u00f4le vocal. Voice Over. Zoom. Loupe. Prise en charge RTT et TTY. Siri et Dict\u00e9e. \u00c9crire \u00e0 Siri. Contr\u00f4le de s\u00e9lection. Sous\u2011titres cod\u00e9s. AssistiveTouch. Contenu \u00e9nonc\u00e9. Toucher le dos de l\u2019appareil.<\/li>\n<li data-mce-style=\"padding: 0px; margin: 0px; font-style: inherit; font-variant: inherit; font-weight: inherit; font-size: inherit; line-height: 20px; font-family: inherit; --space-xs: 4px; --space-sm: 8px; --space: 16px; --space-md: 24px; --space-lg: 32px; --space-xl: 64px; --component-padding: var(--space-lg); --text-xs: calc(var(--text-unit)*0.625); --text-sm: calc(var(--text-unit)*0.75); --text: calc(var(--text-unit)*875); --text-md: calc(var(--text-unit)*1); --text-h4: calc(var(--text-unit)*1); --text-h3: calc(var(--text-unit)*1.125); --text-h2: calc(var(--text-unit)*1.3125); --text-h1: calc(var(--text-unit)*1.5); border: 0px; overflow: hidden;\" style=\"padding: 0px;margin: 0px;font-style: inherit;font-variant: inherit;font-weight: inherit;font-size: inherit;line-height: 20px;font-family: inherit;--space-xs: 4px;--space-sm: 8px;--space: 16px;--space-md: 24px;--space-lg: 32px;--space-xl: 64px;--component-padding: var(--space-lg);--text-xs: calc(var(--text-unit)*0.625);--text-sm: calc(var(--text-unit)*0.75);--text: calc(var(--text-unit)*875);--text-md: calc(var(--text-unit)*1);--text-h4: calc(var(--text-unit)*1);--text-h3: calc(var(--text-unit)*1.125);--text-h2: calc(var(--text-unit)*1.3125);--text-h1: calc(var(--text-unit)*1.5);border: 0px;overflow: hidden\">Couleur du boitier : Noir sid\u00e9ral, argent, or, violet intense<\/li>\n<\/ul>\n","protected":false},"featured_media":5040,"template":"","meta":[],"product_cat":[264,267],"product_tag":[],"class_list":{"0":"post-5042","1":"product","2":"type-product","3":"status-publish","4":"has-post-thumbnail","6":"product_brand-apple","7":"product_cat-high-tech","8":"product_cat-telephonie","10":"first","11":"instock","12":"shipping-taxable","13":"purchasable","14":"product-type-simple","15":"col-xs-6 col-sm-4","16":"col-md-3 col-lg-3","17":"un-4-cols"},"_links":{"self":[{"href":"https:\/\/aumarche.biz\/ci\/index.php\/wp-json\/wp\/v2\/product\/5042","targetHints":{"allow":["GET"]}}],"collection":[{"href":"https:\/\/aumarche.biz\/ci\/index.php\/wp-json\/wp\/v2\/product"}],"about":[{"href":"https:\/\/aumarche.biz\/ci\/index.php\/wp-json\/wp\/v2\/types\/product"}],"wp:featuredmedia":[{"embeddable":true,"href":"https:\/\/aumarche.biz\/ci\/index.php\/wp-json\/wp\/v2\/media\/5040"}],"wp:attachment":[{"href":"https:\/\/aumarche.biz\/ci\/index.php\/wp-json\/wp\/v2\/media?parent=5042"}],"wp:term":[{"taxonomy":"product_cat","embeddable":true,"href":"https:\/\/aumarche.biz\/ci\/index.php\/wp-json\/wp\/v2\/product_cat?post=5042"},{"taxonomy":"product_tag","embeddable":true,"href":"https:\/\/aumarche.biz\/ci\/index.php\/wp-json\/wp\/v2\/product_tag?post=5042"}],"curies":[{"name":"wp","href":"https:\/\/api.w.org\/{rel}","templated":true}]}}