{"id":5045,"date":"2024-01-22T11:35:38","date_gmt":"2024-01-22T11:35:38","guid":{"rendered":"https:\/\/aumarche.biz\/ci\/index.php\/produit\/samsung-galaxy-s23-256gb\/"},"modified":"2024-01-22T11:35:39","modified_gmt":"2024-01-22T11:35:39","slug":"samsung-galaxy-s23-256gb","status":"publish","type":"product","link":"https:\/\/aumarche.biz\/ci\/index.php\/produit\/samsung-galaxy-s23-256gb\/","title":{"rendered":"| SAMSUNG GALAXY S23 256GB"},"content":{"rendered":"<p><b><span style=\"font-family: Montserrat;color: black;text-transform: uppercase\">APPAREIL PHOTO<\/span><\/b><b><span style=\"font-family: Montserrat;text-transform: uppercase\"><\/span><\/b><\/p>\n<p><span style=\"font-size: 10pt;font-family: Symbol\"><span>\u00b7<span>\u00a0\u00a0\u00a0\u00a0\u00a0\u00a0\u00a0<br \/><\/span><\/span><\/span><b><span style=\"font-size: 13.5pt;font-family: Montserrat\">Appareil photo (dorsal)<\/span><\/b><\/p>\n<p><span style=\"font-size: 13.5pt;font-family: Montserrat\">Capteur 1 : 50 Mp<br \/>Capteur 2 : 12 Mp<br \/>Capteur 3 : 10 Mp<\/span><\/p>\n<p><span style=\"font-size: 10pt;font-family: Symbol\"><span>\u00b7<span>\u00a0\u00a0\u00a0\u00a0\u00a0\u00a0\u00a0<br \/><\/span><\/span><\/span><b><span style=\"font-size: 13.5pt;font-family: Montserrat\">Nombre de capteurs (arri\u00e8re et avant)<\/span><\/b><\/p>\n<p><span style=\"font-size: 13.5pt;font-family: Montserrat\">4<\/span><\/p>\n<p><span style=\"font-size: 10pt;font-family: Symbol\"><span>\u00b7<span>\u00a0\u00a0\u00a0\u00a0\u00a0\u00a0\u00a0<br \/><\/span><\/span><\/span><b><span style=\"font-size: 13.5pt;font-family: Montserrat\">D\u00e9finition enregistrement vid\u00e9o<\/span><\/b><\/p>\n<p><span style=\"font-size: 13.5pt;font-family: Montserrat\">8K<\/span><\/p>\n<p><span style=\"font-size: 10pt;font-family: Symbol\"><span>\u00b7<span>\u00a0\u00a0\u00a0\u00a0\u00a0\u00a0\u00a0<br \/><\/span><\/span><\/span><b><span style=\"font-size: 13.5pt;font-family: Montserrat\">Flash arri\u00e8re<\/span><\/b><\/p>\n<p><span style=\"font-size: 13.5pt;font-family: Montserrat\">Flash LED<\/span><\/p>\n<p><span style=\"font-size: 10pt;font-family: Symbol\"><span>\u00b7<span>\u00a0\u00a0\u00a0\u00a0\u00a0\u00a0\u00a0<br \/><\/span><\/span><\/span><b><span style=\"font-size: 13.5pt;font-family: Montserrat\">Flash avant<\/span><\/b><\/p>\n<p><span style=\"font-size: 13.5pt;font-family: Montserrat\">Non<\/span><\/p>\n<p><span style=\"font-size: 10pt;font-family: Symbol\"><span>\u00b7<span>\u00a0\u00a0\u00a0\u00a0\u00a0\u00a0\u00a0<br \/><\/span><\/span><\/span><b><span style=\"font-size: 13.5pt;font-family: Montserrat\">Stabilisateur d\u2019image<\/span><\/b><\/p>\n<p><span style=\"font-size: 13.5pt;font-family: Montserrat\">Optique<\/span><\/p>\n<p><span style=\"font-size: 10pt;font-family: Symbol\"><span>\u00b7<span>\u00a0\u00a0\u00a0\u00a0\u00a0\u00a0\u00a0<br \/><\/span><\/span><\/span><b><span style=\"font-size: 13.5pt;font-family: Montserrat\">Taille des photosites<\/span><\/b><\/p>\n<p><span style=\"font-size: 13.5pt;font-family: Montserrat\">1,0 \u00b5m<\/span><\/p>\n<p><span style=\"font-size: 10pt;font-family: Symbol\"><span>\u00b7<span>\u00a0\u00a0\u00a0\u00a0\u00a0\u00a0\u00a0<br \/><\/span><\/span><\/span><b><span style=\"font-size: 13.5pt;font-family: Montserrat\">Ouverture objectif photo<\/span><\/b><\/p>\n<p><span style=\"font-size: 13.5pt;font-family: Montserrat\">f\/1.8<\/span><\/p>\n<p><span style=\"font-size: 10pt;font-family: Symbol\"><span>\u00b7<span>\u00a0\u00a0\u00a0\u00a0\u00a0\u00a0\u00a0<br \/><\/span><\/span><\/span><b><span style=\"font-size: 13.5pt;font-family: Montserrat\">Ouverture second objectif photo<\/span><\/b><\/p>\n<p><span style=\"font-size: 13.5pt;font-family: Montserrat\">f\/2.2<\/span><\/p>\n<p><span style=\"font-size: 10pt;font-family: Symbol\"><span>\u00b7<span>\u00a0\u00a0\u00a0\u00a0\u00a0\u00a0\u00a0<br \/><\/span><\/span><\/span><b><span style=\"font-size: 13.5pt;font-family: Montserrat\">Capteur photo frontal<\/span><\/b><\/p>\n<p><span style=\"font-size: 13.5pt;font-family: Montserrat\">12 Mp<\/span><\/p>\n<p><b><span style=\"font-family: Montserrat;color: black;text-transform: uppercase\">AUDIO<\/span><\/b><b><span style=\"font-family: Montserrat;text-transform: uppercase\"><\/span><\/b><\/p>\n<p><span style=\"font-size: 10pt;font-family: Symbol\"><span>\u00b7<span>\u00a0\u00a0\u00a0\u00a0\u00a0\u00a0\u00a0<br \/><\/span><\/span><\/span><b><span style=\"font-size: 13.5pt;font-family: Montserrat\">Nombre de haut-parleurs<\/span><\/b><\/p>\n<p><span style=\"font-size: 13.5pt;font-family: Montserrat\">2<\/span><\/p>\n<p><b><span style=\"font-family: Montserrat;color: black;text-transform: uppercase\">BATTERIE<\/span><\/b><b><span style=\"font-family: Montserrat;text-transform: uppercase\"><\/span><\/b><\/p>\n<p><span style=\"font-size: 10pt;font-family: Symbol\"><span>\u00b7<span>\u00a0\u00a0\u00a0\u00a0\u00a0\u00a0\u00a0<br \/><\/span><\/span><\/span><b><span style=\"font-size: 13.5pt;font-family: Montserrat\">Capacit\u00e9<\/span><\/b><\/p>\n<p><span style=\"font-size: 13.5pt;font-family: Montserrat\">3900 mAh<\/span><\/p>\n<p><span style=\"font-size: 10pt;font-family: Symbol\"><span>\u00b7<span>\u00a0\u00a0\u00a0\u00a0\u00a0\u00a0\u00a0<br \/><\/span><\/span><\/span><b><span style=\"font-size: 13.5pt;font-family: Montserrat\">Technologie de la batterie<\/span><\/b><\/p>\n<p><span style=\"font-size: 13.5pt;font-family: Montserrat\">Li-Ion<\/span><\/p>\n<p><span style=\"font-size: 10pt;font-family: Symbol\"><span>\u00b7<span>\u00a0\u00a0\u00a0\u00a0\u00a0\u00a0\u00a0<br \/><\/span><\/span><\/span><b><span style=\"font-size: 13.5pt;font-family: Montserrat\">Batterie amovible<\/span><\/b><\/p>\n<p><span style=\"font-size: 13.5pt;font-family: Montserrat\">Non<\/span><\/p>\n<p><span style=\"font-size: 10pt;font-family: Symbol\"><span>\u00b7<span>\u00a0\u00a0\u00a0\u00a0\u00a0\u00a0\u00a0<br \/><\/span><\/span><\/span><b><span style=\"font-size: 13.5pt;font-family: Montserrat\">Chargement sans fil<\/span><\/b><\/p>\n<p><span style=\"font-size: 13.5pt;font-family: Montserrat\">Oui<\/span><\/p>\n<p><span style=\"font-size: 10pt;font-family: Symbol\"><span>\u00b7<span>\u00a0\u00a0\u00a0\u00a0\u00a0\u00a0\u00a0<br \/><\/span><\/span><\/span><b><span style=\"font-size: 13.5pt;font-family: Montserrat\">Charge rapide<\/span><\/b><\/p>\n<p><span style=\"font-size: 13.5pt;font-family: Montserrat\">Oui<\/span><\/p>\n<p><span style=\"font-size: 10pt;font-family: Symbol\"><span>\u00b7<span>\u00a0\u00a0\u00a0\u00a0\u00a0\u00a0\u00a0<br \/><\/span><\/span><\/span><b><span style=\"font-size: 13.5pt;font-family: Montserrat\">Puissance de la charge rapide<\/span><\/b><\/p>\n<p><span style=\"font-size: 13.5pt;font-family: Montserrat\">25 watts<\/span><\/p>\n<p><b><span style=\"font-family: Montserrat;color: black;text-transform: uppercase\">CAPTEURS<\/span><\/b><b><span style=\"font-family: Montserrat;text-transform: uppercase\"><\/span><\/b><\/p>\n<p><span style=\"font-size: 10pt;font-family: Symbol\"><span>\u00b7<span>\u00a0\u00a0\u00a0\u00a0\u00a0\u00a0\u00a0<br \/><\/span><\/span><\/span><b><span style=\"font-size: 13.5pt;font-family: Montserrat\">Capteur d\u2019empreinte digitale<\/span><\/b><\/p>\n<p><span style=\"font-size: 13.5pt;font-family: Montserrat\">Sous l\u2019\u00e9cran<\/span><\/p>\n<p><span style=\"font-size: 10pt;font-family: Symbol\"><span>\u00b7<span>\u00a0\u00a0\u00a0\u00a0\u00a0\u00a0\u00a0<br \/><\/span><\/span><\/span><b><span style=\"font-size: 13.5pt;font-family: Montserrat\">Acc\u00e9l\u00e9rom\u00e8tre et boussole \u00e9lectronique<\/span><\/b><\/p>\n<p><span style=\"font-size: 13.5pt;font-family: Montserrat\">Oui<\/span><\/p>\n<p><span style=\"font-size: 10pt;font-family: Symbol\"><span>\u00b7<span>\u00a0\u00a0\u00a0\u00a0\u00a0\u00a0\u00a0<br \/><\/span><\/span><\/span><b><span style=\"font-size: 13.5pt;font-family: Montserrat\">Gyroscope<\/span><\/b><\/p>\n<p><span style=\"font-size: 13.5pt;font-family: Montserrat\">Oui<\/span><\/p>\n<p><span style=\"font-size: 10pt;font-family: Symbol\"><span>\u00b7<span>\u00a0\u00a0\u00a0\u00a0\u00a0\u00a0\u00a0<br \/><\/span><\/span><\/span><b><span style=\"font-size: 13.5pt;font-family: Montserrat\">Infrarouge<\/span><\/b><\/p>\n<p><span style=\"font-size: 13.5pt;font-family: Montserrat\">Non<\/span><\/p>\n<p><span style=\"font-size: 10pt;font-family: Symbol\"><span>\u00b7<span>\u00a0\u00a0\u00a0\u00a0\u00a0\u00a0\u00a0<br \/><\/span><\/span><\/span><b><span style=\"font-size: 13.5pt;font-family: Montserrat\">Capteur de lumi\u00e8re ambiante<\/span><\/b><\/p>\n<p><span style=\"font-size: 13.5pt;font-family: Montserrat\">Oui<\/span><\/p>\n<p><b><span style=\"font-family: Montserrat;color: black;text-transform: uppercase\">CONNECTIVIT\u00c9<\/span><\/b><b><span style=\"font-family: Montserrat;text-transform: uppercase\"><\/span><\/b><\/p>\n<p><span style=\"font-size: 10pt;font-family: Symbol\"><span>\u00b7<span>\u00a0\u00a0\u00a0\u00a0\u00a0\u00a0\u00a0<br \/><\/span><\/span><\/span><b><span style=\"font-size: 13.5pt;font-family: Montserrat\">Norme wifi<\/span><\/b><\/p>\n<p><span style=\"font-size: 13.5pt;font-family: Montserrat\">Wi-Fi 6E<\/span><\/p>\n<p><span style=\"font-size: 10pt;font-family: Symbol\"><span>\u00b7<span>\u00a0\u00a0\u00a0\u00a0\u00a0\u00a0\u00a0<br \/><\/span><\/span><\/span><b><span style=\"font-size: 13.5pt;font-family: Montserrat\">NFC<\/span><\/b><\/p>\n<p><span style=\"font-size: 13.5pt;font-family: Montserrat\">Oui<\/span><\/p>\n<p><span style=\"font-size: 10pt;font-family: Symbol\"><span>\u00b7<span>\u00a0\u00a0\u00a0\u00a0\u00a0\u00a0\u00a0<br \/><\/span><\/span><\/span><b><span style=\"font-size: 13.5pt;font-family: Montserrat\">Version du Bluetooth<\/span><\/b><\/p>\n<p><span style=\"font-size: 13.5pt;font-family: Montserrat\">5.3<\/span><\/p>\n<p><span style=\"font-size: 10pt;font-family: Symbol\"><span>\u00b7<span>\u00a0\u00a0\u00a0\u00a0\u00a0\u00a0\u00a0<br \/><\/span><\/span><\/span><b><span style=\"font-size: 13.5pt;font-family: Montserrat\">Prise jack<\/span><\/b><\/p>\n<p><span style=\"font-size: 13.5pt;font-family: Montserrat\">Non<\/span><\/p>\n<p><span style=\"font-size: 10pt;font-family: Symbol\"><span>\u00b7<span>\u00a0\u00a0\u00a0\u00a0\u00a0\u00a0\u00a0<br \/><\/span><\/span><\/span><b><span style=\"font-size: 13.5pt;font-family: Montserrat\">Type de connecteur<\/span><\/b><\/p>\n<p><span style=\"font-size: 13.5pt;font-family: Montserrat\">USB Type-C<\/span><\/p>\n<p><span style=\"font-size: 10pt;font-family: Symbol\"><span>\u00b7<span>\u00a0\u00a0\u00a0\u00a0\u00a0\u00a0\u00a0<br \/><\/span><\/span><\/span><b><span style=\"font-size: 13.5pt;font-family: Montserrat\">GPS<\/span><\/b><\/p>\n<p><span style=\"font-size: 13.5pt;font-family: Montserrat\">Oui<\/span><\/p>\n<p><b><span style=\"font-family: Montserrat;color: black;text-transform: uppercase\">PERFORMANCES<\/span><\/b><b><span style=\"font-family: Montserrat;text-transform: uppercase\"><\/span><\/b><\/p>\n<p><span style=\"font-size: 10pt;font-family: Symbol\"><span>\u00b7<span>\u00a0\u00a0\u00a0\u00a0\u00a0\u00a0\u00a0<br \/><\/span><\/span><\/span><b><span style=\"font-size: 13.5pt;font-family: Montserrat\">Mod\u00e8le du processeur<\/span><\/b><\/p>\n<p><span style=\"font-size: 13.5pt;font-family: Montserrat\">Qualcomm<br \/>Snapdragon 8 Gen 2<\/span><\/p>\n<p><span style=\"font-size: 10pt;font-family: Symbol\"><span>\u00b7<span>\u00a0\u00a0\u00a0\u00a0\u00a0\u00a0\u00a0<br \/><\/span><\/span><\/span><b><span style=\"font-size: 13.5pt;font-family: Montserrat\">Carte graphique<\/span><\/b><\/p>\n<p><span style=\"font-size: 13.5pt;font-family: Montserrat\">Qualcomm Adreno<br \/>740<\/span><\/p>\n<p><span style=\"font-size: 10pt;font-family: Symbol\"><span>\u00b7<span>\u00a0\u00a0\u00a0\u00a0\u00a0\u00a0\u00a0<br \/><\/span><\/span><\/span><b><span style=\"font-size: 13.5pt;font-family: Montserrat\">Fr\u00e9quence du processeur<\/span><\/b><\/p>\n<p><span style=\"font-size: 13.5pt;font-family: Montserrat\">3,2 GHz<\/span><\/p>\n<p><span style=\"font-size: 10pt;font-family: Symbol\"><span>\u00b7<span>\u00a0\u00a0\u00a0\u00a0\u00a0\u00a0\u00a0<br \/><\/span><\/span><\/span><b><span style=\"font-size: 13.5pt;font-family: Montserrat\">CPU<\/span><\/b><\/p>\n<p><span style=\"font-size: 13.5pt;font-family: Montserrat\">Octa-core<\/span><\/p>\n<p><span style=\"font-size: 10pt;font-family: Symbol\"><span>\u00b7<span>\u00a0\u00a0\u00a0\u00a0\u00a0\u00a0\u00a0<br \/><\/span><\/span><\/span><b><span style=\"font-size: 13.5pt;font-family: Montserrat\">Finesse de gravure<\/span><\/b><\/p>\n<p><span style=\"font-size: 13.5pt;font-family: Montserrat\">4 nm<\/span><\/p>\n<p><b><span style=\"font-family: Montserrat;color: black;text-transform: uppercase\">POIDS ET DIMENSIONS<\/span><\/b><b><span style=\"font-family: Montserrat;text-transform: uppercase\"><\/span><\/b><\/p>\n<p><span style=\"font-size: 10pt;font-family: Symbol\"><span>\u00b7<span>\u00a0\u00a0\u00a0\u00a0\u00a0\u00a0\u00a0<br \/><\/span><\/span><\/span><b><span style=\"font-size: 13.5pt;font-family: Montserrat\">Poids<\/span><\/b><\/p>\n<p><span style=\"font-size: 13.5pt;font-family: Montserrat\">167 g<\/span><\/p>\n<p><span style=\"font-size: 10pt;font-family: Symbol\"><span>\u00b7<span>\u00a0\u00a0\u00a0\u00a0\u00a0\u00a0\u00a0<br \/><\/span><\/span><\/span><b><span style=\"font-size: 13.5pt;font-family: Montserrat\">\u00c9paisseur<\/span><\/b><\/p>\n<p><span style=\"font-size: 13.5pt;font-family: Montserrat\">7,6 mm<\/span><\/p>\n<p><span style=\"font-size: 10pt;font-family: Symbol\"><span>\u00b7<span>\u00a0\u00a0\u00a0\u00a0\u00a0\u00a0\u00a0<br \/><\/span><\/span><\/span><b><span style=\"font-size: 13.5pt;font-family: Montserrat\">Largeur<\/span><\/b><\/p>\n<p><span style=\"font-size: 13.5pt;font-family: Montserrat\">70,9 mm<\/span><\/p>\n<p><span style=\"font-size: 10pt;font-family: Symbol\"><span>\u00b7<span>\u00a0\u00a0\u00a0\u00a0\u00a0\u00a0\u00a0<br \/><\/span><\/span><\/span><b><span style=\"font-size: 13.5pt;font-family: Montserrat\">Hauteur<\/span><\/b><\/p>\n<p><span style=\"font-size: 13.5pt;font-family: Montserrat\">146,3 mm<\/span><\/p>\n<p><b><span style=\"font-family: Montserrat;color: black;text-transform: uppercase\">R\u00c9SEAU<\/span><\/b><b><span style=\"font-family: Montserrat;text-transform: uppercase\"><\/span><\/b><\/p>\n<p><span style=\"font-size: 10pt;font-family: Symbol\"><span>\u00b7<span>\u00a0\u00a0\u00a0\u00a0\u00a0\u00a0\u00a0<br \/><\/span><\/span><\/span><b><span style=\"font-size: 13.5pt;font-family: Montserrat\">Type de SIM<\/span><\/b><\/p>\n<p><span style=\"font-size: 13.5pt;font-family: Montserrat\">nano SIM + eSIM<\/span><\/p>\n<p><span style=\"font-size: 10pt;font-family: Symbol\"><span>\u00b7<span>\u00a0\u00a0\u00a0\u00a0\u00a0\u00a0\u00a0<br \/><\/span><\/span><\/span><b><span style=\"font-size: 13.5pt;font-family: Montserrat\">Compatibilit\u00e9 double SIM<\/span><\/b><\/p>\n<p><span style=\"font-size: 13.5pt;font-family: Montserrat\">Oui<\/span><\/p>\n<p><span style=\"font-size: 10pt;font-family: Symbol\"><span>\u00b7<span>\u00a0\u00a0\u00a0\u00a0\u00a0\u00a0\u00a0<br \/><\/span><\/span><\/span><b><span style=\"font-size: 13.5pt;font-family: Montserrat\">Compatibilit\u00e9 4G<\/span><\/b><\/p>\n<p><span style=\"font-size: 13.5pt;font-family: Montserrat\">Oui<\/span><\/p>\n<p><span style=\"font-size: 10pt;font-family: Symbol\"><span>\u00b7<span>\u00a0\u00a0\u00a0\u00a0\u00a0\u00a0\u00a0<br \/><\/span><\/span><\/span><b><span style=\"font-size: 13.5pt;font-family: Montserrat\">Compatibilit\u00e9 5G<\/span><\/b><\/p>\n<p><span style=\"font-size: 13.5pt;font-family: Montserrat\">Oui<\/span><\/p>\n<p><span style=\"font-size: 10pt;font-family: Symbol\"><span>\u00b7<span>\u00a0\u00a0\u00a0\u00a0\u00a0\u00a0\u00a0<br \/><\/span><\/span><\/span><b><span style=\"font-size: 13.5pt;font-family: Montserrat\">VoLTE<\/span><\/b><\/p>\n<p><span style=\"font-size: 13.5pt;font-family: Montserrat\">Oui<\/span><\/p>\n<p><b><span style=\"font-family: Montserrat;color: black;text-transform: uppercase\">STOCKAGE<\/span><\/b><b><span style=\"font-family: Montserrat;text-transform: uppercase\"><\/span><\/b><\/p>\n<p><span style=\"font-size: 10pt;font-family: Symbol\"><span>\u00b7<span>\u00a0\u00a0\u00a0\u00a0\u00a0\u00a0\u00a0<br \/><\/span><\/span><\/span><b><span style=\"font-size: 13.5pt;font-family: Montserrat\">M\u00e9moire<\/span><\/b><\/p>\n<p><span style=\"font-size: 13.5pt;font-family: Montserrat\">\u00a0256 Go<\/span><\/p>\n<p><span style=\"font-size: 10pt;font-family: Symbol\"><span>\u00b7<span>\u00a0\u00a0\u00a0\u00a0\u00a0\u00a0\u00a0<br \/><\/span><\/span><\/span><b><span style=\"font-size: 13.5pt;font-family: Montserrat\">Stockage extensible<\/span><\/b><\/p>\n<p><span style=\"font-size: 13.5pt;font-family: Montserrat\">Non<\/span><\/p>\n<p><span style=\"font-size: 10pt;font-family: Symbol\"><span>\u00b7<span>\u00a0\u00a0\u00a0\u00a0\u00a0\u00a0\u00a0<br \/><\/span><\/span><\/span><b><span style=\"font-size: 13.5pt;font-family: Montserrat\">OTG<\/span><\/b><\/p>\n<p><span style=\"font-size: 13.5pt;font-family: Montserrat\">Oui<\/span><\/p>\n<p><b><span style=\"font-family: Montserrat;color: black;text-transform: uppercase\">SYST\u00c8ME D\u2019EXPLOITATION (OS)<\/span><\/b><b><span style=\"font-family: Montserrat;text-transform: uppercase\"><\/span><\/b><\/p>\n<p><span style=\"font-size: 10pt;font-family: Symbol\"><span>\u00b7<span>\u00a0\u00a0\u00a0\u00a0\u00a0\u00a0\u00a0<br \/><\/span><\/span><\/span><b><span style=\"font-size: 13.5pt;font-family: Montserrat\">Syst\u00e8me d\u2019exploitation<\/span><\/b><\/p>\n<p><span style=\"font-size: 13.5pt;font-family: Montserrat\">Android<\/span><\/p>\n<p><span style=\"font-size: 10pt;font-family: Symbol\"><span>\u00b7<span>\u00a0\u00a0\u00a0\u00a0\u00a0\u00a0\u00a0<br \/><\/span><\/span><\/span><b><span style=\"font-size: 13.5pt;font-family: Montserrat\">Version<\/span><\/b><\/p>\n<p><span style=\"font-size: 13.5pt;font-family: Montserrat\">Android 13<\/span><\/p>\n<p><span style=\"font-size: 10pt;font-family: Symbol\"><span>\u00b7<span>\u00a0\u00a0\u00a0\u00a0\u00a0\u00a0\u00a0<br \/><\/span><\/span><\/span><b><span style=\"font-size: 13.5pt;font-family: Montserrat\">Interface<\/span><\/b><\/p>\n<p><span style=\"font-size: 13.5pt;font-family: Montserrat\">One UI<\/span><\/p>\n<p><span style=\"font-size: 10pt;font-family: Symbol\"><span>\u00b7<span>\u00a0\u00a0\u00a0\u00a0\u00a0\u00a0\u00a0<br \/><\/span><\/span><\/span><b><span style=\"font-size: 13.5pt;font-family: Montserrat\">Assistant<\/span><\/b><\/p>\n<p><span style=\"font-size: 13.5pt;font-family: Montserrat\">Google Assistant,<br \/>Samsung Bixby<\/span><\/p>\n<p><b><span style=\"font-family: Montserrat;color: black;text-transform: uppercase\">\u00c9CRAN<\/span><\/b><b><span style=\"font-family: Montserrat;text-transform: uppercase\"><\/span><\/b><\/p>\n<p><span style=\"font-size: 10pt;font-family: Symbol\"><span>\u00b7<span>\u00a0\u00a0\u00a0\u00a0\u00a0\u00a0\u00a0<br \/><\/span><\/span><\/span><b><span style=\"font-size: 13.5pt;font-family: Montserrat\">Taille de l\u2019\u00e9cran<\/span><\/b><\/p>\n<p><span style=\"font-size: 13.5pt;font-family: Montserrat\">6,1 pouces<\/span><\/p>\n<p><span style=\"font-size: 10pt;font-family: Symbol\"><span>\u00b7<span>\u00a0\u00a0\u00a0\u00a0\u00a0\u00a0\u00a0<br \/><\/span><\/span><\/span><b><span style=\"font-size: 13.5pt;font-family: Montserrat\">D\u00e9finition<\/span><\/b><\/p>\n<p><span style=\"font-size: 13.5pt;font-family: Montserrat\">2340 x 1080<br \/>pixels<\/span><\/p>\n<p><span style=\"font-size: 10pt;font-family: Symbol\"><span>\u00b7<span>\u00a0\u00a0\u00a0\u00a0\u00a0\u00a0\u00a0<br \/><\/span><\/span><\/span><b><span style=\"font-size: 13.5pt;font-family: Montserrat\">Dalle<\/span><\/b><\/p>\n<p><span style=\"font-size: 13.5pt;font-family: Montserrat\">AMOLED<\/span><\/p>\n<p><span style=\"font-size: 10pt;font-family: Symbol\"><span>\u00b7<span>\u00a0\u00a0\u00a0\u00a0\u00a0\u00a0\u00a0<br \/><\/span><\/span><\/span><b><span style=\"font-size: 13.5pt;font-family: Montserrat\">Fr\u00e9quence d\u2019affichage<\/span><\/b><\/p>\n<p><span style=\"font-size: 13.5pt;font-family: Montserrat\">120 Hz<\/span><\/p>\n<p><span style=\"font-size: 10pt;font-family: Symbol\"><span>\u00b7<span>\u00a0\u00a0\u00a0\u00a0\u00a0\u00a0\u00a0<br \/><\/span><\/span><\/span><b><span style=\"font-size: 13.5pt;font-family: Montserrat\">DPI<\/span><\/b><\/p>\n<p><span style=\"font-size: 13.5pt;font-family: Montserrat\">425 ppp<\/span><\/p>\n<p><b><span style=\"font-family: Montserrat;color: black;text-transform: uppercase\">DIVERS<\/span><\/b><b><span style=\"font-family: Montserrat;text-transform: uppercase\"><\/span><\/b><\/p>\n<p><span style=\"font-size: 10pt;font-family: Symbol\"><span>\u00b7<span>\u00a0\u00a0\u00a0\u00a0\u00a0\u00a0\u00a0<br \/><\/span><\/span><\/span><b><span style=\"font-size: 13.5pt;font-family: Montserrat\">Date de sortie<\/span><\/b><\/p>\n<p><span style=\"font-size: 13.5pt;font-family: Montserrat\">01\/02\/2023<\/span><\/p>\n<p><span style=\"font-size: 10pt;font-family: Symbol\"><span>\u00b7<span>\u00a0\u00a0\u00a0\u00a0\u00a0\u00a0\u00a0<br \/><\/span><\/span><\/span><b><span style=\"font-size: 13.5pt;font-family: Montserrat\">Famille<\/span><\/b><\/p>\n<p><span style=\"font-size: 13.5pt;font-family: Montserrat\">Samsung Galaxy<\/span><\/p>\n<p><span style=\"font-size: 10pt;font-family: Symbol\"><span>\u00b7<span>\u00a0\u00a0\u00a0\u00a0\u00a0\u00a0\u00a0<br \/><\/span><\/span><\/span><b><span style=\"font-size: 13.5pt;font-family: Montserrat\">Couleur<\/span><\/b><\/p>\n<p><span style=\"font-size: 13.5pt;font-family: Montserrat\">Noir, Vert, Rose,<br \/>Beige<\/span><\/p>\n<p><span style=\"font-size: 10pt;font-family: Symbol\"><span>\u00b7<span>\u00a0\u00a0\u00a0\u00a0\u00a0\u00a0\u00a0<br \/><\/span><\/span><\/span><b><span style=\"font-size: 13.5pt;font-family: Montserrat\">Apparence<\/span><\/b><\/p>\n<p><span style=\"font-size: 13.5pt;font-family: Montserrat\">Metal<\/span><\/p>\n<p><span style=\"font-size: 10pt;font-family: Symbol\"><span>\u00b7<span>\u00a0\u00a0\u00a0\u00a0\u00a0\u00a0\u00a0<br \/><\/span><\/span><\/span><b><span style=\"font-size: 13.5pt;font-family: Montserrat\">Clavier complet<\/span><\/b><\/p>\n<p><span style=\"font-size: 13.5pt;font-family: Montserrat\">Non<\/span><\/p>\n<p><span style=\"font-size: 10pt;font-family: Symbol\"><span>\u00b7<span>\u00a0\u00a0\u00a0\u00a0\u00a0\u00a0\u00a0<br \/><\/span><\/span><\/span><b><span style=\"font-size: 13.5pt;font-family: Montserrat\">\u00c9tanche<\/span><\/b><\/p>\n<p><span style=\"font-size: 13.5pt;font-family: Montserrat\">Oui<\/span><\/p>\n<p><span style=\"font-size: 10pt;font-family: Symbol\"><span>\u00b7<span>\u00a0\u00a0\u00a0\u00a0\u00a0\u00a0\u00a0<br \/><\/span><\/span><\/span><b><span style=\"font-size: 13.5pt;font-family: Montserrat\">Indice de protection<\/span><\/b><\/p>\n<p><span style=\"font-size: 13.5pt;font-family: Montserrat\">IP68<\/span><\/p>\n","protected":false},"excerpt":{"rendered":"<p><span>Le\u00a0<\/span><span>Samsung Galaxy S23, d\u00e9voil\u00e9 le 1er f\u00e9vrier 2023, prend la rel\u00e8ve du Samsung<\/span><br \/><span>Galaxy S22. Il est propuls\u00e9 par un SoC Qualcomm Snapdragon 8 Gen2, accompagn\u00e9<\/span><br \/><span>de 8 Go de RAM LDDR5 et d\u2019options de stockage de 128 Go ou 256 Go. Dot\u00e9 de<\/span><br \/><span>trois capteurs photo, dont un capteur principal de 50 m\u00e9gapixels et un<\/span><br \/><span>t\u00e9l\u00e9objectif offrant un zoom optique 3x, il offre des fonctionnalit\u00e9s<\/span><br \/><span>photographiques avanc\u00e9es<\/span><br data-mce-bogus=\"1\"><\/p>\n","protected":false},"featured_media":5043,"template":"","meta":[],"product_cat":[264,267],"product_tag":[],"class_list":{"0":"post-5045","1":"product","2":"type-product","3":"status-publish","4":"has-post-thumbnail","6":"product_brand-samsung","7":"product_cat-high-tech","8":"product_cat-telephonie","10":"first","11":"instock","12":"shipping-taxable","13":"purchasable","14":"product-type-simple","15":"col-xs-6 col-sm-4","16":"col-md-3 col-lg-3","17":"un-4-cols"},"_links":{"self":[{"href":"https:\/\/aumarche.biz\/ci\/index.php\/wp-json\/wp\/v2\/product\/5045","targetHints":{"allow":["GET"]}}],"collection":[{"href":"https:\/\/aumarche.biz\/ci\/index.php\/wp-json\/wp\/v2\/product"}],"about":[{"href":"https:\/\/aumarche.biz\/ci\/index.php\/wp-json\/wp\/v2\/types\/product"}],"wp:featuredmedia":[{"embeddable":true,"href":"https:\/\/aumarche.biz\/ci\/index.php\/wp-json\/wp\/v2\/media\/5043"}],"wp:attachment":[{"href":"https:\/\/aumarche.biz\/ci\/index.php\/wp-json\/wp\/v2\/media?parent=5045"}],"wp:term":[{"taxonomy":"product_cat","embeddable":true,"href":"https:\/\/aumarche.biz\/ci\/index.php\/wp-json\/wp\/v2\/product_cat?post=5045"},{"taxonomy":"product_tag","embeddable":true,"href":"https:\/\/aumarche.biz\/ci\/index.php\/wp-json\/wp\/v2\/product_tag?post=5045"}],"curies":[{"name":"wp","href":"https:\/\/api.w.org\/{rel}","templated":true}]}}