{"id":5055,"date":"2024-01-22T11:58:08","date_gmt":"2024-01-22T11:58:08","guid":{"rendered":"https:\/\/aumarche.biz\/ci\/index.php\/produit\/samsung-galaxy-a73-8gb-128gb\/"},"modified":"2024-01-22T11:58:08","modified_gmt":"2024-01-22T11:58:08","slug":"samsung-galaxy-a73-8gb-128gb","status":"publish","type":"product","link":"https:\/\/aumarche.biz\/ci\/index.php\/produit\/samsung-galaxy-a73-8gb-128gb\/","title":{"rendered":"SAMSUNG GALAXY A73 8GB 128GB"},"content":{"rendered":"<p><br data-mce-bogus=\"1\"><\/p>\n","protected":false},"excerpt":{"rendered":"<p><span>Le Samsung Galaxy A73 est un mod\u00e8le de milieu \u00e0 haut de<\/span><br \/><span>gamme qui offre des caract\u00e9ristiques impressionnantes. Il est \u00e9quip\u00e9 d\u2019un \u00e9cran<\/span><br \/><span>Super AMOLED de 6,7 pouces avec un taux de rafra\u00eechissement de 120 Hz et une<\/span><br \/><span>r\u00e9solution FHD+. Il est aliment\u00e9 par un processeur Qualcomm Snapdragon 778G,<\/span><br \/><span>associ\u00e9 \u00e0 jusqu\u2019\u00e0 8 Go de RAM et 128 Go de stockage, extensible jusqu\u2019\u00e0 1 To<\/span><br \/><span>via une carte microSD.<\/span><br data-mce-bogus=\"1\"><\/p>\n","protected":false},"featured_media":5051,"template":"","meta":[],"product_cat":[264,267],"product_tag":[],"class_list":{"0":"post-5055","1":"product","2":"type-product","3":"status-publish","4":"has-post-thumbnail","6":"product_brand-samsung","7":"product_cat-high-tech","8":"product_cat-telephonie","10":"first","11":"instock","12":"shipping-taxable","13":"purchasable","14":"product-type-simple","15":"col-xs-6 col-sm-4","16":"col-md-3 col-lg-3","17":"un-4-cols"},"_links":{"self":[{"href":"https:\/\/aumarche.biz\/ci\/index.php\/wp-json\/wp\/v2\/product\/5055","targetHints":{"allow":["GET"]}}],"collection":[{"href":"https:\/\/aumarche.biz\/ci\/index.php\/wp-json\/wp\/v2\/product"}],"about":[{"href":"https:\/\/aumarche.biz\/ci\/index.php\/wp-json\/wp\/v2\/types\/product"}],"wp:featuredmedia":[{"embeddable":true,"href":"https:\/\/aumarche.biz\/ci\/index.php\/wp-json\/wp\/v2\/media\/5051"}],"wp:attachment":[{"href":"https:\/\/aumarche.biz\/ci\/index.php\/wp-json\/wp\/v2\/media?parent=5055"}],"wp:term":[{"taxonomy":"product_cat","embeddable":true,"href":"https:\/\/aumarche.biz\/ci\/index.php\/wp-json\/wp\/v2\/product_cat?post=5055"},{"taxonomy":"product_tag","embeddable":true,"href":"https:\/\/aumarche.biz\/ci\/index.php\/wp-json\/wp\/v2\/product_tag?post=5055"}],"curies":[{"name":"wp","href":"https:\/\/api.w.org\/{rel}","templated":true}]}}