{"id":5059,"date":"2024-01-22T12:05:19","date_gmt":"2024-01-22T12:05:19","guid":{"rendered":"https:\/\/aumarche.biz\/ci\/index.php\/produit\/samsung-galaxy-a54-8gb-128gb-2\/"},"modified":"2024-01-22T12:05:20","modified_gmt":"2024-01-22T12:05:20","slug":"samsung-galaxy-a54-8gb-128gb-2","status":"publish","type":"product","link":"https:\/\/aumarche.biz\/ci\/index.php\/produit\/samsung-galaxy-a54-8gb-128gb-2\/","title":{"rendered":"SAMSUNG GALAXY A54 8GB 128GB"},"content":{"rendered":"<div class=\"attribute-table_attribute-table__gKnn6\" style=\"font-size: 14px;width: 584px;font-family: __Plus_Jakarta_Sans_d21556, __Plus_Jakarta_Sans_Fallback_d21556\">\n<div class=\"attribute-table_attribute__UcO3z attribute-table_is-even__VBSS4\" style=\"grid-template-columns: 5fr 7fr;padding: 8px;color: var(--kemik-grey-600);font-size: 12px;border-radius: var(--kemik-border-radius);background-color: var(--kemik-gray-50)\">\n<div>Syst\u00e8me d\u2019exploitation<\/div>\n<div>Andro\u00efde<\/div>\n<\/div>\n<div class=\"attribute-table_attribute__UcO3z\" style=\"grid-template-columns: 5fr 7fr;padding: 8px;color: var(--kemik-grey-600);font-size: 12px;border-radius: var(--kemik-border-radius)\">\n<div>Stockage<\/div>\n<div>128 Go<\/div>\n<\/div>\n<\/div>\n<div class=\"attribute-table_attribute-table__gKnn6\" style=\"font-size: 14px;width: 584px;font-family: __Plus_Jakarta_Sans_d21556, __Plus_Jakarta_Sans_Fallback_d21556\">\n<div class=\"attribute-table_attribute__UcO3z attribute-table_is-even__VBSS4\" style=\"grid-template-columns: 5fr 7fr;padding: 8px;color: var(--kemik-grey-600);font-size: 12px;border-radius: var(--kemik-border-radius);background-color: var(--kemik-gray-50)\">\n<div>Couleur<\/div>\n<div>Noir<\/div>\n<\/div>\n<div class=\"attribute-table_attribute__UcO3z\" style=\"grid-template-columns: 5fr 7fr;padding: 8px;color: var(--kemik-grey-600);font-size: 12px;border-radius: var(--kemik-border-radius)\">\n<div>Marque du processeur (t\u00e9l\u00e9phones portables)<\/div>\n<div>Samsung\u00a0<\/div>\n<\/div>\n<div class=\"attribute-table_attribute__UcO3z attribute-table_is-even__VBSS4\" style=\"grid-template-columns: 5fr 7fr;padding: 8px;color: var(--kemik-grey-600);font-size: 12px;border-radius: var(--kemik-border-radius);background-color: var(--kemik-gray-50)\">\n<div>B\u00c9LIER<\/div>\n<div>8 Go<\/div>\n<\/div>\n<div class=\"attribute-table_attribute__UcO3z\" style=\"grid-template-columns: 5fr 7fr;padding: 8px;color: var(--kemik-grey-600);font-size: 12px;border-radius: var(--kemik-border-radius)\">\n<div>Batterie (cellulaire)<\/div>\n<div>5000 mAh<\/div>\n<\/div>\n<\/div>\n","protected":false},"excerpt":{"rendered":"<p><span>Le Samsung<\/span><br \/><span>Galaxy A54, un smartphone de milieu de gamme sorti en 2021, offre des<\/span><br \/><span>performances solides. Dot\u00e9 de 8 Go de RAM et d\u2019une capacit\u00e9 de stockage interne<\/span><br \/><span>de 128 Go, il est propuls\u00e9 par un processeur Qualcomm Snapdragon 720G. Son<\/span><br \/><span>\u00e9cran de 6,5 pouces pr\u00e9sente une r\u00e9solution de 1080 x 2400 pixels. \u00c0 l\u2019arri\u00e8re,<\/span><br \/><span>le t\u00e9l\u00e9phone est \u00e9quip\u00e9 d\u2019une configuration \u00e0 quatre cam\u00e9ras comprenant un<\/span><br \/><span>capteur principal de 48 m\u00e9gapixels, un objectif ultra grand angle de 5<\/span><br \/><span>m\u00e9gapixels, un objectif macro de 2 m\u00e9gapixels et un capteur de profondeur de 5<\/span><br \/><span>m\u00e9gapixels. Pour les selfies, il dispose d\u2019un capteur frontal de 13 m\u00e9gapixels.<\/span><br data-mce-bogus=\"1\"><\/p>\n","protected":false},"featured_media":5056,"template":"","meta":[],"product_cat":[264,267],"product_tag":[],"class_list":{"0":"post-5059","1":"product","2":"type-product","3":"status-publish","4":"has-post-thumbnail","6":"product_brand-samsung","7":"product_cat-high-tech","8":"product_cat-telephonie","10":"first","11":"instock","12":"shipping-taxable","13":"purchasable","14":"product-type-simple","15":"col-xs-6 col-sm-4","16":"col-md-3 col-lg-3","17":"un-4-cols"},"_links":{"self":[{"href":"https:\/\/aumarche.biz\/ci\/index.php\/wp-json\/wp\/v2\/product\/5059","targetHints":{"allow":["GET"]}}],"collection":[{"href":"https:\/\/aumarche.biz\/ci\/index.php\/wp-json\/wp\/v2\/product"}],"about":[{"href":"https:\/\/aumarche.biz\/ci\/index.php\/wp-json\/wp\/v2\/types\/product"}],"wp:featuredmedia":[{"embeddable":true,"href":"https:\/\/aumarche.biz\/ci\/index.php\/wp-json\/wp\/v2\/media\/5056"}],"wp:attachment":[{"href":"https:\/\/aumarche.biz\/ci\/index.php\/wp-json\/wp\/v2\/media?parent=5059"}],"wp:term":[{"taxonomy":"product_cat","embeddable":true,"href":"https:\/\/aumarche.biz\/ci\/index.php\/wp-json\/wp\/v2\/product_cat?post=5059"},{"taxonomy":"product_tag","embeddable":true,"href":"https:\/\/aumarche.biz\/ci\/index.php\/wp-json\/wp\/v2\/product_tag?post=5059"}],"curies":[{"name":"wp","href":"https:\/\/api.w.org\/{rel}","templated":true}]}}