{"id":5068,"date":"2024-01-22T12:17:21","date_gmt":"2024-01-22T12:17:21","guid":{"rendered":"https:\/\/aumarche.biz\/ci\/index.php\/produit\/samsung-fold-4-256gb\/"},"modified":"2024-01-22T12:19:32","modified_gmt":"2024-01-22T12:19:32","slug":"samsung-fold-4-256gb","status":"publish","type":"product","link":"https:\/\/aumarche.biz\/ci\/index.php\/produit\/samsung-fold-4-256gb\/","title":{"rendered":"SAMSUNG FOLD 4 256GB"},"content":{"rendered":"<p data-mce-style=\"line-height: 22px; font-size: 16px; margin: 0px;\" style=\"margin: 0px;line-height: 22px\">Taille de l\u2019\u00e9cran<\/p>\n<p data-mce-style=\"line-height: 22px; font-weight: bold; font-size: 16px; margin: 0px;\" style=\"margin: 0px;line-height: 22px;font-weight: bold\">7.6\u00a0pouces<\/p>\n<p data-mce-style=\"line-height: 22px; font-size: 16px; margin: 0px;\" style=\"margin: 0px;line-height: 22px\">D\u00e9finition<\/p>\n<p data-mce-style=\"line-height: 22px; font-weight: bold; font-size: 16px; margin: 0px;\" style=\"margin: 0px;line-height: 22px;font-weight: bold\">2176 x 1812\u00a0pixels<\/p>\n<p data-mce-style=\"line-height: 22px; font-size: 16px; margin: 0px;\" style=\"margin: 0px;line-height: 22px\">Technologie d\u2019affichage<\/p>\n<p data-mce-style=\"line-height: 22px; font-weight: bold; font-size: 16px; margin: 0px;\" style=\"margin: 0px;line-height: 22px;font-weight: bold\">Super AMOLED<\/p>\n<p data-mce-style=\"line-height: 22px; font-size: 16px; margin: 0px;\" style=\"margin: 0px;line-height: 22px\">Fr\u00e9quence d\u2019affichage<\/p>\n<p data-mce-style=\"line-height: 22px; font-weight: bold; font-size: 16px; margin: 0px;\" style=\"margin: 0px;line-height: 22px;font-weight: bold\">120\u00a0Hz<\/p>\n<p>M\u00c9MOIRE<\/p>\n<p data-mce-style=\"line-height: 22px; font-size: 16px; margin: 0px;\" style=\"margin: 0px;line-height: 22px\">M\u00e9moire interne<\/p>\n<p data-mce-style=\"line-height: 22px; font-weight: bold; font-size: 16px; margin: 0px;\" style=\"margin: 0px;line-height: 22px;font-weight: bold\">256 G<\/p>\n<p>PERFORMANCE<\/p>\n<p data-mce-style=\"line-height: 22px; font-size: 16px; margin: 0px;\" style=\"margin: 0px;line-height: 22px\">Processeur<\/p>\n<p data-mce-style=\"line-height: 22px; font-weight: bold; font-size: 16px; margin: 0px;\" style=\"margin: 0px;line-height: 22px;font-weight: bold\">Qualcomm Snapdragon 8+ Gen 1<\/p>\n<p data-mce-style=\"line-height: 22px; font-size: 16px; margin: 0px;\" style=\"margin: 0px;line-height: 22px\">CPU Core<\/p>\n<p data-mce-style=\"line-height: 22px; font-weight: bold; font-size: 16px; margin: 0px;\" style=\"margin: 0px;line-height: 22px;font-weight: bold\">8<\/p>\n<p data-mce-style=\"line-height: 22px; font-size: 16px; margin: 0px;\" style=\"margin: 0px;line-height: 22px\">CPU speed<\/p>\n<p data-mce-style=\"line-height: 22px; font-weight: bold; font-size: 16px; margin: 0px;\" style=\"margin: 0px;line-height: 22px;font-weight: bold\">3.2<\/p>\n<p data-mce-style=\"line-height: 22px; font-size: 16px; margin: 0px;\" style=\"margin: 0px;line-height: 22px\">RAM<\/p>\n<p data-mce-style=\"line-height: 22px; font-weight: bold; font-size: 16px; margin: 0px;\" style=\"margin: 0px;line-height: 22px;font-weight: bold\">12 Go<\/p>\n<p data-mce-style=\"line-height: 22px; font-size: 16px; margin: 0px;\" style=\"margin: 0px;line-height: 22px\">GPU<\/p>\n<p data-mce-style=\"line-height: 22px; font-weight: bold; font-size: 16px; margin: 0px;\" style=\"margin: 0px;line-height: 22px;font-weight: bold\">Adreno 730<\/p>\n<p data-mce-style=\"line-height: 22px; font-size: 16px; margin: 0px;\" style=\"margin: 0px;line-height: 22px\">OS<\/p>\n<p data-mce-style=\"line-height: 22px; font-weight: bold; font-size: 16px; margin: 0px;\" style=\"margin: 0px;line-height: 22px;font-weight: bold\">Android 12<\/p>\n<p>AUTONOMIE<\/p>\n<p data-mce-style=\"line-height: 22px; font-size: 16px; margin: 0px;\" style=\"margin: 0px;line-height: 22px\">Batterie<\/p>\n<p data-mce-style=\"line-height: 22px; font-weight: bold; font-size: 16px; margin: 0px;\" style=\"margin: 0px;line-height: 22px;font-weight: bold\">4400\u00a0mAh<\/p>\n<p data-mce-style=\"line-height: 22px; font-size: 16px; margin: 0px;\" style=\"margin: 0px;line-height: 22px\">Chargement sans fil<\/p>\n<p data-mce-style=\"line-height: 22px; font-weight: bold; font-size: 16px; margin: 0px;\" style=\"margin: 0px;line-height: 22px;font-weight: bold\">Oui<\/p>\n<p data-mce-style=\"line-height: 22px; font-size: 16px; margin: 0px;\" style=\"margin: 0px;line-height: 22px\">Charge rapide<\/p>\n<p data-mce-style=\"line-height: 22px; font-weight: bold; font-size: 16px; margin: 0px;\" style=\"margin: 0px;line-height: 22px;font-weight: bold\">25W<\/p>\n<p>APPAREIL PHOTO<\/p>\n<p data-mce-style=\"line-height: 22px; font-size: 16px; margin: 0px;\" style=\"margin: 0px;line-height: 22px\">Capteur principal<\/p>\n<p data-mce-style=\"line-height: 22px; font-weight: bold; font-size: 16px; margin: 0px;\" style=\"margin: 0px;line-height: 22px;font-weight: bold\">50\u00a0m\u00e9gapixels<\/p>\n<p data-mce-style=\"line-height: 22px; font-size: 16px; margin: 0px;\" style=\"margin: 0px;line-height: 22px\">Ouverture capteur arri\u00e8re<\/p>\n<p data-mce-style=\"line-height: 22px; font-weight: bold; font-size: 16px; margin: 0px;\" style=\"margin: 0px;line-height: 22px;font-weight: bold\">f\/1,8<\/p>\n<p data-mce-style=\"line-height: 22px; font-size: 16px; margin: 0px;\" style=\"margin: 0px;line-height: 22px\">Capteur frontal<\/p>\n<p data-mce-style=\"line-height: 22px; font-weight: bold; font-size: 16px; margin: 0px;\" style=\"margin: 0px;line-height: 22px;font-weight: bold\">10 Mpx<\/p>\n<p data-mce-style=\"line-height: 22px; font-size: 16px; margin: 0px;\" style=\"margin: 0px;line-height: 22px\">Flash<\/p>\n<p data-mce-style=\"line-height: 22px; font-weight: bold; font-size: 16px; margin: 0px;\" style=\"margin: 0px;line-height: 22px;font-weight: bold\">avec flash LED<\/p>\n<p data-mce-style=\"line-height: 22px; font-size: 16px; margin: 0px;\" style=\"margin: 0px;line-height: 22px\">Stabilisateur<\/p>\n<p data-mce-style=\"line-height: 22px; font-weight: bold; font-size: 16px; margin: 0px;\" style=\"margin: 0px;line-height: 22px;font-weight: bold\">Oui<\/p>\n<p>R\u00c9SEAU<\/p>\n<p data-mce-style=\"line-height: 22px; font-size: 16px; margin: 0px;\" style=\"margin: 0px;line-height: 22px\">Double SIM<\/p>\n<p data-mce-style=\"line-height: 22px; font-weight: bold; font-size: 16px; margin: 0px;\" style=\"margin: 0px;line-height: 22px;font-weight: bold\">Oui<\/p>\n<p data-mce-style=\"line-height: 22px; font-size: 16px; margin: 0px;\" style=\"margin: 0px;line-height: 22px\">Format SIM<\/p>\n<p data-mce-style=\"line-height: 22px; font-weight: bold; font-size: 16px; margin: 0px;\" style=\"margin: 0px;line-height: 22px;font-weight: bold\">nano SIM<\/p>\n<p data-mce-style=\"line-height: 22px; font-size: 16px; margin: 0px;\" style=\"margin: 0px;line-height: 22px\">5G<\/p>\n<p data-mce-style=\"line-height: 22px; font-weight: bold; font-size: 16px; margin: 0px;\" style=\"margin: 0px;line-height: 22px;font-weight: bold\">Oui<\/p>\n<p>CONNECTIVIT\u00c9<\/p>\n<p data-mce-style=\"line-height: 22px; font-size: 16px; margin: 0px;\" style=\"margin: 0px;line-height: 22px\">NFC<\/p>\n<p data-mce-style=\"line-height: 22px; font-weight: bold; font-size: 16px; margin: 0px;\" style=\"margin: 0px;line-height: 22px;font-weight: bold\">Oui<\/p>\n<p data-mce-style=\"line-height: 22px; font-size: 16px; margin: 0px;\" style=\"margin: 0px;line-height: 22px\">Connecteur USB<\/p>\n<p data-mce-style=\"line-height: 22px; font-weight: bold; font-size: 16px; margin: 0px;\" style=\"margin: 0px;line-height: 22px;font-weight: bold\">USB Type-C<\/p>\n<p data-mce-style=\"line-height: 22px; font-size: 16px; margin: 0px;\" style=\"margin: 0px;line-height: 22px\">Version USB<\/p>\n<p data-mce-style=\"line-height: 22px; font-weight: bold; font-size: 16px; margin: 0px;\" style=\"margin: 0px;line-height: 22px;font-weight: bold\">3.2<\/p>\n<p data-mce-style=\"line-height: 22px; font-size: 16px; margin: 0px;\" style=\"margin: 0px;line-height: 22px\">Wi-Fi<\/p>\n<p data-mce-style=\"line-height: 22px; font-weight: bold; font-size: 16px; margin: 0px;\" style=\"margin: 0px;line-height: 22px;font-weight: bold\">Oui, Wi-Fi 6 (ax)<\/p>\n<p>CARACT\u00c9RISTIQUES G\u00c9N\u00c9RALES<\/p>\n<p data-mce-style=\"line-height: 22px; font-size: 16px; margin: 0px;\" style=\"margin: 0px;line-height: 22px\">Date de lancement<\/p>\n<p data-mce-style=\"line-height: 22px; font-weight: bold; font-size: 16px; margin: 0px;\" style=\"margin: 0px;line-height: 22px;font-weight: bold\">10\/08\/2022<\/p>\n<p data-mce-style=\"line-height: 22px; font-size: 16px; margin: 0px;\" style=\"margin: 0px;line-height: 22px\">Dimensions<\/p>\n<p data-mce-style=\"line-height: 22px; font-weight: bold; font-size: 16px; margin: 0px;\" style=\"margin: 0px;line-height: 22px;font-weight: bold\">155.1\u00d7130.1\u00d76.3\u00a0mm<\/p>\n<p data-mce-style=\"line-height: 22px; font-size: 16px; margin: 0px;\" style=\"margin: 0px;line-height: 22px\">Poids<\/p>\n<p data-mce-style=\"line-height: 22px; font-weight: bold; font-size: 16px; margin: 0px;\" style=\"margin: 0px;line-height: 22px;font-weight: bold\">263\u00a0g<\/p>\n<p data-mce-style=\"line-height: 22px; font-size: 16px; margin: 0px;\" style=\"margin: 0px;line-height: 22px\">Lecteur empreinte<\/p>\n<p data-mce-style=\"line-height: 22px; font-weight: bold; font-size: 16px; margin: 0px;\" style=\"margin: 0px;line-height: 22px;font-weight: bold\">Oui<\/p>\n<p data-mce-style=\"line-height: 22px; font-size: 16px; margin: 0px;\" style=\"margin: 0px;line-height: 22px\">Etanch\u00e9it\u00e9<\/p>\n<p data-mce-style=\"line-height: 22px; font-weight: bold; font-size: 16px; margin: 0px;\" style=\"margin: 0px;line-height: 22px;font-weight: bold\">IPx8<\/p>\n<p data-mce-style=\"line-height: 22px; font-size: 16px; margin: 0px;\" style=\"margin: 0px;line-height: 22px\">Reconnaissance faciale<\/p>\n<p data-mce-style=\"line-height: 22px; font-weight: bold; font-size: 16px; margin: 0px;\" style=\"margin: 0px;line-height: 22px;font-weight: bold\">Oui<\/p>\n","protected":false},"excerpt":{"rendered":"<p><strong>SAMSUNG FOLD 4 256GB<\/strong><\/p>\n<p class=\"MsoNormal\"><span data-mce-style=\"font-size: 14.0pt; line-height: 107%;\" style=\"font-size: 14pt;line-height: 19.9733px\">Le Galaxy Z<br \/>Fold 4 de Samsung, smartphone pliant au format \u00ab\u00a0livre\u00a0\u00bb, reprend la<br \/>formule du Galaxy Z Fold 3, dont il entend am\u00e9liorer les performances et la<br \/>prestation photo. Des retouches bienvenues, mais laissant un arri\u00e8re-go\u00fbt de<br \/>trop peu\u2026<\/span><\/p>\n","protected":false},"featured_media":5063,"template":"","meta":[],"product_cat":[],"product_tag":[],"class_list":{"0":"post-5068","1":"product","2":"type-product","3":"status-publish","4":"has-post-thumbnail","7":"first","8":"instock","9":"shipping-taxable","10":"purchasable","11":"product-type-simple","12":"col-xs-6 col-sm-4","13":"col-md-3 col-lg-3","14":"un-4-cols"},"_links":{"self":[{"href":"https:\/\/aumarche.biz\/ci\/index.php\/wp-json\/wp\/v2\/product\/5068","targetHints":{"allow":["GET"]}}],"collection":[{"href":"https:\/\/aumarche.biz\/ci\/index.php\/wp-json\/wp\/v2\/product"}],"about":[{"href":"https:\/\/aumarche.biz\/ci\/index.php\/wp-json\/wp\/v2\/types\/product"}],"wp:featuredmedia":[{"embeddable":true,"href":"https:\/\/aumarche.biz\/ci\/index.php\/wp-json\/wp\/v2\/media\/5063"}],"wp:attachment":[{"href":"https:\/\/aumarche.biz\/ci\/index.php\/wp-json\/wp\/v2\/media?parent=5068"}],"wp:term":[{"taxonomy":"product_cat","embeddable":true,"href":"https:\/\/aumarche.biz\/ci\/index.php\/wp-json\/wp\/v2\/product_cat?post=5068"},{"taxonomy":"product_tag","embeddable":true,"href":"https:\/\/aumarche.biz\/ci\/index.php\/wp-json\/wp\/v2\/product_tag?post=5068"}],"curies":[{"name":"wp","href":"https:\/\/api.w.org\/{rel}","templated":true}]}}