{"id":5075,"date":"2024-01-22T12:35:48","date_gmt":"2024-01-22T12:35:48","guid":{"rendered":"https:\/\/aumarche.biz\/ci\/index.php\/produit\/phone-tecno-camon-20-8gb-256gb\/"},"modified":"2024-01-22T12:35:48","modified_gmt":"2024-01-22T12:35:48","slug":"phone-tecno-camon-20-8gb-256gb","status":"publish","type":"product","link":"https:\/\/aumarche.biz\/ci\/index.php\/produit\/phone-tecno-camon-20-8gb-256gb\/","title":{"rendered":"PHONE TECNO CAMON 20 8GB 256GB"},"content":{"rendered":"<p>tecno canon 20\u00a0 est un smartphone de 2023. Il mesure 163.4 x 76.7 x 7.8 mm . Il poss\u00e8de un \u00e9cran AMOLED de 6.67\u2033 pouces. La r\u00e9solution est de 1080 x 2400 et la densit\u00e9 de pixels de 395 ppi.La cam\u00e9ra frontale selfie est Unique avec 32 MP. L\u2019appareil photo principal est Triple avec 64 MP.Il fonctionne avec un processeur Octa-core (2\u00d72.0 GHz Cortex-A75 &amp; 6\u00d71.8 GHz Cortex-A55) et une m\u00e9moire 256GB 8GB RAM. La batterie est de 5000 mAh.<\/p>\n","protected":false},"excerpt":{"rendered":"<p>PHONE TECNO CAMON 20 8GB 256GB\u00a0<\/p>\n<p class=\"MsoNormal\">CPU: Helio G85<\/p>\n<p class=\"MsoNormal\">RAM: 8GB<\/p>\n<p class=\"MsoNormal\">STORAGE: 128GB\/256GB<\/p>\n<p class=\"MsoNormal\">DISPLAY: 6.7 in 1080p AMOLED<\/p>\n<p class=\"MsoNormal\">CAMERA: 64 + 2MP rear + QVGA \/ 32MP front<\/p>\n<p class=\"MsoNormal\">OS: Android 13, HiOS 13<\/p>\n<p class=\"MsoNormal\">BATTERY: 5000mAh Li-Po 33W<\/p>\n","protected":false},"featured_media":5071,"template":"","meta":[],"product_cat":[264,267],"product_tag":[],"class_list":{"0":"post-5075","1":"product","2":"type-product","3":"status-publish","4":"has-post-thumbnail","6":"product_brand-autres-marques","7":"product_cat-high-tech","8":"product_cat-telephonie","10":"first","11":"instock","12":"shipping-taxable","13":"purchasable","14":"product-type-simple","15":"col-xs-6 col-sm-4","16":"col-md-3 col-lg-3","17":"un-4-cols"},"_links":{"self":[{"href":"https:\/\/aumarche.biz\/ci\/index.php\/wp-json\/wp\/v2\/product\/5075","targetHints":{"allow":["GET"]}}],"collection":[{"href":"https:\/\/aumarche.biz\/ci\/index.php\/wp-json\/wp\/v2\/product"}],"about":[{"href":"https:\/\/aumarche.biz\/ci\/index.php\/wp-json\/wp\/v2\/types\/product"}],"wp:featuredmedia":[{"embeddable":true,"href":"https:\/\/aumarche.biz\/ci\/index.php\/wp-json\/wp\/v2\/media\/5071"}],"wp:attachment":[{"href":"https:\/\/aumarche.biz\/ci\/index.php\/wp-json\/wp\/v2\/media?parent=5075"}],"wp:term":[{"taxonomy":"product_cat","embeddable":true,"href":"https:\/\/aumarche.biz\/ci\/index.php\/wp-json\/wp\/v2\/product_cat?post=5075"},{"taxonomy":"product_tag","embeddable":true,"href":"https:\/\/aumarche.biz\/ci\/index.php\/wp-json\/wp\/v2\/product_tag?post=5075"}],"curies":[{"name":"wp","href":"https:\/\/api.w.org\/{rel}","templated":true}]}}